{"id":668,"date":"2019-10-21T15:55:38","date_gmt":"2019-10-21T13:55:38","guid":{"rendered":"https:\/\/us.edu.pl\/doktorant\/?page_id=668"},"modified":"2020-04-29T11:28:22","modified_gmt":"2020-04-29T09:28:22","slug":"informacje-biezace","status":"publish","type":"page","link":"https:\/\/us.edu.pl\/doktorant\/studia-doktoranckie-rozpoczete-przed-1-pazdziernika-2019-r\/nauki-scisle-i-przyrodnicze-matematyka-nauki-fizyczne-nauki-chemiczne\/informacje-biezace\/","title":{"rendered":"Informacje bie\u017c\u0105ce"},"content":{"rendered":"<p>[vc_row][vc_column]\r\n                <div class=\"text-modules\">\r\n                    <div class=\"container\">\r\n                        \r\n                        <div class=\"text-modules__content\"><p>Drodzy Doktoranci,<\/p>\n<p>uprzejmie informujemy o\u00a0 XII edycji konkursu Wyr\u00f3\u017cnie\u0144 JM Rektora Uniwersytetu \u015al\u0105skiego<\/p>\n<p>Wyr\u00f3\u017cnienia JM Rektora to konkurs adresowany do student\u00f3w i doktorant\u00f3w oraz uczestnik\u00f3w r\u00f3\u017cnych formy kszta\u0142cenia prowadzonych przez Uniwersytet Otwarty w Uniwersytecie \u015al\u0105skim. Poszukiwane s\u0105 osoby, kt\u00f3re realizuj\u0105 si\u0119 w dzia\u0142alno\u015bci spo\u0142ecznej, kulturalnej, popularnonaukowej, jak r\u00f3wnie\u017c w inicjowaniu i rozwijaniu \u017cycia studenckiego oraz posiadaj\u0105ce osi\u0105gni\u0119cia naukowe, artystyczne b\u0105d\u017a sportowe<\/p>\n<p>Procedura konkursowa po raz pierwszy przeprowadzona zostanie w ca\u0142o\u015bci zdalnie &#8211; zar\u00f3wno na etapie sk\u0142adania, jak i wydzia\u0142owej oceny wniosk\u00f3w. Uproszczone zosta\u0142o tak\u017ce przedstawianie za\u015bwiadcze\u0144.<\/p>\n<p>Termin przesy\u0142ania wniosk\u00f3w up\u0142ywa 21 maja 2020 r. o godz. 12:00. Szczeg\u00f3\u0142owe informacje, przyk\u0142adowe dzia\u0142ania w ramach kategorii konkursowych oraz formularz zg\u0142oszeniowy dost\u0119pne s\u0105 na stronie: <a href=\"https:\/\/us.edu.pl\/student\/wyroznienia-jm-rektora-us\/\">https:\/\/us.edu.pl\/student\/wyroznienia-jm-rektora-us\/<\/a> a tre\u015b\u0107 zarz\u0105dzenia pod adresem <a href=\"http:\/\/bip.us.edu.pl\/zarzadzenie-nr-482020\">http:\/\/bip.us.edu.pl\/zarzadzenie-nr-482020<\/a><\/p>\n<p>&nbsp;<\/p>\n<hr \/>\n<p><em>Szanowni Pa\u0144stwo, <\/em><\/p>\n<p>w zwi\u0105zku z zaistnia\u0142\u0105 sytuacj\u0105 obs\u0142uga administracyjna studi\u00f3w doktoranckich b\u0119dzie prowadzona on-line.<\/p>\n<p><em><strong>Wszystkie sprawy prosimy kierowa\u0107 na adres<\/strong><\/em><em> <a href=\"mailto:katarzyna.golaszewska@us.edu.pl\">katarzyna.golaszewska@us.edu.pl<\/a><\/em><\/p>\n<p>W zwi\u0105zku z tym, i\u017c wyk\u0142adowcy b\u0119d\u0105 si\u0119 z Pa\u0144stwem kontaktowa\u0107 przez\u00a0 system USOS prosz\u0119 uprzejmie o sprawdzenie, czy w systemie jest poprawny, aktualny adres mailowy.<br \/>\nJe\u017celi nie, prosimy o korekt\u0119.<\/p>\n<hr \/>\n<p><strong>WSZELKIE INFORMACJE NA TEMAT ZAJ\u0118\u0106, W TYM DYDAKTYKI PROWADZONEJ ZDALNIE, ZNAJDUJ\u0104 SI\u0118 W ZAK\u0141ADCE HARMONOGRAM ZAJ\u0118\u0106<\/strong><\/p>\n<\/div>\r\n                    <\/div>\r\n                <\/div>[\/vc_column][\/vc_row]<\/p>","protected":false},"excerpt":{"rendered":"<p>[vc_row][vc_column][\/vc_column][\/vc_row] [&#8230;]<\/p>\n<p><a class=\"btn btn-secondary understrap-read-more-link\" href=\"https:\/\/us.edu.pl\/doktorant\/studia-doktoranckie-rozpoczete-przed-1-pazdziernika-2019-r\/nauki-scisle-i-przyrodnicze-matematyka-nauki-fizyczne-nauki-chemiczne\/informacje-biezace\/\">Read More&#8230;<\/a><\/p>\n","protected":false},"author":1,"featured_media":0,"parent":534,"menu_order":8,"comment_status":"closed","ping_status":"closed","template":"page-templates\/page-with-sidebar.php","meta":{"_expiration-date-status":"saved","_expiration-date":0,"_expiration-date-type":"","_expiration-date-categories":[],"_expiration-date-options":[]},"acf":[],"_links":{"self":[{"href":"https:\/\/us.edu.pl\/doktorant\/wp-json\/wp\/v2\/pages\/668"}],"collection":[{"href":"https:\/\/us.edu.pl\/doktorant\/wp-json\/wp\/v2\/pages"}],"about":[{"href":"https:\/\/us.edu.pl\/doktorant\/wp-json\/wp\/v2\/types\/page"}],"author":[{"embeddable":true,"href":"https:\/\/us.edu.pl\/doktorant\/wp-json\/wp\/v2\/users\/1"}],"replies":[{"embeddable":true,"href":"https:\/\/us.edu.pl\/doktorant\/wp-json\/wp\/v2\/comments?post=668"}],"version-history":[{"count":0,"href":"https:\/\/us.edu.pl\/doktorant\/wp-json\/wp\/v2\/pages\/668\/revisions"}],"up":[{"embeddable":true,"href":"https:\/\/us.edu.pl\/doktorant\/wp-json\/wp\/v2\/pages\/534"}],"wp:attachment":[{"href":"https:\/\/us.edu.pl\/doktorant\/wp-json\/wp\/v2\/media?parent=668"}],"curies":[{"name":"wp","href":"https:\/\/api.w.org\/{rel}","templated":true}]}}