{"id":6990,"date":"2021-09-29T09:27:08","date_gmt":"2021-09-29T07:27:08","guid":{"rendered":"https:\/\/us.edu.pl\/doktorant\/?page_id=6990"},"modified":"2025-12-04T09:38:51","modified_gmt":"2025-12-04T08:38:51","slug":"dokumenty","status":"publish","type":"page","link":"https:\/\/us.edu.pl\/doktorant\/mobilnosc-rozwoj\/konferencje-i-wyjazdy-zagraniczne\/dokumenty\/","title":{"rendered":"Dokumenty"},"content":{"rendered":"<p>[vc_row][vc_column][\/vc_column][\/vc_row][vc_row][vc_column]\r\n                <div class=\"text-modules \">\r\n                    <div class=\"container\">\r\n                         <h3 class=\"subtitle text-modules__subtitle\">Skierowanie za granic\u0119 \u2013 WS<\/h3>\r\n                        <div class=\"row m-0\">\r\n                            <div class=\"text-modules__content\">\r\n                                <a class=\"mtli_attachment mtli_doc mtli_attachment mtli_doc\" href=\"https:\/\/us.edu.pl\/student\/wp-content\/uploads\/sites\/3\/Editor\/DMM-wyjazdy-zagraniczne\/Wniosek-o-wyjazd-za-granice_WS_27.06.2025.doc\" data-mtli=\"mtli_filesize377,50kB\">Wniosek o wyjazd za granic\u0119<\/a><\/p>\n<p><a class=\"mtli_attachment mtli_doc mtli_attachment mtli_doc\" href=\"https:\/\/us.edu.pl\/student\/wp-content\/uploads\/sites\/3\/Editor\/DMM-wyjazdy-zagraniczne\/Oswiadczenie-studentadoktoranta_WS.doc\" data-mtli=\"mtli_filesize288,50kB\">O\u015bwiadczenie studenta\/doktoranta. Dane do sporz\u0105dzenia informacji o dochodach oraz pobranych zaliczkach na podatek dochodowy<\/a><\/p>\n<p><a class=\"mtli_attachment mtli_docx mtli_attachment mtli_docx\" href=\"https:\/\/us.edu.pl\/student\/wp-content\/uploads\/sites\/3\/Editor\/DMM-wyjazdy-zagraniczne\/Zlecenie-platnosci_WS_15.04.2025.docx\" data-mtli=\"mtli_filesize270,52kB\">Zlecenie p\u0142atno\u015bci<\/a><\/p>\n<p><a class=\"mtli_attachment mtli_doc mtli_attachment mtli_doc\" href=\"https:\/\/us.edu.pl\/student\/wp-content\/uploads\/sites\/3\/Editor\/DMM-wyjazdy-zagraniczne\/Wniosek-o-uzycie-samochodu-osobowego-w-podrozy-sluzbowej_WS_27.06.2025.doc\" data-mtli=\"mtli_filesize283,00kB\">Wniosek o wyra\u017cenie zgody na u\u017cycie samochodu osobowego w celu odbycia podr\u00f3\u017cy s\u0142u\u017cbowej \/ wyjazdu<\/a><\/p>\n<p><a class=\"mtli_attachment mtli_docx mtli_attachment mtli_docx\" href=\"https:\/\/us.edu.pl\/student\/wp-content\/uploads\/sites\/3\/Editor\/DMM-wyjazdy-zagraniczne\/Rachunek-kosztow-do-wniosku-WS_15.04.2025.docx\" data-mtli=\"mtli_filesize280,08kB\">Rachunek koszt\u00f3w skierowania za granic\u0119<\/a><\/p>\n<p><a class=\"mtli_attachment mtli_pdf mtli_attachment mtli_pdf\" href=\"https:\/\/us.edu.pl\/student\/wp-content\/uploads\/sites\/3\/Editor\/DMM-wyjazdy-zagraniczne\/Ewidencja-przebiegu-pojazdu_WS_15.04.2025.pdf\" data-mtli=\"mtli_filesize109,95kB\">Ewidencja przebiegu pojazdu<\/a><\/p>\n<p><a class=\"mtli_attachment mtli_doc mtli_attachment mtli_doc\" href=\"https:\/\/us.edu.pl\/student\/wp-content\/uploads\/sites\/3\/Editor\/DMM-wyjazdy-zagraniczne\/Oswiadczenie-o-poniesieniu-wydatku_WS_15.04.2025.doc\" data-mtli=\"mtli_filesize273,50kB\">O\u015bwiadczenie o poniesieniu wydatku w trakcie odbywania podr\u00f3\u017cy s\u0142u\u017cbowej \/ wyjazdu i przyczynach braku jego udokumentowania<\/a> \r\n                                <div class=\"mt-3\"><\/div>\r\n                            <\/div>\r\n                            \r\n                            \r\n                        <\/div>\r\n                    <\/div>\r\n                <\/div>[\/vc_column][\/vc_row][vc_row][vc_column]<div class=\"container\"><div class=\"separator\" style=\"background-color: #EBEBEB\"><\/div><\/div>[\/vc_column][\/vc_row][vc_row][vc_column]\r\n                <div class=\"text-modules \">\r\n                    <div class=\"container\">\r\n                         <h3 class=\"subtitle text-modules__subtitle\">Polecenie wyjazdu s\u0142u\u017cbowego \u2013 WP<\/h3>\r\n                        <div class=\"row m-0\">\r\n                            <div class=\"text-modules__content\">\r\n                                <a class=\"mtli_attachment mtli_doc mtli_attachment mtli_doc\" href=\"https:\/\/us.edu.pl\/student\/wp-content\/uploads\/sites\/3\/Editor\/DMM-wyjazdy-zagraniczne\/Wniosek-o-wyjazd-za-granice_WP_27.06.2025.doc\" data-mtli=\"mtli_filesize377,50kB\">Wniosek o wyjazd za granic\u0119<\/a><\/p>\n<p><a class=\"mtli_attachment mtli_docx mtli_attachment mtli_docx\" href=\"https:\/\/us.edu.pl\/student\/wp-content\/uploads\/sites\/3\/Editor\/DMM-wyjazdy-zagraniczne\/Umowa-o-zwrot-kosztow-podrozy_WP_15.04.2025.docx\" data-mtli=\"mtli_filesize37,28kB\">Umowa o zwrot koszt\u00f3w podr\u00f3\u017cy osobie nieb\u0119d\u0105cej pracownikiem Uniwersytetu \u015al\u0105skiego w Katowicach<\/a><\/p>\n<p><a class=\"mtli_attachment mtli_docx mtli_attachment mtli_docx\" href=\"https:\/\/us.edu.pl\/student\/wp-content\/uploads\/sites\/3\/Editor\/DMM-wyjazdy-zagraniczne\/Oswiadzcenie-studenta-doktoranta_WP_15.04.2025.docx\" data-mtli=\"mtli_filesize107,45kB\">O\u015bwiadczenie studenta\/doktoranta. Dane do sporz\u0105dzenia informacji o dochodach oraz pobranych zaliczkach na podatek dochodowy<\/a><\/p>\n<p><a class=\"mtli_attachment mtli_doc mtli_attachment mtli_doc\" href=\"https:\/\/us.edu.pl\/student\/wp-content\/uploads\/sites\/3\/Editor\/DMM-wyjazdy-zagraniczne\/Wniosek-o-uzycie-samochodu-osobowego-w-podrozy-sluzbowej_WP_27.06.2025.doc\" data-mtli=\"mtli_filesize283,00kB\">Wniosek o wyra\u017cenie zgody na u\u017cycie samochodu osobowego w celu odbycia podr\u00f3\u017cy s\u0142u\u017cbowej \/ wyjazdu<\/a><\/p>\n<p><a class=\"mtli_attachment mtli_docx mtli_attachment mtli_docx\" href=\"https:\/\/us.edu.pl\/student\/wp-content\/uploads\/sites\/3\/Editor\/DMM-wyjazdy-zagraniczne\/Rachunek-kosztow-do-wniosku-WP_15.04.2025.docx\" data-mtli=\"mtli_filesize48,06kB\">Rachunek koszt\u00f3w polecenia wyjazdu s\u0142u\u017cbowego za granic\u0119<\/a><\/p>\n<p><a class=\"mtli_attachment mtli_pdf mtli_attachment mtli_pdf\" href=\"https:\/\/us.edu.pl\/student\/wp-content\/uploads\/sites\/3\/Editor\/DMM-wyjazdy-zagraniczne\/Ewidencja-przebiegu-pojazdu_WP_15.04.2025.pdf\" data-mtli=\"mtli_filesize109,04kB\">Ewidencja przebiegu pojazdu<\/a><\/p>\n<p><a class=\"mtli_attachment mtli_docx mtli_attachment mtli_docx\" href=\"https:\/\/us.edu.pl\/student\/wp-content\/uploads\/sites\/3\/Editor\/DMM-wyjazdy-zagraniczne\/Oswiadczenie-o-poniesieniu-wydatku_WP_15.04.2025.doc.docx\" data-mtli=\"mtli_filesize106,97kB\">O\u015bwiadczenie o poniesieniu wydatku w trakcie odbywania podr\u00f3\u017cy s\u0142u\u017cbowej \/ wyjazdu i przyczynach braku jego udokumentowania<\/a> \r\n                                <div class=\"mt-3\"><\/div>\r\n                            <\/div>\r\n                            \r\n                            \r\n                        <\/div>\r\n                    <\/div>\r\n                <\/div>[\/vc_column][\/vc_row]<\/p>","protected":false},"excerpt":{"rendered":"<p>[vc_row][vc_column][\/vc_column][\/vc_row][vc_row][vc_column][\/vc_column][\/vc_row][vc_row][vc_column][\/vc_column][\/vc_row][vc_row][vc_column][\/vc_column][\/vc_row] [&#8230;]<\/p>\n<p><a class=\"btn btn-secondary understrap-read-more-link\" href=\"https:\/\/us.edu.pl\/doktorant\/mobilnosc-rozwoj\/konferencje-i-wyjazdy-zagraniczne\/dokumenty\/\">Read More&#8230;<\/a><\/p>\n","protected":false},"author":205,"featured_media":0,"parent":390,"menu_order":0,"comment_status":"closed","ping_status":"closed","template":"page-templates\/page-with-bookmarks.php","meta":{"_expiration-date-status":"saved","_expiration-date":0,"_expiration-date-type":"","_expiration-date-categories":[],"_expiration-date-options":[]},"acf":[],"_links":{"self":[{"href":"https:\/\/us.edu.pl\/doktorant\/wp-json\/wp\/v2\/pages\/6990"}],"collection":[{"href":"https:\/\/us.edu.pl\/doktorant\/wp-json\/wp\/v2\/pages"}],"about":[{"href":"https:\/\/us.edu.pl\/doktorant\/wp-json\/wp\/v2\/types\/page"}],"author":[{"embeddable":true,"href":"https:\/\/us.edu.pl\/doktorant\/wp-json\/wp\/v2\/users\/205"}],"replies":[{"embeddable":true,"href":"https:\/\/us.edu.pl\/doktorant\/wp-json\/wp\/v2\/comments?post=6990"}],"version-history":[{"count":2,"href":"https:\/\/us.edu.pl\/doktorant\/wp-json\/wp\/v2\/pages\/6990\/revisions"}],"predecessor-version":[{"id":9012,"href":"https:\/\/us.edu.pl\/doktorant\/wp-json\/wp\/v2\/pages\/6990\/revisions\/9012"}],"up":[{"embeddable":true,"href":"https:\/\/us.edu.pl\/doktorant\/wp-json\/wp\/v2\/pages\/390"}],"wp:attachment":[{"href":"https:\/\/us.edu.pl\/doktorant\/wp-json\/wp\/v2\/media?parent=6990"}],"curies":[{"name":"wp","href":"https:\/\/api.w.org\/{rel}","templated":true}]}}