{"id":7009,"date":"2021-09-29T11:44:45","date_gmt":"2021-09-29T09:44:45","guid":{"rendered":"https:\/\/us.edu.pl\/doktorant\/?page_id=7009"},"modified":"2025-12-04T11:33:04","modified_gmt":"2025-12-04T10:33:04","slug":"skierowanie-za-granice","status":"publish","type":"page","link":"https:\/\/us.edu.pl\/doktorant\/skierowanie-za-granice\/","title":{"rendered":"Skierowanie za granic\u0119"},"content":{"rendered":"<p>[vc_row][vc_column][\/vc_column][\/vc_row][vc_row][vc_column]\r\n                <div class=\"text-modules\">\r\n                    <div class=\"container\">\r\n                        <h3 class=\"page-title text__title\">Skierowanie za granic\u0119<\/h3>\r\n                        <div class=\"text-modules__content\"><p><a href=\"https:\/\/us.edu.pl\/student\/wp-content\/uploads\/sites\/3\/Editor\/DMM-wyjazdy-zagraniczne\/Wniosek-o-wyjazd-za-granice_WS_27.06.2025.doc\" class=\"mtli_attachment mtli_doc\" class=\"mtli_attachment mtli_doc\"><em>Wniosek o wyjazd za granic\u0119\u00a0<\/em><\/a><strong>\u2013 cz\u0119\u015b\u0107 WS\u00a0\u2013 skierowanie za granic\u0119<\/strong>\u00a0dotyczy wyjazd\u00f3w mi\u0119dzy innymi w celu:<\/p>\n<ul>\n<li>odbycia cz\u0119\u015bci studi\u00f3w,<\/li>\n<li>odbycia sta\u017cu,<\/li>\n<li>odbycia kursu, praktyki, szkolenia, uczestnictwa w \u0107wiczeniach, warsztatach, szkole letniej lub wizycie studyjnej,<\/li>\n<li>realizacji bada\u0144 naukowych (np. w zwi\u0105zku z realizacj\u0105 projekt\u00f3w badawczych lub zada\u0144 badawczych),<\/li>\n<li>udzia\u0142u w konferencji,<\/li>\n<li>przeprowadzenia kwerendy.<\/li>\n<\/ul>\n<p>\n<\/div>\r\n                    <\/div>\r\n                <\/div>[\/vc_column][\/vc_row][vc_row][vc_column]<div class=\"container\"><div class=\"separator\" style=\"background-color: #EBEBEB\"><\/div><\/div>[\/vc_column][\/vc_row][vc_row][vc_column]\r\n                <div class=\"text-modules \">\r\n                    <div class=\"container\">\r\n                         <h3 class=\"subtitle text-modules__subtitle\">\u015awiadczenia<\/h3>\r\n                        <div class=\"row m-0\">\r\n                            <div class=\"text-modules__content\">\r\n                                W zale\u017cno\u015bci od \u017ar\u00f3d\u0142a finansowania osobie wyje\u017cd\u017caj\u0105cej w ramach skierowania za granic\u0119 mog\u0105 by\u0107 przyznane \u015bwiadczenia:<\/p>\n<ul>\n<li>stypendium, dofinansowanie, grant lub rycza\u0142t na koszty utrzymania i\/lub zakwaterowania,<\/li>\n<li>rycza\u0142t na koszty przejazdu,<\/li>\n<li>pokrycie lub zwrot koszt\u00f3w przejazdu, zakwaterowania wg koszt\u00f3w rzeczywistych,<\/li>\n<li>pokrycie lub zwrot op\u0142at za kszta\u0142cenie, op\u0142at konferencyjnych, szkoleniowych wg koszt\u00f3w rzeczywistych,<\/li>\n<li>inne niezb\u0119dne udokumentowane wydatki, okre\u015blone i uznane za kwalifikowalne w dokumentach programowych, z uwzgl\u0119dnieniem przepis\u00f3w podatkowych.<\/li>\n<\/ul>\n<div class=\"mt-3\"><\/div>\r\n                            <\/div>\r\n                            \r\n                            \r\n                        <\/div>\r\n                    <\/div>\r\n                <\/div>[\/vc_column][\/vc_row][vc_row][vc_column]<div class=\"container\"><div class=\"separator\" style=\"background-color: #EBEBEB\"><\/div><\/div>[\/vc_column][\/vc_row][vc_row][vc_column]\r\n                <div class=\"text-modules \">\r\n                    <div class=\"container\">\r\n                         <h3 class=\"subtitle text-modules__subtitle\">Za\u0142\u0105czniki do wniosku wyjazdowego<\/h3>\r\n                        <div class=\"row m-0\">\r\n                            <div class=\"text-modules__content\">\r\n                                Do\u00a0<em>Wniosku o wyjazd za granic\u0119\u00a0<\/em>\u2013 cz\u0119\u015b\u0107 WS-skierowanie za granic\u0119 nale\u017cy do\u0142\u0105czy\u0107:<\/p>\n<ul>\n<li>w przypadku przyznanego finansowania i konieczno\u015bci dokonania wcze\u015bniej op\u0142aty konferencyjnej, szkoleniowej lub za noclegi \u2013\u00a0<em><a href=\"https:\/\/us.edu.pl\/student\/wp-content\/uploads\/sites\/3\/Editor\/DMM-wyjazdy-zagraniczne\/Zlecenie-platnosci_WS_15.04.2025.docx\" class=\"mtli_attachment mtli_docx\">Zlecenie p\u0142atno\u015bci<\/a>,<\/em><\/li>\n<li>w przypadku przyznanych \u015bwiadcze\u0144 podlegaj\u0105cych opodatkowaniu \u2013\u00a0<a href=\"https:\/\/us.edu.pl\/student\/wp-content\/uploads\/sites\/3\/Editor\/DMM-wyjazdy-zagraniczne\/Oswiadczenie-studentadoktoranta_WS.doc\" class=\"mtli_attachment mtli_doc\"><em>O\u015bwiadczenie studenta\/doktoranta. Dane do sporz\u0105dzenia informacji o dochodach oraz pobranych zaliczkach na podatek dochodowy<\/em><\/a>,<\/li>\n<li>w przypadku podr\u00f3\u017cy samochodem prywatnym \u2013\u00a0<a href=\"https:\/\/us.edu.pl\/student\/wp-content\/uploads\/sites\/3\/Editor\/DMM-wyjazdy-zagraniczne\/Wniosek-o-uzycie-samochodu-osobowego-w-podrozy-sluzbowej_WS_27.06.2025.doc\" class=\"mtli_attachment mtli_doc\"><em>Wniosek o wyra\u017cenie zgody na u\u017cycie samochodu osobowego w celu odbycia podr\u00f3\u017cy s\u0142u\u017cbowej \/ wyjazdu<\/em><\/a>.<\/li>\n<\/ul>\n<div class=\"mt-3\"><\/div>\r\n                            <\/div>\r\n                            \r\n                            \r\n                        <\/div>\r\n                    <\/div>\r\n                <\/div>[\/vc_column][\/vc_row]<\/p>","protected":false},"excerpt":{"rendered":"<p>[vc_row][vc_column][\/vc_column][\/vc_row][vc_row][vc_column][\/vc_column][\/vc_row][vc_row][vc_column][\/vc_column][\/vc_row][vc_row][vc_column][\/vc_column][\/vc_row][vc_row][vc_column][\/vc_column][\/vc_row][vc_row][vc_column][\/vc_column][\/vc_row] [&#8230;]<\/p>\n<p><a class=\"btn btn-secondary understrap-read-more-link\" href=\"https:\/\/us.edu.pl\/doktorant\/skierowanie-za-granice\/\">Read More&#8230;<\/a><\/p>\n","protected":false},"author":205,"featured_media":0,"parent":0,"menu_order":0,"comment_status":"closed","ping_status":"closed","template":"","meta":{"_expiration-date-status":"","_expiration-date":0,"_expiration-date-type":"","_expiration-date-categories":[],"_expiration-date-options":[]},"acf":[],"_links":{"self":[{"href":"https:\/\/us.edu.pl\/doktorant\/wp-json\/wp\/v2\/pages\/7009"}],"collection":[{"href":"https:\/\/us.edu.pl\/doktorant\/wp-json\/wp\/v2\/pages"}],"about":[{"href":"https:\/\/us.edu.pl\/doktorant\/wp-json\/wp\/v2\/types\/page"}],"author":[{"embeddable":true,"href":"https:\/\/us.edu.pl\/doktorant\/wp-json\/wp\/v2\/users\/205"}],"replies":[{"embeddable":true,"href":"https:\/\/us.edu.pl\/doktorant\/wp-json\/wp\/v2\/comments?post=7009"}],"version-history":[{"count":3,"href":"https:\/\/us.edu.pl\/doktorant\/wp-json\/wp\/v2\/pages\/7009\/revisions"}],"predecessor-version":[{"id":9015,"href":"https:\/\/us.edu.pl\/doktorant\/wp-json\/wp\/v2\/pages\/7009\/revisions\/9015"}],"wp:attachment":[{"href":"https:\/\/us.edu.pl\/doktorant\/wp-json\/wp\/v2\/media?parent=7009"}],"curies":[{"name":"wp","href":"https:\/\/api.w.org\/{rel}","templated":true}]}}