{"id":7012,"date":"2021-09-29T11:54:23","date_gmt":"2021-09-29T09:54:23","guid":{"rendered":"https:\/\/us.edu.pl\/doktorant\/?page_id=7012"},"modified":"2025-12-04T13:26:03","modified_gmt":"2025-12-04T12:26:03","slug":"polecenie-wyjazdu-sluzbowego-wp","status":"publish","type":"page","link":"https:\/\/us.edu.pl\/doktorant\/polecenie-wyjazdu-sluzbowego-wp\/","title":{"rendered":"Polecenie wyjazdu s\u0142u\u017cbowego &#8211; WP"},"content":{"rendered":"<p>[vc_row][vc_column][\/vc_column][\/vc_row][vc_row][vc_column]\r\n                <div class=\"text-modules\">\r\n                    <div class=\"container\">\r\n                        <h3 class=\"page-title text__title\">Polecenie wyjazdu s\u0142u\u017cbowego<\/h3>\r\n                        <div class=\"text-modules__content\"><p><a class=\"mtli_attachment mtli_doc mtli_attachment mtli_doc mtli_attachment mtli_doc\" href=\"https:\/\/us.edu.pl\/student\/wp-content\/uploads\/sites\/3\/Editor\/DMM-wyjazdy-zagraniczne\/Wniosek-o-wyjazd-za-granice_WP_27.06.2025.doc\" data-mtli=\"mtli_filesize377,50kB\"><em>Wnios<\/em><em>e<\/em><em>k o wyjazd za granic\u0119\u00a0<\/em><\/a><strong>\u2013 cz\u0119\u015b\u0107 WP \u2013 polecenie wyjazdu s\u0142u\u017cbowego<\/strong> dotyczy wyjazd\u00f3w os\u00f3b doktoranckich w celu realizacji zada\u0144 na rzecz Uniwersytetu w okre\u015blonym terminie i miejscu.<\/p>\n<\/div>\r\n                    <\/div>\r\n                <\/div>[\/vc_column][\/vc_row][vc_row][vc_column]<div class=\"container\"><div class=\"separator\" style=\"background-color: #EBEBEB\"><\/div><\/div>[\/vc_column][\/vc_row][vc_row][vc_column]\r\n                <div class=\"text-modules \">\r\n                    <div class=\"container\">\r\n                         <h3 class=\"subtitle text-modules__subtitle\">\u015awiadczenia<\/h3>\r\n                        <div class=\"row m-0\">\r\n                            <div class=\"text-modules__content\">\r\n                                Osoba studiuj\u0105ca wyje\u017cd\u017caj\u0105ca w ramach polecenia wyjazdu s\u0142u\u017cbowego mo\u017ce otrzyma\u0107 nast\u0119puj\u0105ce \u015bwiadczenia:<\/p>\n<ul>\n<li>diety,<\/li>\n<li>zwrot koszt\u00f3w:\n<ul>\n<li>przejazd\u00f3w,<\/li>\n<li>nocleg\u00f3w,<\/li>\n<li>dojazd\u00f3w \u015brodkami komunikacji miejscowej,<\/li>\n<li>innych udokumentowanych wydatk\u00f3w, okre\u015blonych przez dziekana lub kierownika jednostki odpowiednio do uzasadnionych potrzeb,<\/li>\n<\/ul>\n<\/li>\n<\/ul>\n<p>do wysoko\u015bci jak przy podr\u00f3\u017cach s\u0142u\u017cbowych pracownik\u00f3w.<\/p>\n<p>Zgodnie z rozporz\u0105dzeniem Ministra Pracy i Polityki Spo\u0142ecznej w sprawie nale\u017cno\u015bci przys\u0142uguj\u0105cych pracownikowi zatrudnionemu w pa\u0144stwowej lub samorz\u0105dowej jednostce sfery bud\u017cetowej z tytu\u0142u podr\u00f3\u017cy s\u0142u\u017cbowej (<a href=\"https:\/\/isap.sejm.gov.pl\/isap.nsf\/download.xsp\/WDU20230002190\/O\/D20232190.pdf\" class=\"mtli_attachment mtli_pdf\">tekst jednolity Dz. U. 2023, poz. 2190<\/a>) w poszczeg\u00f3lnych pa\u0144stwach obowi\u0105zuj\u0105\u00a0<a href=\"https:\/\/us.edu.pl\/student\/wp-content\/uploads\/sites\/3\/Editor\/DMM-wyjazdy-zagraniczne\/Stawki-diet-limity-i-ryczalty-za-noclegi_18.02.2025.xlsx\" class=\"mtli_attachment mtli_xlsx\">stawki diet oraz limity lub rycza\u0142ty kwot za nocleg<\/a>.<\/p>\n<p><u>Nale\u017cno\u015bci z tytu\u0142u krajowej podr\u00f3\u017cy s\u0142u\u017cbowej wynosz\u0105:<\/u><\/p>\n<ul>\n<li>dieta \u2013 45,00 z\u0142.<\/li>\n<li>rycza\u0142t na pokrycie koszt\u00f3w dojazdu \u2013 9,00 z\u0142.<\/li>\n<li>rycza\u0142t za nocleg \u2013 67,50 z\u0142.<\/li>\n<li>limit za nocleg \u2013 900,00 z\u0142.<\/li>\n<\/ul>\n<div class=\"mt-3\"><\/div>\r\n                            <\/div>\r\n                            \r\n                            \r\n                        <\/div>\r\n                    <\/div>\r\n                <\/div>[\/vc_column][\/vc_row][vc_row][vc_column]<div class=\"container\"><div class=\"separator\" style=\"background-color: #EBEBEB\"><\/div><\/div>[\/vc_column][\/vc_row][vc_row][vc_column]\r\n                <div class=\"text-modules \">\r\n                    <div class=\"container\">\r\n                         <h3 class=\"subtitle text-modules__subtitle\">Za\u0142\u0105czniki do wniosku wyjazdowego<\/h3>\r\n                        <div class=\"row m-0\">\r\n                            <div class=\"text-modules__content\">\r\n                                Do\u00a0<em>Wniosku o wyjazd za granic\u0119\u00a0<\/em>\u2013 cz\u0119\u015b\u0107 WP \u2013 polecenie wyjazdu s\u0142u\u017cbowego nale\u017cy do\u0142\u0105czy\u0107:<\/p>\n<ul>\n<li>wype\u0142nion\u0105 i podpisan\u0105\u00a0<a href=\"https:\/\/us.edu.pl\/student\/wp-content\/uploads\/sites\/3\/Editor\/DMM-wyjazdy-zagraniczne\/Umowa-o-zwrot-kosztow-podrozy_WP_15.04.2025.docx\" class=\"mtli_attachment mtli_docx\"><em>Umow\u0119 o zwrot koszt\u00f3w podr\u00f3\u017cy osobie nieb\u0119d\u0105cej pracownikiem uniwersytetu \u015al\u0105skiego w Katowicach<\/em><\/a><em>,\u00a0<\/em>kt\u00f3ra jest warunkiem otrzymania nale\u017cno\u015bci,<\/li>\n<li>w przypadku przyznanego finansowania i konieczno\u015bci dokonania wcze\u015bniej op\u0142aty konferencyjnej, szkoleniowej lub za noclegi \u2013 dane dotycz\u0105ce p\u0142atno\u015bci przelewowych:\n<ul>\n<li>pe\u0142n\u0105 nazw\u0119 i adres odbiorcy<em>,<\/em><\/li>\n<li>kwot\u0119 i walut\u0119,<\/li>\n<li>tytu\u0142 przelewu,<\/li>\n<li>nazw\u0119 banku odbiorcy,<\/li>\n<li>nr konta IBAN,<\/li>\n<li>SWIFT\/BIC\/ABA\/ROUTING NO,<\/li>\n<\/ul>\n<\/li>\n<li>w przypadku podr\u00f3\u017cy samochodem prywatnym \u2013\u00a0<a href=\"https:\/\/us.edu.pl\/student\/wp-content\/uploads\/sites\/3\/Editor\/DMM-wyjazdy-zagraniczne\/Wniosek-o-uzycie-samochodu-osobowego-w-podrozy-sluzbowej_WS_27.06.2025.doc\" class=\"mtli_attachment mtli_doc\"><em>Wniosek o wyra\u017cenie zgody na u\u017cycie samochodu osobowego w celu odbycia podr\u00f3\u017cy s\u0142u\u017cbowej \/ wyjazdu<\/em><\/a>.<\/li>\n<\/ul>\n<div class=\"mt-3\"><\/div>\r\n                            <\/div>\r\n                            \r\n                            \r\n                        <\/div>\r\n                    <\/div>\r\n                <\/div>[\/vc_column][\/vc_row]<\/p>","protected":false},"excerpt":{"rendered":"<p>[vc_row][vc_column][\/vc_column][\/vc_row][vc_row][vc_column][\/vc_column][\/vc_row][vc_row][vc_column][\/vc_column][\/vc_row][vc_row][vc_column][\/vc_column][\/vc_row][vc_row][vc_column][\/vc_column][\/vc_row][vc_row][vc_column][\/vc_column][\/vc_row] [&#8230;]<\/p>\n<p><a class=\"btn btn-secondary understrap-read-more-link\" href=\"https:\/\/us.edu.pl\/doktorant\/polecenie-wyjazdu-sluzbowego-wp\/\">Read More&#8230;<\/a><\/p>\n","protected":false},"author":205,"featured_media":0,"parent":0,"menu_order":0,"comment_status":"closed","ping_status":"closed","template":"","meta":{"_expiration-date-status":"","_expiration-date":0,"_expiration-date-type":"","_expiration-date-categories":[],"_expiration-date-options":[]},"acf":[],"_links":{"self":[{"href":"https:\/\/us.edu.pl\/doktorant\/wp-json\/wp\/v2\/pages\/7012"}],"collection":[{"href":"https:\/\/us.edu.pl\/doktorant\/wp-json\/wp\/v2\/pages"}],"about":[{"href":"https:\/\/us.edu.pl\/doktorant\/wp-json\/wp\/v2\/types\/page"}],"author":[{"embeddable":true,"href":"https:\/\/us.edu.pl\/doktorant\/wp-json\/wp\/v2\/users\/205"}],"replies":[{"embeddable":true,"href":"https:\/\/us.edu.pl\/doktorant\/wp-json\/wp\/v2\/comments?post=7012"}],"version-history":[{"count":6,"href":"https:\/\/us.edu.pl\/doktorant\/wp-json\/wp\/v2\/pages\/7012\/revisions"}],"predecessor-version":[{"id":9029,"href":"https:\/\/us.edu.pl\/doktorant\/wp-json\/wp\/v2\/pages\/7012\/revisions\/9029"}],"wp:attachment":[{"href":"https:\/\/us.edu.pl\/doktorant\/wp-json\/wp\/v2\/media?parent=7012"}],"curies":[{"name":"wp","href":"https:\/\/api.w.org\/{rel}","templated":true}]}}