{"id":7022,"date":"2021-09-29T12:21:26","date_gmt":"2021-09-29T10:21:26","guid":{"rendered":"https:\/\/us.edu.pl\/doktorant\/?page_id=7022"},"modified":"2025-12-03T15:34:07","modified_gmt":"2025-12-03T14:34:07","slug":"wiza-finansowana-przez-us","status":"publish","type":"page","link":"https:\/\/us.edu.pl\/doktorant\/wiza-finansowana-przez-us\/","title":{"rendered":"Wiza finansowana przez U\u015a"},"content":{"rendered":"<p>[vc_row][vc_column][\/vc_column][\/vc_row][vc_row][vc_column]\r\n                <div class=\"text-modules \">\r\n                    <div class=\"container\">\r\n                        <h3 class=\"section-title section-title_border-bottom\">Wiza<\/h3> \r\n                        <div class=\"row m-0\">\r\n                            <div class=\"text-modules__content\">\r\n                                Aktualne informacje na temat kraj\u00f3w, w kt\u00f3rych wymagana jest wiza, mo\u017cna uzyska\u0107 na stronie <a href=\"https:\/\/www.gov.pl\/web\/dyplomacja\/informacje-dla-podrozujacych\">Ministerstwa Spraw Zagranicznych<\/a>.<\/p>\n<div>\n<div>\n<div>\n<div>\n<div>\n<div>\n<div>\n<div>\n<p>Koszty wizy oraz po\u015brednictwa wizowego (op\u0142aty transakcyjnej) musz\u0105 by\u0107 uwzgl\u0119dnione na\u00a0Wniosku o wyjazd za granic\u0119 i s\u0105 pokrywane ze \u015brodk\u00f3w wydzia\u0142owych (MPK).Koszt wizy stanowi przych\u00f3d osoby wyje\u017cd\u017caj\u0105cej i jest opodatkowany podatkiem dochodowym od os\u00f3b fizycznych. Wiz\u0119 mo\u017cna uzyska\u0107:<\/p>\n<ul>\n<li>samodzielnie<\/li>\n<\/ul>\n<p>lub<\/p>\n<ul>\n<li>za po\u015brednictwem biura podr\u00f3\u017cy\u00a0WHY NOT TRAVEL.<\/li>\n<\/ul>\n<p>Zwrot koszt\u00f3w samodzielnie zakupionej wizy przez osob\u0119 wyje\u017cd\u017caj\u0105c\u0105 nast\u0119puje po zako\u0144czeniu wyjazdu, a koszt wizy zakupionej w biurze podr\u00f3\u017cy, z kt\u00f3rym nasza uczelnia ma podpisan\u0105 umow\u0119, op\u0142aca bezpo\u015brednio U\u015a.<\/p>\n<\/div>\n<\/div>\n<\/div>\n<\/div>\n<\/div>\n<\/div>\n<\/div>\n<\/div>\n<div class=\"mt-3\"><\/div>\r\n                            <\/div>\r\n                            \r\n                            \r\n                        <\/div>\r\n                    <\/div>\r\n                <\/div>[\/vc_column][\/vc_row][vc_row][vc_column]<div class=\"container\"><div class=\"separator\" style=\"background-color: #EBEBEB\"><\/div><\/div>[\/vc_column][\/vc_row]<\/p>","protected":false},"excerpt":{"rendered":"<p>[vc_row][vc_column][\/vc_column][\/vc_row][vc_row][vc_column][\/vc_column][\/vc_row][vc_row][vc_column][\/vc_column][\/vc_row] [&#8230;]<\/p>\n<p><a class=\"btn btn-secondary understrap-read-more-link\" href=\"https:\/\/us.edu.pl\/doktorant\/wiza-finansowana-przez-us\/\">Read More&#8230;<\/a><\/p>\n","protected":false},"author":205,"featured_media":0,"parent":0,"menu_order":0,"comment_status":"closed","ping_status":"closed","template":"page-templates\/inner-page-with-bookmarks.php","meta":{"_expiration-date-status":"","_expiration-date":0,"_expiration-date-type":"","_expiration-date-categories":[],"_expiration-date-options":[]},"acf":[],"_links":{"self":[{"href":"https:\/\/us.edu.pl\/doktorant\/wp-json\/wp\/v2\/pages\/7022"}],"collection":[{"href":"https:\/\/us.edu.pl\/doktorant\/wp-json\/wp\/v2\/pages"}],"about":[{"href":"https:\/\/us.edu.pl\/doktorant\/wp-json\/wp\/v2\/types\/page"}],"author":[{"embeddable":true,"href":"https:\/\/us.edu.pl\/doktorant\/wp-json\/wp\/v2\/users\/205"}],"replies":[{"embeddable":true,"href":"https:\/\/us.edu.pl\/doktorant\/wp-json\/wp\/v2\/comments?post=7022"}],"version-history":[{"count":4,"href":"https:\/\/us.edu.pl\/doktorant\/wp-json\/wp\/v2\/pages\/7022\/revisions"}],"predecessor-version":[{"id":9007,"href":"https:\/\/us.edu.pl\/doktorant\/wp-json\/wp\/v2\/pages\/7022\/revisions\/9007"}],"wp:attachment":[{"href":"https:\/\/us.edu.pl\/doktorant\/wp-json\/wp\/v2\/media?parent=7022"}],"curies":[{"name":"wp","href":"https:\/\/api.w.org\/{rel}","templated":true}]}}