{"id":7045,"date":"2021-09-29T14:14:00","date_gmt":"2021-09-29T12:14:00","guid":{"rendered":"https:\/\/us.edu.pl\/doktorant\/?page_id=7045"},"modified":"2025-12-05T15:08:39","modified_gmt":"2025-12-05T14:08:39","slug":"oplaty-za-konferencje-zagraniczne-on-line","status":"publish","type":"page","link":"https:\/\/us.edu.pl\/doktorant\/oplaty-za-konferencje-zagraniczne-on-line\/","title":{"rendered":"Op\u0142aty za konferencje zagraniczne on-line"},"content":{"rendered":"<p>[vc_row][vc_column][\/vc_column][\/vc_row][vc_row][vc_column]\r\n                <div class=\"text-modules\">\r\n                    <div class=\"container\">\r\n                        \r\n                        <div class=\"text-modules__content\"><p><strong>Wydarzenie zagraniczne on-line<\/strong> to konferencja, warsztaty, kurs, szkolenie, konkurs, szko\u0142a letnia i inne, organizowane za granic\u0105, w kt\u00f3rym uczestnictwo odbywa si\u0119 on-line, bez fizycznego wyjazdu za granic\u0119.<\/p>\n<p><strong>Procedura op\u0142aty za wydarzenie zagraniczne on-line:<\/strong><\/p>\n<ol>\n<li>Osoba maj\u0105ca uprawnienia na wydziale lub w innej jednostce tworzy <em>Zg\u0142oszenie zapotrzebowania<\/em> na wydarzenie online w systemie SAP \u2013 transakcji ME51N.<\/li>\n<li>Wydruk <em>Zg\u0142oszenia zapotrzebowania<\/em> z podpisem:\n<ul>\n<li>dziekana,<\/li>\n<li>Dzia\u0142u Projekt\u00f3w (je\u015bli dotyczy),<\/li>\n<li>Dzia\u0142u Bud\u017cetowania i Kontrolingu (zgodnie ze \u017ar\u00f3d\u0142em finansowania),<\/li>\n<\/ul>\n<p>nale\u017cy dostarczy\u0107 do sekretariatu Kwestora (Katowice, ul. Bankowa 12, pok\u00f3j 2.16) z dokumentem b\u0119d\u0105cym podstaw\u0105 zap\u0142aty, np. wezwaniem do zap\u0142aty, faktur\u0105, e-mailem. Dokumenty nale\u017cy z\u0142o\u017cy\u0107 <u>minimum 14 dni przed wymaganym terminem wp\u0142aty<\/u>. P\u00f3\u017aniejsze z\u0142o\u017cenie dokument\u00f3w mo\u017ce spowodowa\u0107 brak terminowej realizacji zam\u00f3wienia.<\/li>\n<li>Po otrzymaniu informacji zwrotnej o dokonaniu zap\u0142aty faktury przez Dzia\u0142 Finansowy, do osoby uczestnicz\u0105cej w wydarzeniu online zostanie przes\u0142any\u00a0<em>Protok\u00f3\u0142 wykonania us\u0142ugi<\/em>, kt\u00f3ry powinien zosta\u0107 podpisany przez osob\u0119 uczestnicz\u0105c\u0105 oraz dziekana, a nast\u0119pnie przekazany do Biura Rozlicze\u0144 Mobilno\u015bci Mi\u0119dzynarodowych DMM (Katowice, ul. Bankowa 12, pok\u00f3j 3.5).<\/li>\n<\/ol>\n<p>W przypadku braku faktury w momencie tworzenia <em>Zg\u0142oszenia zapotrzebowania<\/em> w systemie SAP, nale\u017cy j\u0105 uzyska\u0107 po dokonaniu op\u0142aty od organizatora wydarzenia (zgodnie z Ustaw\u0105 VAT o podatku od towar\u00f3w i us\u0142ug) i niezw\u0142ocznie dostarczy\u0107 orygina\u0142 do Biura Rozlicze\u0144 Mobilno\u015bci Mi\u0119dzynarodowych DMM.<\/p>\n<p>Je\u015bli nie ma mo\u017cliwo\u015bci uzyskania faktury nale\u017cy wype\u0142ni\u0107 <a href=\"https:\/\/us.edu.pl\/pracownik\/wp-content\/uploads\/sites\/2\/Editor\/DMM-Sprawy-miedzynarodowe\/Oswiadczenie_zastepczy-dowod-ksiegowy_wydarzenia-online_2025.docx\" class=\"mtli_attachment mtli_docx\" class=\"mtli_attachment mtli_docx\">O\u015bwiadczenie<\/a> &#8211; zast\u0119pczy dow\u00f3d ksi\u0119gowy (formularz stosujemy po udokumentowanym wyczerpaniu wszystkich mo\u017cliwo\u015bci uzyskania faktury).<\/p>\n<p>Faktura lub rachunek powinna by\u0107 wystawiona na:<\/p>\n<p><strong>Uniwersytet \u015al\u0105ski w Katowicach (University of Silesia in Katowice)<\/strong><br \/>\n<strong>Bankowa 12,<\/strong><br \/>\n<strong>40-007 Katowice <\/strong><br \/>\n<strong>VAT number: PL634-019-71-34<\/strong><\/p>\n<p>W przypadku:<\/p>\n<ul>\n<li>p\u0142atno\u015bci po odbyciu si\u0119 wydarzenia \u2013 nale\u017cy na zleceniu przelewu zaznaczy\u0107, \u017ce p\u0142atno\u015b\u0107 ma nast\u0105pi\u0107 po odbyciu si\u0119 wydarzenia,<\/li>\n<li>wnioskowania o zwrot poniesionych koszt\u00f3w, je\u017celi wydarzenie zosta\u0142o op\u0142acone, nale\u017cy poda\u0107 dat\u0119 p\u0142atno\u015bci za wydarzenie, a do <em>Zg\u0142oszenia zapotrzebowania<\/em> do\u0142\u0105czy\u0107 pismo skierowane do Zast\u0119pcy Kanclerza Agnieszki Maj z pro\u015bb\u0105 o wyra\u017cenie zgody na zap\u0142at\u0119 i rozliczenie faktury, oraz faktur\u0119\/rachunek i potwierdzenie p\u0142atno\u015bci.<\/li>\n<\/ul>\n<p>\n<\/div>\r\n                    <\/div>\r\n                <\/div>[\/vc_column][\/vc_row]<\/p>","protected":false},"excerpt":{"rendered":"<p>[vc_row][vc_column][\/vc_column][\/vc_row][vc_row][vc_column][\/vc_column][\/vc_row] [&#8230;]<\/p>\n<p><a class=\"btn btn-secondary understrap-read-more-link\" href=\"https:\/\/us.edu.pl\/doktorant\/oplaty-za-konferencje-zagraniczne-on-line\/\">Read More&#8230;<\/a><\/p>\n","protected":false},"author":205,"featured_media":0,"parent":0,"menu_order":0,"comment_status":"closed","ping_status":"closed","template":"page-templates\/page-with-bookmarks.php","meta":{"_expiration-date-status":"saved","_expiration-date":0,"_expiration-date-type":"","_expiration-date-categories":[],"_expiration-date-options":[]},"acf":[],"_links":{"self":[{"href":"https:\/\/us.edu.pl\/doktorant\/wp-json\/wp\/v2\/pages\/7045"}],"collection":[{"href":"https:\/\/us.edu.pl\/doktorant\/wp-json\/wp\/v2\/pages"}],"about":[{"href":"https:\/\/us.edu.pl\/doktorant\/wp-json\/wp\/v2\/types\/page"}],"author":[{"embeddable":true,"href":"https:\/\/us.edu.pl\/doktorant\/wp-json\/wp\/v2\/users\/205"}],"replies":[{"embeddable":true,"href":"https:\/\/us.edu.pl\/doktorant\/wp-json\/wp\/v2\/comments?post=7045"}],"version-history":[{"count":10,"href":"https:\/\/us.edu.pl\/doktorant\/wp-json\/wp\/v2\/pages\/7045\/revisions"}],"predecessor-version":[{"id":9040,"href":"https:\/\/us.edu.pl\/doktorant\/wp-json\/wp\/v2\/pages\/7045\/revisions\/9040"}],"wp:attachment":[{"href":"https:\/\/us.edu.pl\/doktorant\/wp-json\/wp\/v2\/media?parent=7045"}],"curies":[{"name":"wp","href":"https:\/\/api.w.org\/{rel}","templated":true}]}}