{"id":744,"date":"2019-10-22T09:56:59","date_gmt":"2019-10-22T07:56:59","guid":{"rendered":"https:\/\/us.edu.pl\/doktorant\/?page_id=744"},"modified":"2019-10-31T21:51:08","modified_gmt":"2019-10-31T20:51:08","slug":"kryteria-stypendialne","status":"publish","type":"page","link":"https:\/\/us.edu.pl\/doktorant\/studia-doktoranckie-rozpoczete-przed-1-pazdziernika-2019-r\/nauki-scisle-i-przyrodnicze-nauki-o-ziemi-i-srodowisku\/kryteria-stypendialne\/","title":{"rendered":"Kryteria stypendialne"},"content":{"rendered":"<p>[vc_row][vc_column]\r\n                <div class=\"text-modules\">\r\n                    <div class=\"container\">\r\n                        <h3 class=\"page-title text__title\">Kryteria stypendialne<\/h3>\r\n                        <div class=\"text-modules__content\"><p><a href=\"\/doktorant\/wp-content\/uploads\/sites\/12\/za\u0142\u0105czniki-na-stronach\/Kryteria-przyznawania-stypendium-doktoranckiego-nauki-o-Ziemi-i-\u00ffrodowisku-2019.pdf\" class=\"mtli_attachment mtli_pdf\" data-mtli=\"mtli_filesize196,41kB\" class=\"mtli_attachment mtli_pdf\" data-mtli=\"mtli_filesize196,41kB\">Kryteria przyznawania stypendium doktoranckiego \u2013 nauki o Ziemi i \u015brodowisku 2019 (pdf, 197 kB)<\/a><\/p>\n<p><a href=\"\/doktorant\/wp-content\/uploads\/sites\/12\/za\u0142\u0105czniki-na-stronach\/Szczeg\u00f3\u00eaowe-kryteria-przyznawania-stypendium-rektora-dla-doktorant\u00f3w-w-zakresie-nauk-o-Ziemi-i-\u00ffrodowisku-2019.pdf\" class=\"mtli_attachment mtli_pdf\" data-mtli=\"mtli_filesize220,08kB\" class=\"mtli_attachment mtli_pdf\" data-mtli=\"mtli_filesize220,08kB\">Szczeg\u00f3\u0142owe kryteria przyznawania stypendium rektora dla doktorant\u00f3w i stypendium projako\u015bciowego w zakresie nauk o Ziemi i \u015brodowisku 2019 (pdf, 221 kB)<\/a><\/p>\n<style type=\"text\/css\">a[data-mtli~=\"mtli_filesize196,41kB\"]:after {content:\" (196,41 kB)\"}a[data-mtli~=\"mtli_filesize220,08kB\"]:after {content:\" (220,08 kB)\"}<\/style><\/div>\r\n                    <\/div>\r\n                <\/div>[\/vc_column][\/vc_row]<\/p>\n<style type=\"text\/css\">a[data-mtli~=\"mtli_filesize196,41kB\"]:after {content:\" (196,41 kB)\"}a[data-mtli~=\"mtli_filesize220,08kB\"]:after {content:\" (220,08 kB)\"}<\/style>","protected":false},"excerpt":{"rendered":"<p>[vc_row][vc_column][\/vc_column][\/vc_row] [&#8230;]<\/p>\n<p><a class=\"btn btn-secondary understrap-read-more-link\" href=\"https:\/\/us.edu.pl\/doktorant\/studia-doktoranckie-rozpoczete-przed-1-pazdziernika-2019-r\/nauki-scisle-i-przyrodnicze-nauki-o-ziemi-i-srodowisku\/kryteria-stypendialne\/\">Read More&#8230;<\/a><\/p>\n","protected":false},"author":1,"featured_media":0,"parent":699,"menu_order":6,"comment_status":"closed","ping_status":"closed","template":"page-templates\/page-with-sidebar.php","meta":{"_expiration-date-status":"saved","_expiration-date":0,"_expiration-date-type":"","_expiration-date-categories":[],"_expiration-date-options":[]},"acf":[],"_links":{"self":[{"href":"https:\/\/us.edu.pl\/doktorant\/wp-json\/wp\/v2\/pages\/744"}],"collection":[{"href":"https:\/\/us.edu.pl\/doktorant\/wp-json\/wp\/v2\/pages"}],"about":[{"href":"https:\/\/us.edu.pl\/doktorant\/wp-json\/wp\/v2\/types\/page"}],"author":[{"embeddable":true,"href":"https:\/\/us.edu.pl\/doktorant\/wp-json\/wp\/v2\/users\/1"}],"replies":[{"embeddable":true,"href":"https:\/\/us.edu.pl\/doktorant\/wp-json\/wp\/v2\/comments?post=744"}],"version-history":[{"count":0,"href":"https:\/\/us.edu.pl\/doktorant\/wp-json\/wp\/v2\/pages\/744\/revisions"}],"up":[{"embeddable":true,"href":"https:\/\/us.edu.pl\/doktorant\/wp-json\/wp\/v2\/pages\/699"}],"wp:attachment":[{"href":"https:\/\/us.edu.pl\/doktorant\/wp-json\/wp\/v2\/media?parent=744"}],"curies":[{"name":"wp","href":"https:\/\/api.w.org\/{rel}","templated":true}]}}