{"id":748,"date":"2019-10-22T09:58:41","date_gmt":"2019-10-22T07:58:41","guid":{"rendered":"https:\/\/us.edu.pl\/doktorant\/?page_id=748"},"modified":"2020-04-02T22:34:19","modified_gmt":"2020-04-02T20:34:19","slug":"informacje-biezace","status":"publish","type":"page","link":"https:\/\/us.edu.pl\/doktorant\/studia-doktoranckie-rozpoczete-przed-1-pazdziernika-2019-r\/nauki-scisle-i-przyrodnicze-nauki-o-ziemi-i-srodowisku\/informacje-biezace\/","title":{"rendered":"Informacje bie\u017c\u0105ce"},"content":{"rendered":"<p>[vc_row][vc_column]\r\n                <div class=\"text-modules\">\r\n                    <div class=\"container\">\r\n                        <h3 class=\"page-title text__title\">Informacje bie\u017c\u0105ce<\/h3>\r\n                        <div class=\"text-modules__content\"><\/p>\n<p>W zwi\u0105zku z zaistnia\u0142\u0105 sytuacj\u0105 zwi\u0105zan\u0105 z koronawirusem uprzejmie informuj\u0119, \u017ce doktoranci, kt\u00f3rzy rozpocz\u0119li studia doktoranckie przed rokiem akademickim 2019\/2020, mog\u0105 przekazywa\u0107 skany\/fotografie dokument\u00f3w zg\u0142oszenia do ubezpieczenia zdrowotnego (zg\u0142oszenia cz\u0142onka rodziny, zmiany danych lub wyrejestrowania z ubezpieczenia), kt\u00f3re mog\u0105 pobra\u0107 z poni\u017cszej strony:<br \/>\n<a href=\"https:\/\/us.edu.pl\/student\/wzory-drukow-dla-studentow\/ubezpieczenia-zdrowotne\/\">https:\/\/us.edu.pl\/student\/wzory-drukow-dla-studentow\/ubezpieczenia-zdrowotne\/<\/a><br \/>\npowy\u017csze prosz\u0119 kierowa\u0107 na adres <a href=\"mailto:krystyna.kocel@us.edu.pl\">krystyna.kocel@us.edu.pl<\/a><\/p>\n<p>Szanowni Pa\u0144stwo,<br \/>\nw zwi\u0105zku z zaistnia\u0142\u0105 sytuacj\u0105 praca sekretariatu studi\u00f3w doktoranckich przesz\u0142a <strong>w tryb pracy zdalnej<\/strong>.<br \/>\n<strong>Wszystkie sprawy za\u0142atwiamy za po\u015brednictwem poczty e mail<\/strong>, w standardowych godzinach pracy 7.30 do 15.30 od poniedzia\u0142ku do pi\u0105tku (<a href=\"mailto:elzbieta.miernikowska@us.edu.pl\">elzbieta.miernikowska@us.edu.pl<\/a> ) .<br \/>\nMog\u0105 Pa\u0144stwo r\u00f3wnie\u017c dzwoni\u0107 na numer 32 3689431.<br \/>\nNa stacjonarny dy\u017cur mog\u0105 Pa\u0144stwo przyj\u015b\u0107 <strong>pod warunkiem ustalenia takiej wizyty wcze\u015bniej e-mailowo lub telefonicznie<\/strong>.<\/p>\n<p>O konieczno\u015bci przeprowadzenia zaj\u0119\u0107 dydaktycznych, kt\u00f3re prowadzone b\u0119d\u0105 od tej pory, do odwo\u0142ania, na odleg\u0142o\u015b\u0107, prowadz\u0105cy zostali powiadomieni. Otrzymali Pa\u0144stwa adresy e-mail i powinni si\u0119 wkr\u00f3tce z Pa\u0144stwem skontaktowa\u0107.<\/p>\n<p>W zwi\u0105zku z zaistnia\u0142\u0105 sytuacj\u0105, nawi\u0105zuj\u0105c do \u00a71 pkt. 3,\u00a0<em> Zarz\u0105dzenia nr 28 Rektora Uniwersytetu \u015al\u0105skiego w Katowicach z dnia 12 marca 2020r. w sprawie przeciwdzia\u0142ania rozprzestrzenianiu si\u0119 wirusa SARS-CoV-2<\/em>, w kt\u00f3rym mowa: \u201eEgzaminy, obrony prac dyplomowych, posiedzenia komisji \u2013w tym doktorskich i habilitacyjnych mog\u0105 odbywa\u0107 si\u0119 wy\u0142\u0105cznie na zasadach ustalonych przez dziekana i z zachowaniem odpowiednich \u015brodk\u00f3w bezpiecze\u0144stwa\u201d przekazujemy co nast\u0119puje:<\/p>\n<ul>\n<li>egzaminy w przewodzie doktorskim z dyscyplin dodatkowych (filozofia, socjologia, ekonomia) i z j\u0119zyka obcego mog\u0105 mie\u0107 miejsce online (protok\u00f3\u0142 egzaminacyjny zostanie przes\u0142any egzaminatorowi na wskazany adres e-mail, o terminach egzaminu nale\u017cy poinformowa\u0107 sekretariat studi\u00f3w doktoranckich wiadomo\u015bci\u0105 e-mail na adres: <a href=\"mailto:elzbieta.miernikowska@us.edu.pl\">elzbieta.miernikowska@us.edu.pl<\/a> ; protok\u00f3\u0142 po egzaminie (skan z podpisem egzaminatora) nale\u017cy przekaza\u0107 w wersji elektronicznej do sekretariatu przy czym papierow\u0105 wersj\u0119 nale\u017cy zachowa\u0107),<\/li>\n<li>do odwo\u0142ania nie umawiamy egzamin\u00f3w kierunkowych z dyscypliny podstawowej ani publicznych obron doktorat\u00f3w,<\/li>\n<li>z\u0142o\u017cenie pracy doktorskiej mo\u017ce mie\u0107 miejsce po wcze\u015bniejszym uzgodnieniu terminu z sekretariatem studi\u00f3w doktoranckich,<\/li>\n<\/ul>\n<p>Uprzejmie prosz\u0119 Pa\u0144stwa o zapoznanie si\u0119 z komunikatem prorektora d. studenckich i kszta\u0142cenia: <a href=\"https:\/\/us.edu.pl\/student\/komunikaty\/komunikat-prorektora-ds-ksztalcenia-i-studentow\/\">https:\/\/us.edu.pl\/student\/komunikaty\/komunikat-prorektora-ds-ksztalcenia-i-studentow\/<\/a><\/p>\n<\/div>\r\n                    <\/div>\r\n                <\/div>[\/vc_column][\/vc_row]<\/p>","protected":false},"excerpt":{"rendered":"<p>[vc_row][vc_column][\/vc_column][\/vc_row] [&#8230;]<\/p>\n<p><a class=\"btn btn-secondary understrap-read-more-link\" href=\"https:\/\/us.edu.pl\/doktorant\/studia-doktoranckie-rozpoczete-przed-1-pazdziernika-2019-r\/nauki-scisle-i-przyrodnicze-nauki-o-ziemi-i-srodowisku\/informacje-biezace\/\">Read More&#8230;<\/a><\/p>\n","protected":false},"author":1,"featured_media":0,"parent":699,"menu_order":8,"comment_status":"closed","ping_status":"closed","template":"page-templates\/page-with-sidebar.php","meta":{"_expiration-date-status":"saved","_expiration-date":0,"_expiration-date-type":"","_expiration-date-categories":[],"_expiration-date-options":[]},"acf":[],"_links":{"self":[{"href":"https:\/\/us.edu.pl\/doktorant\/wp-json\/wp\/v2\/pages\/748"}],"collection":[{"href":"https:\/\/us.edu.pl\/doktorant\/wp-json\/wp\/v2\/pages"}],"about":[{"href":"https:\/\/us.edu.pl\/doktorant\/wp-json\/wp\/v2\/types\/page"}],"author":[{"embeddable":true,"href":"https:\/\/us.edu.pl\/doktorant\/wp-json\/wp\/v2\/users\/1"}],"replies":[{"embeddable":true,"href":"https:\/\/us.edu.pl\/doktorant\/wp-json\/wp\/v2\/comments?post=748"}],"version-history":[{"count":0,"href":"https:\/\/us.edu.pl\/doktorant\/wp-json\/wp\/v2\/pages\/748\/revisions"}],"up":[{"embeddable":true,"href":"https:\/\/us.edu.pl\/doktorant\/wp-json\/wp\/v2\/pages\/699"}],"wp:attachment":[{"href":"https:\/\/us.edu.pl\/doktorant\/wp-json\/wp\/v2\/media?parent=748"}],"curies":[{"name":"wp","href":"https:\/\/api.w.org\/{rel}","templated":true}]}}