{"id":8544,"date":"2024-05-28T11:31:32","date_gmt":"2024-05-28T09:31:32","guid":{"rendered":"https:\/\/us.edu.pl\/doktorant\/?page_id=8544"},"modified":"2024-06-25T11:01:15","modified_gmt":"2024-06-25T09:01:15","slug":"wsparcie-psychologiczne","status":"publish","type":"page","link":"https:\/\/us.edu.pl\/doktorant\/wsparcie-psychologiczne\/","title":{"rendered":"Wsparcie psychologiczne"},"content":{"rendered":"<p>[vc_row][vc_column]\r\n                <div class=\"text-modules \">\r\n                    <div class=\"container\">\r\n                         \r\n                        <div class=\"row m-0\">\r\n                            <div class=\"text-modules__content\">\r\n                                <span style=\"font-size: 10.0pt; font-family: 'Verdana',sans-serif;\">W celu zapewnienia wsparcia psychologicznego naszym doktorantom zagranicznym podpisali\u015bmy umow\u0119 z firm\u0105, kt\u00f3ra ma do\u015bwiadczenie we wspieraniu student\u00f3w, doktorant\u00f3w i badaczy z uniwersytetu. Firma nazywa si\u0119 G-Home Centrum Psychologiczno-Medyczne i ma dwa biura, jedno w Katowicach a drugie w Zabrzu, prowadzi te\u017c konsultacje online.<\/span><\/p>\n<p><span style=\"font-size: 10.0pt; font-family: 'Verdana',sans-serif;\">Nasi zagraniczni doktoranci s\u0105 uprawnieni do bezp\u0142atnych konsultacji psychologicznych jako cz\u0119\u015bci programu Welcome to Poland \u201ed-OK-ctoral school &#8211; Kompleksowa adaptacja i obs\u0142uga zagranicznych doktorant\u00f3w\u201d.<\/span><\/p>\n<p><span style=\"font-size: 10.0pt; font-family: 'Verdana',sans-serif;\">Je\u017celi potrzebujesz wsparcia psychologicznego skontaktuj si\u0119 bezpo\u015brednio z recepcj\u0105 firmy G-Home pod numerem telefonu +48 798 314 541 lub mailem <a href=\"mailto:recepcja@ghomeonline.pl\">recepcja@ghomeonline.pl<\/a> i przygotuj osobisty token, kt\u00f3ry otrzyma\u0142e\u015b z naszego biura.<\/span><\/p>\n<p>&nbsp;<\/p>\n<p>Materia\u0142 zrealizowano w ramach projektu NAWA Welcome to Poland \u201ed-OK-ctoral school &#8211; Kompleksowa adaptacja i obs\u0142uga zagranicznych doktorant\u00f3w\u201d \r\n                                <div class=\"mt-3\"><\/div>\r\n                            <\/div>\r\n                            \r\n                            <div class=\"text-modules__img\"><img src=\"https:\/\/us.edu.pl\/doktorant\/wp-content\/uploads\/sites\/12\/Bez-kategorii\/K1_logo_dopuszcz_wers_podstawowa_PL_RGB-01-002.png\" alt=\"img\"><\/div>\r\n                        <\/div>\r\n                    <\/div>\r\n                <\/div>[\/vc_column][\/vc_row]<\/p>","protected":false},"excerpt":{"rendered":"<p>[vc_row][vc_column][\/vc_column][\/vc_row] [&#8230;]<\/p>\n<p><a class=\"btn btn-secondary understrap-read-more-link\" href=\"https:\/\/us.edu.pl\/doktorant\/wsparcie-psychologiczne\/\">Read More&#8230;<\/a><\/p>\n","protected":false},"author":205,"featured_media":0,"parent":0,"menu_order":0,"comment_status":"closed","ping_status":"closed","template":"","meta":{"_expiration-date-status":"","_expiration-date":0,"_expiration-date-type":"","_expiration-date-categories":[],"_expiration-date-options":[]},"acf":[],"_links":{"self":[{"href":"https:\/\/us.edu.pl\/doktorant\/wp-json\/wp\/v2\/pages\/8544"}],"collection":[{"href":"https:\/\/us.edu.pl\/doktorant\/wp-json\/wp\/v2\/pages"}],"about":[{"href":"https:\/\/us.edu.pl\/doktorant\/wp-json\/wp\/v2\/types\/page"}],"author":[{"embeddable":true,"href":"https:\/\/us.edu.pl\/doktorant\/wp-json\/wp\/v2\/users\/205"}],"replies":[{"embeddable":true,"href":"https:\/\/us.edu.pl\/doktorant\/wp-json\/wp\/v2\/comments?post=8544"}],"version-history":[{"count":0,"href":"https:\/\/us.edu.pl\/doktorant\/wp-json\/wp\/v2\/pages\/8544\/revisions"}],"wp:attachment":[{"href":"https:\/\/us.edu.pl\/doktorant\/wp-json\/wp\/v2\/media?parent=8544"}],"curies":[{"name":"wp","href":"https:\/\/api.w.org\/{rel}","templated":true}]}}