{"id":955,"date":"2019-10-29T19:46:00","date_gmt":"2019-10-29T18:46:00","guid":{"rendered":"https:\/\/us.edu.pl\/doktorant\/?page_id=955"},"modified":"2019-10-31T12:49:01","modified_gmt":"2019-10-31T11:49:01","slug":"nauki-scisle-i-przyrodnicze-nauki-biologiczne","status":"publish","type":"page","link":"https:\/\/us.edu.pl\/doktorant\/studia-doktoranckie-rozpoczete-przed-1-pazdziernika-2019-r\/nauki-scisle-i-przyrodnicze-nauki-biologiczne\/","title":{"rendered":"Nauki \u015bcis\u0142e i przyrodnicze: nauki biologiczne"},"content":{"rendered":"<p>[vc_row][vc_column]\r\n                <div class=\"text-modules\">\r\n                    <div class=\"container\">\r\n                        <h3 class=\"page-title text__title\">Wydzia\u0142 Nauk Przyrodniczych - studia doktoranckie<\/h3>\r\n                        <div class=\"text-modules__content\"><p><span style=\"font-size: 14pt\"><strong>Advanced methods in biotechnology and biodiversity<\/strong><\/span><\/p>\n<p><strong>Studia doktoranckie <\/strong>w j\u0119zyku angielskim:<strong> \u201eAdvanced methods in biotechnology and biodiversity\u201d <\/strong>s\u0105 prowadzone na Wydziale od 2009 roku. W latach 2009-2013 studia te realizowane by\u0142y w ramach projektu operacyjnego Kapita\u0142 Ludzki pt. Uniwersytet Partnerem Gospodarki Opartej na Wiedzy (UPGOW), wsp\u00f3\u0142finansowanego przez Uni\u0119 Europejsk\u0105.<\/p>\n<p>Celem kszta\u0142cenia na Studiach Doktoranckich jest przygotowanie m\u0142odych pracownik\u00f3w naukowych do samodzielnego organizowania i prowadzenia pracy naukowej, podejmowania wsp\u00f3\u0142pracy naukowej w zespo\u0142ach badawczych, przygotowywania publikacji naukowych. S\u0142uchacze studi\u00f3w III stopnia uczestnicz\u0105 w zaj\u0119ciach pozwalaj\u0105cych na opanowanie nowoczesnych metod bada\u0144 z zakresu biotechnologii i bior\u00f3\u017cnorodno\u015bci organizm\u00f3w. Program studi\u00f3w obejmuje metody stosowane w cytogenetyce molekularnej, biotechnologii mikroorganizm\u00f3w, bioinformatyce, genomice funkcjonalnej ro\u015blin, analizach bior\u00f3\u017cnorodno\u015bci mikroorganizm\u00f3w glebowych, ro\u015blin i zwierz\u0105t, badaniach \u015brodowiska z wykorzystaniem biomarker\u00f3w oraz biofizyce. Szczeg\u00f3lny nacisk k\u0142adziony jest na zaj\u0119cia praktyczne, w trakcie kt\u00f3rych doktoranci korzystaj\u0105 z nowoczesnej aparatury badawczej dost\u0119pnej na Wydziale.<\/p>\n<p>W trakcie studi\u00f3w, poza badaniami naukowymi, Doktoranci prowadz\u0105 zaj\u0119cia dydaktyczne w\u0142\u0105czaj\u0105c si\u0119 w ten spos\u00f3b w proces dydaktyczny.<\/p>\n<\/div>\r\n                    <\/div>\r\n                <\/div>[\/vc_column][\/vc_row]<\/p>","protected":false},"excerpt":{"rendered":"<p>[vc_row][vc_column][\/vc_column][\/vc_row] [&#8230;]<\/p>\n<p><a class=\"btn btn-secondary understrap-read-more-link\" href=\"https:\/\/us.edu.pl\/doktorant\/studia-doktoranckie-rozpoczete-przed-1-pazdziernika-2019-r\/nauki-scisle-i-przyrodnicze-nauki-biologiczne\/\">Read More&#8230;<\/a><\/p>\n","protected":false},"author":92,"featured_media":0,"parent":501,"menu_order":0,"comment_status":"closed","ping_status":"closed","template":"page-templates\/page-with-sidebar.php","meta":{"_expiration-date-status":"saved","_expiration-date":0,"_expiration-date-type":"","_expiration-date-categories":[],"_expiration-date-options":[]},"acf":[],"_links":{"self":[{"href":"https:\/\/us.edu.pl\/doktorant\/wp-json\/wp\/v2\/pages\/955"}],"collection":[{"href":"https:\/\/us.edu.pl\/doktorant\/wp-json\/wp\/v2\/pages"}],"about":[{"href":"https:\/\/us.edu.pl\/doktorant\/wp-json\/wp\/v2\/types\/page"}],"author":[{"embeddable":true,"href":"https:\/\/us.edu.pl\/doktorant\/wp-json\/wp\/v2\/users\/92"}],"replies":[{"embeddable":true,"href":"https:\/\/us.edu.pl\/doktorant\/wp-json\/wp\/v2\/comments?post=955"}],"version-history":[{"count":0,"href":"https:\/\/us.edu.pl\/doktorant\/wp-json\/wp\/v2\/pages\/955\/revisions"}],"up":[{"embeddable":true,"href":"https:\/\/us.edu.pl\/doktorant\/wp-json\/wp\/v2\/pages\/501"}],"wp:attachment":[{"href":"https:\/\/us.edu.pl\/doktorant\/wp-json\/wp\/v2\/media?parent=955"}],"curies":[{"name":"wp","href":"https:\/\/api.w.org\/{rel}","templated":true}]}}