{"id":999,"date":"2019-10-29T20:21:47","date_gmt":"2019-10-29T19:21:47","guid":{"rendered":"https:\/\/us.edu.pl\/doktorant\/?page_id=999"},"modified":"2020-04-01T15:57:13","modified_gmt":"2020-04-01T13:57:13","slug":"wzory-drukow","status":"publish","type":"page","link":"https:\/\/us.edu.pl\/doktorant\/studia-doktoranckie-rozpoczete-przed-1-pazdziernika-2019-r\/nauki-scisle-i-przyrodnicze-nauki-biologiczne\/wzory-drukow\/","title":{"rendered":"Wzory druk\u00f3w"},"content":{"rendered":"<p>[vc_row][vc_column]\r\n                <div class=\"text-modules\">\r\n                    <div class=\"container\">\r\n                        \r\n                        <div class=\"text-modules__content\"><p><a href=\"https:\/\/us.edu.pl\/doktorant\/wp-content\/uploads\/sites\/12\/Nieprzypisane\/SD_Advanced_methods_sprawozdanie_roczne_doktoranta.doc\" class=\"mtli_attachment mtli_doc\" data-mtli=\"mtli_filesize63,50kB\" class=\"mtli_attachment mtli_doc\" data-mtli=\"mtli_filesize63,50kB\">SD_Advanced_methods_sprawozdanie_roczne_doktoranta<\/a><\/p>\n<p><a href=\"https:\/\/us.edu.pl\/doktorant\/wp-content\/uploads\/sites\/12\/Nieprzypisane\/Za\u0142\u0105cznik-2_Protok\u00f3\u0142-z-odbycia-hospitacji-doskonalacych.doc\" class=\"mtli_attachment mtli_doc\" data-mtli=\"mtli_filesize36,00kB\" class=\"mtli_attachment mtli_doc\" data-mtli=\"mtli_filesize36,00kB\">Za\u0142\u0105cznik 2_Protok\u00f3\u0142 z odbycia hospitacji doskonalacych<\/a><\/p>\n<p><a href=\"https:\/\/us.edu.pl\/doktorant\/wp-content\/uploads\/sites\/12\/Nieprzypisane\/Za\u0142\u0105cznik-4_Protok\u00f3\u0142-hospitacji-zaj\u0119\u0107-dydaktycznych-prowadzonych-_doktorant.docx\" class=\"mtli_attachment mtli_docx\" data-mtli=\"mtli_filesize17,83kB\" class=\"mtli_attachment mtli_docx\" data-mtli=\"mtli_filesize17,83kB\">Za\u0142\u0105cznik 4_Protok\u00f3\u0142 hospitacji zaj\u0119\u0107 dydaktycznych prowadzonych _doktorant<\/a><\/p>\n<style type=\"text\/css\">a[data-mtli~=\"mtli_filesize63,50kB\"]:after {content:\" (63,50 kB)\"}a[data-mtli~=\"mtli_filesize36,00kB\"]:after {content:\" (36,00 kB)\"}a[data-mtli~=\"mtli_filesize17,83kB\"]:after {content:\" (17,83 kB)\"}<\/style><\/div>\r\n                    <\/div>\r\n                <\/div>[\/vc_column][\/vc_row]<\/p>\n<style type=\"text\/css\">a[data-mtli~=\"mtli_filesize63,50kB\"]:after {content:\" (63,50 kB)\"}a[data-mtli~=\"mtli_filesize36,00kB\"]:after {content:\" (36,00 kB)\"}a[data-mtli~=\"mtli_filesize17,83kB\"]:after {content:\" (17,83 kB)\"}<\/style>","protected":false},"excerpt":{"rendered":"<p>[vc_row][vc_column][\/vc_column][\/vc_row] [&#8230;]<\/p>\n<p><a class=\"btn btn-secondary understrap-read-more-link\" href=\"https:\/\/us.edu.pl\/doktorant\/studia-doktoranckie-rozpoczete-przed-1-pazdziernika-2019-r\/nauki-scisle-i-przyrodnicze-nauki-biologiczne\/wzory-drukow\/\">Read More&#8230;<\/a><\/p>\n","protected":false},"author":92,"featured_media":0,"parent":955,"menu_order":7,"comment_status":"closed","ping_status":"closed","template":"page-templates\/page-with-sidebar.php","meta":{"_expiration-date-status":"saved","_expiration-date":0,"_expiration-date-type":"","_expiration-date-categories":[],"_expiration-date-options":[]},"acf":[],"_links":{"self":[{"href":"https:\/\/us.edu.pl\/doktorant\/wp-json\/wp\/v2\/pages\/999"}],"collection":[{"href":"https:\/\/us.edu.pl\/doktorant\/wp-json\/wp\/v2\/pages"}],"about":[{"href":"https:\/\/us.edu.pl\/doktorant\/wp-json\/wp\/v2\/types\/page"}],"author":[{"embeddable":true,"href":"https:\/\/us.edu.pl\/doktorant\/wp-json\/wp\/v2\/users\/92"}],"replies":[{"embeddable":true,"href":"https:\/\/us.edu.pl\/doktorant\/wp-json\/wp\/v2\/comments?post=999"}],"version-history":[{"count":0,"href":"https:\/\/us.edu.pl\/doktorant\/wp-json\/wp\/v2\/pages\/999\/revisions"}],"up":[{"embeddable":true,"href":"https:\/\/us.edu.pl\/doktorant\/wp-json\/wp\/v2\/pages\/955"}],"wp:attachment":[{"href":"https:\/\/us.edu.pl\/doktorant\/wp-json\/wp\/v2\/media?parent=999"}],"curies":[{"name":"wp","href":"https:\/\/api.w.org\/{rel}","templated":true}]}}