{"id":113747,"date":"2019-11-05T11:37:22","date_gmt":"2019-11-05T10:37:22","guid":{"rendered":"https:\/\/us.edu.pl\/?page_id=113747"},"modified":"2023-01-25T11:49:12","modified_gmt":"2023-01-25T10:49:12","slug":"in-il","status":"publish","type":"page","link":"https:\/\/us.edu.pl\/en\/in-il\/","title":{"rendered":"Instytut Literaturoznawstwa"},"content":{"rendered":"<p><\/p>\n<p>[vc_row][vc_column]\r\n                <div class=\"text-modules\">\r\n                    <div class=\"container\">\r\n                        <h3 class=\"page-title text__title\">Institute of Literary Studies<\/h3>\r\n                        <div class=\"text-modules__content\"><\/p>\n<p>Faculty of Humanities<\/p>\n<p>&nbsp;<\/p>\n<p><strong>Authorities:<\/strong><\/p>\n<ul>\n<li>Director of the Institute Assoc. Prof. Jan Kucharski, Professor of the University of Silesia<\/li>\n<li>Deputy Director of the Institute (Katowice) Assoc. Prof. Pawe\u0142 Tomczok, Professor of the University of Silesia<\/li>\n<li>Deputy Director of the Institute (Sosnowiec) Assoc. Prof. Joanna Warmuzi\u0144ska-Rog\u00f3\u017c, Professor of the University of Silesia<\/li>\n<\/ul>\n<p>&nbsp;<\/p>\n<p><strong>Contact:<\/strong><\/p>\n<ol>\n<li>Uniwersytecka 4, 40-007 Katowice<br \/>\n<a href=\"https:\/\/www.google.com\/maps\/place\/Faculty+of+Humanities,+University+of+Silesia+in+Katowice\/@50.2613636,19.0249329,18z\/data=!3m1!4b1!4m5!3m4!1s0x4716ce4945ecd19d:0xdf1b0867a5fbc3fb!8m2!3d50.2613636!4d19.0258205\">Location on Google map<\/a><\/li>\n<li>gen. S. Grota-Roweckiego 5, Sosnowiec<br \/>\n<a href=\"https:\/\/goo.gl\/maps\/bzJGURF943ybdFYv5\">Location on Google map<\/a><\/li>\n<\/ol>\n<p>&nbsp;<\/p>\n<p>The new website of institute: <a href=\"http:\/\/www.us.edu.pl\/instytut\/il\">www.us.edu.pl\/instytut\/il<\/a>.<\/p>\n<p>\n<\/div>\r\n                    <\/div>\r\n                <\/div>[\/vc_column][\/vc_row]<\/p>\n<p><\/p>","protected":false},"excerpt":{"rendered":"<p>[vc_row][vc_column][\/vc_column][\/vc_row] [&#8230;]<\/p>\n<p><a class=\"btn btn-secondary understrap-read-more-link\" href=\"https:\/\/us.edu.pl\/en\/in-il\/\">Read More&#8230;<\/a><\/p>\n","protected":false},"author":29,"featured_media":0,"parent":0,"menu_order":0,"comment_status":"closed","ping_status":"closed","template":"","meta":{"_expiration-date-status":"","_expiration-date":0,"_expiration-date-type":"","_expiration-date-categories":[],"_expiration-date-options":[]},"acf":[],"_links":{"self":[{"href":"https:\/\/us.edu.pl\/en\/wp-json\/wp\/v2\/pages\/113747"}],"collection":[{"href":"https:\/\/us.edu.pl\/en\/wp-json\/wp\/v2\/pages"}],"about":[{"href":"https:\/\/us.edu.pl\/en\/wp-json\/wp\/v2\/types\/page"}],"author":[{"embeddable":true,"href":"https:\/\/us.edu.pl\/en\/wp-json\/wp\/v2\/users\/29"}],"replies":[{"embeddable":true,"href":"https:\/\/us.edu.pl\/en\/wp-json\/wp\/v2\/comments?post=113747"}],"version-history":[{"count":0,"href":"https:\/\/us.edu.pl\/en\/wp-json\/wp\/v2\/pages\/113747\/revisions"}],"wp:attachment":[{"href":"https:\/\/us.edu.pl\/en\/wp-json\/wp\/v2\/media?parent=113747"}],"curies":[{"name":"wp","href":"https:\/\/api.w.org\/{rel}","templated":true}]}}