{"id":113754,"date":"2019-11-05T11:45:43","date_gmt":"2019-11-05T10:45:43","guid":{"rendered":"https:\/\/us.edu.pl\/?page_id=113754"},"modified":"2022-12-21T15:07:21","modified_gmt":"2022-12-21T14:07:21","slug":"in-inos","status":"publish","type":"page","link":"https:\/\/us.edu.pl\/en\/in-inos\/","title":{"rendered":"Instytut Nauk o Sztuce"},"content":{"rendered":"<p><\/p>\n<p>[vc_row][vc_column]\r\n                <div class=\"text-modules\">\r\n                    <div class=\"container\">\r\n                        <h3 class=\"page-title text__title\">Institute of Arts Studies<\/h3>\r\n                        <div class=\"text-modules__content\"><\/p>\n<p>Faculty of Humanities<\/p>\n<p>&nbsp;<\/p>\n<p><strong>Authorities:<\/strong><\/p>\n<ul>\n<li>Director of the Institute Assoc. Prof. Bogumi\u0142a Mika, Professor of the University of Silesia<\/li>\n<li>Deputy Director of the Institute Dr Miros\u0142awa Sobczy\u0144ska-Szczepa\u0144ska<\/li>\n<\/ul>\n<p>&nbsp;<\/p>\n<p><strong>Contact:<\/strong><\/p>\n<p><span class=\"\">ul. Bankowa 11,\u00a0<\/span><span class=\"\">40-007 Katowice<\/span><\/p>\n<p>&nbsp;<\/p>\n<p>The new website of institute is currently under construction. Soon it will be available at: <a href=\"http:\/\/www.us.edu.pl\/instytut\/inos\">www.us.edu.pl\/instytut\/inos<\/a>.<\/p>\n<p>\n<\/div>\r\n                    <\/div>\r\n                <\/div>[\/vc_column][\/vc_row]<\/p>\n<p><\/p>","protected":false},"excerpt":{"rendered":"<p>[vc_row][vc_column][\/vc_column][\/vc_row] [&#8230;]<\/p>\n<p><a class=\"btn btn-secondary understrap-read-more-link\" href=\"https:\/\/us.edu.pl\/en\/in-inos\/\">Read More&#8230;<\/a><\/p>\n","protected":false},"author":29,"featured_media":0,"parent":0,"menu_order":0,"comment_status":"closed","ping_status":"closed","template":"","meta":{"_expiration-date-status":"","_expiration-date":0,"_expiration-date-type":"","_expiration-date-categories":[],"_expiration-date-options":[]},"acf":[],"_links":{"self":[{"href":"https:\/\/us.edu.pl\/en\/wp-json\/wp\/v2\/pages\/113754"}],"collection":[{"href":"https:\/\/us.edu.pl\/en\/wp-json\/wp\/v2\/pages"}],"about":[{"href":"https:\/\/us.edu.pl\/en\/wp-json\/wp\/v2\/types\/page"}],"author":[{"embeddable":true,"href":"https:\/\/us.edu.pl\/en\/wp-json\/wp\/v2\/users\/29"}],"replies":[{"embeddable":true,"href":"https:\/\/us.edu.pl\/en\/wp-json\/wp\/v2\/comments?post=113754"}],"version-history":[{"count":0,"href":"https:\/\/us.edu.pl\/en\/wp-json\/wp\/v2\/pages\/113754\/revisions"}],"wp:attachment":[{"href":"https:\/\/us.edu.pl\/en\/wp-json\/wp\/v2\/media?parent=113754"}],"curies":[{"name":"wp","href":"https:\/\/api.w.org\/{rel}","templated":true}]}}