{"id":113927,"date":"2019-11-05T20:18:50","date_gmt":"2019-11-05T19:18:50","guid":{"rendered":"https:\/\/us.edu.pl\/?page_id=113927"},"modified":"2022-01-11T09:16:11","modified_gmt":"2022-01-11T08:16:11","slug":"wypozyczanie-udostepnianie-w-celach-sluzbowych","status":"publish","type":"page","link":"https:\/\/us.edu.pl\/en\/archiwum\/udostepnianie\/wypozyczanie-udostepnianie-w-celach-sluzbowych\/","title":{"rendered":"Wypo\u017cyczanie \u2013 udost\u0119pnianie w celach s\u0142u\u017cbowych"},"content":{"rendered":"<p class=\"qtranxs-available-languages-message qtranxs-available-languages-message-en\">Sorry, this entry is only available in <a href=\"https:\/\/us.edu.pl\/pl\/wp-json\/wp\/v2\/pages\/113927\" class=\"qtranxs-available-language-link qtranxs-available-language-link-pl\" title=\"Polski\">Polish<\/a>.<\/p>","protected":false},"excerpt":{"rendered":"<p>Sorry, this entry is only available in Polish. [&#8230;]<\/p>\n<p><a class=\"btn btn-secondary understrap-read-more-link\" href=\"https:\/\/us.edu.pl\/en\/archiwum\/udostepnianie\/wypozyczanie-udostepnianie-w-celach-sluzbowych\/\">Read More&#8230;<\/a><\/p>\n","protected":false},"author":39,"featured_media":0,"parent":113898,"menu_order":0,"comment_status":"closed","ping_status":"closed","template":"","meta":{"_expiration-date-status":"saved","_expiration-date":0,"_expiration-date-type":"","_expiration-date-categories":[],"_expiration-date-options":[]},"acf":[],"_links":{"self":[{"href":"https:\/\/us.edu.pl\/en\/wp-json\/wp\/v2\/pages\/113927"}],"collection":[{"href":"https:\/\/us.edu.pl\/en\/wp-json\/wp\/v2\/pages"}],"about":[{"href":"https:\/\/us.edu.pl\/en\/wp-json\/wp\/v2\/types\/page"}],"author":[{"embeddable":true,"href":"https:\/\/us.edu.pl\/en\/wp-json\/wp\/v2\/users\/39"}],"replies":[{"embeddable":true,"href":"https:\/\/us.edu.pl\/en\/wp-json\/wp\/v2\/comments?post=113927"}],"version-history":[{"count":0,"href":"https:\/\/us.edu.pl\/en\/wp-json\/wp\/v2\/pages\/113927\/revisions"}],"up":[{"embeddable":true,"href":"https:\/\/us.edu.pl\/en\/wp-json\/wp\/v2\/pages\/113898"}],"wp:attachment":[{"href":"https:\/\/us.edu.pl\/en\/wp-json\/wp\/v2\/media?parent=113927"}],"curies":[{"name":"wp","href":"https:\/\/api.w.org\/{rel}","templated":true}]}}