{"id":114787,"date":"2019-11-27T09:33:55","date_gmt":"2019-11-27T08:33:55","guid":{"rendered":"https:\/\/us.edu.pl\/?page_id=114787"},"modified":"2019-11-27T10:33:29","modified_gmt":"2019-11-27T09:33:29","slug":"innowacyjne-materialy-o-obnizonej-zawartosci-pierwiastkow-krytycznych-dla-techniki-schladzania-magnetycznego","status":"publish","type":"page","link":"https:\/\/us.edu.pl\/en\/wspolpraca\/wspolpraca-z-biznesem\/oferta-dla-biznesu\/projekty-badawczo-rozwojowe\/innowacyjne-materialy-o-obnizonej-zawartosci-pierwiastkow-krytycznych-dla-techniki-schladzania-magnetycznego\/","title":{"rendered":"Innowacyjne materia\u0142y o obni\u017conej zawarto\u015bci pierwiastk\u00f3w krytycznych dla techniki sch\u0142adzania magnetycznego"},"content":{"rendered":"<p class=\"qtranxs-available-languages-message qtranxs-available-languages-message-en\">Sorry, this entry is only available in <a href=\"https:\/\/us.edu.pl\/pl\/wp-json\/wp\/v2\/pages\/114787\" class=\"qtranxs-available-language-link qtranxs-available-language-link-pl\" title=\"Polski\">Polish<\/a>.<\/p>","protected":false},"excerpt":{"rendered":"<p>Sorry, this entry is only available in Polish. [&#8230;]<\/p>\n<p><a class=\"btn btn-secondary understrap-read-more-link\" href=\"https:\/\/us.edu.pl\/en\/wspolpraca\/wspolpraca-z-biznesem\/oferta-dla-biznesu\/projekty-badawczo-rozwojowe\/innowacyjne-materialy-o-obnizonej-zawartosci-pierwiastkow-krytycznych-dla-techniki-schladzania-magnetycznego\/\">Read More&#8230;<\/a><\/p>\n","protected":false},"author":33,"featured_media":0,"parent":85007,"menu_order":0,"comment_status":"closed","ping_status":"closed","template":"","meta":{"_expiration-date-status":"saved","_expiration-date":0,"_expiration-date-type":"","_expiration-date-categories":[],"_expiration-date-options":[]},"acf":[],"_links":{"self":[{"href":"https:\/\/us.edu.pl\/en\/wp-json\/wp\/v2\/pages\/114787"}],"collection":[{"href":"https:\/\/us.edu.pl\/en\/wp-json\/wp\/v2\/pages"}],"about":[{"href":"https:\/\/us.edu.pl\/en\/wp-json\/wp\/v2\/types\/page"}],"author":[{"embeddable":true,"href":"https:\/\/us.edu.pl\/en\/wp-json\/wp\/v2\/users\/33"}],"replies":[{"embeddable":true,"href":"https:\/\/us.edu.pl\/en\/wp-json\/wp\/v2\/comments?post=114787"}],"version-history":[{"count":0,"href":"https:\/\/us.edu.pl\/en\/wp-json\/wp\/v2\/pages\/114787\/revisions"}],"up":[{"embeddable":true,"href":"https:\/\/us.edu.pl\/en\/wp-json\/wp\/v2\/pages\/85007"}],"wp:attachment":[{"href":"https:\/\/us.edu.pl\/en\/wp-json\/wp\/v2\/media?parent=114787"}],"curies":[{"name":"wp","href":"https:\/\/api.w.org\/{rel}","templated":true}]}}