{"id":119771,"date":"2020-03-26T07:13:17","date_gmt":"2020-03-26T06:13:17","guid":{"rendered":"https:\/\/us.edu.pl\/?page_id=119771"},"modified":"2024-09-13T10:25:13","modified_gmt":"2024-09-13T08:25:13","slug":"pokoje-goscinne-w-chorzowie","status":"publish","type":"page","link":"https:\/\/us.edu.pl\/en\/pokoje-goscinne-i-osrodki-wypoczynkowe-uniwersytetu-slaskiego\/pokoje-goscinne-w-chorzowie\/","title":{"rendered":"Guest rooms in Chorz\u00f3w"},"content":{"rendered":"<p><\/p>\n<p>[vc_row][vc_column]\r\n                <div class=\"text-modules\">\r\n                    <div class=\"container\">\r\n                        <h3 class=\"page-title text__title\">Guest rooms in Chorz\u00f3w<\/h3>\r\n                        <div class=\"text-modules__content\"><\/div>\r\n                    <\/div>\r\n                <\/div>\r\n                <div class=\"text-modules\">\r\n                    <div class=\"container\">\r\n                        \r\n                        <div class=\"text-modules__content\"><\/p>\n<p>The guest rooms of the University of Silesia are located in the teaching centre in Chorz\u00f3w on ul. 75 Pu\u0142ku Piechoty 1, on a wooded plot with an area of 18 ha, approximately 500 m away from the exit from the Drogowa Trasa \u015arednicowa (902) road.<\/p>\n<p>\n<\/div>\r\n                    <\/div>\r\n                <\/div>\r\n                <div class=\"text-modules\">\r\n                    <div class=\"container\">\r\n                        \r\n                        <div class=\"text-modules__content\"><\/p>\n<h3>Fees for staying in guest rooms of the Chorz\u00f3w campus<\/h3>\n<p>Doctoral students, students, guests of the University of Silesia staying in guest rooms for more than 1 month:<\/p>\n<ul>\n<li><strong>PLN 590<\/strong> per place in a dormitory room<\/li>\n<li><strong>PLN 890 <\/strong>for single use of a double and triple room<\/li>\n<li><strong>PLN 790<\/strong> per place in a single room<\/li>\n<\/ul>\n<p>Doctoral students, students, guests of the University of Silesia staying in guest rooms for less than 1 month \u2013 <strong>price per day:<\/strong><\/p>\n<ul>\n<li><strong>PLN 59<\/strong> per place in a dormitory room<\/li>\n<li><strong>PLN 89 <\/strong>for single use of a double and triple room<\/li>\n<li><strong>PLN 79<\/strong> per place in a single room<\/li>\n<\/ul>\n<p>People from outside the University of Silesia staying in guest rooms for more than 1 month<\/p>\n<ul>\n<li><strong>PLN 690<\/strong> per place in a dormitory room<\/li>\n<li><strong>PLN 1090 <\/strong>for single use of a double and triple room<\/li>\n<li><strong>PLN 990<\/strong> per place in a single room<\/li>\n<\/ul>\n<p>People from outside the University of Silesia staying in guest rooms for less than 1 month \u2013 <strong>price per day:<\/strong><\/p>\n<ul>\n<li><strong>PLN 69<\/strong> per place in a dormitory room<\/li>\n<li><strong>PLN 109 <\/strong>for single use of a double and triple room<\/li>\n<li><strong>PLN 99<\/strong> per place in a single room<\/li>\n<\/ul>\n<p>\n<\/div>\r\n                    <\/div>\r\n                <\/div>\r\n                <div class=\"text-modules\">\r\n                    <div class=\"container\">\r\n                        \r\n                        <div class=\"text-modules__content\"><\/p>\n<p><strong>The hotel day lasts from 2.00 p.m. on the day of arrival until 12.00 p.m. on the day of departure.<\/strong><\/p>\n<p>Reservations can be made by phone or e-mail:<br \/>\n+48 32 349 39 12 round-the-clock<br \/>\n+48 32 349 39 23 (from 7.00 a.m. until 2.00 p.m.)<br \/>\ne-mail:\u00a0<a href=\"mailto:pokojegoscinne@us.edu.pl\">pokojegoscinne@us.edu.pl<\/a><\/p>\n<p>The reservation must be confirmed no later than 3 days before the planned stay.<\/p>\n<p>All comments and questions regarding guest rooms in Chorz\u00f3w can also be sent to:\u00a0<a href=\"mailto:bartosz.kielbik@us.edu.pl\">bartosz.kielbik@us.edu.pl<\/a>.<\/p>\n<p>\n<\/div>\r\n                    <\/div>\r\n                <\/div>[\/vc_column][\/vc_row]<\/p>\n<p><\/p>","protected":false},"excerpt":{"rendered":"<p>[vc_row][vc_column][\/vc_column][\/vc_row] [&#8230;]<\/p>\n<p><a class=\"btn btn-secondary understrap-read-more-link\" href=\"https:\/\/us.edu.pl\/en\/pokoje-goscinne-i-osrodki-wypoczynkowe-uniwersytetu-slaskiego\/pokoje-goscinne-w-chorzowie\/\">Read More&#8230;<\/a><\/p>\n","protected":false},"author":26,"featured_media":0,"parent":119746,"menu_order":0,"comment_status":"closed","ping_status":"closed","template":"","meta":{"_expiration-date-status":"","_expiration-date":0,"_expiration-date-type":"","_expiration-date-categories":[],"_expiration-date-options":[]},"acf":[],"_links":{"self":[{"href":"https:\/\/us.edu.pl\/en\/wp-json\/wp\/v2\/pages\/119771"}],"collection":[{"href":"https:\/\/us.edu.pl\/en\/wp-json\/wp\/v2\/pages"}],"about":[{"href":"https:\/\/us.edu.pl\/en\/wp-json\/wp\/v2\/types\/page"}],"author":[{"embeddable":true,"href":"https:\/\/us.edu.pl\/en\/wp-json\/wp\/v2\/users\/26"}],"replies":[{"embeddable":true,"href":"https:\/\/us.edu.pl\/en\/wp-json\/wp\/v2\/comments?post=119771"}],"version-history":[{"count":4,"href":"https:\/\/us.edu.pl\/en\/wp-json\/wp\/v2\/pages\/119771\/revisions"}],"predecessor-version":[{"id":192725,"href":"https:\/\/us.edu.pl\/en\/wp-json\/wp\/v2\/pages\/119771\/revisions\/192725"}],"up":[{"embeddable":true,"href":"https:\/\/us.edu.pl\/en\/wp-json\/wp\/v2\/pages\/119746"}],"wp:attachment":[{"href":"https:\/\/us.edu.pl\/en\/wp-json\/wp\/v2\/media?parent=119771"}],"curies":[{"name":"wp","href":"https:\/\/api.w.org\/{rel}","templated":true}]}}