{"id":122795,"date":"2020-06-10T10:57:40","date_gmt":"2020-06-10T08:57:40","guid":{"rendered":"https:\/\/us.edu.pl\/?page_id=122795"},"modified":"2024-01-19T11:22:24","modified_gmt":"2024-01-19T10:22:24","slug":"ulka","status":"publish","type":"page","link":"https:\/\/us.edu.pl\/en\/nauka-i-badania\/centra-badawcze\/ulka\/","title":{"rendered":"ULAC"},"content":{"rendered":"<p><\/p>\n<p>[vc_row][vc_column][vc_empty_space][vc_empty_space]\r\n                <div class=\"text-modules\">\r\n                    <div class=\"container\">\r\n                        <h3 class=\"page-title text__title\">University Laboratories for Atmosphere Control (ULAC)<\/h3>\r\n                        <div class=\"text-modules__content\"><\/div>\r\n                    <\/div>\r\n                <\/div>[\/vc_column][\/vc_row][vc_row full_height=&#8221;yes&#8221; content_placement=&#8221;bottom&#8221; parallax=&#8221;content-moving&#8221; parallax_image=&#8221;132152&#8243; disable_element=&#8221;yes&#8221; css=&#8221;.vc_custom_1609255538045{padding-top: 250px !important;padding-bottom: 250px !important;}&#8221;][vc_column][vc_row_inner][vc_column_inner]\r\n                <div class=\"text-modules\">\r\n                    <div class=\"container\">\r\n                        \r\n                        <div class=\"text-modules__content\"><\/p>\n<p style=\"text-align: center;\"><span style=\"color: #ffffff;\"><strong><span style=\"font-size: 350%;\">we study air quality<\/span><\/strong><\/span><\/p>\n<p>\n<\/div>\r\n                    <\/div>\r\n                <\/div>[\/vc_column_inner][\/vc_row_inner][vc_row_inner content_placement=&#8221;middle&#8221;][vc_column_inner width=&#8221;1\/4&#8243;][\/vc_column_inner][vc_column_inner width=&#8221;1\/2&#8243; css=&#8221;.vc_custom_1609255452643{margin: 30px !important;padding: 30px !important;background-color: #ffffff !important;background-position: center !important;background-repeat: no-repeat !important;background-size: contain !important;}&#8221;]\r\n                <div class=\"text-modules\">\r\n                    <div class=\"container\">\r\n                        \r\n                        <div class=\"text-modules__content\"><\/p>\n<p>Scientists from the University Laboratories for Atmosphere Control (ULKA) study atmospheric air pollution, its spread and impact on the human health and environment. They also conduct physical, chemical and meteorological atmospheric research in the context of climate change and its neutralisation.<\/p>\n<p>\n<\/div>\r\n                    <\/div>\r\n                <\/div>[\/vc_column_inner][vc_column_inner width=&#8221;1\/4&#8243;][\/vc_column_inner][\/vc_row_inner][\/vc_column][\/vc_row][vc_row full_height=&#8221;yes&#8221; content_placement=&#8221;bottom&#8221; parallax=&#8221;content-moving&#8221; parallax_image=&#8221;132144&#8243; css=&#8221;.vc_custom_1609255564166{padding-top: 200px !important;padding-bottom: 200px !important;}&#8221;][vc_column]\r\n                <div class=\"text-modules\">\r\n                    <div class=\"container\">\r\n                        \r\n                        <div class=\"text-modules__content\"><\/p>\n<p style=\"text-align: center;\"><span style=\"color: #ffffff;\"><strong><span style=\"font-size: 350%;\">we study air quality<\/span><\/strong><\/span><\/p>\n<p>\n<\/div>\r\n                    <\/div>\r\n                <\/div>[\/vc_column][\/vc_row][vc_row content_placement=&#8221;top&#8221; el_class=&#8221;container&#8221;][vc_column width=&#8221;1\/6&#8243; css=&#8221;.vc_custom_1592457546034{background-color: #f4f4f4 !important;}&#8221;][\/vc_column][vc_column width=&#8221;2\/3&#8243; css=&#8221;.vc_custom_1592457669630{background-color: #f4f4f4 !important;}&#8221;][vc_empty_space]\r\n                <div class=\"text-modules\">\r\n                    <div class=\"container\">\r\n                        \r\n                        <div class=\"text-modules__content\"><\/p>\n<p>Scientists from the University Laboratories for Atmosphere Control (ULAC) study atmospheric air pollution, its spread and impact on human health and the environment. They also conduct physical, chemical and meteorological atmospheric research in the context of climate change and its neutralisation.<\/p>\n<p>\n<\/div>\r\n                    <\/div>\r\n                <\/div>[vc_btn title=&#8221;BEGINNING OF RESEARCH&#8221; style=&#8221;classic&#8221; shape=&#8221;square&#8221; color=&#8221;blue&#8221; size=&#8221;lg&#8221; align=&#8221;left&#8221; css_animation=&#8221;fadeIn&#8221; link=&#8221;url:%2Fen%2Fnauka-i-badania%2Fcentra-badawcze%2Fulka%2Fulka-historia%2F|title:ULKA%20%E2%80%93%20historia&#8221;][\/vc_column][vc_column width=&#8221;1\/6&#8243;][\/vc_column][\/vc_row][vc_row el_class=&#8221;container&#8221;][vc_column][vc_empty_space height=&#8221;65px&#8221;]\r\n                <div class=\"text-modules\">\r\n                    <div class=\"container\">\r\n                        \r\n                        <div class=\"text-modules__content\"><\/p>\n<h3><strong>Laboratories<\/strong><\/h3>\n<p>The unique and first in Poland research unit composed of conjugated laboratories:<\/p>\n<p>\n<\/div>\r\n                    <\/div>\r\n                <\/div>[\/vc_column][\/vc_row][vc_row content_placement=&#8221;top&#8221; el_class=&#8221;container&#8221; css=&#8221;.vc_custom_1592468619330{padding-right: 10% !important;padding-left: 10% !important;}&#8221;][vc_column width=&#8221;1\/3&#8243;]\r\n                <div class=\"text-modules\">\r\n                    <div class=\"container\">\r\n                        \r\n                        <div class=\"text-modules__content\"><\/p>\n<p style=\"font-size: 110%;\"><strong><img class=\"alignnone size-medium wp-image-122916\" src=\"https:\/\/us.edu.pl\/wp-content\/uploads\/obrazki-stron\/ulka\/1k-IMG_9922__fot-Julia-Agnieszka-Szymala-600x600.jpg\" alt=\"\" width=\"600\" height=\"600\" srcset=\"https:\/\/us.edu.pl\/wp-content\/uploads\/obrazki-stron\/ulka\/1k-IMG_9922__fot-Julia-Agnieszka-Szymala-600x600.jpg 600w, https:\/\/us.edu.pl\/wp-content\/uploads\/obrazki-stron\/ulka\/1k-IMG_9922__fot-Julia-Agnieszka-Szymala-150x150.jpg 150w, https:\/\/us.edu.pl\/wp-content\/uploads\/obrazki-stron\/ulka\/1k-IMG_9922__fot-Julia-Agnieszka-Szymala-768x767.jpg 768w, https:\/\/us.edu.pl\/wp-content\/uploads\/obrazki-stron\/ulka\/1k-IMG_9922__fot-Julia-Agnieszka-Szymala-575x575.jpg 575w, https:\/\/us.edu.pl\/wp-content\/uploads\/obrazki-stron\/ulka\/1k-IMG_9922__fot-Julia-Agnieszka-Szymala.jpg 808w\" sizes=\"(max-width: 600px) 100vw, 600px\" \/><\/strong><\/p>\n<p><strong>Overhead Mobile Laboratory<br \/>\n<\/strong>equipped with measuring equipment placed in the basket of a hot-air balloon\u00a0gathers complex data on air quality<\/p>\n<p>\n<\/div>\r\n                    <\/div>\r\n                <\/div>[\/vc_column][vc_column width=&#8221;1\/3&#8243;]\r\n                <div class=\"text-modules\">\r\n                    <div class=\"container\">\r\n                        \r\n                        <div class=\"text-modules__content\"><\/p>\n<p style=\"font-size: 110%;\"><strong><img class=\"alignnone size-medium wp-image-122917\" src=\"https:\/\/us.edu.pl\/wp-content\/uploads\/obrazki-stron\/ulka\/2k-samochod-600x600.jpg\" alt=\"\" width=\"600\" height=\"600\" srcset=\"https:\/\/us.edu.pl\/wp-content\/uploads\/obrazki-stron\/ulka\/2k-samochod-600x600.jpg 600w, https:\/\/us.edu.pl\/wp-content\/uploads\/obrazki-stron\/ulka\/2k-samochod-150x150.jpg 150w, https:\/\/us.edu.pl\/wp-content\/uploads\/obrazki-stron\/ulka\/2k-samochod-768x767.jpg 768w, https:\/\/us.edu.pl\/wp-content\/uploads\/obrazki-stron\/ulka\/2k-samochod-575x575.jpg 575w, https:\/\/us.edu.pl\/wp-content\/uploads\/obrazki-stron\/ulka\/2k-samochod.jpg 808w\" sizes=\"(max-width: 600px) 100vw, 600px\" \/><\/strong><\/p>\n<p><strong>Field Mobile Laboratory<br \/>\n<span style=\"font-weight: 400;\">equipped with measuring equipment installed in a vehicle, working together in real-time with the research balloon<\/span><br \/>\n<\/strong><\/p>\n<p>\n<\/div>\r\n                    <\/div>\r\n                <\/div>[\/vc_column][vc_column width=&#8221;1\/3&#8243;]\r\n                <div class=\"text-modules\">\r\n                    <div class=\"container\">\r\n                        \r\n                        <div class=\"text-modules__content\"><\/p>\n<p style=\"font-size: 110%;\"><strong><img class=\"alignnone size-medium wp-image-122918\" src=\"https:\/\/us.edu.pl\/wp-content\/uploads\/obrazki-stron\/ulka\/3-dsc6703.png\" alt=\"mikroskop oraz liczba 3\" width=\"600\" height=\"600\" \/><\/strong><\/p>\n<p><strong>Stationary Laboratories\u00a0<\/strong><br \/>\n<span style=\"font-weight: 400;\">equipped with equipment for research on atmospheric pollution are part of the research resources of various units of the University of Silesia<\/span><\/p>\n<p>\n<\/div>\r\n                    <\/div>\r\n                <\/div>[\/vc_column][\/vc_row][vc_row content_placement=&#8221;top&#8221; el_class=&#8221;container&#8221; css=&#8221;.vc_custom_1592468619330{padding-right: 10% !important;padding-left: 10% !important;}&#8221;][vc_column width=&#8221;1\/3&#8243;][\/vc_column][vc_column width=&#8221;1\/3&#8243;][vc_btn title=&#8221;ULAC LABORATORIES&#8221; style=&#8221;classic&#8221; shape=&#8221;square&#8221; color=&#8221;blue&#8221; size=&#8221;lg&#8221; align=&#8221;center&#8221; css_animation=&#8221;none&#8221; button_block=&#8221;true&#8221; link=&#8221;url:https%3A%2F%2Fus.edu.pl%2Fen%2Fnauka-i-badania%2Fcentra-badawcze%2Fulka%2Fulka-laboratoria%2F|title:wi%C4%99cej%20o%20laboratoriach&#8221;][\/vc_column][vc_column width=&#8221;1\/3&#8243;][\/vc_column][\/vc_row][vc_row content_placement=&#8221;top&#8221; el_class=&#8221;container&#8221; css=&#8221;.vc_custom_1592468619330{padding-right: 10% !important;padding-left: 10% !important;}&#8221;][vc_column width=&#8221;1\/3&#8243;][\/vc_column][vc_column width=&#8221;1\/3&#8243;][vc_btn title=&#8221;RESEARCH APPARATUS&#8221; style=&#8221;classic&#8221; shape=&#8221;square&#8221; color=&#8221;blue&#8221; size=&#8221;lg&#8221; align=&#8221;center&#8221; css_animation=&#8221;none&#8221; button_block=&#8221;true&#8221; link=&#8221;url:https%3A%2F%2Fus.edu.pl%2Fen%2Fnauka-i-badania%2Fcentra-badawcze%2Fulka%2Fulka-aparatura%2F|title:wi%C4%99cej%20o%20aparaturze&#8221;][\/vc_column][vc_column width=&#8221;1\/3&#8243;][\/vc_column][\/vc_row][vc_row el_class=&#8221;container&#8221;][vc_column][vc_empty_space height=&#8221;42px&#8221;][\/vc_column][\/vc_row][vc_row gap=&#8221;35&#8243; content_placement=&#8221;middle&#8221; css=&#8221;.vc_custom_1593698861673{padding-top: 3% !important;padding-right: 10% !important;padding-bottom: 3% !important;padding-left: 10% !important;background-color: #002e5a !important;}&#8221; el_class=&#8221;container&#8221;][vc_column width=&#8221;1\/2&#8243; el_class=&#8221;container&#8221;]\r\n                <div class=\"text-modules\">\r\n                    <div class=\"container\">\r\n                        \r\n                        <div class=\"text-modules__content\"><\/p>\n<h3><span style=\"color: #ffffff;\"><strong>Research<\/strong><\/span><\/h3>\n<p><span style=\"color: #ffffff;\">The obtained results will help us assess the impact of contamination, and thanks to cooperation with physicists, mathematicians and IT specialists, they will also allow for modelling this phenomenon.<\/span><\/p>\n<p style=\"font-family: 'PT Sans Narrow', sans-serif; text-align: left;\"><span style=\"color: #ffffff;\"><a style=\"color: #ffffff;\" href=\"https:\/\/us.edu.pl\/nauka-i-badania\/centra-badawcze\/ulka\/ulka-badania\/\">More on research<\/a><\/span><\/p>\n<p>\n<\/div>\r\n                    <\/div>\r\n                <\/div>[\/vc_column][vc_column width=&#8221;1\/2&#8243; el_class=&#8221;container&#8221;]\r\n                <div class=\"text-modules\">\r\n                    <div class=\"container\">\r\n                        \r\n                        <div class=\"text-modules__content\"><\/p>\n<p><img class=\"alignnone wp-image-122929\" src=\"https:\/\/us.edu.pl\/wp-content\/uploads\/obrazki-stron\/ulka\/kw_IMG_9882__fot-Julia-Agnieszka-Szymala-600x600.jpg\" alt=\"Montowanie aparatury pomiarowej w balonie badawczym\" width=\"100%\" height=\"auto\" srcset=\"https:\/\/us.edu.pl\/wp-content\/uploads\/obrazki-stron\/ulka\/kw_IMG_9882__fot-Julia-Agnieszka-Szymala-600x600.jpg 600w, https:\/\/us.edu.pl\/wp-content\/uploads\/obrazki-stron\/ulka\/kw_IMG_9882__fot-Julia-Agnieszka-Szymala-150x150.jpg 150w, https:\/\/us.edu.pl\/wp-content\/uploads\/obrazki-stron\/ulka\/kw_IMG_9882__fot-Julia-Agnieszka-Szymala-768x768.jpg 768w, https:\/\/us.edu.pl\/wp-content\/uploads\/obrazki-stron\/ulka\/kw_IMG_9882__fot-Julia-Agnieszka-Szymala-575x575.jpg 575w, https:\/\/us.edu.pl\/wp-content\/uploads\/obrazki-stron\/ulka\/kw_IMG_9882__fot-Julia-Agnieszka-Szymala.jpg 800w\" sizes=\"(max-width: 600px) 100vw, 600px\" \/><\/p>\n<p>\n<\/div>\r\n                    <\/div>\r\n                <\/div>[\/vc_column][\/vc_row][vc_row][vc_column][vc_empty_space height=&#8221;42px&#8221;][\/vc_column][\/vc_row][vc_row content_placement=&#8221;middle&#8221; parallax=&#8221;content-moving&#8221; parallax_image=&#8221;132152&#8243; parallax_speed_bg=&#8221;2&#8243; css=&#8221;.vc_custom_1612354745999{padding-top: 75px !important;padding-bottom: 75px !important;}&#8221; el_class=&#8221;container&#8221;][vc_column width=&#8221;1\/6&#8243;][\/vc_column][vc_column width=&#8221;2\/3&#8243;]\r\n                <div class=\"text-modules\">\r\n                    <div class=\"container\">\r\n                        \r\n                        <div class=\"text-modules__content\"><\/p>\n<p style=\"text-align: center;\"><span style=\"color: #333333;\"><strong><span style=\"font-size: 300%;\">research offer<\/span><\/strong><\/span><\/p>\n<div style=\"font-family: 'PT Sans Narrow', sans-serif; text-align: left;\">\n<p style=\"text-align: center;\"><span style=\"color: #333333;\"><a style=\"color: #333333;\" href=\"https:\/\/us.edu.pl\/en\/nauka-i-badania\/centra-badawcze\/ulka\/ulka-oferta\/\"><strong>Detailed information on the performed research and analyses<\/strong><\/a><\/span><\/p>\n<\/div>\n<p>\n<\/div>\r\n                    <\/div>\r\n                <\/div>[\/vc_column][vc_column width=&#8221;1\/6&#8243;][\/vc_column][\/vc_row][vc_row gap=&#8221;35&#8243; content_placement=&#8221;middle&#8221; css=&#8221;.vc_custom_1593698898475{padding-top: 3% !important;padding-right: 10% !important;padding-bottom: 3% !important;padding-left: 10% !important;}&#8221; el_class=&#8221;container&#8221;][vc_column width=&#8221;1\/2&#8243; el_class=&#8221;container&#8221;]\r\n                <div class=\"text-modules\">\r\n                    <div class=\"container\">\r\n                        \r\n                        <div class=\"text-modules__content\"><\/p>\n<p><img class=\"alignnone wp-image-122929\" src=\"https:\/\/us.edu.pl\/wp-content\/uploads\/obrazki-stron\/ulka\/IMG_9863a__fot-Julia-Agnieszka-Szymala.jpg\" alt=\"Ludzie zgromadzeni wok\u00f3\u0142 balonu badawczego\" width=\"90%\" height=\"auto\" \/><\/p>\n<p>\n<\/div>\r\n                    <\/div>\r\n                <\/div>[\/vc_column][vc_column width=&#8221;1\/2&#8243; el_class=&#8221;container&#8221;]\r\n                <div class=\"text-modules\">\r\n                    <div class=\"container\">\r\n                        \r\n                        <div class=\"text-modules__content\"><\/p>\n<h3><span style=\"color: #000000;\"><strong>Collaboration<\/strong><\/span><\/h3>\n<p>Information on international collaboration and cooperation networks.<\/p>\n<p style=\"font-family: 'PT Sans Narrow', sans-serif; text-align: left;\"><span style=\"color: #011535;\"><strong><a style=\"color: #011535;\" href=\"https:\/\/us.edu.pl\/en\/nauka-i-badania\/centra-badawcze\/ulka\/ulka-wspolpraca\/\">More on collaboration<\/a><\/strong><\/span><\/p>\n<p>\n<\/div>\r\n                    <\/div>\r\n                <\/div>[\/vc_column][\/vc_row][vc_row full_width=&#8221;stretch_row_content_no_spaces&#8221; css=&#8221;.vc_custom_1593692532218{background-color: #002e5a !important;}&#8221;][vc_column]\r\n                <div class='logos'>\r\n                    <div class='container'>\r\n                        <h3 class='page-title'><\/h3>\r\n                        <div class='logos-blocks bg-blue'> \r\n               \r\n                            \r\n                        <a href=\"https:\/\/us.edu.pl\/en\/nauka-i-badania\/centra-badawcze\/ulka\/ulka-zespol\/\" title=\"Team\"\r\n                         class=\"logos-blocks__item carousel-slide\">\r\n                            <div class=\"logos-blocks__img\">\r\n                                <img src=\"https:\/\/us.edu.pl\/wp-content\/uploads\/obrazki-stron\/ulka\/people-solid.png\" alt=\"Team\">\r\n                            <\/div>\r\n                            <span>Team<\/span>\r\n                        <\/a>\r\n                        <a href=\"https:\/\/us.edu.pl\/en\/nauka-i-badania\/centra-badawcze\/ulka\/ulka-ksztalcenie\/\" title=\"Education\"\r\n                         class=\"logos-blocks__item carousel-slide\">\r\n                            <div class=\"logos-blocks__img\">\r\n                                <img src=\"https:\/\/us.edu.pl\/wp-content\/uploads\/obrazki-stron\/ulka\/bookmark-alt-solid.png\" alt=\"Education\">\r\n                            <\/div>\r\n                            <span>Education<\/span>\r\n                        <\/a>\r\n                        <a href=\"https:\/\/us.edu.pl\/en\/nauka-i-badania\/centra-badawcze\/ulka\/ulka-multimedia\/\" title=\"Multimedia\"\r\n                         class=\"logos-blocks__item carousel-slide\">\r\n                            <div class=\"logos-blocks__img\">\r\n                                <img src=\"https:\/\/us.edu.pl\/wp-content\/uploads\/Ikony\/multimedia.png\" alt=\"Multimedia\">\r\n                            <\/div>\r\n                            <span>Multimedia<\/span>\r\n                        <\/a> \r\n                           \r\n                        <\/div>\r\n                    <\/div>\r\n                <\/div>[\/vc_column][\/vc_row][vc_row][vc_column][vc_empty_space][\/vc_column][\/vc_row][vc_row gap=&#8221;35&#8243; content_placement=&#8221;top&#8221; css=&#8221;.vc_custom_1593699342528{padding-top: 3% !important;padding-right: 10% !important;padding-bottom: 3% !important;padding-left: 10% !important;}&#8221; el_class=&#8221;container&#8221;][vc_column width=&#8221;1\/3&#8243; el_class=&#8221;container&#8221;]\r\n                <div class=\"text-modules\">\r\n                    <div class=\"container\">\r\n                        \r\n                        <div class=\"text-modules__content\"><\/p>\n<h3><strong><span style=\"color: #000000;\"><a id=\"kontakt\"><\/a>Contact\u00a0<\/span><\/strong><\/h3>\n<p>The Director of the University Laboratories for Atmosphere Control (ULAC) is <a href=\"https:\/\/ab.us.edu.pl\/emp?id=9122\">Mariola Jab\u0142o\u0144ska, PhD, DSc, Assoc. Prof.<\/a>, from the Faculty of Natural Sciences of the University of Silesia.<\/p>\n<p>\n<\/div>\r\n                    <\/div>\r\n                <\/div>[\/vc_column][vc_column width=&#8221;1\/3&#8243; el_class=&#8221;container&#8221;]\r\n                <div class=\"text-modules\">\r\n                    <div class=\"container\">\r\n                        \r\n                        <div class=\"text-modules__content\"><\/p>\n<p style=\"font-family: 'PT Sans Narrow', sans-serif;\"><a href=\"https:\/\/goo.gl\/maps\/DyhuFAeAFXv9LQRF9\">Check our location on the map<\/a>\u00a0\u00a0<a href=\"https:\/\/goo.gl\/maps\/DyhuFAeAFXv9LQRF9\" target=\"_blank\" rel=\"noopener noreferrer\"><img class=\"fa fa-map-marker\" title=\"Sprawd\u017a na mapie\" src=\"https:\/\/us.edu.pl\/wp-content\/uploads\/obrazki-stron\/ulka\/lokalizacja-piktogram.png\" alt=\"Znacznik lokalizacji\" width=\"50\" height=\"50\" \/><\/a><\/p>\n<p>address: ul. B\u0119dzi\u0144ska 60, 41-200 Sosnowiec<br \/>\nphone: +48 32 3689529<br \/>\ne-mail: mariola.jablonska@us.edu.pl<\/p>\n<p>\n<\/div>\r\n                    <\/div>\r\n                <\/div>[\/vc_column][vc_column width=&#8221;1\/3&#8243;]\r\n                <div class=\"text-modules\">\r\n                    <div class=\"container\">\r\n                        \r\n                        <div class=\"text-modules__content\"><\/p>\n<p><img class=\"alignnone wp-image-122929\" src=\"https:\/\/us.edu.pl\/wp-content\/uploads\/obrazki-stron\/ulka\/2019-12-13_ULKA_fot.MJ-238-600x600.jpg\" alt=\"Budynek Wydzia\u0142u Nauk Przyrodniczych U\u015a\" width=\"100%\" height=\"auto\" \/><\/p>\n<p>\n<\/div>\r\n                    <\/div>\r\n                <\/div>[\/vc_column][\/vc_row][vc_row disable_element=&#8221;yes&#8221; el_class=&#8221;container&#8221;][vc_column width=&#8221;1\/4&#8243;]\r\n                <div class=\"text-modules\">\r\n                    <div class=\"container\">\r\n                        \r\n                        <div class=\"text-modules__content\"><\/p>\n<div id=\"fb-root\"><\/div>\n<p><script async=\"1\" defer=\"1\" crossorigin=\"anonymous\" src=\"https:\/\/connect.facebook.net\/pl_PL\/sdk.js#xfbml=1&amp;version=v7.0\" nonce=\"qFwnsnng\"><\/script><\/p>\n<div class=\"fb-video\" data-href=\"http:\/\/www.facebook.com\/UniwersytetSlaski\/videos\/10155041949343461\/\" data-width=\"640\">\n<blockquote cite=\"https:\/\/www.facebook.com\/UniwersytetSlaski\/videos\/10155041949343461\/\" class=\"fb-xfbml-parse-ignore\">\n<p><a href=\"https:\/\/www.facebook.com\/UniwersytetSlaski\/videos\/10155041949343461\/\">Napowietrzne laboratorium U\u015a<\/a><\/p>\n<p>Badamy zanieczyszczenia powietrza! \ud83d\ude42 Nasz balon badawczy ju\u017c wystartowa\u0142, by wykona\u0107 m.in. pomiar st\u0119\u017cenia sadzy.<\/p>\n<p>Opublikowany przez <a href=\"https:\/\/www.facebook.com\/UniwersytetSlaski\/\">Uniwersytet \u015al\u0105ski w Katowicach<\/a> Czwartek, 16 listopada 2017<\/p>\n<\/blockquote>\n<\/div>\n<p>\n<\/div>\r\n                    <\/div>\r\n                <\/div>[\/vc_column][vc_column width=&#8221;3\/4&#8243;]\r\n                <div class=\"text-modules\">\r\n                    <div class=\"container\">\r\n                        \r\n                        <div class=\"text-modules__content\"><\/p>\n<p>jaki\u015b przyk\u0142adowy tekst<\/p>\n<p>\n<\/div>\r\n                    <\/div>\r\n                <\/div>[\/vc_column][\/vc_row]<\/p>\n<p><\/p>","protected":false},"excerpt":{"rendered":"<p>[vc_row][vc_column][vc_empty_space][vc_empty_space][\/vc_column][\/vc_row][vc_row full_height=&#8221;yes&#8221; content_placement=&#8221;bottom&#8221; parallax=&#8221;content-moving&#8221; parallax_image=&#8221;132152&#8243; disable_element=&#8221;yes&#8221; css=&#8221;.vc_custom_1609255538045{padding-top: 250px !important;padding-bottom: 250px !important;}&#8221;][vc_column][vc_row_inner][vc_column_inner][\/vc_column_inner][\/vc_row_inner][vc_row_inner content_placement=&#8221;middle&#8221;][vc_column_inner width=&#8221;1\/4&#8243;][\/vc_column_inner][vc_column_inner width=&#8221;1\/2&#8243; css=&#8221;.vc_custom_1609255452643{margin: 30px !important;padding: 30px !important;background-color: #ffffff !important;background-position: center !important;background-repeat: no-repeat !important;background-size: contain !important;}&#8221;][\/vc_column_inner][vc_column_inner width=&#8221;1\/4&#8243;][\/vc_column_inner][\/vc_row_inner][\/vc_column][\/vc_row][vc_row full_height=&#8221;yes&#8221; content_placement=&#8221;bottom&#8221; parallax=&#8221;content-moving&#8221; parallax_image=&#8221;132144&#8243; css=&#8221;.vc_custom_1609255564166{padding-top: 200px !important;padding-bottom: 200px !important;}&#8221;][vc_column][\/vc_column][\/vc_row][vc_row content_placement=&#8221;top&#8221; el_class=&#8221;container&#8221;][vc_column width=&#8221;1\/6&#8243; css=&#8221;.vc_custom_1592457546034{background-color: #f4f4f4 !important;}&#8221;][\/vc_column][vc_column width=&#8221;2\/3&#8243; css=&#8221;.vc_custom_1592457669630{background-color: #f4f4f4 !important;}&#8221;][vc_empty_space][vc_btn title=&#8221;BEGINNING OF RESEARCH&#8221; style=&#8221;classic&#8221; shape=&#8221;square&#8221; color=&#8221;blue&#8221; size=&#8221;lg&#8221; align=&#8221;left&#8221; [&#8230;]<\/p>\n<p><a class=\"btn btn-secondary understrap-read-more-link\" href=\"https:\/\/us.edu.pl\/en\/nauka-i-badania\/centra-badawcze\/ulka\/\">Read More&#8230;<\/a><\/p>\n","protected":false},"author":26,"featured_media":0,"parent":80620,"menu_order":0,"comment_status":"closed","ping_status":"closed","template":"page-templates\/index-template.php","meta":{"_expiration-date-status":"saved","_expiration-date":0,"_expiration-date-type":"","_expiration-date-categories":[],"_expiration-date-options":[]},"acf":[],"_links":{"self":[{"href":"https:\/\/us.edu.pl\/en\/wp-json\/wp\/v2\/pages\/122795"}],"collection":[{"href":"https:\/\/us.edu.pl\/en\/wp-json\/wp\/v2\/pages"}],"about":[{"href":"https:\/\/us.edu.pl\/en\/wp-json\/wp\/v2\/types\/page"}],"author":[{"embeddable":true,"href":"https:\/\/us.edu.pl\/en\/wp-json\/wp\/v2\/users\/26"}],"replies":[{"embeddable":true,"href":"https:\/\/us.edu.pl\/en\/wp-json\/wp\/v2\/comments?post=122795"}],"version-history":[{"count":6,"href":"https:\/\/us.edu.pl\/en\/wp-json\/wp\/v2\/pages\/122795\/revisions"}],"predecessor-version":[{"id":179569,"href":"https:\/\/us.edu.pl\/en\/wp-json\/wp\/v2\/pages\/122795\/revisions\/179569"}],"up":[{"embeddable":true,"href":"https:\/\/us.edu.pl\/en\/wp-json\/wp\/v2\/pages\/80620"}],"wp:attachment":[{"href":"https:\/\/us.edu.pl\/en\/wp-json\/wp\/v2\/media?parent=122795"}],"curies":[{"name":"wp","href":"https:\/\/api.w.org\/{rel}","templated":true}]}}