{"id":123555,"date":"2020-07-03T14:05:21","date_gmt":"2020-07-03T12:05:21","guid":{"rendered":"https:\/\/us.edu.pl\/?page_id=123555"},"modified":"2024-01-19T11:45:16","modified_gmt":"2024-01-19T10:45:16","slug":"ulka-badania","status":"publish","type":"page","link":"https:\/\/us.edu.pl\/en\/nauka-i-badania\/centra-badawcze\/ulka\/ulka-badania\/","title":{"rendered":"ULAC &#8211; research"},"content":{"rendered":"<p><\/p>\n<p>[vc_row css=&#8221;.vc_custom_1603444262786{margin-top: 0px !important;}&#8221;][vc_column]\r\n                <div class=\"text-modules\">\r\n                    <div class=\"container\">\r\n                        \r\n                        <div class=\"text-modules__content\"><\/p>\n<div class=\"page-title text__title\" style=\"font-size: 160%;\">\n<p><span style=\"color: #002e5a;\"><a style=\"color: #002e5a;\" href=\"https:\/\/us.edu.pl\/en\/nauka-i-badania\/centra-badawcze\/ulka\/\">University Laboratories for Atmosphere Control<\/a><\/span><\/p>\n<\/div>\n<p>\n<\/div>\r\n                    <\/div>\r\n                <\/div>[\/vc_column][\/vc_row][vc_row full_height=&#8221;yes&#8221; equal_height=&#8221;yes&#8221; content_placement=&#8221;middle&#8221; css=&#8221;.vc_custom_1603774871283{padding: 0px !important;}&#8221;][vc_column css=&#8221;.vc_custom_1603774547380{background-color: #f2f2f2 !important;}&#8221;][vc_empty_space height=&#8221;20px&#8221;]\r\n                <div class=\"text-modules\">\r\n                    <div class=\"container\">\r\n                        \r\n                        <div class=\"text-modules__content\"><\/p>\n<div class=\"page-title text__title\" style=\"margin-left: 20px;\">\n<h3 style=\"font-size: 100%;\"><strong>Research<\/strong><\/h3>\n<\/div>\n<p>\n<\/div>\r\n                    <\/div>\r\n                <\/div>[vc_single_image source=&#8221;external_link&#8221; external_img_size=&#8221;min-height:900px&#8221; alignment=&#8221;center&#8221; css=&#8221;.vc_custom_1613056331455{margin-top: 0px !important;}&#8221; custom_src=&#8221;https:\/\/us.edu.pl\/wp-content\/uploads\/obrazki-stron\/ulka\/lot-badawczy_screen-mat-TV-U\u015a-e1592465246353.jpg&#8221; caption=&#8221;Research flight&#8221;][\/vc_column][\/vc_row][vc_row][vc_column][vc_empty_space][\/vc_column][\/vc_row][vc_row gap=&#8221;20&#8243; content_placement=&#8221;middle&#8221; el_class=&#8221;container&#8221;][vc_column width=&#8221;1\/2&#8243;]\r\n                <div class=\"text-modules\">\r\n                    <div class=\"container\">\r\n                        \r\n                        <div class=\"text-modules__content\"><\/p>\n<p><strong>Air pollution\u00a0<\/strong><\/p>\n<p>Not only does the research balloon allow for carrying out air quality tests, but it also enables detecting sources of contamination and recognising the directions of its movement. Because it has no propulsion, the horizontal movement is consistent with the natural airflow, which creates a unique possibility to collect samples in the atmospheric zones that have not been disturbed by any mechanical appliances.<\/p>\n<p>Scope of research:<\/p>\n<ul>\n<li>measurement of temperature, humidity and pressure,<\/li>\n<li>measurement of soot and ozone concentration,<\/li>\n<li>analysis of PM 10, PM 2,5 concentration, and nanoparticles in the air,<\/li>\n<li>analysis of flora pollen,<\/li>\n<li>microbiological studies (bacteria, viruses),<\/li>\n<li>examination of air content: CO<sub>2\u00a0<\/sub>(carbon dioxide), SO<sub>2\u00a0<\/sub>(sulphur dioxide), NO (nitrogen oxide), NO<sub>2\u00a0<\/sub>(nitrogen dioxide), NH<sub>3\u00a0<\/sub>(ammonia), volatile organic compounds, formaldehyde.<\/li>\n<\/ul>\n<p>The research is conducted by: meteorologists, climatologists, mineralogists, biologists, physicists, chemists, hydrologists.<\/p>\n<p>\n<\/div>\r\n                    <\/div>\r\n                <\/div>[\/vc_column][vc_column width=&#8221;1\/2&#8243;]\r\n                <div class=\"text-modules\">\r\n                    <div class=\"container\">\r\n                        \r\n                        <div class=\"text-modules__content\"><\/p>\n<p><img class=\"alignnone wp-image-123437 size-full\" title=\"Osiedle domk\u00f3w jednorodzinnych, dym z komin\u00f3w. Mat. ULKA\" src=\"https:\/\/us.edu.pl\/wp-content\/uploads\/obrazki-stron\/ulka\/DSC06756_kw.jpg\" alt=\"Panorama, widok z g\u00f3ry, dym z komin\u00f3w\" width=\"90%\" height=\"auto\" \/><\/p>\n<p>\n<\/div>\r\n                    <\/div>\r\n                <\/div>[\/vc_column][\/vc_row][vc_row][vc_column][vc_empty_space][\/vc_column][\/vc_row][vc_row gap=&#8221;20&#8243; rtl_reverse=&#8221;yes&#8221; content_placement=&#8221;middle&#8221; el_class=&#8221;container&#8221; css=&#8221;.vc_custom_1603808312470{background-color: #f2f2f2 !important;}&#8221;][vc_column width=&#8221;1\/2&#8243;]\r\n                <div class=\"text-modules\">\r\n                    <div class=\"container\">\r\n                        \r\n                        <div class=\"text-modules__content\"><\/p>\n<p><img class=\"wp-image-128715 size-full\" title=\"Panorama miasta po zmroku. Fot. pixabay.com\" src=\"https:\/\/us.edu.pl\/wp-content\/uploads\/obrazki-stron\/ulka\/industry-1149888_1280_kw.jpg\" alt=\"Panorama miasta po zmroku\" width=\"90%\" height=\"auto\" srcset=\"https:\/\/us.edu.pl\/wp-content\/uploads\/obrazki-stron\/ulka\/industry-1149888_1280_kw.jpg 853w, https:\/\/us.edu.pl\/wp-content\/uploads\/obrazki-stron\/ulka\/industry-1149888_1280_kw-150x150.jpg 150w, https:\/\/us.edu.pl\/wp-content\/uploads\/obrazki-stron\/ulka\/industry-1149888_1280_kw-600x600.jpg 600w, https:\/\/us.edu.pl\/wp-content\/uploads\/obrazki-stron\/ulka\/industry-1149888_1280_kw-768x768.jpg 768w, https:\/\/us.edu.pl\/wp-content\/uploads\/obrazki-stron\/ulka\/industry-1149888_1280_kw-575x575.jpg 575w\" sizes=\"(max-width: 853px) 100vw, 853px\" \/><\/p>\n<p>\n<\/div>\r\n                    <\/div>\r\n                <\/div>[\/vc_column][vc_column width=&#8221;1\/2&#8243;]\r\n                <div class=\"text-modules\">\r\n                    <div class=\"container\">\r\n                        \r\n                        <div class=\"text-modules__content\"><\/p>\n<p><strong>Significance of research for inhabitants<\/strong><\/p>\n<p>The research balloon is equipped, among other things, with a dust analyser that allows for determining the concentration of respirable dust, which exposes the population to health deterioration, because it penetrates into the respiratory system.<\/p>\n<p>Nano- and microparticles, whose size falls below 0.5 micrometres, i.e. 500 nanometres, behave similarly to gases, i.e. they get directly into the bloodstream and constitute a huge threat because they penetrate into the organism while we are breathing.<\/p>\n<p>\n<\/div>\r\n                    <\/div>\r\n                <\/div>[\/vc_column][\/vc_row][vc_row][vc_column][vc_empty_space][\/vc_column][\/vc_row][vc_row gap=&#8221;20&#8243; content_placement=&#8221;middle&#8221; el_class=&#8221;container&#8221;][vc_column width=&#8221;1\/2&#8243;]\r\n                <div class=\"text-modules\">\r\n                    <div class=\"container\">\r\n                        \r\n                        <div class=\"text-modules__content\"><\/p>\n<p><strong>Research results<\/strong><\/p>\n<p>The data obtained during the flight, which lasts 1-3 hours, enables to collect exhaustive information. The analyses are conducted in cycles lasting 4 seconds each, which guarantees very precise detection time.<\/p>\n<p>Because GPS remembers the flight route and height, geographers draw up a precise map of pollution, determine its sources and define the situations which foster the accumulation of pollution.\u00a0Such knowledge can be useful for urban authorities, self-government units and doctors.<\/p>\n<p>\n<\/div>\r\n                    <\/div>\r\n                <\/div>[\/vc_column][vc_column width=&#8221;1\/2&#8243;]\r\n                <div class=\"text-modules\">\r\n                    <div class=\"container\">\r\n                        \r\n                        <div class=\"text-modules__content\"><\/p>\n<p><img class=\"alignnone wp-image-128716 size-full\" title=\"Cz\u0119\u015b\u0107 wyposa\u017cenia balonu badawczego \" src=\"https:\/\/us.edu.pl\/wp-content\/uploads\/obrazki-stron\/ulka\/IMG_20200923_173556_kw.jpg\" alt=\"Cz\u0119\u015b\u0107 wyposa\u017cania pomiarowego\" width=\"90%\" height=\"auto\" srcset=\"https:\/\/us.edu.pl\/wp-content\/uploads\/obrazki-stron\/ulka\/IMG_20200923_173556_kw.jpg 1200w, https:\/\/us.edu.pl\/wp-content\/uploads\/obrazki-stron\/ulka\/IMG_20200923_173556_kw-150x150.jpg 150w, https:\/\/us.edu.pl\/wp-content\/uploads\/obrazki-stron\/ulka\/IMG_20200923_173556_kw-600x600.jpg 600w, https:\/\/us.edu.pl\/wp-content\/uploads\/obrazki-stron\/ulka\/IMG_20200923_173556_kw-768x768.jpg 768w, https:\/\/us.edu.pl\/wp-content\/uploads\/obrazki-stron\/ulka\/IMG_20200923_173556_kw-1024x1024.jpg 1024w, https:\/\/us.edu.pl\/wp-content\/uploads\/obrazki-stron\/ulka\/IMG_20200923_173556_kw-575x575.jpg 575w\" sizes=\"(max-width: 1200px) 100vw, 1200px\" \/><\/p>\n<p>\n<\/div>\r\n                    <\/div>\r\n                <\/div>[\/vc_column][\/vc_row][vc_row][vc_column][vc_empty_space][vc_separator][\/vc_column][\/vc_row][vc_row disable_element=&#8221;yes&#8221; css=&#8221;.vc_custom_1612520635340{margin-top: 0px !important;margin-bottom: 0px !important;}&#8221;][vc_column width=&#8221;1\/4&#8243;][\/vc_column][vc_column width=&#8221;3\/4&#8243;][vc_row_inner css=&#8221;.vc_custom_1603694983516{margin-top: 0px !important;margin-bottom: 0px !important;padding-top: 0px !important;padding-bottom: 0px !important;}&#8221; el_class=&#8221;menu-item menu-item-type-custom menu-item-object-custom menu-item-113828 nav-item&#8221;][vc_column_inner width=&#8221;1\/6&#8243; css=&#8221;.vc_custom_1603695005240{margin-top: -20px !important;margin-bottom: -5px !important;padding-top: 0px !important;padding-bottom: 0px !important;}&#8221;]\r\n                <div class=\"text-modules\">\r\n                    <div class=\"container\">\r\n                        \r\n                        <div class=\"text-modules__content\"><\/p>\n<div style=\"text-align: center;\">\n<p style=\"text-align: center;\"><strong><span style=\"color: #011535;\"><a style=\"color: #011535;\" href=\"https:\/\/us.edu.pl\/nauka-i-badania\/centra-badawcze\/ulka\/\">ULKA<\/a><\/span><\/strong><\/p>\n<\/div>\n<p>\n<\/div>\r\n                    <\/div>\r\n                <\/div>[\/vc_column_inner][vc_column_inner width=&#8221;1\/6&#8243; css=&#8221;.vc_custom_1603695032421{margin-top: -20px !important;margin-bottom: -5px !important;}&#8221;]\r\n                <div class=\"text-modules\">\r\n                    <div class=\"container\">\r\n                        \r\n                        <div class=\"text-modules__content\"><\/p>\n<p style=\"text-align: center;\"><span style=\"color: #011535;\"><a style=\"color: #011535;\" href=\"\/centra-badawcze\/ulka\/ulka-oferta\/\"><strong>Oferta badawcza<\/strong><\/a><\/span><\/p>\n<p>\n<\/div>\r\n                    <\/div>\r\n                <\/div>[\/vc_column_inner][vc_column_inner width=&#8221;1\/6&#8243; css=&#8221;.vc_custom_1603695114103{margin-top: -20px !important;margin-bottom: -5px !important;padding-top: 0px !important;}&#8221;]\r\n                <div class=\"text-modules\">\r\n                    <div class=\"container\">\r\n                        \r\n                        <div class=\"text-modules__content\"><\/p>\n<p style=\"text-align: center;\"><span style=\"color: #011535;\"><strong><a style=\"color: #011535;\" href=\"https:\/\/us.edu.pl\/nauka-i-badania\/centra-badawcze\/ulka\/ulka-wspolpraca\/\">Wsp\u00f3\u0142praca<\/a><\/strong><\/span><\/p>\n<p>\n<\/div>\r\n                    <\/div>\r\n                <\/div>[\/vc_column_inner][vc_column_inner width=&#8221;1\/6&#8243; css=&#8221;.vc_custom_1603695124733{margin-top: -20px !important;margin-bottom: -5px !important;}&#8221;]\r\n                <div class=\"text-modules\">\r\n                    <div class=\"container\">\r\n                        \r\n                        <div class=\"text-modules__content\"><\/p>\n<p style=\"text-align: center;\"><span style=\"color: #011535;\"><strong><a style=\"color: #011535;\" href=\"https:\/\/us.edu.pl\/nauka-i-badania\/centra-badawcze\/ulka\/ulka-zespol\/\">Zesp\u00f3\u0142<\/a><\/strong><\/span><\/p>\n<p>\n<\/div>\r\n                    <\/div>\r\n                <\/div>[\/vc_column_inner][vc_column_inner width=&#8221;1\/6&#8243; css=&#8221;.vc_custom_1603695139482{margin-top: -20px !important;margin-bottom: -5px !important;}&#8221;]\r\n                <div class=\"text-modules\">\r\n                    <div class=\"container\">\r\n                        \r\n                        <div class=\"text-modules__content\"><\/p>\n<p style=\"text-align: center;\"><span style=\"color: #011535;\"><strong><a style=\"color: #011535;\" href=\"https:\/\/us.edu.pl\/nauka-i-badania\/centra-badawcze\/ulka\/ulka-laboratoria\/\">Laboratoria<\/a><\/strong><\/span><\/p>\n<p>\n<\/div>\r\n                    <\/div>\r\n                <\/div>[\/vc_column_inner][vc_column_inner width=&#8221;1\/6&#8243; css=&#8221;.vc_custom_1603695148830{margin-top: -20px !important;margin-bottom: -5px !important;}&#8221;]\r\n                <div class=\"text-modules\">\r\n                    <div class=\"container\">\r\n                        \r\n                        <div class=\"text-modules__content\"><\/p>\n<p style=\"text-align: center;\"><strong><span style=\"color: #011535;\">Multimedia<\/span><\/strong><\/p>\n<p>\n<\/div>\r\n                    <\/div>\r\n                <\/div>[\/vc_column_inner][\/vc_row_inner][\/vc_column][\/vc_row][vc_row disable_element=&#8221;yes&#8221; css=&#8221;.vc_custom_1612436671980{background-color: #f2f2f2 !important;}&#8221;][vc_column width=&#8221;1\/2&#8243;][\/vc_column][vc_column width=&#8221;1\/2&#8243; el_class=&#8221;text-modules__content&#8221; css=&#8221;.vc_custom_1612436293666{border-left-width: 3px !important;border-left-color: #ffffff !important;border-radius: 3px !important;}&#8221;]\r\n            <div class=\"container\">  \r\n                <div class=\"lists-with-links\">\r\n                    <div class=\"section-title\"><\/div>\r\n                   <div class=\"lists-with-links__items lists-5\"><ul class=\"angle-list\"> <li> <a href=\"\/centra-badawcze\/ulka\/\"> ULKA <\/a> <\/li><\/ul><ul class=\"angle-list\"> <li> <a href=\"\/centra-badawcze\/ulka\/#kontakt\"> Badania <\/a> <\/li><\/ul><ul class=\"angle-list\"> <li> <a href=\"\/centra-badawcze\/ulka\/ulka-oferta\/\"> Oferta badawcza <\/a> <\/li><\/ul><ul class=\"angle-list\"> <li> <a href=\"\/centra-badawcze\/ulka\/ulka-laboratoria\/\"> Laboratoria  <\/a> <\/li><\/ul><ul class=\"angle-list\"> <li> <a href=\"\/centra-badawcze\/ulka\/#kontakt\"> Kontakt <\/a> <\/li><\/ul><\/div>\r\n                <\/div>\r\n            <\/div>[\/vc_column][\/vc_row][vc_row content_placement=&#8221;middle&#8221; css_animation=&#8221;right-to-left&#8221; css=&#8221;.vc_custom_1612437180985{margin-top: 5% !important;background-color: #f1f1f1 !important;}&#8221; el_class=&#8221;text-modules__content&#8221;][vc_column width=&#8221;1\/4&#8243; css=&#8221;.vc_custom_1612436798774{margin-top: -10% !important;background-color: #f2f2f2 !important;}&#8221;][\/vc_column][vc_column width=&#8221;1\/4&#8243;][\/vc_column][vc_column width=&#8221;1\/4&#8243;]\r\n            <div class=\"container\">  \r\n                <div class=\"lists-with-links\">\r\n                    <div class=\"section-title\"><\/div>\r\n                   <div class=\"lists-with-links__items lists-1\"><ul class=\"angle-list\"> <li> <a href=\"https:\/\/us.edu.pl\/en\/nauka-i-badania\/centra-badawcze\/ulka\/\"> ULAC <\/a> <\/li><li> <a href=\"https:\/\/us.edu.pl\/en\/nauka-i-badania\/centra-badawcze\/ulka\/ulka-oferta\/\"> Research offer <\/a> <\/li><li> <a href=\"https:\/\/us.edu.pl\/en\/nauka-i-badania\/centra-badawcze\/ulka\/ulka-wspolpraca\/\"> Collaboration <\/a> <\/li><li> <a href=\"https:\/\/us.edu.pl\/en\/nauka-i-badania\/centra-badawcze\/ulka\/ulka-laboratoria\/\"> Laboratories <\/a> <\/li><li> <a href=\"https:\/\/us.edu.pl\/en\/nauka-i-badania\/centra-badawcze\/ulka\/#kontakt\"> Contact <\/a> <\/li><\/ul><\/div>\r\n                <\/div>\r\n            <\/div>[\/vc_column][vc_column width=&#8221;1\/4&#8243;][\/vc_column][\/vc_row]<\/p>\n<p><\/p>","protected":false},"excerpt":{"rendered":"<p>[vc_row css=&#8221;.vc_custom_1603444262786{margin-top: 0px !important;}&#8221;][vc_column][\/vc_column][\/vc_row][vc_row full_height=&#8221;yes&#8221; equal_height=&#8221;yes&#8221; content_placement=&#8221;middle&#8221; css=&#8221;.vc_custom_1603774871283{padding: 0px !important;}&#8221;][vc_column css=&#8221;.vc_custom_1603774547380{background-color: #f2f2f2 !important;}&#8221;][vc_empty_space height=&#8221;20px&#8221;][vc_single_image source=&#8221;external_link&#8221; external_img_size=&#8221;min-height:900px&#8221; alignment=&#8221;center&#8221; css=&#8221;.vc_custom_1613056331455{margin-top: 0px !important;}&#8221; custom_src=&#8221;https:\/\/us.edu.pl\/wp-content\/uploads\/obrazki-stron\/ulka\/lot-badawczy_screen-mat-TV-U\u015a-e1592465246353.jpg&#8221; caption=&#8221;Research flight&#8221;][\/vc_column][\/vc_row][vc_row][vc_column][vc_empty_space][\/vc_column][\/vc_row][vc_row gap=&#8221;20&#8243; content_placement=&#8221;middle&#8221; el_class=&#8221;container&#8221;][vc_column width=&#8221;1\/2&#8243;][\/vc_column][vc_column width=&#8221;1\/2&#8243;][\/vc_column][\/vc_row][vc_row][vc_column][vc_empty_space][\/vc_column][\/vc_row][vc_row gap=&#8221;20&#8243; rtl_reverse=&#8221;yes&#8221; content_placement=&#8221;middle&#8221; el_class=&#8221;container&#8221; css=&#8221;.vc_custom_1603808312470{background-color: #f2f2f2 !important;}&#8221;][vc_column width=&#8221;1\/2&#8243;][\/vc_column][vc_column width=&#8221;1\/2&#8243;][\/vc_column][\/vc_row][vc_row][vc_column][vc_empty_space][\/vc_column][\/vc_row][vc_row gap=&#8221;20&#8243; content_placement=&#8221;middle&#8221; el_class=&#8221;container&#8221;][vc_column width=&#8221;1\/2&#8243;][\/vc_column][vc_column width=&#8221;1\/2&#8243;][\/vc_column][\/vc_row][vc_row][vc_column][vc_empty_space][vc_separator][\/vc_column][\/vc_row][vc_row disable_element=&#8221;yes&#8221; css=&#8221;.vc_custom_1612520635340{margin-top: 0px !important;margin-bottom: 0px !important;}&#8221;][vc_column width=&#8221;1\/4&#8243;][\/vc_column][vc_column width=&#8221;3\/4&#8243;][vc_row_inner css=&#8221;.vc_custom_1603694983516{margin-top: 0px !important;margin-bottom: 0px !important;padding-top: [&#8230;]<\/p>\n<p><a class=\"btn btn-secondary understrap-read-more-link\" href=\"https:\/\/us.edu.pl\/en\/nauka-i-badania\/centra-badawcze\/ulka\/ulka-badania\/\">Read More&#8230;<\/a><\/p>\n","protected":false},"author":26,"featured_media":0,"parent":122795,"menu_order":0,"comment_status":"closed","ping_status":"closed","template":"","meta":{"_expiration-date-status":"saved","_expiration-date":0,"_expiration-date-type":"","_expiration-date-categories":[],"_expiration-date-options":[]},"acf":[],"_links":{"self":[{"href":"https:\/\/us.edu.pl\/en\/wp-json\/wp\/v2\/pages\/123555"}],"collection":[{"href":"https:\/\/us.edu.pl\/en\/wp-json\/wp\/v2\/pages"}],"about":[{"href":"https:\/\/us.edu.pl\/en\/wp-json\/wp\/v2\/types\/page"}],"author":[{"embeddable":true,"href":"https:\/\/us.edu.pl\/en\/wp-json\/wp\/v2\/users\/26"}],"replies":[{"embeddable":true,"href":"https:\/\/us.edu.pl\/en\/wp-json\/wp\/v2\/comments?post=123555"}],"version-history":[{"count":3,"href":"https:\/\/us.edu.pl\/en\/wp-json\/wp\/v2\/pages\/123555\/revisions"}],"predecessor-version":[{"id":179586,"href":"https:\/\/us.edu.pl\/en\/wp-json\/wp\/v2\/pages\/123555\/revisions\/179586"}],"up":[{"embeddable":true,"href":"https:\/\/us.edu.pl\/en\/wp-json\/wp\/v2\/pages\/122795"}],"wp:attachment":[{"href":"https:\/\/us.edu.pl\/en\/wp-json\/wp\/v2\/media?parent=123555"}],"curies":[{"name":"wp","href":"https:\/\/api.w.org\/{rel}","templated":true}]}}