{"id":129663,"date":"2020-11-12T11:28:29","date_gmt":"2020-11-12T10:28:29","guid":{"rendered":"https:\/\/us.edu.pl\/?page_id=129663"},"modified":"2023-02-13T09:58:39","modified_gmt":"2023-02-13T08:58:39","slug":"rzecznik-i-jego-zespol","status":"publish","type":"page","link":"https:\/\/us.edu.pl\/en\/ksztalcenie\/rpsid\/rzecznik-i-jego-zespol\/","title":{"rendered":"ombudsperson and her team"},"content":{"rendered":"<p><\/p>\n<p>[vc_row css=&#8221;.vc_custom_1605693872081{margin-top: 0px !important;}&#8221; el_class=&#8221;container&#8221;][vc_column]\r\n                <div class=\"text-modules\">\r\n                    <div class=\"container\">\r\n                        \r\n                        <div class=\"text-modules__content\"><\/p>\n<div class=\"text__title\" style=\"font-size: 160%;\">\n<p><span style=\"color: #002e5a;\"><a style=\"color: #002e5a;\" href=\"https:\/\/us.edu.pl\/en\/ksztalcenie\/rpsid\/\">Ombudsperson and her team<\/a><\/span><\/p>\n<\/div>\n<p>\n<\/div>\r\n                    <\/div>\r\n                <\/div>[\/vc_column][\/vc_row][vc_row content_placement=&#8221;middle&#8221; css=&#8221;.vc_custom_1605693914053{padding-top: 0px !important;padding-right: 0px !important;padding-bottom: 0px !important;padding-left: 0px !important;}&#8221; el_class=&#8221;container&#8221;][vc_column el_class=&#8221;bg-gray&#8221;][vc_empty_space height=&#8221;20px&#8221;]\r\n                <div class=\"text-modules\">\r\n                    <div class=\"container\">\r\n                        \r\n                        <div class=\"text-modules__content\"><\/p>\n<div class=\"page-title text__title\" style=\"margin-left: 20px;\">\n<h2 style=\"font-size: 100%;\"><strong>Ombudsperson and her team<\/strong><\/h2>\n<\/div>\n<p>\n<\/div>\r\n                    <\/div>\r\n                <\/div>[\/vc_column][\/vc_row][vc_row el_class=&#8221;container&#8221;][vc_column][vc_empty_space height=&#8221;20px&#8221;]\r\n                <div class=\"text-modules\">\r\n                    <div class=\"container\">\r\n                        \r\n                        <div class=\"text-modules__content\"><\/p>\n<p>My name is Agnieszka Bielska-Brodziak and I have been the Student and PhD Student Ombudsperson at the University of Silesia since 1 September 2020. I am an associate professor of law, a legal counsel and a court mediator. I also used to work as a trainee prosecutor, and a judge.<\/p>\n<p>\n<\/div>\r\n                    <\/div>\r\n                <\/div>[\/vc_column][\/vc_row][vc_section][vc_row content_placement=&#8221;middle&#8221; el_class=&#8221;container&#8221;][vc_column width=&#8221;1\/12&#8243;][\/vc_column][vc_column width=&#8221;3\/12&#8243;]\r\n                <div class=\"text-modules\">\r\n                    <div class=\"container\">\r\n                        \r\n                        <div class=\"text-modules__content\"><\/p>\n<p><img class=\"size-medium wp-image-122058\" src=\"https:\/\/us.edu.pl\/wp-content\/uploads\/fotografie\/ABB-HAB-foto-kolor-600x600.jpg\" alt=\"Dr hab. Agnieszka Bielska-Brodziak, prof. U\u015a\" width=\"100%\" height=\"auto\" srcset=\"https:\/\/us.edu.pl\/wp-content\/uploads\/fotografie\/ABB-HAB-foto-kolor-600x600.jpg 600w, https:\/\/us.edu.pl\/wp-content\/uploads\/fotografie\/ABB-HAB-foto-kolor-150x150.jpg 150w, https:\/\/us.edu.pl\/wp-content\/uploads\/fotografie\/ABB-HAB-foto-kolor-768x768.jpg 768w, https:\/\/us.edu.pl\/wp-content\/uploads\/fotografie\/ABB-HAB-foto-kolor-575x575.jpg 575w, https:\/\/us.edu.pl\/wp-content\/uploads\/fotografie\/ABB-HAB-foto-kolor.jpg 800w\" sizes=\"(max-width: 600px) 100vw, 600px\" \/><\/p>\n<p><span style=\"font-size: 12px; color: #808080;\">Agnieszka Bielska-Brodziak, PhD, DLitt, Assoc. Prof. Photo by private archive.\u00a0<\/span><\/p>\n<p>\n<\/div>\r\n                    <\/div>\r\n                <\/div>[\/vc_column][vc_column width=&#8221;8\/12&#8243;]\r\n                <div class=\"text-modules\">\r\n                    <div class=\"container\">\r\n                        \r\n                        <div class=\"text-modules__content\"><\/p>\n<p>At the Faculty of Law and Administration I have worked with students in various positions, including as the head of full-time studies, and coordinator for professional internship. I was the tutor of two student research groups \u2013 Student Research Group for Animal Rights and Student Research Group \u201eLaw and Bioethics\u201d, as well as Animal Rights Section in Student Legal Clinic at the University of Silesia. I also run classes and provide tutoring for students and doctoral students working on their diploma theses. I was greatly honoured in 2015 to receive Laur Studencki (Students\u2019 Laurel) in the \u201eStudent\u2019s Friend\u201d category.<\/p>\n<p>\n<\/div>\r\n                    <\/div>\r\n                <\/div>\r\n                <div class=\"text-modules\">\r\n                    <div class=\"container\">\r\n                        \r\n                        <div class=\"text-modules__content\"><\/p>\n<p>I am a participant of two psychotherapy schools. The first one is Gestalt Psychoterapy School<a name=\"_ftnref1\"><\/a><a href=\"https:\/\/us.edu.pl\/ksztalcenie\/rpsid\/rzecznik-i-jego-zespol\/#_ftn1\">[1]<\/a>, whereas the other is Mindfulness-Based Cognitive Therapy (MBCT-PL) trainings for teachers <a name=\"_ftnref2\"><\/a><a href=\"https:\/\/us.edu.pl\/ksztalcenie\/rpsid\/rzecznik-i-jego-zespol\/#_ftn2\">[2]<\/a>. I am also a certified development coach after graduating from \u201eMeritum\u201dschool,<a name=\"_ftnref3\"><\/a><a href=\"https:\/\/us.edu.pl\/ksztalcenie\/rpsid\/rzecznik-i-jego-zespol\/#_ftn3\">[3]<\/a>\u00a0as well as hatha yoga instructor <a name=\"_ftnref4\"><\/a><a href=\"https:\/\/us.edu.pl\/ksztalcenie\/rpsid\/rzecznik-i-jego-zespol\/#_ftn4\">[4]<\/a>. These competencies help me safely support and accompany young people in solving crisis situations.<\/p>\n<p>\n<\/div>\r\n                    <\/div>\r\n                <\/div>[\/vc_column][\/vc_row][vc_row el_class=&#8221;container&#8221;][vc_column]\r\n                <div class=\"text-modules\">\r\n                    <div class=\"container\">\r\n                        \r\n                        <div class=\"text-modules__content\"><\/p>\n<h3><span style=\"color: #002e5a;\"><strong>TEAM\u00a0<\/strong><\/span><\/h3>\n<p>\n<\/div>\r\n                    <\/div>\r\n                <\/div>\r\n                <div class=\"text-modules\">\r\n                    <div class=\"container\">\r\n                        \r\n                        <div class=\"text-modules__content\"><\/p>\n<p><span style=\"font-weight: 400;\">I work together with my plenipotentiaries \u2013 people close to me, whom I know that they understand the problems of students and PhD students well and treat them with great sympathy.<\/span><\/p>\n<p>\n<\/div>\r\n                    <\/div>\r\n                <\/div>[\/vc_column][\/vc_row][vc_row el_class=&#8221;container&#8221;][vc_column width=&#8221;1\/12&#8243;][\/vc_column][vc_column width=&#8221;10\/12&#8243;][vc_column_text]<\/p>\n<figure id=\"attachment_166069\" aria-describedby=\"caption-attachment-166069\" style=\"width: 1200px\" class=\"wp-caption aligncenter\"><img class=\"wp-image-166069 size-full\" src=\"https:\/\/us.edu.pl\/wp-content\/uploads\/fotografie\/DSC00093_Malgorzata-Dymowska-kopia.webp\" alt=\"Zesp\u00f3\u0142 rzecznika praw studenta i doktoranta\" width=\"1200\" height=\"800\" srcset=\"https:\/\/us.edu.pl\/wp-content\/uploads\/fotografie\/DSC00093_Malgorzata-Dymowska-kopia.webp 1200w, https:\/\/us.edu.pl\/wp-content\/uploads\/fotografie\/DSC00093_Malgorzata-Dymowska-kopia-900x600.webp 900w, https:\/\/us.edu.pl\/wp-content\/uploads\/fotografie\/DSC00093_Malgorzata-Dymowska-kopia-768x512.webp 768w, https:\/\/us.edu.pl\/wp-content\/uploads\/fotografie\/DSC00093_Malgorzata-Dymowska-kopia-575x383.webp 575w\" sizes=\"(max-width: 1200px) 100vw, 1200px\" \/><figcaption id=\"caption-attachment-166069\" class=\"wp-caption-text\">Student and PhD Student Ombudsperson team Photo by M. Dymowska<\/figcaption><\/figure>\n<p style=\"text-align: left;\">From the left: Dagna Kocur, PhD, Marek Suska, PhD, Marlena Drapalska-Grochowicz, PhD, Agnieszka Bielska-Brodziak, PhD, DLitt, Assoc. Prof., S\u0142awomir Piekarczyk, PhD<\/p>\n<p>[\/vc_column_text][\/vc_column][vc_column width=&#8221;1\/12&#8243;][\/vc_column][\/vc_row][vc_row el_class=&#8221;container&#8221;][vc_column width=&#8221;1\/12&#8243;][\/vc_column][vc_column width=&#8221;10\/12&#8243;]\r\n                <div class=\"text-modules\">\r\n                    <div class=\"container\">\r\n                        \r\n                        <div class=\"text-modules__content\"><\/p>\n<p>My team consists of three lawyers \u2013 <strong>Marlena Drapalska-Grochowicz<\/strong>, <strong>S\u0142awomir Piekarczyk<\/strong> and <strong>Marek Suska<\/strong>. They all hold PhDs in law and are academics. The fourth plenipotentiary is <strong>Dagna Kocur<\/strong>, PhD, a psychologist and academic.<\/p>\n<p>\n<\/div>\r\n                    <\/div>\r\n                <\/div>\r\n                <div class=\"text-modules\">\r\n                    <div class=\"container\">\r\n                        \r\n                        <div class=\"text-modules__content\"><\/p>\n<p>Professional preparation and commitment of all four of them allow us to efficiently respond to problems reported to the Student and PhD Student Ombudsperson of the University of Silesia.<\/p>\n<p>\n<\/div>\r\n                    <\/div>\r\n                <\/div>\r\n                <div class=\"text-modules\">\r\n                    <div class=\"container\">\r\n                        \r\n                        <div class=\"text-modules__content\"><\/p>\n<p>I also closely cooperate with psychologists providing psychological support within the Student Service Centre at the University of Silesia. I believe that this form of support and accompaniment may significantly facilitate going through crises that may be faced by members of the academic community.<\/p>\n<p>\n<\/div>\r\n                    <\/div>\r\n                <\/div>[\/vc_column][vc_column width=&#8221;1\/12&#8243;][\/vc_column][\/vc_row][vc_row el_class=&#8221;container&#8221;][vc_column width=&#8221;1\/12&#8243;][\/vc_column][vc_column width=&#8221;10\/12&#8243;]\r\n                <div class='sidebar_moduls sidebar_button' style=\"background-color: #EBEBEB; color: #002E5A\">\r\n                    <h3>How to report your case?<\/h3>\r\n                    <div class='link-button-wrap'><a style=\"background-color: #002E5A!important; color: #FFFFFF!important\" href='https:\/\/us.edu.pl\/en\/ksztalcenie\/rpsid\/jak-zglosic-sprawe\/' class='link-button'>contact<\/a><\/div>\r\n                <\/div>[\/vc_column][vc_column width=&#8221;1\/12&#8243;][\/vc_column][\/vc_row][\/vc_section][vc_row][vc_column width=&#8221;1\/6&#8243;][\/vc_column][vc_column width=&#8221;2\/3&#8243;]\r\n                <div class=\"text-modules\">\r\n                    <div class=\"container\">\r\n                        \r\n                        <div class=\"text-modules__content\"><\/p>\n<hr \/>\n<p>Footnotes:<\/p>\n<p><span style=\"font-size: 12px;\"><a href=\"#_ftnref1\" name=\"_ftn1\">[1]<\/a> Certified by The European Association for Gestalt Therapy (EAGT) and Polskie Towarzystwo Psychologiczne (Polish Psychological Association): https:\/\/gestalt.edu.pl\/szkola-psychoterapeutow\/.<\/span><\/p>\n<p><span style=\"font-size: 12px;\"><a href=\"#_ftnref2\" name=\"_ftn2\">[2]<\/a> http:\/\/fundacja-mindfulness.org\/fundacja.<\/span><\/p>\n<p><span style=\"font-size: 12px;\"><a href=\"#_ftnref3\" name=\"_ftn3\">[3]<\/a> https:\/\/meritum.slask.pl.<\/span><\/p>\n<p><span style=\"font-size: 12px;\"><a href=\"#_ftnref4\" name=\"_ftn4\">[4]<\/a> The course is organised by by Stowarzyszenie Jogi Akademickiej (Academic Yoga Association), which was co-founded by Assoc. Prof. Janusz Szopa, Professsor of the Academy of Physical Education: https:\/\/www.jogaakademicka.pl\/spages\/view\/id\/17\/title\/prof-awf-dr-hab-janusz-szopa.<\/span><\/p>\n<p>\n<\/div>\r\n                    <\/div>\r\n                <\/div>[\/vc_column][vc_column width=&#8221;1\/6&#8243;][\/vc_column][\/vc_row][vc_row gap=&#8221;10&#8243; equal_height=&#8221;yes&#8221; content_placement=&#8221;middle&#8221; disable_element=&#8221;yes&#8221;][vc_column width=&#8221;1\/3&#8243;][\/vc_column][vc_column width=&#8221;1\/3&#8243; css=&#8221;.vc_custom_1605696021012{padding: 10% !important;background-color: #f2f2f2 !important;background-position: center !important;background-repeat: no-repeat !important;background-size: contain !important;}&#8221; el_class=&#8221;container&#8221;][vc_empty_space]\r\n                <div class=\"text-modules\">\r\n                    <div class=\"container\">\r\n                        \r\n                        <div class=\"text-modules__content\"><\/p>\n<p class=\"page-title text__title\" style=\"text-align: center;\">Jak zg\u0142osi\u0107 spraw\u0119?<\/p>\n<p>\n<\/div>\r\n                    <\/div>\r\n                <\/div>[vc_btn title=&#8221;kontakt&#8221; style=&#8221;classic&#8221; shape=&#8221;square&#8221; color=&#8221;blue&#8221; align=&#8221;center&#8221; link=&#8221;url:http%3A%2F%2Fus.edu.pl%2Fksztalcenie%2Frpsid%2Fjak-zglosic-sprawe%2F|title:kontakt||&#8221;][vc_empty_space][\/vc_column][vc_column width=&#8221;1\/3&#8243;][\/vc_column][\/vc_row]<\/p>\n<p><\/p>","protected":false},"excerpt":{"rendered":"<p>[vc_row css=&#8221;.vc_custom_1605693872081{margin-top: 0px !important;}&#8221; el_class=&#8221;container&#8221;][vc_column][\/vc_column][\/vc_row][vc_row content_placement=&#8221;middle&#8221; css=&#8221;.vc_custom_1605693914053{padding-top: 0px !important;padding-right: 0px !important;padding-bottom: 0px !important;padding-left: 0px !important;}&#8221; el_class=&#8221;container&#8221;][vc_column el_class=&#8221;bg-gray&#8221;][vc_empty_space height=&#8221;20px&#8221;][\/vc_column][\/vc_row][vc_row el_class=&#8221;container&#8221;][vc_column][vc_empty_space height=&#8221;20px&#8221;][\/vc_column][\/vc_row][vc_section][vc_row content_placement=&#8221;middle&#8221; el_class=&#8221;container&#8221;][vc_column width=&#8221;1\/12&#8243;][\/vc_column][vc_column width=&#8221;3\/12&#8243;][\/vc_column][vc_column width=&#8221;8\/12&#8243;][\/vc_column][\/vc_row][vc_row el_class=&#8221;container&#8221;][vc_column][\/vc_column][\/vc_row][vc_row el_class=&#8221;container&#8221;][vc_column width=&#8221;1\/12&#8243;][\/vc_column][vc_column width=&#8221;10\/12&#8243;][vc_column_text] From the left: Dagna Kocur, PhD, Marek Suska, PhD, Marlena Drapalska-Grochowicz, PhD, Agnieszka Bielska-Brodziak, PhD, DLitt, Assoc. Prof., S\u0142awomir Piekarczyk, PhD [\/vc_column_text][\/vc_column][vc_column width=&#8221;1\/12&#8243;][\/vc_column][\/vc_row][vc_row el_class=&#8221;container&#8221;][vc_column width=&#8221;1\/12&#8243;][\/vc_column][vc_column width=&#8221;10\/12&#8243;][\/vc_column][vc_column [&#8230;]<\/p>\n<p><a class=\"btn btn-secondary understrap-read-more-link\" href=\"https:\/\/us.edu.pl\/en\/ksztalcenie\/rpsid\/rzecznik-i-jego-zespol\/\">Read More&#8230;<\/a><\/p>\n","protected":false},"author":26,"featured_media":0,"parent":129654,"menu_order":0,"comment_status":"closed","ping_status":"closed","template":"","meta":{"_expiration-date-status":"","_expiration-date":0,"_expiration-date-type":"","_expiration-date-categories":[],"_expiration-date-options":[]},"acf":[],"_links":{"self":[{"href":"https:\/\/us.edu.pl\/en\/wp-json\/wp\/v2\/pages\/129663"}],"collection":[{"href":"https:\/\/us.edu.pl\/en\/wp-json\/wp\/v2\/pages"}],"about":[{"href":"https:\/\/us.edu.pl\/en\/wp-json\/wp\/v2\/types\/page"}],"author":[{"embeddable":true,"href":"https:\/\/us.edu.pl\/en\/wp-json\/wp\/v2\/users\/26"}],"replies":[{"embeddable":true,"href":"https:\/\/us.edu.pl\/en\/wp-json\/wp\/v2\/comments?post=129663"}],"version-history":[{"count":5,"href":"https:\/\/us.edu.pl\/en\/wp-json\/wp\/v2\/pages\/129663\/revisions"}],"predecessor-version":[{"id":167375,"href":"https:\/\/us.edu.pl\/en\/wp-json\/wp\/v2\/pages\/129663\/revisions\/167375"}],"up":[{"embeddable":true,"href":"https:\/\/us.edu.pl\/en\/wp-json\/wp\/v2\/pages\/129654"}],"wp:attachment":[{"href":"https:\/\/us.edu.pl\/en\/wp-json\/wp\/v2\/media?parent=129663"}],"curies":[{"name":"wp","href":"https:\/\/api.w.org\/{rel}","templated":true}]}}