{"id":132630,"date":"2021-01-11T16:26:24","date_gmt":"2021-01-11T15:26:24","guid":{"rendered":"https:\/\/us.edu.pl\/?page_id=132630"},"modified":"2024-01-19T11:27:02","modified_gmt":"2024-01-19T10:27:02","slug":"ulka-aparatura","status":"publish","type":"page","link":"https:\/\/us.edu.pl\/en\/nauka-i-badania\/centra-badawcze\/ulka\/ulka-aparatura\/","title":{"rendered":"ULAC &#8211; research apparatus"},"content":{"rendered":"<p><\/p>\n<p>[vc_row css=&#8221;.vc_custom_1603444262786{margin-top: 0px !important;}&#8221;][vc_column]\r\n                <div class=\"text-modules\">\r\n                    <div class=\"container\">\r\n                        \r\n                        <div class=\"text-modules__content\"><\/p>\n<div class=\"page-title text__title\" style=\"font-size: 160%;\">\n<p><span style=\"color: #002e5a;\"><a style=\"color: #002e5a;\" href=\"https:\/\/us.edu.pl\/en\/nauka-i-badania\/centra-badawcze\/ulka\/\">University Laboratories for Atmosphere Control<\/a><\/span><\/p>\n<\/div>\n<p>\n<\/div>\r\n                    <\/div>\r\n                <\/div>[\/vc_column][\/vc_row][vc_row full_height=&#8221;yes&#8221; equal_height=&#8221;yes&#8221; content_placement=&#8221;middle&#8221; css=&#8221;.vc_custom_1603774871283{padding: 0px !important;}&#8221;][vc_column css=&#8221;.vc_custom_1603774547380{background-color: #f2f2f2 !important;}&#8221;][vc_empty_space height=&#8221;20px&#8221;]\r\n                <div class=\"text-modules\">\r\n                    <div class=\"container\">\r\n                        \r\n                        <div class=\"text-modules__content\"><\/p>\n<div class=\"page-title text__title\" style=\"margin-left: 20px;\">\n<h3 style=\"font-size: 100%;\"><strong>Research apparatus<\/strong><\/h3>\n<\/div>\n<p>\n<\/div>\r\n                    <\/div>\r\n                <\/div>[vc_single_image source=&#8221;external_link&#8221; external_img_size=&#8221;min-height:900px&#8221; alignment=&#8221;center&#8221; css=&#8221;.vc_custom_1603798979243{margin-top: 0px !important;}&#8221; custom_src=&#8221;https:\/\/us.edu.pl\/wp-content\/uploads\/obrazki-stron\/ulka\/1603797982090_fot-Julia-Agnieszka-Szymala-www-pasek_.jpg&#8221; caption=&#8221;Start lotu badawczego&#8221;][\/vc_column][\/vc_row][vc_row el_class=&#8221;container&#8221;][vc_column width=&#8221;1\/6&#8243;][\/vc_column][vc_column width=&#8221;2\/3&#8243;][vc_empty_space]\r\n                <div class=\"text-modules reverse\">\r\n                    <div class=\"container\">\r\n                        <h3 class=\"section-title section-title_border-bottom\">Mobile laboratories equipment<\/h3> \r\n                        <div class=\"row m-0\">\r\n                            <div class=\"text-modules__content\">\r\n                                <\/p>\n<p><strong>PERSONAL OZONE MONITOR (POM; 2B Technologies)<\/strong><\/p>\n<p>A device for the measurements of atmospheric ozone, modified to take field measurements in various altitudes.<\/p>\n<div class=\"mt-3\"><\/div>\r\n                            <\/div>\r\n                            \r\n                            <div class=\"text-modules__img\"><img src=\"https:\/\/us.edu.pl\/wp-content\/uploads\/obrazki-stron\/ulka\/ANALIZATOR-OZONU_www.png\" alt=\"img\"><\/div>\r\n                        <\/div>\r\n                    <\/div>\r\n                <\/div>\r\n                <div class=\"text-modules reverse\">\r\n                    <div class=\"container\">\r\n                         \r\n                        <div class=\"row m-0\">\r\n                            <div class=\"text-modules__content\">\r\n                                <\/p>\n<p><strong>AETHALOMETER (type AE51)<\/strong><\/p>\n<p>A device for the investigation of soot particles found in ambient air.<\/p>\n<div class=\"mt-3\"><\/div>\r\n                            <\/div>\r\n                            \r\n                            <div class=\"text-modules__img\"><img src=\"https:\/\/us.edu.pl\/wp-content\/uploads\/obrazki-stron\/ulka\/analizator-sadzy.jpg\" alt=\"img\"><\/div>\r\n                        <\/div>\r\n                    <\/div>\r\n                <\/div>\r\n                <div class=\"text-modules reverse\">\r\n                    <div class=\"container\">\r\n                         \r\n                        <div class=\"row m-0\">\r\n                            <div class=\"text-modules__content\">\r\n                                <\/p>\n<p><strong>Nanoparticle Sizer (NANOSCAN TSI)<\/strong><\/p>\n<p>A device for the investigation and collection of nanoparticle concentration data in ten intervals within the range from 10 nm to 300 nm.<\/p>\n<div class=\"mt-3\"><\/div>\r\n                            <\/div>\r\n                            \r\n                            <div class=\"text-modules__img\"><img src=\"https:\/\/us.edu.pl\/wp-content\/uploads\/obrazki-stron\/ulka\/20180316_nanoscan102840_www.png\" alt=\"img\"><\/div>\r\n                        <\/div>\r\n                    <\/div>\r\n                <\/div>\r\n                <div class=\"text-modules reverse\">\r\n                    <div class=\"container\">\r\n                         \r\n                        <div class=\"row m-0\">\r\n                            <div class=\"text-modules__content\">\r\n                                <\/p>\n<p><strong>Optical Particle Sizer<br \/>\n<\/strong><\/p>\n<p>A device for the measurements of particles 0.3 to 10 micrometres in 16 user-adjustable size channels.<\/p>\n<div class=\"mt-3\"><\/div>\r\n                            <\/div>\r\n                            \r\n                            <div class=\"text-modules__img\"><img src=\"https:\/\/us.edu.pl\/wp-content\/uploads\/obrazki-stron\/ulka\/DSC06209-liczniki-mikrocz\u0105steczek.png\" alt=\"img\"><\/div>\r\n                        <\/div>\r\n                    <\/div>\r\n                <\/div>\r\n                <div class=\"text-modules reverse\">\r\n                    <div class=\"container\">\r\n                         \r\n                        <div class=\"row m-0\">\r\n                            <div class=\"text-modules__content\">\r\n                                <\/p>\n<p><strong>Gas Analyser (DUVAS 3000)<\/strong><\/p>\n<p>A device for the analysis of the concentration of SO2, NO, NO2, NH3, benzene, and formaldehyde. It has a built-in GPS.<\/p>\n<div class=\"mt-3\"><\/div>\r\n                            <\/div>\r\n                            \r\n                            <div class=\"text-modules__img\"><img src=\"https:\/\/us.edu.pl\/wp-content\/uploads\/obrazki-stron\/ulka\/analizator-gaz\u00f3w-20190912_181131.png\" alt=\"img\"><\/div>\r\n                        <\/div>\r\n                    <\/div>\r\n                <\/div>\r\n                <div class=\"text-modules reverse\">\r\n                    <div class=\"container\">\r\n                         \r\n                        <div class=\"row m-0\">\r\n                            <div class=\"text-modules__content\">\r\n                                <\/p>\n<p><strong>Compact Weather Station (GILL)<\/strong><\/p>\n<p>A device for the measurement of the basic weather parameters: temperature, pressure and humidity. All the data are recorded for further analysis.<\/p>\n<div class=\"mt-3\"><\/div>\r\n                            <\/div>\r\n                            \r\n                            <div class=\"text-modules__img\"><img src=\"https:\/\/us.edu.pl\/wp-content\/uploads\/obrazki-stron\/ulka\/20180313_stacja-meteo125514.png\" alt=\"img\"><\/div>\r\n                        <\/div>\r\n                    <\/div>\r\n                <\/div>\r\n                <div class=\"text-modules reverse\">\r\n                    <div class=\"container\">\r\n                         \r\n                        <div class=\"row m-0\">\r\n                            <div class=\"text-modules__content\">\r\n                                <\/p>\n<p><strong>High-Flow Air Particle Sampler (SENYA)<\/strong><\/p>\n<p>A device for the collection of airborne contamination samples with a flow up to 150 m3\/h. The collected samples may be used for further analyses in stationary laboratories to determine the chemical, phase and mineral composition of adsorbed organic compounds, radionuclide content, etc.<\/p>\n<div class=\"mt-3\"><\/div>\r\n                            <\/div>\r\n                            \r\n                            <div class=\"text-modules__img\"><img src=\"https:\/\/us.edu.pl\/wp-content\/uploads\/obrazki-stron\/ulka\/Aspirator-wysokoprzep\u0142ywowy-SENYA.png\" alt=\"img\"><\/div>\r\n                        <\/div>\r\n                    <\/div>\r\n                <\/div>\r\n                <div class=\"text-modules reverse\">\r\n                    <div class=\"container\">\r\n                         \r\n                        <div class=\"row m-0\">\r\n                            <div class=\"text-modules__content\">\r\n                                <\/p>\n<p><strong>Compact Flight Transponder<\/strong><\/p>\n<p>A device for the safe use of the Overhead Mobile Laboratory for Atmosphere Control in the aerial space.<\/p>\n<div class=\"mt-3\"><\/div>\r\n                            <\/div>\r\n                            \r\n                            <div class=\"text-modules__img\"><img src=\"https:\/\/us.edu.pl\/wp-content\/uploads\/obrazki-stron\/ulka\/TRANSPONDER-lotniczy.png\" alt=\"img\"><\/div>\r\n                        <\/div>\r\n                    <\/div>\r\n                <\/div>[\/vc_column][vc_column width=&#8221;1\/6&#8243;][\/vc_column][\/vc_row][vc_row equal_height=&#8221;yes&#8221; rtl_reverse=&#8221;yes&#8221; content_placement=&#8221;middle&#8221; disable_element=&#8221;yes&#8221; el_class=&#8221;container&#8221;][vc_column width=&#8221;1\/2&#8243; el_class=&#8221;container&#8221; css=&#8221;.vc_custom_1603714979641{margin-top: 0px !important;margin-bottom: 0px !important;}&#8221;]\r\n                <div class=\"text-modules\">\r\n                    <div class=\"container\">\r\n                        \r\n                        <div class=\"text-modules__content\"><\/p>\n<p><img class=\"wp-image-128634 size-full\" src=\"https:\/\/us.edu.pl\/wp-content\/uploads\/obrazki-stron\/ulka\/20191108_142033_kw.jpg\" alt=\"Balon badawczy w locie \" width=\"100%\" height=\"auto\" srcset=\"https:\/\/us.edu.pl\/wp-content\/uploads\/obrazki-stron\/ulka\/20191108_142033_kw.jpg 3096w, https:\/\/us.edu.pl\/wp-content\/uploads\/obrazki-stron\/ulka\/20191108_142033_kw-150x150.jpg 150w, https:\/\/us.edu.pl\/wp-content\/uploads\/obrazki-stron\/ulka\/20191108_142033_kw-600x600.jpg 600w, https:\/\/us.edu.pl\/wp-content\/uploads\/obrazki-stron\/ulka\/20191108_142033_kw-768x768.jpg 768w, https:\/\/us.edu.pl\/wp-content\/uploads\/obrazki-stron\/ulka\/20191108_142033_kw-1024x1024.jpg 1024w, https:\/\/us.edu.pl\/wp-content\/uploads\/obrazki-stron\/ulka\/20191108_142033_kw-575x575.jpg 575w\" sizes=\"(max-width: 3096px) 100vw, 3096px\" \/><\/p>\n<p>\n<\/div>\r\n                    <\/div>\r\n                <\/div>[\/vc_column][vc_column width=&#8221;1\/2&#8243; css=&#8221;.vc_custom_1603714991000{margin-top: 12px !important;margin-bottom: 30px !important;background-color: #f2f2f2 !important;background-position: center !important;background-repeat: no-repeat !important;background-size: contain !important;}&#8221; el_class=&#8221;container&#8221;]\r\n                <div class=\"text-modules\">\r\n                    <div class=\"container\">\r\n                        \r\n                        <div class=\"text-modules__content\"><\/p>\n<div style=\"font-family: 'PT Sans Narrow', sans-serif; text-align: left;\">\n<p style=\"text-align: center;\"><span style=\"font-size: 130%; font-family: Verdana, Arial, Helvetica, sans-serif;\">Skontaktuj si\u0119 z nami<\/span><\/p>\n<\/div>\n<p style=\"text-align: center;\">Dowiedz si\u0119 wi\u0119cej na temat wykonywanych analiz i bada\u0144<\/p>\n<p>\n<\/div>\r\n                    <\/div>\r\n                <\/div>[vc_btn title=&#8221;Kontakt&#8221; style=&#8221;classic&#8221; shape=&#8221;square&#8221; color=&#8221;blue&#8221; align=&#8221;center&#8221; link=&#8221;url:%2Fulka%2F%23kontakt|||&#8221;][\/vc_column][\/vc_row][vc_row][vc_column][vc_empty_space][vc_separator][\/vc_column][\/vc_row][vc_row disable_element=&#8221;yes&#8221; css=&#8221;.vc_custom_1612520846556{margin-top: 0px !important;margin-bottom: 0px !important;}&#8221;][vc_column width=&#8221;1\/4&#8243;][\/vc_column][vc_column width=&#8221;3\/4&#8243;][vc_row_inner css=&#8221;.vc_custom_1603694983516{margin-top: 0px !important;margin-bottom: 0px !important;padding-top: 0px !important;padding-bottom: 0px !important;}&#8221; el_class=&#8221;menu-item menu-item-type-custom menu-item-object-custom menu-item-113828 nav-item&#8221;][vc_column_inner width=&#8221;1\/6&#8243; css=&#8221;.vc_custom_1603695005240{margin-top: -20px !important;margin-bottom: -5px !important;padding-top: 0px !important;padding-bottom: 0px !important;}&#8221;]\r\n                <div class=\"text-modules\">\r\n                    <div class=\"container\">\r\n                        \r\n                        <div class=\"text-modules__content\"><\/p>\n<div style=\"text-align: center;\">\n<p style=\"text-align: center;\"><strong><span style=\"color: #011535;\"><a style=\"color: #011535;\" href=\"https:\/\/us.edu.pl\/nauka-i-badania\/centra-badawcze\/ulka\/\">ULKA<\/a><\/span><\/strong><\/p>\n<\/div>\n<p>\n<\/div>\r\n                    <\/div>\r\n                <\/div>[\/vc_column_inner][vc_column_inner width=&#8221;1\/6&#8243; css=&#8221;.vc_custom_1603695032421{margin-top: -20px !important;margin-bottom: -5px !important;}&#8221;]\r\n                <div class=\"text-modules\">\r\n                    <div class=\"container\">\r\n                        \r\n                        <div class=\"text-modules__content\"><\/p>\n<p style=\"text-align: center;\"><span style=\"color: #011535;\"><strong><a style=\"color: #011535;\" href=\"https:\/\/us.edu.pl\/en\/nauka-i-badania\/centra-badawcze\/ulka\/ulka-badania\/\">Research<\/a><\/strong><\/span><\/p>\n<p>\n<\/div>\r\n                    <\/div>\r\n                <\/div>[\/vc_column_inner][vc_column_inner width=&#8221;1\/6&#8243; css=&#8221;.vc_custom_1603695114103{margin-top: -20px !important;margin-bottom: -5px !important;padding-top: 0px !important;}&#8221;]\r\n                <div class=\"text-modules\">\r\n                    <div class=\"container\">\r\n                        \r\n                        <div class=\"text-modules__content\"><\/p>\n<p style=\"text-align: center;\"><span style=\"color: #011535;\"><strong><a style=\"color: #011535;\" href=\"https:\/\/us.edu.pl\/en\/nauka-i-badania\/centra-badawcze\/ulka\/ulka-wspolpraca\/\">Collaboration<\/a><\/strong><\/span><\/p>\n<p>\n<\/div>\r\n                    <\/div>\r\n                <\/div>[\/vc_column_inner][vc_column_inner width=&#8221;1\/6&#8243; css=&#8221;.vc_custom_1603695124733{margin-top: -20px !important;margin-bottom: -5px !important;}&#8221;]\r\n                <div class=\"text-modules\">\r\n                    <div class=\"container\">\r\n                        \r\n                        <div class=\"text-modules__content\"><\/p>\n<p style=\"text-align: center;\"><span style=\"color: #011535;\"><strong><a style=\"color: #011535;\" href=\"https:\/\/us.edu.pl\/en\/nauka-i-badania\/centra-badawcze\/ulka\/ulka-zespol\/\">Team<\/a><\/strong><\/span><\/p>\n<p>\n<\/div>\r\n                    <\/div>\r\n                <\/div>[\/vc_column_inner][vc_column_inner width=&#8221;1\/6&#8243; css=&#8221;.vc_custom_1603695139482{margin-top: -20px !important;margin-bottom: -5px !important;}&#8221;]\r\n                <div class=\"text-modules\">\r\n                    <div class=\"container\">\r\n                        \r\n                        <div class=\"text-modules__content\"><\/p>\n<p style=\"text-align: center;\"><span style=\"color: #011535;\"><a style=\"color: #011535;\" href=\"https:\/\/us.edu.pl\/en\/nauka-i-badania\/centra-badawcze\/ulka\/ulka-laboratoria\/\"><strong>Laboratories<\/strong><\/a><\/span><\/p>\n<p>\n<\/div>\r\n                    <\/div>\r\n                <\/div>[\/vc_column_inner][vc_column_inner width=&#8221;1\/6&#8243; css=&#8221;.vc_custom_1603695148830{margin-top: -20px !important;margin-bottom: -5px !important;}&#8221;]\r\n                <div class=\"text-modules\">\r\n                    <div class=\"container\">\r\n                        \r\n                        <div class=\"text-modules__content\"><\/p>\n<p style=\"text-align: center;\"><a href=\"https:\/\/us.edu.pl\/en\/nauka-i-badania\/centra-badawcze\/ulka\/ulka-multimedia\/\"><strong><span style=\"color: #011535;\">Multimedia<\/span><\/strong><\/a><\/p>\n<p>\n<\/div>\r\n                    <\/div>\r\n                <\/div>[\/vc_column_inner][\/vc_row_inner][\/vc_column][\/vc_row][vc_row content_placement=&#8221;middle&#8221; css_animation=&#8221;right-to-left&#8221; css=&#8221;.vc_custom_1612437180985{margin-top: 5% !important;background-color: #f1f1f1 !important;}&#8221; el_class=&#8221;text-modules__content&#8221;][vc_column width=&#8221;1\/4&#8243; css=&#8221;.vc_custom_1612436798774{margin-top: -10% !important;background-color: #f2f2f2 !important;}&#8221;][\/vc_column][vc_column width=&#8221;1\/4&#8243;][\/vc_column][vc_column width=&#8221;1\/4&#8243;]\r\n            <div class=\"container\">  \r\n                <div class=\"lists-with-links\">\r\n                    <div class=\"section-title\"><\/div>\r\n                   <div class=\"lists-with-links__items lists-1\"><ul class=\"angle-list\"> <li> <a href=\"https:\/\/us.edu.pl\/en\/nauka-i-badania\/centra-badawcze\/ulka\/\"> ULAC <\/a> <\/li><li> <a href=\"https:\/\/us.edu.pl\/en\/nauka-i-badania\/centra-badawcze\/ulka\/ulka-badania\/\"> Research <\/a> <\/li><li> <a href=\"https:\/\/us.edu.pl\/en\/nauka-i-badania\/centra-badawcze\/ulka\/ulka-oferta\/\"> Research offer <\/a> <\/li><li> <a href=\"https:\/\/us.edu.pl\/en\/nauka-i-badania\/centra-badawcze\/ulka\/ulka-laboratoria\/\"> Laboratories <\/a> <\/li><li> <a href=\"https:\/\/us.edu.pl\/en\/nauka-i-badania\/centra-badawcze\/ulka\/#kontakt\"> Contact <\/a> <\/li><\/ul><\/div>\r\n                <\/div>\r\n            <\/div>[\/vc_column][vc_column width=&#8221;1\/4&#8243;][\/vc_column][\/vc_row]<\/p>\n<p><\/p>","protected":false},"excerpt":{"rendered":"<p>[vc_row css=&#8221;.vc_custom_1603444262786{margin-top: 0px !important;}&#8221;][vc_column][\/vc_column][\/vc_row][vc_row full_height=&#8221;yes&#8221; equal_height=&#8221;yes&#8221; content_placement=&#8221;middle&#8221; css=&#8221;.vc_custom_1603774871283{padding: 0px !important;}&#8221;][vc_column css=&#8221;.vc_custom_1603774547380{background-color: #f2f2f2 !important;}&#8221;][vc_empty_space height=&#8221;20px&#8221;][vc_single_image source=&#8221;external_link&#8221; external_img_size=&#8221;min-height:900px&#8221; alignment=&#8221;center&#8221; css=&#8221;.vc_custom_1603798979243{margin-top: 0px !important;}&#8221; custom_src=&#8221;https:\/\/us.edu.pl\/wp-content\/uploads\/obrazki-stron\/ulka\/1603797982090_fot-Julia-Agnieszka-Szymala-www-pasek_.jpg&#8221; caption=&#8221;Start lotu badawczego&#8221;][\/vc_column][\/vc_row][vc_row el_class=&#8221;container&#8221;][vc_column width=&#8221;1\/6&#8243;][\/vc_column][vc_column width=&#8221;2\/3&#8243;][vc_empty_space][\/vc_column][vc_column width=&#8221;1\/6&#8243;][\/vc_column][\/vc_row][vc_row equal_height=&#8221;yes&#8221; rtl_reverse=&#8221;yes&#8221; content_placement=&#8221;middle&#8221; disable_element=&#8221;yes&#8221; el_class=&#8221;container&#8221;][vc_column width=&#8221;1\/2&#8243; el_class=&#8221;container&#8221; css=&#8221;.vc_custom_1603714979641{margin-top: 0px !important;margin-bottom: 0px !important;}&#8221;][\/vc_column][vc_column width=&#8221;1\/2&#8243; css=&#8221;.vc_custom_1603714991000{margin-top: 12px !important;margin-bottom: 30px !important;background-color: #f2f2f2 !important;background-position: center !important;background-repeat: no-repeat !important;background-size: contain !important;}&#8221; el_class=&#8221;container&#8221;][vc_btn [&#8230;]<\/p>\n<p><a class=\"btn btn-secondary understrap-read-more-link\" href=\"https:\/\/us.edu.pl\/en\/nauka-i-badania\/centra-badawcze\/ulka\/ulka-aparatura\/\">Read More&#8230;<\/a><\/p>\n","protected":false},"author":26,"featured_media":0,"parent":122795,"menu_order":0,"comment_status":"closed","ping_status":"closed","template":"","meta":{"_expiration-date-status":"saved","_expiration-date":0,"_expiration-date-type":"","_expiration-date-categories":[],"_expiration-date-options":[]},"acf":[],"_links":{"self":[{"href":"https:\/\/us.edu.pl\/en\/wp-json\/wp\/v2\/pages\/132630"}],"collection":[{"href":"https:\/\/us.edu.pl\/en\/wp-json\/wp\/v2\/pages"}],"about":[{"href":"https:\/\/us.edu.pl\/en\/wp-json\/wp\/v2\/types\/page"}],"author":[{"embeddable":true,"href":"https:\/\/us.edu.pl\/en\/wp-json\/wp\/v2\/users\/26"}],"replies":[{"embeddable":true,"href":"https:\/\/us.edu.pl\/en\/wp-json\/wp\/v2\/comments?post=132630"}],"version-history":[{"count":4,"href":"https:\/\/us.edu.pl\/en\/wp-json\/wp\/v2\/pages\/132630\/revisions"}],"predecessor-version":[{"id":179574,"href":"https:\/\/us.edu.pl\/en\/wp-json\/wp\/v2\/pages\/132630\/revisions\/179574"}],"up":[{"embeddable":true,"href":"https:\/\/us.edu.pl\/en\/wp-json\/wp\/v2\/pages\/122795"}],"wp:attachment":[{"href":"https:\/\/us.edu.pl\/en\/wp-json\/wp\/v2\/media?parent=132630"}],"curies":[{"name":"wp","href":"https:\/\/api.w.org\/{rel}","templated":true}]}}