{"id":133790,"date":"2021-01-27T18:15:45","date_gmt":"2021-01-27T17:15:45","guid":{"rendered":"https:\/\/us.edu.pl\/?page_id=133790"},"modified":"2024-01-19T11:35:54","modified_gmt":"2024-01-19T10:35:54","slug":"ulka-multimedia","status":"publish","type":"page","link":"https:\/\/us.edu.pl\/en\/nauka-i-badania\/centra-badawcze\/ulka\/ulka-multimedia\/","title":{"rendered":"ULAC \u2013 Multimedia"},"content":{"rendered":"<p>[vc_row css=&#8221;.vc_custom_1603444262786{margin-top: 0px !important;}&#8221;][vc_column]\r\n                <div class=\"text-modules\">\r\n                    <div class=\"container\">\r\n                        \r\n                        <div class=\"text-modules__content\"><\/p>\n<div class=\"page-title text__title\" style=\"font-size: 160%;\">\n<p><span style=\"color: #002e5a;\"><a style=\"color: #002e5a;\" href=\"\/centra-badawcze\/ulka\/\">Uniwersyteckie Laboratoria Kontroli Atmosfery<\/a><\/span><\/p>\n<\/div>\n<p>\n<\/div>\r\n                    <\/div>\r\n                <\/div>[\/vc_column][\/vc_row][vc_row full_height=&#8221;yes&#8221; equal_height=&#8221;yes&#8221; content_placement=&#8221;middle&#8221; css=&#8221;.vc_custom_1603774871283{padding: 0px !important;}&#8221;][vc_column css=&#8221;.vc_custom_1603774547380{background-color: #f2f2f2 !important;}&#8221;][vc_empty_space height=&#8221;20px&#8221;]\r\n                <div class=\"text-modules\">\r\n                    <div class=\"container\">\r\n                        \r\n                        <div class=\"text-modules__content\"><\/p>\n<div class=\"page-title text__title\" style=\"margin-left: 20px;\">\n<h3 style=\"font-size: 100%;\"><strong>Multimedia<\/strong><\/h3>\n<\/div>\n<p>\n<\/div>\r\n                    <\/div>\r\n                <\/div>[vc_column_text]<\/p>\n<p><img class=\"size-medium wp-image-132145\" src=\"https:\/\/us.edu.pl\/wp-content\/uploads\/obrazki-stron\/ulka\/2019-12-13_ULKA_fot.MJ-203_popr-e1611767323538.jpg\" alt=\"Panorama miasta przy zachodzie s\u0142o\u0144ca, wysoki budynek i lec\u0105ce ptaki\" height=\"400\" srcset=\"https:\/\/us.edu.pl\/wp-content\/uploads\/obrazki-stron\/ulka\/2019-12-13_ULKA_fot.MJ-203_popr-e1611767323538.jpg 3027w, https:\/\/us.edu.pl\/wp-content\/uploads\/obrazki-stron\/ulka\/2019-12-13_ULKA_fot.MJ-203_popr-e1611767323538-600x250.jpg 600w, https:\/\/us.edu.pl\/wp-content\/uploads\/obrazki-stron\/ulka\/2019-12-13_ULKA_fot.MJ-203_popr-e1611767323538-768x320.jpg 768w, https:\/\/us.edu.pl\/wp-content\/uploads\/obrazki-stron\/ulka\/2019-12-13_ULKA_fot.MJ-203_popr-e1611767323538-2000x834.jpg 2000w, https:\/\/us.edu.pl\/wp-content\/uploads\/obrazki-stron\/ulka\/2019-12-13_ULKA_fot.MJ-203_popr-e1611767323538-575x240.jpg 575w\" sizes=\"(max-width: 3027px) 100vw, 3027px\" \/> Fot. Monika Jod\u0142owska \/ Centrum Komunikacji Medialnej<\/p>\n<p>[\/vc_column_text][\/vc_column][\/vc_row][vc_row el_class=&#8221;container&#8221;][vc_column]\r\n                <div class=\"text-modules\">\r\n                    <div class=\"container\">\r\n                        \r\n                        <div class=\"text-modules__content\"><\/p>\n<h3 class=\"title style-scope ytd-video-primary-info-renderer\">Film z lotu balonem badawczym Uniwersytetu \u015al\u0105skiego w Katowicach<\/h3>\n<p class=\"title style-scope ytd-video-primary-info-renderer\">Nagranie z 2017 roku. Start z kampusu uniwersyteckiego w Katowicach<\/p>\n<p><iframe loading=\"lazy\" title=\"Film z lotu balonem badawczym Uniwersytetu \u015al\u0105skiego w Katowicach - CINiBA\" width=\"640\" height=\"360\" src=\"https:\/\/www.youtube.com\/embed\/_SN9cqhgyes?feature=oembed\" frameborder=\"0\" allow=\"accelerometer; autoplay; clipboard-write; encrypted-media; gyroscope; picture-in-picture; web-share\" allowfullscreen><\/iframe><\/p>\n<p>&nbsp;<\/p>\n<p>\n<\/div>\r\n                    <\/div>\r\n                <\/div>[\/vc_column][\/vc_row][vc_row][vc_column][vc_empty_space][\/vc_column][\/vc_row][vc_row el_class=&#8221;container&#8221;][vc_column]            \r\n                \r\n                <div class=\"container\">\r\n                     <div class=\"gallery-big \">\r\n                        <div class=\"section-title section-title_border-bottom\">Szkolenia student\u00f3w<\/div>\r\n                        <div class=\"row m-0\">\r\n                        <a data-fancybox=\"4517\" href=\"https:\/\/us.edu.pl\/wp-content\/uploads\/obrazki-stron\/ulka\/szkolenia-studentow\/20180918_170216.jpg\"\r\n                        title=\"Fot. Archiwum centrum badawczego ULKA\" \r\n                        class=\"gallery-big__item gallery-big__item_big thumbnail\"\r\n                        style=\"background-image: url(https:\/\/us.edu.pl\/wp-content\/uploads\/obrazki-stron\/ulka\/szkolenia-studentow\/20180918_170216.jpg)\"><span class=\"d-none\">https:\/\/us.edu.pl\/wp-content\/uploads\/obrazki-stron\/ulka\/szkolenia-studentow\/20180918_170216.jpg<\/span><\/a><div class=\"gallery-big__small-items\">\r\n                        <a data-fancybox=\"4517\" href=\"https:\/\/us.edu.pl\/wp-content\/uploads\/obrazki-stron\/ulka\/szkolenia-studentow\/20180912_173943.jpg\"\r\n                        title=\"Fot. Archiwum centrum badawczego ULKA\" \r\n                        class=\"gallery-big__item  thumbnail\"\r\n                        style=\"background-image: url(https:\/\/us.edu.pl\/wp-content\/uploads\/obrazki-stron\/ulka\/szkolenia-studentow\/20180912_173943.jpg)\"><span class=\"d-none\">https:\/\/us.edu.pl\/wp-content\/uploads\/obrazki-stron\/ulka\/szkolenia-studentow\/20180912_173943.jpg<\/span><\/a>\r\n                        <a data-fancybox=\"4517\" href=\"https:\/\/us.edu.pl\/wp-content\/uploads\/obrazki-stron\/ulka\/szkolenia-studentow\/20180912_174207.jpg\"\r\n                        title=\"Fot. Archiwum centrum badawczego ULKA\" \r\n                        class=\"gallery-big__item  thumbnail\"\r\n                        style=\"background-image: url(https:\/\/us.edu.pl\/wp-content\/uploads\/obrazki-stron\/ulka\/szkolenia-studentow\/20180912_174207.jpg)\"><span class=\"d-none\">https:\/\/us.edu.pl\/wp-content\/uploads\/obrazki-stron\/ulka\/szkolenia-studentow\/20180912_174207.jpg<\/span><\/a><\/div><\/div><div class=\"row m-0\">\r\n                        <a data-fancybox=\"4517\" href=\"https:\/\/us.edu.pl\/wp-content\/uploads\/obrazki-stron\/ulka\/szkolenia-studentow\/20180912_175311.jpg\"\r\n                        title=\"Fot. Archiwum centrum badawczego ULKA\" \r\n                        class=\"gallery-big__item gallery-big__item_big thumbnail\"\r\n                        style=\"background-image: url(https:\/\/us.edu.pl\/wp-content\/uploads\/obrazki-stron\/ulka\/szkolenia-studentow\/20180912_175311.jpg)\"><span class=\"d-none\">https:\/\/us.edu.pl\/wp-content\/uploads\/obrazki-stron\/ulka\/szkolenia-studentow\/20180912_175311.jpg<\/span><\/a><div class=\"gallery-big__small-items\">\r\n                        <a data-fancybox=\"4517\" href=\"https:\/\/us.edu.pl\/wp-content\/uploads\/obrazki-stron\/ulka\/szkolenia-studentow\/20180912_175328.jpg\"\r\n                        title=\"Fot. Archiwum centrum badawczego ULKA\" \r\n                        class=\"gallery-big__item  thumbnail\"\r\n                        style=\"background-image: url(https:\/\/us.edu.pl\/wp-content\/uploads\/obrazki-stron\/ulka\/szkolenia-studentow\/20180912_175328.jpg)\"><span class=\"d-none\">https:\/\/us.edu.pl\/wp-content\/uploads\/obrazki-stron\/ulka\/szkolenia-studentow\/20180912_175328.jpg<\/span><\/a>\r\n                        <a data-fancybox=\"4517\" href=\"https:\/\/us.edu.pl\/wp-content\/uploads\/obrazki-stron\/ulka\/szkolenia-studentow\/20180912_175331.jpg\"\r\n                        title=\"Fot. Archiwum centrum badawczego ULKA\" \r\n                        class=\"gallery-big__item  thumbnail\"\r\n                        style=\"background-image: url(https:\/\/us.edu.pl\/wp-content\/uploads\/obrazki-stron\/ulka\/szkolenia-studentow\/20180912_175331.jpg)\"><span class=\"d-none\">https:\/\/us.edu.pl\/wp-content\/uploads\/obrazki-stron\/ulka\/szkolenia-studentow\/20180912_175331.jpg<\/span><\/a><\/div><\/div><div class=\"row m-0\">\r\n                        <a data-fancybox=\"4517\" href=\"https:\/\/us.edu.pl\/wp-content\/uploads\/obrazki-stron\/ulka\/szkolenia-studentow\/20180913_170143.jpg\"\r\n                        title=\"Fot. Archiwum centrum badawczego ULKA\" \r\n                        class=\"gallery-big__item gallery-big__item_big thumbnail\"\r\n                        style=\"background-image: url(https:\/\/us.edu.pl\/wp-content\/uploads\/obrazki-stron\/ulka\/szkolenia-studentow\/20180913_170143.jpg)\"><span class=\"d-none\">https:\/\/us.edu.pl\/wp-content\/uploads\/obrazki-stron\/ulka\/szkolenia-studentow\/20180913_170143.jpg<\/span><\/a><div class=\"gallery-big__small-items\">\r\n                        <a data-fancybox=\"4517\" href=\"https:\/\/us.edu.pl\/wp-content\/uploads\/obrazki-stron\/ulka\/szkolenia-studentow\/20180913_170746.jpg\"\r\n                        title=\"Fot. Archiwum centrum badawczego ULKA\" \r\n                        class=\"gallery-big__item  thumbnail\"\r\n                        style=\"background-image: url(https:\/\/us.edu.pl\/wp-content\/uploads\/obrazki-stron\/ulka\/szkolenia-studentow\/20180913_170746.jpg)\"><span class=\"d-none\">https:\/\/us.edu.pl\/wp-content\/uploads\/obrazki-stron\/ulka\/szkolenia-studentow\/20180913_170746.jpg<\/span><\/a>\r\n                        <a data-fancybox=\"4517\" href=\"https:\/\/us.edu.pl\/wp-content\/uploads\/obrazki-stron\/ulka\/szkolenia-studentow\/20180913_170819.jpg\"\r\n                        title=\"Fot. Archiwum centrum badawczego ULKA\" \r\n                        class=\"gallery-big__item  thumbnail\"\r\n                        style=\"background-image: url(https:\/\/us.edu.pl\/wp-content\/uploads\/obrazki-stron\/ulka\/szkolenia-studentow\/20180913_170819.jpg)\"><span class=\"d-none\">https:\/\/us.edu.pl\/wp-content\/uploads\/obrazki-stron\/ulka\/szkolenia-studentow\/20180913_170819.jpg<\/span><\/a><\/div><\/div><div class=\"row m-0\">\r\n                        <a data-fancybox=\"4517\" href=\"https:\/\/us.edu.pl\/wp-content\/uploads\/obrazki-stron\/ulka\/szkolenia-studentow\/20180913_170847.jpg\"\r\n                        title=\"Fot. Archiwum centrum badawczego ULKA\" \r\n                        class=\"gallery-big__item gallery-big__item_big thumbnail\"\r\n                        style=\"background-image: url(https:\/\/us.edu.pl\/wp-content\/uploads\/obrazki-stron\/ulka\/szkolenia-studentow\/20180913_170847.jpg)\"><span class=\"d-none\">https:\/\/us.edu.pl\/wp-content\/uploads\/obrazki-stron\/ulka\/szkolenia-studentow\/20180913_170847.jpg<\/span><\/a><div class=\"gallery-big__small-items\">\r\n                        <a data-fancybox=\"4517\" href=\"https:\/\/us.edu.pl\/wp-content\/uploads\/obrazki-stron\/ulka\/szkolenia-studentow\/20180913_171110.jpg\"\r\n                        title=\"Fot. Archiwum centrum badawczego ULKA\" \r\n                        class=\"gallery-big__item  thumbnail\"\r\n                        style=\"background-image: url(https:\/\/us.edu.pl\/wp-content\/uploads\/obrazki-stron\/ulka\/szkolenia-studentow\/20180913_171110.jpg)\"><span class=\"d-none\">https:\/\/us.edu.pl\/wp-content\/uploads\/obrazki-stron\/ulka\/szkolenia-studentow\/20180913_171110.jpg<\/span><\/a>\r\n                        <a data-fancybox=\"4517\" href=\"https:\/\/us.edu.pl\/wp-content\/uploads\/obrazki-stron\/ulka\/szkolenia-studentow\/20180918_165629.jpg\"\r\n                        title=\"Fot. Archiwum centrum badawczego ULKA\" \r\n                        class=\"gallery-big__item  thumbnail\"\r\n                        style=\"background-image: url(https:\/\/us.edu.pl\/wp-content\/uploads\/obrazki-stron\/ulka\/szkolenia-studentow\/20180918_165629.jpg)\"><span class=\"d-none\">https:\/\/us.edu.pl\/wp-content\/uploads\/obrazki-stron\/ulka\/szkolenia-studentow\/20180918_165629.jpg<\/span><\/a><\/div><\/div><div class=\"row m-0\">\r\n                        <a data-fancybox=\"4517\" href=\"https:\/\/us.edu.pl\/wp-content\/uploads\/obrazki-stron\/ulka\/szkolenia-studentow\/20180918_170110.jpg\"\r\n                        title=\"Fot. Archiwum centrum badawczego ULKA\" \r\n                        class=\"gallery-big__item gallery-big__item_big thumbnail\"\r\n                        style=\"background-image: url(https:\/\/us.edu.pl\/wp-content\/uploads\/obrazki-stron\/ulka\/szkolenia-studentow\/20180918_170110.jpg)\"><span class=\"d-none\">https:\/\/us.edu.pl\/wp-content\/uploads\/obrazki-stron\/ulka\/szkolenia-studentow\/20180918_170110.jpg<\/span><\/a><div class=\"gallery-big__small-items\">\r\n                        <a data-fancybox=\"4517\" href=\"https:\/\/us.edu.pl\/wp-content\/uploads\/obrazki-stron\/ulka\/szkolenia-studentow\/20180918_170134.jpg\"\r\n                        title=\"Fot. Archiwum centrum badawczego ULKA\" \r\n                        class=\"gallery-big__item  thumbnail\"\r\n                        style=\"background-image: url(https:\/\/us.edu.pl\/wp-content\/uploads\/obrazki-stron\/ulka\/szkolenia-studentow\/20180918_170134.jpg)\"><span class=\"d-none\">https:\/\/us.edu.pl\/wp-content\/uploads\/obrazki-stron\/ulka\/szkolenia-studentow\/20180918_170134.jpg<\/span><\/a><\/div><\/div>\r\n                    <\/div>\r\n                <\/div>[\/vc_column][\/vc_row][vc_row][vc_column][vc_empty_space][vc_separator][\/vc_column][\/vc_row][vc_row content_placement=&#8221;middle&#8221; css_animation=&#8221;right-to-left&#8221; css=&#8221;.vc_custom_1612437180985{margin-top: 5% !important;background-color: #f1f1f1 !important;}&#8221; el_class=&#8221;text-modules__content&#8221;][vc_column width=&#8221;1\/4&#8243; css=&#8221;.vc_custom_1612436798774{margin-top: -10% !important;background-color: #f2f2f2 !important;}&#8221;][\/vc_column][vc_column width=&#8221;1\/4&#8243;][\/vc_column][vc_column width=&#8221;1\/4&#8243;]\r\n            <div class=\"container\">  \r\n                <div class=\"lists-with-links\">\r\n                    <div class=\"section-title\"><\/div>\r\n                   <div class=\"lists-with-links__items lists-1\"><ul class=\"angle-list\"> <li> <a href=\"\/nauka-i-badania\/centra-badawcze\/ulka\/\"> ULKA <\/a> <\/li><li> <a href=\"\/nauka-i-badania\/centra-badawcze\/ulka\/ulka-badania\"> Badania <\/a> <\/li><li> <a href=\"\/nauka-i-badania\/centra-badawcze\/ulka\/ulka-oferta\/\"> Oferta badawcza  <\/a> <\/li><li> <a href=\"\/nauka-i-badania\/centra-badawcze\/ulka\/ulka-laboratoria\/\"> Laboratoria <\/a> <\/li><li> <a href=\"\/nauka-i-badania\/centra-badawcze\/ulka\/#kontakt\"> Kontakt <\/a> <\/li><\/ul><\/div>\r\n                <\/div>\r\n            <\/div>[\/vc_column][vc_column width=&#8221;1\/4&#8243;][\/vc_column][\/vc_row]<\/p>\n","protected":false},"excerpt":{"rendered":"<p>[vc_row css=&#8221;.vc_custom_1603444262786{margin-top: 0px !important;}&#8221;][vc_column][\/vc_column][\/vc_row][vc_row full_height=&#8221;yes&#8221; equal_height=&#8221;yes&#8221; content_placement=&#8221;middle&#8221; css=&#8221;.vc_custom_1603774871283{padding: 0px !important;}&#8221;][vc_column css=&#8221;.vc_custom_1603774547380{background-color: #f2f2f2 !important;}&#8221;][vc_empty_space height=&#8221;20px&#8221;][vc_column_text] Fot. Monika Jod\u0142owska \/ Centrum Komunikacji Medialnej [\/vc_column_text][\/vc_column][\/vc_row][vc_row el_class=&#8221;container&#8221;][vc_column][\/vc_column][\/vc_row][vc_row][vc_column][vc_empty_space][\/vc_column][\/vc_row][vc_row el_class=&#8221;container&#8221;][vc_column][\/vc_column][\/vc_row][vc_row][vc_column][vc_empty_space][vc_separator][\/vc_column][\/vc_row][vc_row content_placement=&#8221;middle&#8221; css_animation=&#8221;right-to-left&#8221; css=&#8221;.vc_custom_1612437180985{margin-top: 5% !important;background-color: #f1f1f1 !important;}&#8221; el_class=&#8221;text-modules__content&#8221;][vc_column width=&#8221;1\/4&#8243; css=&#8221;.vc_custom_1612436798774{margin-top: -10% !important;background-color: #f2f2f2 !important;}&#8221;][\/vc_column][vc_column width=&#8221;1\/4&#8243;][\/vc_column][vc_column width=&#8221;1\/4&#8243;][\/vc_column][vc_column width=&#8221;1\/4&#8243;][\/vc_column][\/vc_row] [&#8230;]<\/p>\n<p><a class=\"btn btn-secondary understrap-read-more-link\" href=\"https:\/\/us.edu.pl\/en\/nauka-i-badania\/centra-badawcze\/ulka\/ulka-multimedia\/\">Read More&#8230;<\/a><\/p>\n","protected":false},"author":26,"featured_media":0,"parent":122795,"menu_order":10,"comment_status":"closed","ping_status":"closed","template":"","meta":{"_expiration-date-status":"saved","_expiration-date":0,"_expiration-date-type":"","_expiration-date-categories":[],"_expiration-date-options":[]},"acf":[],"_links":{"self":[{"href":"https:\/\/us.edu.pl\/en\/wp-json\/wp\/v2\/pages\/133790"}],"collection":[{"href":"https:\/\/us.edu.pl\/en\/wp-json\/wp\/v2\/pages"}],"about":[{"href":"https:\/\/us.edu.pl\/en\/wp-json\/wp\/v2\/types\/page"}],"author":[{"embeddable":true,"href":"https:\/\/us.edu.pl\/en\/wp-json\/wp\/v2\/users\/26"}],"replies":[{"embeddable":true,"href":"https:\/\/us.edu.pl\/en\/wp-json\/wp\/v2\/comments?post=133790"}],"version-history":[{"count":2,"href":"https:\/\/us.edu.pl\/en\/wp-json\/wp\/v2\/pages\/133790\/revisions"}],"predecessor-version":[{"id":179581,"href":"https:\/\/us.edu.pl\/en\/wp-json\/wp\/v2\/pages\/133790\/revisions\/179581"}],"up":[{"embeddable":true,"href":"https:\/\/us.edu.pl\/en\/wp-json\/wp\/v2\/pages\/122795"}],"wp:attachment":[{"href":"https:\/\/us.edu.pl\/en\/wp-json\/wp\/v2\/media?parent=133790"}],"curies":[{"name":"wp","href":"https:\/\/api.w.org\/{rel}","templated":true}]}}