{"id":135186,"date":"2021-02-24T04:50:44","date_gmt":"2021-02-24T03:50:44","guid":{"rendered":"https:\/\/us.edu.pl\/?page_id=135186"},"modified":"2025-03-31T09:26:15","modified_gmt":"2025-03-31T07:26:15","slug":"cbns-poczatki-badan","status":"publish","type":"page","link":"https:\/\/us.edu.pl\/en\/nauka-i-badania\/centra-badawcze\/cbns\/cbns-poczatki-badan\/","title":{"rendered":"The origins of the Centre"},"content":{"rendered":"<p><\/p>\n<p>[vc_row css=&#8221;.vc_custom_1603444262786{margin-top: 0px !important;}&#8221;][vc_column]\r\n                <div class=\"text-modules\">\r\n                    <div class=\"container\">\r\n                        \r\n                        <div class=\"text-modules__content\"><\/p>\n<div class=\"page-title text__title\" style=\"font-size: 160%\">\n<p><span style=\"color: #002e5a\"><a style=\"color: #002e5a\" href=\"https:\/\/us.edu.pl\/nauka-i-badania\/centra-badawcze\/cbns\/\">Centre for Nordic and Old English Studies<\/a><\/span><\/p>\n<\/div>\n<p>\n<\/div>\r\n                    <\/div>\r\n                <\/div>[\/vc_column][\/vc_row][vc_row content_placement=&#8221;middle&#8221; css=&#8221;.vc_custom_1742320725457{padding-top: 0px !important;padding-right: 0px !important;padding-bottom: 0px !important;padding-left: 0px !important;}&#8221;][vc_column css=&#8221;.vc_custom_1603774547380{background-color: #f2f2f2 !important;}&#8221;]\r\n                <div class=\"text-modules\">\r\n                    <div class=\"container\">\r\n                        \r\n                        <div class=\"text-modules__content\"><\/p>\n<div class=\"page-title text__title\" style=\"margin-left: 20px\">\n<h3 style=\"font-size: 100%\"><strong>The origins of the Centre<\/strong><\/h3>\n<\/div>\n<p>\n<\/div>\r\n                    <\/div>\r\n                <\/div>[\/vc_column][\/vc_row][vc_row][vc_column][vc_empty_space][\/vc_column][\/vc_row][vc_row gap=&#8221;20&#8243; content_placement=&#8221;middle&#8221; el_class=&#8221;container&#8221;][vc_column width=&#8221;1\/2&#8243; css=&#8221;.vc_custom_1742574182724{background-color: #f2f2f2 !important;}&#8221;]\r\n                <div class=\"text-modules\">\r\n                    <div class=\"container\">\r\n                        \r\n                        <div class=\"text-modules__content\"><\/p>\n<p><span style=\"color: #003366\"><strong>An interdisciplinary approach<\/strong><\/span><\/p>\n<p>The Nordic and Old English studies at the University of Silesia can already boast their own history. Since its onset, our research has been carried out in cooperation with international scholars and it has been interdisciplinary in its character. The members of the Centre have worked on a range of topics that are relevant to multifaceted perspectives on Nordic and Old English history, and also on other more general issues, such as the evolution of the ideology of royal power, the status of poets and their poetry, the role and status of women in medieval societies, medieval social standards, the history of emotions, the cultural importance and the symbolism of the discourse of the body in history.<\/p>\n<p>\n<\/div>\r\n                    <\/div>\r\n                <\/div>\r\n                <div class=\"text-modules\">\r\n                    <div class=\"container\">\r\n                        \r\n                        <div class=\"text-modules__content\"><\/p>\n<p><span style=\"color: #003366\"><strong>Conferences<\/strong><\/span><\/p>\n<p>The above issues have featured as the focal points of numerous international conferences organised by the CBNS staff at the University of Silesia as well as of the conferences organized in cooperation with our partners (including the Andrzej Kaube Regional Museum in Wolin, Poland).\u00a0 Our conferences, attended by specialist researchers from Poland and abroad, include:<\/p>\n<ul>\n<li><em>Kryptohistorie \/ Cryptohistories<\/em>, Sosnowiec, October 2013;<\/li>\n<li><em>HistoRisus: Laughter in\/of History<\/em>, Sosnowiec, October 2014;<\/li>\n<li><em>Aspects of Royal Power in the Medieval North<\/em>, Katowice, February 2016;<\/li>\n<li><em>The 1<\/em><em><sup>st <\/sup><\/em><em>J\u00f3msborg Conference. Defining and Applying Social Norms in Medieval Scandinavia<\/em>, Wolin, April 2017;<\/li>\n<li><em>Corpus HistoricUS: The Body in\/of History<\/em>, Sosnowiec, June\/July 2017;<\/li>\n<li><em>Viking Women Seminar,<\/em> Katowice, March 2018;<\/li>\n<li><em>Emotions: The Engines of History<\/em>, Sosnowiec, November 2018;<\/li>\n<li><em>Gendering Viking Age Rulership<\/em>, Katowice, March 2019;<\/li>\n<li><em>The 2<sup>nd<\/sup> J\u00f3msborg Conference. Gesta Hammaburgensis Pontificum. Origins, reception and significance of Adam of Bremen\u2019s account<\/em>, Katowice, November 2020;<\/li>\n<li><em>Embedded Narratives in the Literatures of the Medieval North<\/em>, Katowice, April 2022;<\/li>\n<li><em>The 3<sup>rd<\/sup> J\u00f3msborg Conference. Eystra salt \u2013 the Baltic Zone in the Literatures of the Medieval North<\/em>, Wolin, May 2023;<\/li>\n<li><em>V International H\/Story Conference. Sense and Sexuality: Erotic Discourses in\/of History<\/em>, Sosnowiec, September 2023.<\/li>\n<\/ul>\n<p>\n<\/div>\r\n                    <\/div>\r\n                <\/div>[\/vc_column][vc_column width=&#8221;1\/2&#8243;]\r\n                <div class=\"text-modules\">\r\n                    <div class=\"container\">\r\n                        \r\n                        <div class=\"text-modules__content\"><\/p>\n<p><img class=\"size-medium wp-image-135190\" src=\"https:\/\/us.edu.pl\/wp-content\/uploads\/obrazki-stron\/cbns\/DSC9701_cz.jpg\" alt=\"Fragment ksi\u0105\u017cki\" width=\"100%\" height=\"auto\" srcset=\"https:\/\/us.edu.pl\/wp-content\/uploads\/obrazki-stron\/cbns\/DSC9701_cz.jpg 900w, https:\/\/us.edu.pl\/wp-content\/uploads\/obrazki-stron\/cbns\/DSC9701_cz-150x150.jpg 150w, https:\/\/us.edu.pl\/wp-content\/uploads\/obrazki-stron\/cbns\/DSC9701_cz-600x600.jpg 600w, https:\/\/us.edu.pl\/wp-content\/uploads\/obrazki-stron\/cbns\/DSC9701_cz-768x768.jpg 768w, https:\/\/us.edu.pl\/wp-content\/uploads\/obrazki-stron\/cbns\/DSC9701_cz-575x575.jpg 575w\" sizes=\"(max-width: 900px) 100vw, 900px\" \/><\/p>\n<p>\n<\/div>\r\n                    <\/div>\r\n                <\/div>[\/vc_column][\/vc_row][vc_row][vc_column][vc_empty_space css=&#8221;.vc_custom_1742574196808{background-color: #ffffff !important;}&#8221;][\/vc_column][\/vc_row][vc_row gap=&#8221;20&#8243; rtl_reverse=&#8221;yes&#8221; content_placement=&#8221;top&#8221; el_class=&#8221;container&#8221; css=&#8221;.vc_custom_1742574283487{background-color: #ffffff !important;}&#8221;][vc_column width=&#8221;1\/2&#8243; css=&#8221;.vc_custom_1742574343419{background-color: #f2f2f2 !important;}&#8221;]\r\n                <div class=\"text-modules\">\r\n                    <div class=\"container\">\r\n                        \r\n                        <div class=\"text-modules__content\"><\/p>\n<p><span style=\"color: #003366\"><strong>Publications<\/strong><\/span><\/p>\n<p>The research conducted at the Centre and the proceedings of the conferences we have organised have been published in several scholarly publications authored and edited by the CBNS staff. Our publications include:<\/p>\n<ul>\n<li>R. Borys\u0142awski, <em>The Old English Riddles and the Riddlic Elements of Old English Poetry<\/em>, Frankfurt am Main, Berlin, Bern, Bruxelles, New York, Oxford, Wien, 2004<\/li>\n<li>R. Borys\u0142awski, J. Jajszczok, J. Wolff, A. Bemben (ed.), <em>HistoRisus. Historie \u015bmiechu \/ \u015bmiech [w] historii<\/em>, Katowice, 2016<\/li>\n<li>R. Borys\u0142awski, J. Jajszczok, J. Wolff, A. Bemben (eds.), <em>Histories of Laughter and Laughter in History. HistoRisus<\/em>, Newcastle Upon Tyne, 2016<\/li>\n<li>J. Morawiec, <em>Mi\u0119dzy poezj\u0105 i polityk\u0105. Rozgrywki polityczne w Skandynawii XI wieku w \u015bwietle poezji \u00f3wczesnych skald\u00f3w<\/em> [Between poetry and politics. Political games in the 11<sup>th<\/sup> century Scandinavia in light of the contemporary skalds\u2019 poetry], Katowice 2016<\/li>\n<li>J. Morawiec, R. Borys\u0142awski (eds.), <em>Aspects of Royal Power in Medieval North<\/em>, Katowice, February 2018;<\/li>\n<li>J. Morawiec, A. Jochymek, G. Bartusik (eds.), <em>Social Norms in Medieval Scandinavia<\/em>, Leeds-Amsterdam 2019<\/li>\n<li>G. Bartusik, R. Biskup, J. Morawiec (eds.), <em>Adam of Bremen\u2019s Gesta Hammaburgensis Ecclesiae Pontificum, Origins, Reception and Significance<\/em>, London\u2013New York 2022<\/li>\n<\/ul>\n<p><span style=\"color: #003366\"><strong>Guest lectures\u00a0<\/strong><\/span><\/p>\n<p>Since 2015, on the initiative of the CBNS staff and within the framework of the Old Norse Forum of the University of Silesia, we have organised a series of guest lectures, with invited scholars from leading research centres as well as early career researchers from Europe and beyond. So far, over 50 guest lectures and workshops presented by speakers from countries such as Iceland, Norway, Denmark, Great Britain, Ireland, Germany, Hungary, Finland, the USA, and Argentina have been organised.<\/p>\n<p><span style=\"color: #003366\"><strong>International exchange programmes<\/strong><\/span><\/p>\n<p>Between 2014 and 2017, the University of Silesia, in cooperation with the universities in Iceland and Norway, participated in the Higher Education Student and Staff Mobility programme which was funded by the so-called Norway Grants (the EEA grants). Under the auspices of the programme, undergraduate students, PhD students, and academic staff were able to complete a semester of studies or take part in research placements in Iceland and Norway. The programme also allowed us to organise extracurricular university courses (lectures and classes), seminars, and workshops taught by specialists from our partner universities.<\/p>\n<p><span style=\"color: #003366\"><strong>Science communication and academic outreach<\/strong><\/span><\/p>\n<p>Since 2014, the Centre has closely cooperated with the Slavs and Vikings\u2019 Centre in Wolin, Poland (Centrum S\u0142owian i Wiking\u00f3w Wolin-Jomsborg-Vineta). Our cooperation has included the organisation of lectures, workshops, and book promotions as part of the \u201cReading Zone\u201d at the annual <a href=\"https:\/\/jomsborg-vineta.com\/\">Festival of Slavs and Vikings in Wolin<\/a>. Moreover, for many years, the staff of the CBNS have been invited as guest lecturers and speakers to secondary schools in our region and to the University of the Third Age, as well as to the Silesian Science Festival in Katowice.<\/p>\n<p>\n<\/div>\r\n                    <\/div>\r\n                <\/div>[vc_empty_space css=&#8221;.vc_custom_1742574205402{background-color: #ffffff !important;}&#8221;][\/vc_column][vc_column width=&#8221;1\/2&#8243; css=&#8221;.vc_custom_1742574162873{background-color: #f2f2f2 !important;}&#8221;]\r\n                <div class=\"text-modules\">\r\n                    <div class=\"container\">\r\n                        \r\n                        <div class=\"text-modules__content\"><\/p>\n<p><span style=\"color: #003366\"><strong>Domestic and international cooperation<\/strong><\/span><\/p>\n<p>The Centre cooperates closely and continuously with numerous domestic and foreign research units. This cooperation includes joint research projects, organisation of conferences and seminars, research and teaching internships, educational cooperation, and various forms of academic outreach<\/p>\n<p><strong>Our partners \u2013 major foreign research centres<\/strong><\/p>\n<p>Iceland<\/p>\n<ul>\n<li>University of Iceland in Reykjavik<\/li>\n<\/ul>\n<p>Norway<\/p>\n<ul>\n<li>University of Oslo<\/li>\n<li>University of South-Eastern Norway<\/li>\n<li>University of Bergen<\/li>\n<\/ul>\n<p>Great Britain<\/p>\n<ul>\n<li>University College London<\/li>\n<li>University of Durham<\/li>\n<\/ul>\n<p><strong>Our major partners in Poland:<\/strong><\/p>\n<p>Toru\u0144<\/p>\n<ul>\n<li>Department of History of Scandinavia and East-Central Europe at the Nicolaus Copernicus University<\/li>\n<\/ul>\n<p>Cracow<\/p>\n<ul>\n<li>Institute of German Studies of the Jagiellonian University<\/li>\n<\/ul>\n<p>Wolin<\/p>\n<ul>\n<li>The Slavs and Vikings\u2019 Centre in Wolin<\/li>\n<li>Andrzej Kaube Regional Museum<\/li>\n<\/ul>\n<p>\n<\/div>\r\n                    <\/div>\r\n                <\/div>[vc_empty_space css=&#8221;.vc_custom_1742574215224{background-color: #ffffff !important;}&#8221;][\/vc_column][\/vc_row][vc_row][vc_column][vc_empty_space][\/vc_column][\/vc_row][vc_row gap=&#8221;20&#8243; rtl_reverse=&#8221;yes&#8221; content_placement=&#8221;top&#8221; el_class=&#8221;container&#8221; css=&#8221;.vc_custom_1742574283487{background-color: #ffffff !important;}&#8221;][vc_column width=&#8221;1\/2&#8243; css=&#8221;.vc_custom_1742574343419{background-color: #f2f2f2 !important;}&#8221;][vc_empty_space css=&#8221;.vc_custom_1742574205402{background-color: #ffffff !important;}&#8221;][\/vc_column][\/vc_row][vc_row][vc_column][vc_empty_space][\/vc_column][\/vc_row][vc_row][vc_column][vc_separator][\/vc_column][\/vc_row][vc_row disable_element=&#8221;yes&#8221; css=&#8221;.vc_custom_1612520635340{margin-top: 0px !important;margin-bottom: 0px !important;}&#8221;][vc_column width=&#8221;1\/4&#8243;][\/vc_column][vc_column width=&#8221;3\/4&#8243;][vc_row_inner css=&#8221;.vc_custom_1603694983516{margin-top: 0px !important;margin-bottom: 0px !important;padding-top: 0px !important;padding-bottom: 0px !important;}&#8221; el_class=&#8221;menu-item menu-item-type-custom menu-item-object-custom menu-item-113828 nav-item&#8221;][vc_column_inner width=&#8221;1\/6&#8243; css=&#8221;.vc_custom_1603695005240{margin-top: -20px !important;margin-bottom: -5px !important;padding-top: 0px !important;padding-bottom: 0px !important;}&#8221;]\r\n                <div class=\"text-modules\">\r\n                    <div class=\"container\">\r\n                        \r\n                        <div class=\"text-modules__content\"><\/p>\n<div style=\"text-align: center\">\n<p style=\"text-align: center\"><strong><span style=\"color: #011535\"><a style=\"color: #011535\" href=\"https:\/\/us.edu.pl\/nauka-i-badania\/centra-badawcze\/ulka\/\">ULKA<\/a><\/span><\/strong><\/p>\n<\/div>\n<p>\n<\/div>\r\n                    <\/div>\r\n                <\/div>[\/vc_column_inner][vc_column_inner width=&#8221;1\/6&#8243; css=&#8221;.vc_custom_1603695032421{margin-top: -20px !important;margin-bottom: -5px !important;}&#8221;]\r\n                <div class=\"text-modules\">\r\n                    <div class=\"container\">\r\n                        \r\n                        <div class=\"text-modules__content\"><\/p>\n<p style=\"text-align: center\"><span style=\"color: #011535\"><a style=\"color: #011535\" href=\"\/centra-badawcze\/ulka\/ulka-oferta\/\"><strong>Oferta badawcza<\/strong><\/a><\/span><\/p>\n<p>\n<\/div>\r\n                    <\/div>\r\n                <\/div>[\/vc_column_inner][vc_column_inner width=&#8221;1\/6&#8243; css=&#8221;.vc_custom_1603695114103{margin-top: -20px !important;margin-bottom: -5px !important;padding-top: 0px !important;}&#8221;]\r\n                <div class=\"text-modules\">\r\n                    <div class=\"container\">\r\n                        \r\n                        <div class=\"text-modules__content\"><\/p>\n<p style=\"text-align: center\"><span style=\"color: #011535\"><strong><a style=\"color: #011535\" href=\"https:\/\/us.edu.pl\/nauka-i-badania\/centra-badawcze\/ulka\/ulka-wspolpraca\/\">Wsp\u00f3\u0142praca<\/a><\/strong><\/span><\/p>\n<p>\n<\/div>\r\n                    <\/div>\r\n                <\/div>[\/vc_column_inner][vc_column_inner width=&#8221;1\/6&#8243; css=&#8221;.vc_custom_1603695124733{margin-top: -20px !important;margin-bottom: -5px !important;}&#8221;]\r\n                <div class=\"text-modules\">\r\n                    <div class=\"container\">\r\n                        \r\n                        <div class=\"text-modules__content\"><\/p>\n<p style=\"text-align: center\"><span style=\"color: #011535\"><strong><a style=\"color: #011535\" href=\"https:\/\/us.edu.pl\/nauka-i-badania\/centra-badawcze\/ulka\/ulka-zespol\/\">Zesp\u00f3\u0142<\/a><\/strong><\/span><\/p>\n<p>\n<\/div>\r\n                    <\/div>\r\n                <\/div>[\/vc_column_inner][vc_column_inner width=&#8221;1\/6&#8243; css=&#8221;.vc_custom_1603695139482{margin-top: -20px !important;margin-bottom: -5px !important;}&#8221;]\r\n                <div class=\"text-modules\">\r\n                    <div class=\"container\">\r\n                        \r\n                        <div class=\"text-modules__content\"><\/p>\n<p style=\"text-align: center\"><span style=\"color: #011535\"><strong><a style=\"color: #011535\" href=\"https:\/\/us.edu.pl\/nauka-i-badania\/centra-badawcze\/ulka\/ulka-laboratoria\/\">Laboratoria<\/a><\/strong><\/span><\/p>\n<p>\n<\/div>\r\n                    <\/div>\r\n                <\/div>[\/vc_column_inner][vc_column_inner width=&#8221;1\/6&#8243; css=&#8221;.vc_custom_1603695148830{margin-top: -20px !important;margin-bottom: -5px !important;}&#8221;]\r\n                <div class=\"text-modules\">\r\n                    <div class=\"container\">\r\n                        \r\n                        <div class=\"text-modules__content\"><\/p>\n<p style=\"text-align: center\"><strong><span style=\"color: #011535\">Multimedia<\/span><\/strong><\/p>\n<p>\n<\/div>\r\n                    <\/div>\r\n                <\/div>[\/vc_column_inner][\/vc_row_inner][\/vc_column][\/vc_row][vc_row disable_element=&#8221;yes&#8221; css=&#8221;.vc_custom_1612436671980{background-color: #f2f2f2 !important;}&#8221;][vc_column width=&#8221;1\/2&#8243;][\/vc_column][vc_column width=&#8221;1\/2&#8243; el_class=&#8221;text-modules__content&#8221; css=&#8221;.vc_custom_1612436293666{border-left-width: 3px !important;border-left-color: #ffffff !important;border-radius: 3px !important;}&#8221;]\r\n            <div class=\"container\">  \r\n                <div class=\"lists-with-links\">\r\n                    <div class=\"section-title\"><\/div>\r\n                   <div class=\"lists-with-links__items lists-5\"><ul class=\"angle-list\"> <li> <a href=\"\/centra-badawcze\/ulka\/\"> ULKA <\/a> <\/li><\/ul><ul class=\"angle-list\"> <li> <a href=\"\/centra-badawcze\/ulka\/#kontakt\"> Badania <\/a> <\/li><\/ul><ul class=\"angle-list\"> <li> <a href=\"\/centra-badawcze\/ulka\/ulka-oferta\/\"> Oferta badawcza <\/a> <\/li><\/ul><ul class=\"angle-list\"> <li> <a href=\"\/centra-badawcze\/ulka\/ulka-laboratoria\/\"> Laboratoria  <\/a> <\/li><\/ul><ul class=\"angle-list\"> <li> <a href=\"\/centra-badawcze\/ulka\/#kontakt\"> Kontakt <\/a> <\/li><\/ul><\/div>\r\n                <\/div>\r\n            <\/div>[\/vc_column][\/vc_row][vc_row content_placement=&#8221;middle&#8221; css_animation=&#8221;right-to-left&#8221; disable_element=&#8221;yes&#8221; css=&#8221;.vc_custom_1614140656443{margin-top: 5% !important;background-color: #f1f1f1 !important;}&#8221; el_class=&#8221;text-modules__content&#8221;][vc_column width=&#8221;1\/4&#8243; css=&#8221;.vc_custom_1612436798774{margin-top: -10% !important;background-color: #f2f2f2 !important;}&#8221;][\/vc_column][vc_column width=&#8221;1\/4&#8243;][\/vc_column][vc_column width=&#8221;1\/4&#8243;]\r\n            <div class=\"container\">  \r\n                <div class=\"lists-with-links\">\r\n                    <div class=\"section-title\"><\/div>\r\n                   <div class=\"lists-with-links__items lists-1\"><ul class=\"angle-list\"> <li> <a href=\"\/centra-badawcze\/ulka\/\"> ULKA <\/a> <\/li><li> <a href=\"\/centra-badawcze\/ulka\/ulka-wspolpraca\/\"> Wsp\u00f3\u0142praca <\/a> <\/li><li> <a href=\"\/centra-badawcze\/ulka\/ulka-oferta\/\"> Oferta badawcza  <\/a> <\/li><li> <a href=\"\/centra-badawcze\/ulka\/ulka-laboratoria\/\"> Laboratoria <\/a> <\/li><li> <a href=\"\/centra-badawcze\/ulka\/#kontakt\"> Kontakt <\/a> <\/li><\/ul><\/div>\r\n                <\/div>\r\n            <\/div>[\/vc_column][vc_column width=&#8221;1\/4&#8243;][\/vc_column][\/vc_row]<\/p>\n<p><\/p>","protected":false},"excerpt":{"rendered":"<p>[vc_row css=&#8221;.vc_custom_1603444262786{margin-top: 0px !important;}&#8221;][vc_column][\/vc_column][\/vc_row][vc_row content_placement=&#8221;middle&#8221; css=&#8221;.vc_custom_1742320725457{padding-top: 0px !important;padding-right: 0px !important;padding-bottom: 0px !important;padding-left: 0px !important;}&#8221;][vc_column css=&#8221;.vc_custom_1603774547380{background-color: #f2f2f2 !important;}&#8221;][\/vc_column][\/vc_row][vc_row][vc_column][vc_empty_space][\/vc_column][\/vc_row][vc_row gap=&#8221;20&#8243; content_placement=&#8221;middle&#8221; el_class=&#8221;container&#8221;][vc_column width=&#8221;1\/2&#8243; css=&#8221;.vc_custom_1742574182724{background-color: #f2f2f2 !important;}&#8221;][\/vc_column][vc_column width=&#8221;1\/2&#8243;][\/vc_column][\/vc_row][vc_row][vc_column][vc_empty_space css=&#8221;.vc_custom_1742574196808{background-color: #ffffff !important;}&#8221;][\/vc_column][\/vc_row][vc_row gap=&#8221;20&#8243; rtl_reverse=&#8221;yes&#8221; content_placement=&#8221;top&#8221; el_class=&#8221;container&#8221; css=&#8221;.vc_custom_1742574283487{background-color: #ffffff !important;}&#8221;][vc_column width=&#8221;1\/2&#8243; css=&#8221;.vc_custom_1742574343419{background-color: #f2f2f2 !important;}&#8221;][vc_empty_space css=&#8221;.vc_custom_1742574205402{background-color: #ffffff !important;}&#8221;][\/vc_column][vc_column width=&#8221;1\/2&#8243; css=&#8221;.vc_custom_1742574162873{background-color: #f2f2f2 !important;}&#8221;][vc_empty_space css=&#8221;.vc_custom_1742574215224{background-color: #ffffff !important;}&#8221;][\/vc_column][\/vc_row][vc_row][vc_column][vc_empty_space][\/vc_column][\/vc_row][vc_row gap=&#8221;20&#8243; rtl_reverse=&#8221;yes&#8221; content_placement=&#8221;top&#8221; el_class=&#8221;container&#8221; css=&#8221;.vc_custom_1742574283487{background-color: #ffffff [&#8230;]<\/p>\n<p><a class=\"btn btn-secondary understrap-read-more-link\" href=\"https:\/\/us.edu.pl\/en\/nauka-i-badania\/centra-badawcze\/cbns\/cbns-poczatki-badan\/\">Read More&#8230;<\/a><\/p>\n","protected":false},"author":26,"featured_media":0,"parent":135169,"menu_order":0,"comment_status":"closed","ping_status":"closed","template":"","meta":{"_expiration-date-status":"saved","_expiration-date":0,"_expiration-date-type":"","_expiration-date-categories":[],"_expiration-date-options":[]},"acf":[],"_links":{"self":[{"href":"https:\/\/us.edu.pl\/en\/wp-json\/wp\/v2\/pages\/135186"}],"collection":[{"href":"https:\/\/us.edu.pl\/en\/wp-json\/wp\/v2\/pages"}],"about":[{"href":"https:\/\/us.edu.pl\/en\/wp-json\/wp\/v2\/types\/page"}],"author":[{"embeddable":true,"href":"https:\/\/us.edu.pl\/en\/wp-json\/wp\/v2\/users\/26"}],"replies":[{"embeddable":true,"href":"https:\/\/us.edu.pl\/en\/wp-json\/wp\/v2\/comments?post=135186"}],"version-history":[{"count":11,"href":"https:\/\/us.edu.pl\/en\/wp-json\/wp\/v2\/pages\/135186\/revisions"}],"predecessor-version":[{"id":219760,"href":"https:\/\/us.edu.pl\/en\/wp-json\/wp\/v2\/pages\/135186\/revisions\/219760"}],"up":[{"embeddable":true,"href":"https:\/\/us.edu.pl\/en\/wp-json\/wp\/v2\/pages\/135169"}],"wp:attachment":[{"href":"https:\/\/us.edu.pl\/en\/wp-json\/wp\/v2\/media?parent=135186"}],"curies":[{"name":"wp","href":"https:\/\/api.w.org\/{rel}","templated":true}]}}