{"id":135195,"date":"2021-02-24T06:01:09","date_gmt":"2021-02-24T05:01:09","guid":{"rendered":"https:\/\/us.edu.pl\/?page_id=135195"},"modified":"2022-10-08T19:06:42","modified_gmt":"2022-10-08T17:06:42","slug":"cbns-projekty-badawcze-1","status":"publish","type":"page","link":"https:\/\/us.edu.pl\/en\/nauka-i-badania\/centra-badawcze\/cbns\/cbns-projekty-badawcze-1\/","title":{"rendered":"Research projects"},"content":{"rendered":"<p><\/p>\n<p>[vc_row css=&#8221;.vc_custom_1603444262786{margin-top: 0px !important;}&#8221;][vc_column]\r\n                <div class=\"text-modules\">\r\n                    <div class=\"container\">\r\n                        \r\n                        <div class=\"text-modules__content\"><\/p>\n<div class=\"page-title text__title\" style=\"font-size: 160%\">\n<p><span style=\"color: #002e5a\"><a style=\"color: #002e5a\" href=\"https:\/\/us.edu.pl\/nauka-i-badania\/centra-badawcze\/cbns\/\">Centre for Nordic and Old English Studies<\/a><\/span><\/p>\n<\/div>\n<p>\n<\/div>\r\n                    <\/div>\r\n                <\/div>[\/vc_column][\/vc_row][vc_row full_height=&#8221;yes&#8221; equal_height=&#8221;yes&#8221; content_placement=&#8221;middle&#8221; css=&#8221;.vc_custom_1603774871283{padding: 0px !important;}&#8221;][vc_column css=&#8221;.vc_custom_1603774547380{background-color: #f2f2f2 !important;}&#8221;][vc_empty_space height=&#8221;20px&#8221;]\r\n                <div class=\"text-modules\">\r\n                    <div class=\"container\">\r\n                        \r\n                        <div class=\"text-modules__content\"><\/p>\n<div class=\"page-title text__title\" style=\"margin-left: 20px\">\n<h3 style=\"font-size: 100%\"><strong>Research projects<\/strong><\/h3>\n<\/div>\n<p>\n<\/div>\r\n                    <\/div>\r\n                <\/div>[vc_column_text]<\/p>\n<p><img class=\"wp-image-135858 size-full\" src=\"https:\/\/us.edu.pl\/wp-content\/uploads\/obrazki-stron\/cbns\/rekopis-2-CBNS.png\" alt=\"Fragment r\u0119kopisu\" width=\"100%\" height=\"625\" srcset=\"https:\/\/us.edu.pl\/wp-content\/uploads\/obrazki-stron\/cbns\/rekopis-2-CBNS.png 2500w, https:\/\/us.edu.pl\/wp-content\/uploads\/obrazki-stron\/cbns\/rekopis-2-CBNS-600x150.png 600w, https:\/\/us.edu.pl\/wp-content\/uploads\/obrazki-stron\/cbns\/rekopis-2-CBNS-768x192.png 768w, https:\/\/us.edu.pl\/wp-content\/uploads\/obrazki-stron\/cbns\/rekopis-2-CBNS-2000x500.png 2000w, https:\/\/us.edu.pl\/wp-content\/uploads\/obrazki-stron\/cbns\/rekopis-2-CBNS-575x144.png 575w\" sizes=\"(max-width: 2500px) 100vw, 2500px\" \/><\/p>\n<p>[\/vc_column_text][\/vc_column][\/vc_row][vc_row][vc_column][vc_empty_space][\/vc_column][\/vc_row][vc_row gap=&#8221;20&#8243; content_placement=&#8221;middle&#8221; el_class=&#8221;container&#8221;][vc_column width=&#8221;1\/2&#8243;]\r\n                <div class=\"text-modules\">\r\n                    <div class=\"container\">\r\n                        \r\n                        <div class=\"text-modules__content\"><\/p>\n<p><strong>Polish edition of <em>Heimskringla<\/em> by Snorri Sturluson<\/strong><\/p>\n<p>&nbsp;<\/p>\n<p>Members of the Centre have embarked on a collaboration on the Polish translation of one of the most important monuments of Icelandic literature. <em>Heimskringla<\/em> is a collection of 16 sagas devoted to Norwegian rulers from the so-called legendary times to the mid-twelfth century. It was written around 1230 by Snorri Sturluson, an Icelandic politician, poet and historiographer. The translation of the opus is financed by the grant of the National Programme for the Development of Humanities. The head of the project is Anna Wa\u015bko, Associate Professor of the Jagiellonian University. The Polish edition of <em>Heimskringla<\/em> is planned to be published in 2021.<\/p>\n<p>\n<\/div>\r\n                    <\/div>\r\n                <\/div>[\/vc_column][vc_column width=&#8221;1\/2&#8243;]\r\n                <div class=\"text-modules\">\r\n                    <div class=\"container\">\r\n                        \r\n                        <div class=\"text-modules__content\"><\/p>\n<p><img class=\"size-medium wp-image-125777\" src=\"https:\/\/us.edu.pl\/wp-content\/uploads\/fotografie\/DSC9697-1.jpg\" alt=\"D\u0142onie trzymaj\u0105ce pergamin\/Hands holding a parchment\" width=\"100%\" height=\"auto\" srcset=\"https:\/\/us.edu.pl\/wp-content\/uploads\/fotografie\/DSC9697-1.jpg 800w, https:\/\/us.edu.pl\/wp-content\/uploads\/fotografie\/DSC9697-1-600x450.jpg 600w, https:\/\/us.edu.pl\/wp-content\/uploads\/fotografie\/DSC9697-1-768x576.jpg 768w, https:\/\/us.edu.pl\/wp-content\/uploads\/fotografie\/DSC9697-1-575x431.jpg 575w\" sizes=\"(max-width: 800px) 100vw, 800px\" \/><\/p>\n<p>\n<\/div>\r\n                    <\/div>\r\n                <\/div>[\/vc_column][\/vc_row][vc_row][vc_column][vc_empty_space][\/vc_column][\/vc_row][vc_row gap=&#8221;20&#8243; rtl_reverse=&#8221;yes&#8221; content_placement=&#8221;middle&#8221; el_class=&#8221;container&#8221; css=&#8221;.vc_custom_1614139806032{background-color: #f2f2f2 !important;}&#8221;][vc_column width=&#8221;1\/2&#8243;]\r\n                <div class=\"text-modules\">\r\n                    <div class=\"container\">\r\n                        \r\n                        <div class=\"text-modules__content\"><\/p>\n<p>&nbsp;<\/p>\n<p><img class=\"size-medium wp-image-122500\" src=\"https:\/\/us.edu.pl\/wp-content\/uploads\/obrazek-wyr\u00f3\u017cniaj\u0105cy\/Obraz-Pexels-z-Pixabay.jpg\" alt=\"otwarta ksi\u0105\u017cka\/open book\" width=\"100%\" height=\"auto\" srcset=\"https:\/\/us.edu.pl\/wp-content\/uploads\/obrazek-wyr\u00f3\u017cniaj\u0105cy\/Obraz-Pexels-z-Pixabay.jpg 800w, https:\/\/us.edu.pl\/wp-content\/uploads\/obrazek-wyr\u00f3\u017cniaj\u0105cy\/Obraz-Pexels-z-Pixabay-600x399.jpg 600w, https:\/\/us.edu.pl\/wp-content\/uploads\/obrazek-wyr\u00f3\u017cniaj\u0105cy\/Obraz-Pexels-z-Pixabay-768x511.jpg 768w, https:\/\/us.edu.pl\/wp-content\/uploads\/obrazek-wyr\u00f3\u017cniaj\u0105cy\/Obraz-Pexels-z-Pixabay-575x382.jpg 575w\" sizes=\"(max-width: 800px) 100vw, 800px\" \/><\/p>\n<p>\n<\/div>\r\n                    <\/div>\r\n                <\/div>[\/vc_column][vc_column width=&#8221;1\/2&#8243;]\r\n                <div class=\"text-modules\">\r\n                    <div class=\"container\">\r\n                        \r\n                        <div class=\"text-modules__content\"><\/p>\n<p><strong><em>Dissemination of the Latin Conceptual Metaphors in Old Norse-Icelandic literature as a Cognitive Manifestation of Christianization and Europeanization of Medieval Scandinavia<\/em><\/strong><\/p>\n<p>&nbsp;<\/p>\n<p>The project is financed by the National Science Centre funds (PRELUDIUM 14 programme, grant no. 2017\/27\/N\/HS3\/00740) and is carried out at the Faculty of Humanities of the University of Silesia from 19 July 2018 to 18 July 2022. The research project is led by Dr Grzegorz Bartusik.<\/p>\n<p><a href=\"https:\/\/us.edu.pl\/wp-content\/uploads\/Unorganized\/G-Bartusik-Dyseminacja-\u0142aci\u0144skich-metafor-projekt-badawczy_eng.pdf\" class=\"mtli_attachment mtli_pdf\" data-mtli=\"mtli_filesize36383kB\" class=\"mtli_attachment mtli_pdf\" data-mtli=\"mtli_filesize36383kB\">More about project<\/a><\/p>\n<p>\n<style type=\"text\/css\">a[data-mtli~=\"mtli_filesize36383kB\"]:after {content:\" (363.83 kB)\"}<\/style><\/div>\r\n                    <\/div>\r\n                <\/div>[\/vc_column][\/vc_row][vc_row][vc_column][vc_empty_space][vc_separator][\/vc_column][\/vc_row][vc_row disable_element=&#8221;yes&#8221; css=&#8221;.vc_custom_1612520635340{margin-top: 0px !important;margin-bottom: 0px !important;}&#8221;][vc_column width=&#8221;1\/4&#8243;][\/vc_column][vc_column width=&#8221;3\/4&#8243;][vc_row_inner css=&#8221;.vc_custom_1603694983516{margin-top: 0px !important;margin-bottom: 0px !important;padding-top: 0px !important;padding-bottom: 0px !important;}&#8221; el_class=&#8221;menu-item menu-item-type-custom menu-item-object-custom menu-item-113828 nav-item&#8221;][vc_column_inner width=&#8221;1\/6&#8243; css=&#8221;.vc_custom_1603695005240{margin-top: -20px !important;margin-bottom: -5px !important;padding-top: 0px !important;padding-bottom: 0px !important;}&#8221;]\r\n                <div class=\"text-modules\">\r\n                    <div class=\"container\">\r\n                        \r\n                        <div class=\"text-modules__content\"><\/p>\n<div style=\"text-align: center\">\n<p style=\"text-align: center\"><strong><span style=\"color: #011535\"><a style=\"color: #011535\" href=\"https:\/\/us.edu.pl\/nauka-i-badania\/centra-badawcze\/ulka\/\">ULKA<\/a><\/span><\/strong><\/p>\n<\/div>\n<p>\n<\/div>\r\n                    <\/div>\r\n                <\/div>[\/vc_column_inner][vc_column_inner width=&#8221;1\/6&#8243; css=&#8221;.vc_custom_1603695032421{margin-top: -20px !important;margin-bottom: -5px !important;}&#8221;]\r\n                <div class=\"text-modules\">\r\n                    <div class=\"container\">\r\n                        \r\n                        <div class=\"text-modules__content\"><\/p>\n<p style=\"text-align: center\"><span style=\"color: #011535\"><a style=\"color: #011535\" href=\"\/centra-badawcze\/ulka\/ulka-oferta\/\"><strong>Oferta badawcza<\/strong><\/a><\/span><\/p>\n<p>\n<\/div>\r\n                    <\/div>\r\n                <\/div>[\/vc_column_inner][vc_column_inner width=&#8221;1\/6&#8243; css=&#8221;.vc_custom_1603695114103{margin-top: -20px !important;margin-bottom: -5px !important;padding-top: 0px !important;}&#8221;]\r\n                <div class=\"text-modules\">\r\n                    <div class=\"container\">\r\n                        \r\n                        <div class=\"text-modules__content\"><\/p>\n<p style=\"text-align: center\"><span style=\"color: #011535\"><strong><a style=\"color: #011535\" href=\"https:\/\/us.edu.pl\/nauka-i-badania\/centra-badawcze\/ulka\/ulka-wspolpraca\/\">Wsp\u00f3\u0142praca<\/a><\/strong><\/span><\/p>\n<p>\n<\/div>\r\n                    <\/div>\r\n                <\/div>[\/vc_column_inner][vc_column_inner width=&#8221;1\/6&#8243; css=&#8221;.vc_custom_1603695124733{margin-top: -20px !important;margin-bottom: -5px !important;}&#8221;]\r\n                <div class=\"text-modules\">\r\n                    <div class=\"container\">\r\n                        \r\n                        <div class=\"text-modules__content\"><\/p>\n<p style=\"text-align: center\"><span style=\"color: #011535\"><strong><a style=\"color: #011535\" href=\"https:\/\/us.edu.pl\/nauka-i-badania\/centra-badawcze\/ulka\/ulka-zespol\/\">Zesp\u00f3\u0142<\/a><\/strong><\/span><\/p>\n<p>\n<\/div>\r\n                    <\/div>\r\n                <\/div>[\/vc_column_inner][vc_column_inner width=&#8221;1\/6&#8243; css=&#8221;.vc_custom_1603695139482{margin-top: -20px !important;margin-bottom: -5px !important;}&#8221;]\r\n                <div class=\"text-modules\">\r\n                    <div class=\"container\">\r\n                        \r\n                        <div class=\"text-modules__content\"><\/p>\n<p style=\"text-align: center\"><span style=\"color: #011535\"><strong><a style=\"color: #011535\" href=\"https:\/\/us.edu.pl\/nauka-i-badania\/centra-badawcze\/ulka\/ulka-laboratoria\/\">Laboratoria<\/a><\/strong><\/span><\/p>\n<p>\n<\/div>\r\n                    <\/div>\r\n                <\/div>[\/vc_column_inner][vc_column_inner width=&#8221;1\/6&#8243; css=&#8221;.vc_custom_1603695148830{margin-top: -20px !important;margin-bottom: -5px !important;}&#8221;]\r\n                <div class=\"text-modules\">\r\n                    <div class=\"container\">\r\n                        \r\n                        <div class=\"text-modules__content\"><\/p>\n<p style=\"text-align: center\"><strong><span style=\"color: #011535\">Multimedia<\/span><\/strong><\/p>\n<p>\n<\/div>\r\n                    <\/div>\r\n                <\/div>[\/vc_column_inner][\/vc_row_inner][\/vc_column][\/vc_row][vc_row disable_element=&#8221;yes&#8221; css=&#8221;.vc_custom_1612436671980{background-color: #f2f2f2 !important;}&#8221;][vc_column width=&#8221;1\/2&#8243;][\/vc_column][vc_column width=&#8221;1\/2&#8243; el_class=&#8221;text-modules__content&#8221; css=&#8221;.vc_custom_1612436293666{border-left-width: 3px !important;border-left-color: #ffffff !important;border-radius: 3px !important;}&#8221;]\r\n            <div class=\"container\">  \r\n                <div class=\"lists-with-links\">\r\n                    <div class=\"section-title\"><\/div>\r\n                   <div class=\"lists-with-links__items lists-5\"><ul class=\"angle-list\"> <li> <a href=\"\/centra-badawcze\/ulka\/\"> ULKA <\/a> <\/li><\/ul><ul class=\"angle-list\"> <li> <a href=\"\/centra-badawcze\/ulka\/#kontakt\"> Badania <\/a> <\/li><\/ul><ul class=\"angle-list\"> <li> <a href=\"\/centra-badawcze\/ulka\/ulka-oferta\/\"> Oferta badawcza <\/a> <\/li><\/ul><ul class=\"angle-list\"> <li> <a href=\"\/centra-badawcze\/ulka\/ulka-laboratoria\/\"> Laboratoria  <\/a> <\/li><\/ul><ul class=\"angle-list\"> <li> <a href=\"\/centra-badawcze\/ulka\/#kontakt\"> Kontakt <\/a> <\/li><\/ul><\/div>\r\n                <\/div>\r\n            <\/div>[\/vc_column][\/vc_row][vc_row content_placement=&#8221;middle&#8221; css_animation=&#8221;right-to-left&#8221; disable_element=&#8221;yes&#8221; css=&#8221;.vc_custom_1614140656443{margin-top: 5% !important;background-color: #f1f1f1 !important;}&#8221; el_class=&#8221;text-modules__content&#8221;][vc_column width=&#8221;1\/4&#8243; css=&#8221;.vc_custom_1612436798774{margin-top: -10% !important;background-color: #f2f2f2 !important;}&#8221;][\/vc_column][vc_column width=&#8221;1\/4&#8243;][\/vc_column][vc_column width=&#8221;1\/4&#8243;]\r\n            <div class=\"container\">  \r\n                <div class=\"lists-with-links\">\r\n                    <div class=\"section-title\"><\/div>\r\n                   <div class=\"lists-with-links__items lists-1\"><ul class=\"angle-list\"> <li> <a href=\"\/centra-badawcze\/ulka\/\"> ULKA <\/a> <\/li><li> <a href=\"\/centra-badawcze\/ulka\/ulka-wspolpraca\/\"> Wsp\u00f3\u0142praca <\/a> <\/li><li> <a href=\"\/centra-badawcze\/ulka\/ulka-oferta\/\"> Oferta badawcza  <\/a> <\/li><li> <a href=\"\/centra-badawcze\/ulka\/ulka-laboratoria\/\"> Laboratoria <\/a> <\/li><li> <a href=\"\/centra-badawcze\/ulka\/#kontakt\"> Kontakt <\/a> <\/li><\/ul><\/div>\r\n                <\/div>\r\n            <\/div>[\/vc_column][vc_column width=&#8221;1\/4&#8243;][\/vc_column][\/vc_row][vc_row][vc_column width=&#8221;1\/6&#8243;][\/vc_column][vc_column width=&#8221;2\/3&#8243;]\r\n                <div class=\"text-modules\">\r\n                    <div class=\"container\">\r\n                        \r\n                        <div class=\"text-modules__content\"><\/p>\n<p><strong>eFONTES.\u00a0Electronic Corpus of Polish Medieval Latin<\/strong><\/p>\n<p>Dr Grzegorz Bartusik is a member of the annotators&#8217; team that works on the electronic corpus of Polish Medieval Latin. The\u00a0\u201ceFONTES.\u00a0Electronic Corpus of Polish Medieval Latin\u201d project is carried out at the Institute of the Polish Language of the Polish Academy of Sciences in Cracow, under the National Programme for the Development of Humanities, grant number 0116\/NPRH6\/H11\/85\/2018. The project is led by Dr Krzysztof Nowak.<\/p>\n<p>The project\u2019s website: <a href=\"https:\/\/scriptores.pl\/efontes\/en\/\">https:\/\/scriptores.pl\/efontes\/en\/<\/a><\/p>\n<p>\n<\/div>\r\n                    <\/div>\r\n                <\/div>\r\n                <div class=\"text-modules\">\r\n                    <div class=\"container\">\r\n                        \r\n                        <div class=\"text-modules__content\"><\/p>\n<p><strong>Symbolic Resources and Political Structures on the Periphery: Legitimization of the Elites in Poland and Norway, c. 1000-1300<\/strong><\/p>\n<p>Dr Grzegorz Bartusik is one of the collaborators of the Polish-Norwegian research project entitled &#8220;Zasoby symboliczne i struktury polityczne na peryferiach. Legitymizacja elit w Polsce i Norwegii, ok. 1000-1300&#8221; (Symbolic resources and political structures in the periphery. Legitimization of the elites in Poland and Norway, c. 1000-1300), carried out under the National Science Centre, grant number 2019\/34\/H\/HS3\/00500 (GRIEG competition), at the Faculty of History of the University of Warsaw in cooperation with the University of Oslo. The project is led by Prof. Grzegorz Pac.<\/p>\n<p>\n<\/div>\r\n                    <\/div>\r\n                <\/div>[\/vc_column][vc_column width=&#8221;1\/6&#8243;][\/vc_column][\/vc_row]<\/p>\n<p><\/p>\n<style type=\"text\/css\">a[data-mtli~=\"mtli_filesize38935kB\"]:after {content:\" (389.35 kB)\"}a[data-mtli~=\"mtli_filesize36383kB\"]:after {content:\" (363.83 kB)\"}<\/style>","protected":false},"excerpt":{"rendered":"<p>[vc_row css=&#8221;.vc_custom_1603444262786{margin-top: 0px !important;}&#8221;][vc_column][\/vc_column][\/vc_row][vc_row full_height=&#8221;yes&#8221; equal_height=&#8221;yes&#8221; content_placement=&#8221;middle&#8221; css=&#8221;.vc_custom_1603774871283{padding: 0px !important;}&#8221;][vc_column css=&#8221;.vc_custom_1603774547380{background-color: #f2f2f2 !important;}&#8221;][vc_empty_space height=&#8221;20px&#8221;][vc_column_text] [\/vc_column_text][\/vc_column][\/vc_row][vc_row][vc_column][vc_empty_space][\/vc_column][\/vc_row][vc_row gap=&#8221;20&#8243; content_placement=&#8221;middle&#8221; el_class=&#8221;container&#8221;][vc_column width=&#8221;1\/2&#8243;][\/vc_column][vc_column width=&#8221;1\/2&#8243;][\/vc_column][\/vc_row][vc_row][vc_column][vc_empty_space][\/vc_column][\/vc_row][vc_row gap=&#8221;20&#8243; rtl_reverse=&#8221;yes&#8221; content_placement=&#8221;middle&#8221; el_class=&#8221;container&#8221; css=&#8221;.vc_custom_1614139806032{background-color: #f2f2f2 !important;}&#8221;][vc_column width=&#8221;1\/2&#8243;][\/vc_column][vc_column width=&#8221;1\/2&#8243;][\/vc_column][\/vc_row][vc_row][vc_column][vc_empty_space][vc_separator][\/vc_column][\/vc_row][vc_row disable_element=&#8221;yes&#8221; css=&#8221;.vc_custom_1612520635340{margin-top: 0px !important;margin-bottom: 0px !important;}&#8221;][vc_column width=&#8221;1\/4&#8243;][\/vc_column][vc_column width=&#8221;3\/4&#8243;][vc_row_inner css=&#8221;.vc_custom_1603694983516{margin-top: 0px !important;margin-bottom: 0px !important;padding-top: 0px !important;padding-bottom: 0px !important;}&#8221; el_class=&#8221;menu-item menu-item-type-custom menu-item-object-custom menu-item-113828 nav-item&#8221;][vc_column_inner width=&#8221;1\/6&#8243; css=&#8221;.vc_custom_1603695005240{margin-top: -20px !important;margin-bottom: [&#8230;]<\/p>\n<p><a class=\"btn btn-secondary understrap-read-more-link\" href=\"https:\/\/us.edu.pl\/en\/nauka-i-badania\/centra-badawcze\/cbns\/cbns-projekty-badawcze-1\/\">Read More&#8230;<\/a><\/p>\n","protected":false},"author":26,"featured_media":0,"parent":135169,"menu_order":0,"comment_status":"closed","ping_status":"closed","template":"","meta":{"_expiration-date-status":"","_expiration-date":0,"_expiration-date-type":"","_expiration-date-categories":[],"_expiration-date-options":[]},"acf":[],"_links":{"self":[{"href":"https:\/\/us.edu.pl\/en\/wp-json\/wp\/v2\/pages\/135195"}],"collection":[{"href":"https:\/\/us.edu.pl\/en\/wp-json\/wp\/v2\/pages"}],"about":[{"href":"https:\/\/us.edu.pl\/en\/wp-json\/wp\/v2\/types\/page"}],"author":[{"embeddable":true,"href":"https:\/\/us.edu.pl\/en\/wp-json\/wp\/v2\/users\/26"}],"replies":[{"embeddable":true,"href":"https:\/\/us.edu.pl\/en\/wp-json\/wp\/v2\/comments?post=135195"}],"version-history":[{"count":3,"href":"https:\/\/us.edu.pl\/en\/wp-json\/wp\/v2\/pages\/135195\/revisions"}],"predecessor-version":[{"id":163068,"href":"https:\/\/us.edu.pl\/en\/wp-json\/wp\/v2\/pages\/135195\/revisions\/163068"}],"up":[{"embeddable":true,"href":"https:\/\/us.edu.pl\/en\/wp-json\/wp\/v2\/pages\/135169"}],"wp:attachment":[{"href":"https:\/\/us.edu.pl\/en\/wp-json\/wp\/v2\/media?parent=135195"}],"curies":[{"name":"wp","href":"https:\/\/api.w.org\/{rel}","templated":true}]}}