{"id":139582,"date":"2021-05-17T16:20:48","date_gmt":"2021-05-17T14:20:48","guid":{"rendered":"https:\/\/us.edu.pl\/?page_id=139582"},"modified":"2025-01-07T17:22:52","modified_gmt":"2025-01-07T16:22:52","slug":"ucko","status":"publish","type":"page","link":"https:\/\/us.edu.pl\/en\/nauka-i-badania\/centra-badawcze\/ucko\/","title":{"rendered":"UCKO"},"content":{"rendered":"<p><\/p>\n<p>[vc_row][vc_column][vc_empty_space][vc_empty_space]\r\n                <div class=\"text-modules\">\r\n                    <div class=\"container\">\r\n                        <h3 class=\"page-title text__title\">University Centre for Creative Citizenship<\/h3>\r\n                        <div class=\"text-modules__content\"><\/div>\r\n                    <\/div>\r\n                <\/div>[\/vc_column][\/vc_row][vc_row full_height=&#8221;yes&#8221; content_placement=&#8221;bottom&#8221; parallax=&#8221;content-moving&#8221; parallax_image=&#8221;140684&#8243; css=&#8221;.vc_custom_1623231274337{padding-top: 200px !important;padding-bottom: 200px !important;}&#8221;][vc_column][\/vc_column][\/vc_row][vc_row content_placement=&#8221;top&#8221; el_class=&#8221;container&#8221;][vc_column width=&#8221;1\/6&#8243; css=&#8221;.vc_custom_1592457546034{background-color: #f4f4f4 !important;}&#8221;][\/vc_column][vc_column width=&#8221;2\/3&#8243; css=&#8221;.vc_custom_1592457669630{background-color: #f4f4f4 !important;}&#8221;][vc_empty_space]\r\n                <div class=\"text-modules\">\r\n                    <div class=\"container\">\r\n                        \r\n                        <div class=\"text-modules__content\"><\/p>\n<p>The University Centre for Creative Citizenship is a unit of the University of Silesia in Katowice established thanks to the cooperation between the Institute of Political Science and the Institute of Psychology. The Centre carries out research projects, which result in developing new ideas and concepts for active citizenship.<\/p>\n<p>The Centre is based on the activity of young researchers and its aim is to carry out interdisciplinary science and educational activity in cooperation with the environment.<\/p>\n<p>\n<\/div>\r\n                    <\/div>\r\n                <\/div>[vc_btn title=&#8221;ABOUT US&#8221; style=&#8221;classic&#8221; shape=&#8221;square&#8221; color=&#8221;blue&#8221; size=&#8221;lg&#8221; align=&#8221;left&#8221; css_animation=&#8221;fadeIn&#8221; link=&#8221;url:https%3A%2F%2Fus.edu.pl%2Fen%2Fnauka-i-badania%2Fcentra-badawcze%2Fucko%2Fo-nas%2F|title:O%20nas||&#8221;][\/vc_column][vc_column width=&#8221;1\/6&#8243;][\/vc_column][\/vc_row][vc_row el_class=&#8221;container&#8221;][vc_column][vc_empty_space height=&#8221;42px&#8221;][\/vc_column][\/vc_row][vc_row gap=&#8221;35&#8243; content_placement=&#8221;middle&#8221; css=&#8221;.vc_custom_1593698861673{padding-top: 3% !important;padding-right: 10% !important;padding-bottom: 3% !important;padding-left: 10% !important;background-color: #002e5a !important;}&#8221; el_class=&#8221;container&#8221;][vc_column width=&#8221;1\/2&#8243; el_class=&#8221;container&#8221;]\r\n                <div class=\"text-modules\">\r\n                    <div class=\"container\">\r\n                        \r\n                        <div class=\"text-modules__content\"><\/p>\n<h3><span style=\"color: #ffffff;\"><strong>Offer<\/strong><\/span><\/h3>\n<p><span style=\"color: #ffffff;\">Detailed information about the Centre\u2019s activity.<\/span><\/p>\n<p style=\"font-family: 'PT Sans Narrow', sans-serif; text-align: left;\"><span style=\"color: #ffffff;\"><a style=\"color: #ffffff;\" href=\"https:\/\/us.edu.pl\/en\/nauka-i-badania\/centra-badawcze\/ucko\/oferta\/\">More about the offer<\/a><\/span><\/p>\n<p>\n<\/div>\r\n                    <\/div>\r\n                <\/div>[\/vc_column][vc_column width=&#8221;1\/2&#8243; el_class=&#8221;container&#8221;]\r\n                <div class=\"text-modules\">\r\n                    <div class=\"container\">\r\n                        \r\n                        <div class=\"text-modules__content\"><\/p>\n<p><img class=\"alignnone wp-image-140147 size-medium\" src=\"https:\/\/us.edu.pl\/wp-content\/uploads\/obrazki-stron\/ucko\/book-bindings-3176776_1920_Jess_Bailey_Pixabay-\u2014-kopia-600x400.jpg\" alt=\"otwarta ksi\u0105\u017cka, otwarty notatnik, d\u0142ugopis\/open book, open notebook, pen\" width=\"600\" height=\"400\" srcset=\"https:\/\/us.edu.pl\/wp-content\/uploads\/obrazki-stron\/ucko\/book-bindings-3176776_1920_Jess_Bailey_Pixabay-\u2014-kopia-600x400.jpg 600w, https:\/\/us.edu.pl\/wp-content\/uploads\/obrazki-stron\/ucko\/book-bindings-3176776_1920_Jess_Bailey_Pixabay-\u2014-kopia-768x512.jpg 768w, https:\/\/us.edu.pl\/wp-content\/uploads\/obrazki-stron\/ucko\/book-bindings-3176776_1920_Jess_Bailey_Pixabay-\u2014-kopia-575x383.jpg 575w, https:\/\/us.edu.pl\/wp-content\/uploads\/obrazki-stron\/ucko\/book-bindings-3176776_1920_Jess_Bailey_Pixabay-\u2014-kopia.jpg 800w\" sizes=\"(max-width: 600px) 100vw, 600px\" \/><\/p>\n<p>\n<\/div>\r\n                    <\/div>\r\n                <\/div>[\/vc_column][\/vc_row][vc_row][vc_column][vc_empty_space height=&#8221;42px&#8221;][\/vc_column][\/vc_row][vc_row gap=&#8221;35&#8243; content_placement=&#8221;middle&#8221; css=&#8221;.vc_custom_1593698898475{padding-top: 3% !important;padding-right: 10% !important;padding-bottom: 3% !important;padding-left: 10% !important;}&#8221; el_class=&#8221;container&#8221;][vc_column width=&#8221;1\/2&#8243; el_class=&#8221;container&#8221;]\r\n                <div class=\"text-modules\">\r\n                    <div class=\"container\">\r\n                        \r\n                        <div class=\"text-modules__content\"><\/p>\n<p><img class=\"alignnone wp-image-140148 size-medium\" src=\"https:\/\/us.edu.pl\/wp-content\/uploads\/obrazki-stron\/ucko\/Dylan-Gillis-KdeqA3aTnBY-unsplash-600x400.jpg\" alt=\"osoby siedz\u0105ce przy stole z notatnikami\/people sitting at the table with notebooks\" width=\"600\" height=\"400\" srcset=\"https:\/\/us.edu.pl\/wp-content\/uploads\/obrazki-stron\/ucko\/Dylan-Gillis-KdeqA3aTnBY-unsplash-600x400.jpg 600w, https:\/\/us.edu.pl\/wp-content\/uploads\/obrazki-stron\/ucko\/Dylan-Gillis-KdeqA3aTnBY-unsplash-768x512.jpg 768w, https:\/\/us.edu.pl\/wp-content\/uploads\/obrazki-stron\/ucko\/Dylan-Gillis-KdeqA3aTnBY-unsplash-575x383.jpg 575w, https:\/\/us.edu.pl\/wp-content\/uploads\/obrazki-stron\/ucko\/Dylan-Gillis-KdeqA3aTnBY-unsplash.jpg 800w\" sizes=\"(max-width: 600px) 100vw, 600px\" \/><\/p>\n<p>\n<\/div>\r\n                    <\/div>\r\n                <\/div>[\/vc_column][vc_column width=&#8221;1\/2&#8243; el_class=&#8221;container&#8221;]\r\n                <div class=\"text-modules\">\r\n                    <div class=\"container\">\r\n                        \r\n                        <div class=\"text-modules__content\"><\/p>\n<h3><span style=\"color: #000000;\"><strong>Current initiatives<\/strong><\/span><\/h3>\n<p>Information about the current research projects<\/p>\n<p style=\"font-family: 'PT Sans Narrow', sans-serif; text-align: left;\"><span style=\"color: #011535;\"><strong><a style=\"color: #011535;\" href=\"https:\/\/us.edu.pl\/en\/nauka-i-badania\/centra-badawcze\/ucko\/aktualne-inicjatywy\/\">More about initiatives<\/a><\/strong><\/span><\/p>\n<p>\n<\/div>\r\n                    <\/div>\r\n                <\/div>[\/vc_column][\/vc_row][vc_row full_width=&#8221;stretch_row_content_no_spaces&#8221; css=&#8221;.vc_custom_1593692532218{background-color: #002e5a !important;}&#8221;][vc_column]\r\n                <div class='logos'>\r\n                    <div class='container'>\r\n                        <h3 class='page-title'><\/h3>\r\n                        <div class='logos-blocks bg-blue'> \r\n               \r\n                            \r\n                        <a href=\"https:\/\/us.edu.pl\/en\/nauka-i-badania\/centra-badawcze\/ucko\/zespol\/\" title=\"Team\"\r\n                         class=\"logos-blocks__item carousel-slide\">\r\n                            <div class=\"logos-blocks__img\">\r\n                                <img src=\"https:\/\/us.edu.pl\/wp-content\/uploads\/obrazki-stron\/ulka\/people-solid.png\" alt=\"Team\">\r\n                            <\/div>\r\n                            <span>Team<\/span>\r\n                        <\/a> \r\n                           \r\n                        <\/div>\r\n                    <\/div>\r\n                <\/div>[\/vc_column][\/vc_row][vc_row][vc_column][vc_empty_space][\/vc_column][\/vc_row][vc_row gap=&#8221;35&#8243; content_placement=&#8221;top&#8221; css=&#8221;.vc_custom_1593699342528{padding-top: 3% !important;padding-right: 10% !important;padding-bottom: 3% !important;padding-left: 10% !important;}&#8221; el_class=&#8221;container&#8221;][vc_column width=&#8221;1\/3&#8243; el_class=&#8221;container&#8221;]\r\n                <div class=\"text-modules\">\r\n                    <div class=\"container\">\r\n                        \r\n                        <div class=\"text-modules__content\"><\/p>\n<h3><strong><span style=\"color: #000000;\"><a id=\"kontakt\"><\/a>Contact us<\/span><\/strong><\/h3>\n<p>The Director of the University Centre for Creative Citizenship is <a href=\"https:\/\/ab.us.edu.pl\/emp?id=63513\">Wiktor Widera, PhD, <\/a> from the Faculty of Social Sciences of the University of Silesia.<\/p>\n<p>e-mail: <a href=\"mailto:wiktor.widera@us.edu.pl\">wiktor.widera@us.edu.pl<\/a><\/p>\n<p>\n<\/div>\r\n                    <\/div>\r\n                <\/div>[\/vc_column][vc_column width=&#8221;1\/3&#8243; el_class=&#8221;container&#8221;][\/vc_column][vc_column width=&#8221;1\/3&#8243;][\/vc_column][\/vc_row]<\/p>\n<p><\/p>","protected":false},"excerpt":{"rendered":"<p>[vc_row][vc_column][vc_empty_space][vc_empty_space][\/vc_column][\/vc_row][vc_row full_height=&#8221;yes&#8221; content_placement=&#8221;bottom&#8221; parallax=&#8221;content-moving&#8221; parallax_image=&#8221;140684&#8243; css=&#8221;.vc_custom_1623231274337{padding-top: 200px !important;padding-bottom: 200px !important;}&#8221;][vc_column][\/vc_column][\/vc_row][vc_row content_placement=&#8221;top&#8221; el_class=&#8221;container&#8221;][vc_column width=&#8221;1\/6&#8243; css=&#8221;.vc_custom_1592457546034{background-color: #f4f4f4 !important;}&#8221;][\/vc_column][vc_column width=&#8221;2\/3&#8243; css=&#8221;.vc_custom_1592457669630{background-color: #f4f4f4 !important;}&#8221;][vc_empty_space][vc_btn title=&#8221;ABOUT US&#8221; style=&#8221;classic&#8221; shape=&#8221;square&#8221; color=&#8221;blue&#8221; size=&#8221;lg&#8221; align=&#8221;left&#8221; css_animation=&#8221;fadeIn&#8221; link=&#8221;url:https%3A%2F%2Fus.edu.pl%2Fen%2Fnauka-i-badania%2Fcentra-badawcze%2Fucko%2Fo-nas%2F|title:O%20nas||&#8221;][\/vc_column][vc_column width=&#8221;1\/6&#8243;][\/vc_column][\/vc_row][vc_row el_class=&#8221;container&#8221;][vc_column][vc_empty_space height=&#8221;42px&#8221;][\/vc_column][\/vc_row][vc_row gap=&#8221;35&#8243; content_placement=&#8221;middle&#8221; css=&#8221;.vc_custom_1593698861673{padding-top: 3% !important;padding-right: 10% !important;padding-bottom: 3% !important;padding-left: 10% !important;background-color: #002e5a !important;}&#8221; el_class=&#8221;container&#8221;][vc_column width=&#8221;1\/2&#8243; el_class=&#8221;container&#8221;][\/vc_column][vc_column width=&#8221;1\/2&#8243; el_class=&#8221;container&#8221;][\/vc_column][\/vc_row][vc_row][vc_column][vc_empty_space height=&#8221;42px&#8221;][\/vc_column][\/vc_row][vc_row gap=&#8221;35&#8243; content_placement=&#8221;middle&#8221; css=&#8221;.vc_custom_1593698898475{padding-top: 3% [&#8230;]<\/p>\n<p><a class=\"btn btn-secondary understrap-read-more-link\" href=\"https:\/\/us.edu.pl\/en\/nauka-i-badania\/centra-badawcze\/ucko\/\">Read More&#8230;<\/a><\/p>\n","protected":false},"author":33,"featured_media":0,"parent":80620,"menu_order":0,"comment_status":"closed","ping_status":"closed","template":"page-templates\/index-template.php","meta":{"_expiration-date-status":"","_expiration-date":0,"_expiration-date-type":"","_expiration-date-categories":[],"_expiration-date-options":[]},"acf":[],"_links":{"self":[{"href":"https:\/\/us.edu.pl\/en\/wp-json\/wp\/v2\/pages\/139582"}],"collection":[{"href":"https:\/\/us.edu.pl\/en\/wp-json\/wp\/v2\/pages"}],"about":[{"href":"https:\/\/us.edu.pl\/en\/wp-json\/wp\/v2\/types\/page"}],"author":[{"embeddable":true,"href":"https:\/\/us.edu.pl\/en\/wp-json\/wp\/v2\/users\/33"}],"replies":[{"embeddable":true,"href":"https:\/\/us.edu.pl\/en\/wp-json\/wp\/v2\/comments?post=139582"}],"version-history":[{"count":2,"href":"https:\/\/us.edu.pl\/en\/wp-json\/wp\/v2\/pages\/139582\/revisions"}],"predecessor-version":[{"id":207677,"href":"https:\/\/us.edu.pl\/en\/wp-json\/wp\/v2\/pages\/139582\/revisions\/207677"}],"up":[{"embeddable":true,"href":"https:\/\/us.edu.pl\/en\/wp-json\/wp\/v2\/pages\/80620"}],"wp:attachment":[{"href":"https:\/\/us.edu.pl\/en\/wp-json\/wp\/v2\/media?parent=139582"}],"curies":[{"name":"wp","href":"https:\/\/api.w.org\/{rel}","templated":true}]}}