{"id":139738,"date":"2021-05-19T15:08:20","date_gmt":"2021-05-19T13:08:20","guid":{"rendered":"https:\/\/us.edu.pl\/?page_id=139738"},"modified":"2021-07-23T10:56:53","modified_gmt":"2021-07-23T08:56:53","slug":"o-nas","status":"publish","type":"page","link":"https:\/\/us.edu.pl\/en\/nauka-i-badania\/centra-badawcze\/ucko\/o-nas\/","title":{"rendered":"About us"},"content":{"rendered":"<p><\/p>\n<p>[vc_row css=&#8221;.vc_custom_1603444262786{margin-top: 0px !important;}&#8221;][vc_column]\r\n                <div class=\"text-modules\">\r\n                    <div class=\"container\">\r\n                        \r\n                        <div class=\"text-modules__content\"><\/p>\n<div class=\"page-title text__title\" style=\"font-size: 160%;\">\n<p><span style=\"color: #002e5a;\"><a style=\"color: #002e5a;\" href=\"https:\/\/us.edu.pl\/nauka-i-badania\/centra-badawcze\/ucko\/\">University Centre for Creative Citizenship<\/a><\/span><\/p>\n<\/div>\n<p>\n<\/div>\r\n                    <\/div>\r\n                <\/div>[vc_row_inner css=&#8221;.vc_custom_1623050645414{background-color: #f2f2f2 !important;}&#8221;][vc_column_inner]\r\n                <div class=\"text-modules\">\r\n                    <div class=\"container\">\r\n                        \r\n                        <div class=\"text-modules__content\"><\/p>\n<div class=\"page-title text__title\" style=\"margin-left: 20px;\">\n<h3 style=\"font-size: 100%;\"><strong>About us<\/strong><\/h3>\n<\/div>\n<p>\n<\/div>\r\n                    <\/div>\r\n                <\/div>[\/vc_column_inner][\/vc_row_inner][vc_single_image source=&#8221;external_link&#8221; alignment=&#8221;center&#8221; custom_src=&#8221;https:\/\/us.edu.pl\/wp-content\/uploads\/obrazki-stron\/ucko\/Edurne-Chopeitia-anVS-UkAsPU-unsplash-\u2014-kopia.jpg&#8221;][\/vc_column][\/vc_row][vc_row gap=&#8221;20&#8243; rtl_reverse=&#8221;yes&#8221;][vc_column width=&#8221;1\/6&#8243;][\/vc_column][vc_column width=&#8221;2\/3&#8243;]\r\n                <div class=\"text-modules\">\r\n                    <div class=\"container\">\r\n                        \r\n                        <div class=\"text-modules__content\"><\/p>\n<h3>Mission<\/h3>\n<p>The University Centre for Creative Citizenship is devoted to shaping conscious and creative citizenship behaviours as an interdisciplinary task intended to strengthen the individual factors supporting activities to the benefit of the environment, pro-social attitude, and readiness to counter the tendencies leading to escalation of prejudice and anti-social trends.<\/p>\n<p>\n<\/div>\r\n                    <\/div>\r\n                <\/div>\r\n                <div class=\"text-modules\">\r\n                    <div class=\"container\">\r\n                        \r\n                        <div class=\"text-modules__content\"><\/p>\n<p>The initiative of the University Centre for Creative Citizenship is designed as a professional offer of young academics, addressed especially towards the young and based on the following thinking principles:<\/p>\n<p>\n<\/div>\r\n                    <\/div>\r\n                <\/div>[\/vc_column][vc_column width=&#8221;1\/6&#8243;][\/vc_column][\/vc_row][vc_row gap=&#8221;3&#8243;][vc_column width=&#8221;1\/4&#8243;][\/vc_column][vc_column width=&#8221;1\/2&#8243;][vc_tta_accordion style=&#8221;flat&#8221; shape=&#8221;square&#8221; color=&#8221;blue&#8221; spacing=&#8221;2&#8243; c_icon=&#8221;triangle&#8221; active_section=&#8221;0&#8243; no_fill=&#8221;true&#8221; collapsible_all=&#8221;true&#8221; background-color=&#8221;#002e5a&#8221;][vc_tta_section title=&#8221;youth as a potential&#8221; tab_id=&#8221;1621431866334-7d4c023f-0c41&#8243;]\r\n                <div class=\"text-modules\">\r\n                    <div class=\"container\">\r\n                        \r\n                        <div class=\"text-modules__content\"><\/p>\n<p>a period of formative changes in the identity and personality of the future leaders of social groups, public institutions, professional teams and economic organisations<\/p>\n<p>\n<\/div>\r\n                    <\/div>\r\n                <\/div>[\/vc_tta_section][vc_tta_section title=&#8221;youth as a channel of experience&#8221; tab_id=&#8221;1621431866355-d6ffff5a-01ea&#8221;]\r\n                <div class=\"text-modules\">\r\n                    <div class=\"container\">\r\n                        \r\n                        <div class=\"text-modules__content\"><\/p>\n<p>involvement of young science employees is carried out in cooperation with experienced and renowned researchers<\/p>\n<p>\n<\/div>\r\n                    <\/div>\r\n                <\/div>[\/vc_tta_section][vc_tta_section title=&#8221;activities for local communities&#8221; tab_id=&#8221;1621432089751-6e51c681-bf66&#8243;]\r\n                <div class=\"text-modules\">\r\n                    <div class=\"container\">\r\n                        \r\n                        <div class=\"text-modules__content\"><\/p>\n<p>the University Centre for Creative Citizenship is to serve the interests of local communities, helping them to recognise and describe their characteristic features and problems, and at the same time enabling them to look at their own dilemmas from the perspective of global scientific thought<\/p>\n<p>\n<\/div>\r\n                    <\/div>\r\n                <\/div>[\/vc_tta_section][vc_tta_section title=&#8221;cooperation with the social environment&#8221; tab_id=&#8221;1621432111159-18c0488b-f330&#8243;]\r\n                <div class=\"text-modules\">\r\n                    <div class=\"container\">\r\n                        \r\n                        <div class=\"text-modules__content\"><\/p>\n<p>the aim is to cooperate with educational institutions, self-government bodies, public institutions, economic organisations, non-governmental organisations, and inhabitants of the region, thanks to which research and implementation projects will be set in a social context<\/p>\n<p>\n<\/div>\r\n                    <\/div>\r\n                <\/div>[\/vc_tta_section][\/vc_tta_accordion][\/vc_column][vc_column width=&#8221;1\/4&#8243;][\/vc_column][\/vc_row][vc_row gap=&#8221;3&#8243;][vc_column width=&#8221;1\/3&#8243;][\/vc_column][vc_column width=&#8221;1\/3&#8243;]\r\n                <div class=\"text-modules\">\r\n                    <div class=\"container\">\r\n                        \r\n                        <div class=\"text-modules__content\"><\/p>\n<p><img class=\"aligncenter wp-image-140155 size-full\" src=\"https:\/\/us.edu.pl\/wp-content\/uploads\/obrazki-stron\/ucko\/Antonio-Janeski-CHVTt0aGbx0-unsplash-\u2014-kopia.jpg\" alt=\"wyci\u0105gni\u0119te do przodu r\u0119ce pi\u0119ciu os\u00f3b.hands of five people reaching forward\" width=\"800\" height=\"533\" srcset=\"https:\/\/us.edu.pl\/wp-content\/uploads\/obrazki-stron\/ucko\/Antonio-Janeski-CHVTt0aGbx0-unsplash-\u2014-kopia.jpg 800w, https:\/\/us.edu.pl\/wp-content\/uploads\/obrazki-stron\/ucko\/Antonio-Janeski-CHVTt0aGbx0-unsplash-\u2014-kopia-600x400.jpg 600w, https:\/\/us.edu.pl\/wp-content\/uploads\/obrazki-stron\/ucko\/Antonio-Janeski-CHVTt0aGbx0-unsplash-\u2014-kopia-768x512.jpg 768w, https:\/\/us.edu.pl\/wp-content\/uploads\/obrazki-stron\/ucko\/Antonio-Janeski-CHVTt0aGbx0-unsplash-\u2014-kopia-575x383.jpg 575w\" sizes=\"(max-width: 800px) 100vw, 800px\" \/><\/p>\n<p>\n<\/div>\r\n                    <\/div>\r\n                <\/div>[\/vc_column][vc_column width=&#8221;1\/3&#8243;][\/vc_column][\/vc_row][vc_row content_placement=&#8221;top&#8221; el_class=&#8221;container&#8221;][vc_column width=&#8221;1\/6&#8243;][\/vc_column][vc_column width=&#8221;2\/3&#8243;]\r\n                <div class=\"text-modules\">\r\n                    <div class=\"container\">\r\n                        \r\n                        <div class=\"text-modules__content\"><\/p>\n<h3>Tasks<\/h3>\n<ul>\n<li>development and implementation works focused on putting the results of scientific research into practice;<\/li>\n<\/ul>\n<ul>\n<li>cooperation with domestic and foreign units carrying out scientific activities;<\/li>\n<\/ul>\n<ul>\n<li>cooperation with organisations and institutions, in which citizenship activity poses an integral part of their activity;<\/li>\n<\/ul>\n<ul>\n<li>provision of research and project services;<\/li>\n<\/ul>\n<ul>\n<li>organisation of conferences, trainings, seminars, internships, workshops, study visits, and other entrepreneurship leading to exchange of experiences.<\/li>\n<\/ul>\n<p>\n<\/div>\r\n                    <\/div>\r\n                <\/div>[\/vc_column][vc_column width=&#8221;1\/6&#8243;][\/vc_column][\/vc_row][vc_row content_placement=&#8221;middle&#8221; css_animation=&#8221;right-to-left&#8221; css=&#8221;.vc_custom_1612437180985{margin-top: 5% !important;background-color: #f1f1f1 !important;}&#8221; el_class=&#8221;text-modules__content&#8221;][vc_column width=&#8221;1\/4&#8243; css=&#8221;.vc_custom_1612436798774{margin-top: -10% !important;background-color: #f2f2f2 !important;}&#8221;][\/vc_column][vc_column width=&#8221;1\/4&#8243;][\/vc_column][vc_column width=&#8221;1\/4&#8243;]\r\n            <div class=\"container\">  \r\n                <div class=\"lists-with-links\">\r\n                    <div class=\"section-title\"><\/div>\r\n                   <div class=\"lists-with-links__items lists-1\"><ul class=\"angle-list\"> <li> <a href=\"\/en\/nauka-i-badania\/centra-badawcze\/ucko\"> UCKO <\/a> <\/li><li> <a href=\"\/en\/nauka-i-badania\/centra-badawcze\/ucko\/oferta\/\"> Research offer <\/a> <\/li><li> <a href=\"\/en\/nauka-i-badania\/centra-badawcze\/ucko\/aktualne-inicjatywy\"> Current initiatives <\/a> <\/li><li> <a href=\"\/en\/nauka-i-badania\/centra-badawcze\/ucko\/zespol\"> Team <\/a> <\/li><li> <a href=\"\/en\/nauka-i-badania\/centra-badawcze\/ucko\/#kontakt\"> Contact us <\/a> <\/li><\/ul><\/div>\r\n                <\/div>\r\n            <\/div>[\/vc_column][vc_column width=&#8221;1\/4&#8243;][\/vc_column][\/vc_row]<\/p>\n<p><\/p>","protected":false},"excerpt":{"rendered":"<p>[vc_row css=&#8221;.vc_custom_1603444262786{margin-top: 0px !important;}&#8221;][vc_column][vc_row_inner css=&#8221;.vc_custom_1623050645414{background-color: #f2f2f2 !important;}&#8221;][vc_column_inner][\/vc_column_inner][\/vc_row_inner][vc_single_image source=&#8221;external_link&#8221; alignment=&#8221;center&#8221; custom_src=&#8221;https:\/\/us.edu.pl\/wp-content\/uploads\/obrazki-stron\/ucko\/Edurne-Chopeitia-anVS-UkAsPU-unsplash-\u2014-kopia.jpg&#8221;][\/vc_column][\/vc_row][vc_row gap=&#8221;20&#8243; rtl_reverse=&#8221;yes&#8221;][vc_column width=&#8221;1\/6&#8243;][\/vc_column][vc_column width=&#8221;2\/3&#8243;][\/vc_column][vc_column width=&#8221;1\/6&#8243;][\/vc_column][\/vc_row][vc_row gap=&#8221;3&#8243;][vc_column width=&#8221;1\/4&#8243;][\/vc_column][vc_column width=&#8221;1\/2&#8243;][vc_tta_accordion style=&#8221;flat&#8221; shape=&#8221;square&#8221; color=&#8221;blue&#8221; spacing=&#8221;2&#8243; c_icon=&#8221;triangle&#8221; active_section=&#8221;0&#8243; no_fill=&#8221;true&#8221; collapsible_all=&#8221;true&#8221; background-color=&#8221;#002e5a&#8221;][vc_tta_section title=&#8221;youth as a potential&#8221; tab_id=&#8221;1621431866334-7d4c023f-0c41&#8243;][\/vc_tta_section][vc_tta_section title=&#8221;youth as a channel of experience&#8221; tab_id=&#8221;1621431866355-d6ffff5a-01ea&#8221;][\/vc_tta_section][vc_tta_section title=&#8221;activities for local communities&#8221; tab_id=&#8221;1621432089751-6e51c681-bf66&#8243;][\/vc_tta_section][vc_tta_section title=&#8221;cooperation with the social environment&#8221; tab_id=&#8221;1621432111159-18c0488b-f330&#8243;][\/vc_tta_section][\/vc_tta_accordion][\/vc_column][vc_column width=&#8221;1\/4&#8243;][\/vc_column][\/vc_row][vc_row gap=&#8221;3&#8243;][vc_column width=&#8221;1\/3&#8243;][\/vc_column][vc_column width=&#8221;1\/3&#8243;][\/vc_column][vc_column width=&#8221;1\/3&#8243;][\/vc_column][\/vc_row][vc_row [&#8230;]<\/p>\n<p><a class=\"btn btn-secondary understrap-read-more-link\" href=\"https:\/\/us.edu.pl\/en\/nauka-i-badania\/centra-badawcze\/ucko\/o-nas\/\">Read More&#8230;<\/a><\/p>\n","protected":false},"author":33,"featured_media":0,"parent":139582,"menu_order":0,"comment_status":"closed","ping_status":"closed","template":"","meta":{"_expiration-date-status":"saved","_expiration-date":0,"_expiration-date-type":"","_expiration-date-categories":[],"_expiration-date-options":[]},"acf":[],"_links":{"self":[{"href":"https:\/\/us.edu.pl\/en\/wp-json\/wp\/v2\/pages\/139738"}],"collection":[{"href":"https:\/\/us.edu.pl\/en\/wp-json\/wp\/v2\/pages"}],"about":[{"href":"https:\/\/us.edu.pl\/en\/wp-json\/wp\/v2\/types\/page"}],"author":[{"embeddable":true,"href":"https:\/\/us.edu.pl\/en\/wp-json\/wp\/v2\/users\/33"}],"replies":[{"embeddable":true,"href":"https:\/\/us.edu.pl\/en\/wp-json\/wp\/v2\/comments?post=139738"}],"version-history":[{"count":0,"href":"https:\/\/us.edu.pl\/en\/wp-json\/wp\/v2\/pages\/139738\/revisions"}],"up":[{"embeddable":true,"href":"https:\/\/us.edu.pl\/en\/wp-json\/wp\/v2\/pages\/139582"}],"wp:attachment":[{"href":"https:\/\/us.edu.pl\/en\/wp-json\/wp\/v2\/media?parent=139738"}],"curies":[{"name":"wp","href":"https:\/\/api.w.org\/{rel}","templated":true}]}}