{"id":142918,"date":"2021-08-10T13:56:13","date_gmt":"2021-08-10T11:56:13","guid":{"rendered":"https:\/\/us.edu.pl\/?page_id=142918"},"modified":"2023-01-20T15:52:41","modified_gmt":"2023-01-20T14:52:41","slug":"lek-jolanta-wadowska-krol","status":"publish","type":"page","link":"https:\/\/us.edu.pl\/en\/uczelnia\/o-nas\/historia\/doktorzy-honoris-causa-uniwersytetu-slaskiego\/lek-jolanta-wadowska-krol\/","title":{"rendered":"Doctor Jolanta Wadowska-Kr\u00f3l"},"content":{"rendered":"<p><\/p>\n<p>[vc_row el_class=&#8221;container&#8221;][vc_column width=&#8221;2\/3&#8243;]\r\n                <div class=\"text-modules\">\r\n                    <div class=\"container\">\r\n                        <h3 class=\"page-title text__title\">Doctor Jolanta Wadowska-Kr\u00f3l<\/h3>\r\n                        <div class=\"text-modules__content\"><\/p>\n<p>Award date: 24 June 2021<\/p>\n<p>USil Senate resolution date: 27 April 2021 (<a href=\"https:\/\/aktyprawne.us.edu.pl\/423-lista\/d\/5084\/5\/\"><em>Resolution No. 98<\/em><\/a>)<\/p>\n<p>The procedure for granting the <em>honorary doctorate degree<\/em> was initiated by the request of the Rector of the University of Silesia in Katowice.<\/p>\n<p>&nbsp;<\/p>\n<p>Doctor Jolanta Wadowska-Kr\u00f3l \u2013 a paediatrician who during the 1970s launched research into exposure to lead among children living within the vicinity of the Szopienice smelter plant. Thanks to her actions, thousands of children were treated and the houses closest to the smelter\u2019s chimney were demolished. These actions greatly improved local people\u2019s health and had a positive impact on the state of the environment.<\/p>\n<p>\n<\/div>\r\n                    <\/div>\r\n                <\/div>\r\n                <div class=\"text-modules\">\r\n                    <div class=\"container\">\r\n                        \r\n                        <div class=\"text-modules__content\"><\/p>\n<h3>Video from the ceremony:<\/h3>\n<p>\n<\/div>\r\n                    <\/div>\r\n                <\/div>[vc_video link=&#8221;https:\/\/youtu.be\/ZebndcEDGwk&#8221;][vc_empty_space]\r\n                <div class=\"text-modules\">\r\n                    <div class=\"container\">\r\n                        \r\n                        <div class=\"text-modules__content\"><\/p>\n<h3>Video from the meeting with Doctor Jolanta Wadowska-Kr\u00f3l<\/h3>\n<p>\n<\/div>\r\n                    <\/div>\r\n                <\/div>[vc_video link=&#8221;https:\/\/youtu.be\/bTmYwELpSTg&#8221;][\/vc_column][vc_column width=&#8221;1\/3&#8243;]\r\n                <div class=\"text-modules\">\r\n                    <div class=\"container\">\r\n                        \r\n                        <div class=\"text-modules__content\"><\/p>\n<p><img class=\"alignnone wp-image-141560 size-full\" src=\"https:\/\/us.edu.pl\/wp-content\/uploads\/Galerie\/2021\/2021-06-24_uroczysto\u015b\u0107-dhc-Jolancie-Wadowskiej-Kr\u00f3l\/Z6A1661_fot-Julia-Agnieszka-Szymala.jpg\" alt=\"\" width=\"100%\" height=\"auto\" srcset=\"https:\/\/us.edu.pl\/wp-content\/uploads\/Galerie\/2021\/2021-06-24_uroczysto\u015b\u0107-dhc-Jolancie-Wadowskiej-Kr\u00f3l\/Z6A1661_fot-Julia-Agnieszka-Szymala.jpg 800w, https:\/\/us.edu.pl\/wp-content\/uploads\/Galerie\/2021\/2021-06-24_uroczysto\u015b\u0107-dhc-Jolancie-Wadowskiej-Kr\u00f3l\/Z6A1661_fot-Julia-Agnieszka-Szymala-600x400.jpg 600w, https:\/\/us.edu.pl\/wp-content\/uploads\/Galerie\/2021\/2021-06-24_uroczysto\u015b\u0107-dhc-Jolancie-Wadowskiej-Kr\u00f3l\/Z6A1661_fot-Julia-Agnieszka-Szymala-768x512.jpg 768w, https:\/\/us.edu.pl\/wp-content\/uploads\/Galerie\/2021\/2021-06-24_uroczysto\u015b\u0107-dhc-Jolancie-Wadowskiej-Kr\u00f3l\/Z6A1661_fot-Julia-Agnieszka-Szymala-575x383.jpg 575w\" sizes=\"(max-width: 800px) 100vw, 800px\" \/><\/p>\n<p><span style=\"font-size: 12px;\">Doctor Jolanta Wadowska-Kr\u00f3l during the ceremony of receiving the <em>honorary doctorate degree<\/em> | Photo by Julia Agnieszka Szymala<\/span><\/p>\n<p>\n<\/div>\r\n                    <\/div>\r\n                <\/div>[\/vc_column][\/vc_row]<\/p>\n<p><\/p>","protected":false},"excerpt":{"rendered":"<p>[vc_row el_class=&#8221;container&#8221;][vc_column width=&#8221;2\/3&#8243;][vc_video link=&#8221;https:\/\/youtu.be\/ZebndcEDGwk&#8221;][vc_empty_space][vc_video link=&#8221;https:\/\/youtu.be\/bTmYwELpSTg&#8221;][\/vc_column][vc_column width=&#8221;1\/3&#8243;][\/vc_column][\/vc_row] [&#8230;]<\/p>\n<p><a class=\"btn btn-secondary understrap-read-more-link\" href=\"https:\/\/us.edu.pl\/en\/uczelnia\/o-nas\/historia\/doktorzy-honoris-causa-uniwersytetu-slaskiego\/lek-jolanta-wadowska-krol\/\">Read More&#8230;<\/a><\/p>\n","protected":false},"author":33,"featured_media":0,"parent":73916,"menu_order":0,"comment_status":"closed","ping_status":"closed","template":"","meta":{"_expiration-date-status":"","_expiration-date":0,"_expiration-date-type":"","_expiration-date-categories":[],"_expiration-date-options":[]},"acf":[],"_links":{"self":[{"href":"https:\/\/us.edu.pl\/en\/wp-json\/wp\/v2\/pages\/142918"}],"collection":[{"href":"https:\/\/us.edu.pl\/en\/wp-json\/wp\/v2\/pages"}],"about":[{"href":"https:\/\/us.edu.pl\/en\/wp-json\/wp\/v2\/types\/page"}],"author":[{"embeddable":true,"href":"https:\/\/us.edu.pl\/en\/wp-json\/wp\/v2\/users\/33"}],"replies":[{"embeddable":true,"href":"https:\/\/us.edu.pl\/en\/wp-json\/wp\/v2\/comments?post=142918"}],"version-history":[{"count":4,"href":"https:\/\/us.edu.pl\/en\/wp-json\/wp\/v2\/pages\/142918\/revisions"}],"predecessor-version":[{"id":166825,"href":"https:\/\/us.edu.pl\/en\/wp-json\/wp\/v2\/pages\/142918\/revisions\/166825"}],"up":[{"embeddable":true,"href":"https:\/\/us.edu.pl\/en\/wp-json\/wp\/v2\/pages\/73916"}],"wp:attachment":[{"href":"https:\/\/us.edu.pl\/en\/wp-json\/wp\/v2\/media?parent=142918"}],"curies":[{"name":"wp","href":"https:\/\/api.w.org\/{rel}","templated":true}]}}