{"id":148945,"date":"2021-12-17T14:07:19","date_gmt":"2021-12-17T13:07:19","guid":{"rendered":"https:\/\/us.edu.pl\/?page_id=148945"},"modified":"2025-12-03T12:50:07","modified_gmt":"2025-12-03T11:50:07","slug":"plan-rownosci-plci","status":"publish","type":"page","link":"https:\/\/us.edu.pl\/en\/uczelnia\/rowne-traktowanie\/plan-rownosci-plci\/","title":{"rendered":"Gender Equality Plan"},"content":{"rendered":"<p><\/p>\n<p>[vc_row el_class=&#8221;container&#8221;][vc_column css=&#8221;.vc_custom_1637852821661{margin-top: -30px !important;}&#8221;][vc_custom_heading source=&#8221;post_title&#8221; font_container=&#8221;tag:h2|font_size:3.2em|text_align:left&#8221; use_theme_fonts=&#8221;yes&#8221; el_class=&#8221;page-title text__title; container&#8221;][\/vc_column][\/vc_row][vc_row el_class=&#8221;container&#8221;][vc_column css=&#8221;.vc_custom_1637852821661{margin-top: -30px !important;}&#8221;][vc_btn title=&#8221;back to the site: equal treatment&#8221; style=&#8221;outline-custom&#8221; outline_custom_color=&#8221;#666666&#8243; outline_custom_hover_background=&#8221;#666666&#8243; outline_custom_hover_text=&#8221;#ffffff&#8221; shape=&#8221;round&#8221; size=&#8221;lg&#8221; align=&#8221;right&#8221; i_align=&#8221;right&#8221; i_icon_fontawesome=&#8221;fa fa-level-up&#8221; add_icon=&#8221;true&#8221; link=&#8221;url:%2Fuczelnia%2Frowne-traktowanie%2F|title:EQUAL%20TREATMENT||&#8221; css=&#8221;.vc_custom_1644326676932{margin-bottom: 5px !important;margin-left: 10px !important;}&#8221;][\/vc_column][\/vc_row][vc_row css=&#8221;.vc_custom_1637920273861{margin-top: -60px !important;}&#8221;][vc_column parallax=&#8221;content-moving&#8221; parallax_image=&#8221;147626&#8243; parallax_speed_bg=&#8221;1.1&#8243; css=&#8221;.vc_custom_1637932171694{margin-top: 200px !important;margin-bottom: 200px !important;}&#8221;][vc_custom_heading text=&#8221;&#8221; font_container=&#8221;tag:p|font_size:4em|text_align:left|color:%23ffffff&#8221; use_theme_fonts=&#8221;yes&#8221; el_class=&#8221;page-title text__title; container&#8221;][\/vc_column][\/vc_row][vc_row el_class=&#8221;container&#8221;][vc_column][vc_empty_space]\r\n                <div class=\"text-modules\">\r\n                    <div class=\"container\">\r\n                        \r\n                        <div class=\"text-modules__content\"><\/p>\n<p>People\u2019s equality and respect for diversity are values that allow for the development of science and education in line with the <em>universitas<\/em> ideas. The principles of equality and non-discrimination are legal norms of a general nature, ensuring that everyone, regardless of their gender or any other individual characteristic, can participate in different spheres of life, including academic life, as equal.<\/p>\n<p>The belief that equal opportunity for professional, scientific, educational, and personal development is a necessity stems not only from the law, but also from the social responsibility of the University community, which in its diversity creates the academic reality that is free of prejudice, limitations, and unnecessary divisions. This means that the University policy takes into account the interests and needs of each person.<\/p>\n<p>\n<\/div>\r\n                    <\/div>\r\n                <\/div>[\/vc_column][\/vc_row][vc_row el_class=&#8221;container&#8221;][vc_column width=&#8221;1\/6&#8243;][\/vc_column][vc_column width=&#8221;2\/3&#8243; css=&#8221;.vc_custom_1642064046006{border-top-width: 3px !important;border-bottom-width: 3px !important;border-top-color: #002e5a !important;border-top-style: solid !important;border-bottom-color: #002e5a !important;border-bottom-style: solid !important;border-radius: 3px !important;}&#8221;]\r\n                <div class=\"text-modules\">\r\n                    <div class=\"container\">\r\n                        \r\n                        <div class=\"text-modules__content\"><\/p>\n<p>The Community of the University of Silesia in Katowice started to implement its equality policy programmes by adopting the Gender Equality Plan as a first step towards achieving this goal. The document came into force by <a href=\"https:\/\/aktyprawne.us.edu.pl\/446-lista-dokumentow\/d\/5421\/5\/?reporef=%2F446-lista-dokumentow%2F\">Regulation No. 212\/2021<\/a> of the Rector of the University of Silesia of 7 December 2021, after receiving a positive evaluation from the Senate of the University of Silesia in Katowice, expressed in Resolution No. 222 of 30 November 2021.<\/p>\n<p>\n<\/div>\r\n                    <\/div>\r\n                <\/div>[\/vc_column][vc_column width=&#8221;1\/6&#8243;][\/vc_column][\/vc_row][vc_row el_class=&#8221;container&#8221;][vc_column][vc_empty_space]\r\n                <div class=\"text-modules\">\r\n                    <div class=\"container\">\r\n                        \r\n                        <div class=\"text-modules__content\"><\/p>\n<p>The Gender Equality Plan at the University of Silesia in Katowice (GEP) is a proposal for the implementation of the assumed objectives stated in the Declaration of the University of Silesia \u2013 Community of Equal and Diverse and in the Statute of the University of Silesia in Katowice.\u00a0It was developed following months of work carried out by a team appointed by the Rector and large-scale consultations with various reference groups.<\/p>\n<p>\n<\/div>\r\n                    <\/div>\r\n                <\/div>[\/vc_column][\/vc_row][vc_row disable_element=&#8221;yes&#8221;][vc_column][vc_empty_space]\r\n                <div class=\"text-modules\">\r\n                    <div class=\"container\">\r\n                        \r\n                        <div class=\"text-modules__content\"><\/p>\n<p class=\"text__title\" style=\"font-size: 1.3em;\"><strong>Prezentacja nt. Planu R\u00f3wno\u015bci P\u0142ci<\/strong><\/p>\n<p>\n<\/div>\r\n                    <\/div>\r\n                <\/div>\r\n                <div class=\"text-modules\">\r\n                    <div class=\"container\">\r\n                        \r\n                        <div class=\"text-modules__content\"><\/p>\n<div style=\"position: relative; padding-top: max(60%,326px); height: 0; width: 100%;\"><iframe style=\"position: absolute; border: none; width: 100%; height: 100%; left: 0; right: 0; top: 0; bottom: 0;\" src=\"https:\/\/e.issuu.com\/embed.html?d=16.12.2021_pdf._plan_r_wno_ci_p_ci_w_uniwersytecie&amp;hideIssuuLogo=true&amp;pageLayout=singlePage&amp;u=uniwersytetslaski\" sandbox=\"allow-top-navigation allow-top-navigation-by-user-activation allow-downloads allow-scripts allow-same-origin allow-popups allow-modals allow-popups-to-escape-sandbox\" allowfullscreen=\"allowfullscreen\"><\/iframe><\/div>\n<p>\n<\/div>\r\n                    <\/div>\r\n                <\/div>\r\n                <div class=\"text-modules\">\r\n                    <div class=\"container\">\r\n                        \r\n                        <div class=\"text-modules__content\"><\/p>\n<div>\n<p style=\"padding-left: 40px; font-family: 'PT Sans Narrow'; text-align: center;\">Pobierz pliki:\u00a0 \u00a0<a href=\"https:\/\/us.edu.pl\/wp-content\/uploads\/pliki\/level-up\/16-12-2021-Plan-R\u00f3wno\u015bci-P\u0142ci-w-Uniwersytecie-\u015al\u0105skim-w-Katowicach.pdf\" class=\"mtli_attachment mtli_pdf\" data-mtli=\"mtli_filesize179MB\" class=\"mtli_attachment mtli_pdf\" data-mtli=\"mtli_filesize179MB\">prezentacja w wersji pdf<\/a>,\u00a0\u00a0 <a href=\"https:\/\/us.edu.pl\/wp-content\/uploads\/pliki\/level-up\/16-12-2021-Plan-R\u00f3wno\u015bci-P\u0142ci-w-Uniwersytecie-\u015al\u0105skim-w-Katowicach.docx\" class=\"mtli_attachment mtli_docx\" data-mtli=\"mtli_filesize2151kB\" class=\"mtli_attachment mtli_docx\" data-mtli=\"mtli_filesize2151kB\">prezentacja \u2013 dokument tekstowy\u00a0<\/a><\/p>\n<\/div>\n<p>\n<style type=\"text\/css\">a[data-mtli~=\"mtli_filesize179MB\"]:after {content:\" (1.79 MB)\"}a[data-mtli~=\"mtli_filesize2151kB\"]:after {content:\" (21.51 kB)\"}<\/style><\/div>\r\n                    <\/div>\r\n                <\/div><div class=\"container\"><div class=\"separator\" style=\"background-color: #EBEBEB\"><\/div><\/div>[\/vc_column][\/vc_row][vc_row el_class=&#8221;container&#8221;][vc_column]\r\n                <div class=\"text-modules\">\r\n                    <div class=\"container\">\r\n                        \r\n                        <div class=\"text-modules__content\"><\/p>\n<p style=\"font-size: 1.3em;\"><strong>Gender Equality Plan at the University of Silesia in Katowice<\/strong><\/p>\n<div style=\"position: relative; padding-top: max(60%,326px); height: 0; width: 100%;\"><iframe style=\"position: absolute; border: none; width: 100%; height: 100%; left: 0; right: 0; top: 0; bottom: 0;\" src=\"https:\/\/e.issuu.com\/embed.html?d=gender_equality_plan_us_2_&amp;hideIssuuLogo=true&amp;u=uniwersytetslaski\" sandbox=\"allow-top-navigation allow-top-navigation-by-user-activation allow-downloads allow-scripts allow-same-origin allow-popups allow-modals allow-popups-to-escape-sandbox\" allowfullscreen=\"allowfullscreen\"><\/iframe><\/div>\n<p>\n<\/div>\r\n                    <\/div>\r\n                <\/div>\r\n                <div class=\"text-modules\">\r\n                    <div class=\"container\">\r\n                        \r\n                        <div class=\"text-modules__content\"><\/p>\n<p style=\"text-align: center;\">Download pdf file<\/p>\n<p>\n<\/div>\r\n                    <\/div>\r\n                <\/div>[vc_btn title=&#8221;Gender Equality Plan&#8221; style=&#8221;custom&#8221; custom_background=&#8221;#002e5a&#8221; custom_text=&#8221;#ffffff&#8221; shape=&#8221;round&#8221; size=&#8221;lg&#8221; align=&#8221;center&#8221; i_icon_fontawesome=&#8221;fa fa-file-pdf-o&#8221; add_icon=&#8221;true&#8221; link=&#8221;url:https%3A%2F%2Fus.edu.pl%2Fwp-content%2Fuploads%2Fpliki%2Flevel-up%2Fgender-equality-plan_US-2.pdf|title:Gender%20Equality%20Plan%20at%20the%20University%20of%20Silesia%20in%20Katowice%20%5B%20pdf%20%5D||&#8221;][vc_separator color=&#8221;custom&#8221; border_width=&#8221;3&#8243; accent_color=&#8221;#002e5a&#8221;][\/vc_column][\/vc_row][vc_row el_class=&#8221;container&#8221;][vc_column][vc_empty_space][\/vc_column][\/vc_row][vc_row el_class=&#8221;container&#8221;][vc_column width=&#8221;1\/2&#8243;]\r\n                <div class=\"text-modules\">\r\n                    <div class=\"container\">\r\n                        \r\n                        <div class=\"text-modules__content\"><\/p>\n<p>The Gender Equality Plan is a strategic programme for 2022-2024, setting out the objectives and actions proposed in order to provide equal opportunities for people in the community, regardless of their gender. The proposed actions address the professional sphere, learning, and well-being of all those working and studying at the University, and in part the environment around them.<\/p>\n<p>\n<\/div>\r\n                    <\/div>\r\n                <\/div>\r\n                <div class=\"text-modules\">\r\n                    <div class=\"container\">\r\n                        \r\n                        <div class=\"text-modules__content\"><\/p>\n<p>The programme is evolutionary and participatory &#8211; its development will be based on diagnoses, evaluations, and the participation of all interested individuals.<\/p>\n<p>\n<\/div>\r\n                    <\/div>\r\n                <\/div>[\/vc_column][vc_column width=&#8221;1\/2&#8243; css=&#8221;.vc_custom_1642076013864{background-color: #f2f2f2 !important;}&#8221;]\r\n                <div class=\"text-modules\">\r\n                    <div class=\"container\">\r\n                        \r\n                        <div class=\"text-modules__content\"><\/p>\n<p><strong>Strategic goals<\/strong><\/p>\n<ol style=\"font-size: 0.9em;\">\n<li>Raising awareness and changing attitudes regarding gender equality and respect for diversity in education and research.<\/li>\n<li>Recruiting and supporting the development of a diverse and equal staff, regardless of their gender.<\/li>\n<li>Creating a balance between professional and private responsibilities for working parents and caregivers, and for students at the University, regardless of their gender.<\/li>\n<li>Ensuring gender balance and diversity in decision-making processes and authorities.<\/li>\n<li>Tackling discrimination and gender-based violence, including sexual violence.<\/li>\n<\/ol>\n<p>\n<\/div>\r\n                    <\/div>\r\n                <\/div>[\/vc_column][\/vc_row][vc_row el_class=&#8221;container&#8221;][vc_column][vc_empty_space][\/vc_column][\/vc_row][vc_row el_class=&#8221;container&#8221;][vc_column css=&#8221;.vc_custom_1637852821661{margin-top: -30px !important;}&#8221;][vc_empty_space][vc_btn title=&#8221;back to the site: equal treatment&#8221; style=&#8221;outline-custom&#8221; outline_custom_color=&#8221;#666666&#8243; outline_custom_hover_background=&#8221;#666666&#8243; outline_custom_hover_text=&#8221;#ffffff&#8221; shape=&#8221;round&#8221; size=&#8221;lg&#8221; align=&#8221;right&#8221; i_align=&#8221;right&#8221; i_icon_fontawesome=&#8221;fa fa-level-up&#8221; add_icon=&#8221;true&#8221; link=&#8221;url:%2Fuczelnia%2Frowne-traktowanie%2F|title:EQUAL%20TREATMENT||&#8221; css=&#8221;.vc_custom_1644326651316{margin-bottom: 5px !important;margin-left: 10px !important;}&#8221;][\/vc_column][\/vc_row][vc_row][vc_column][\/vc_column][\/vc_row]<\/p>\n<p><\/p>\n<style type=\"text\/css\">a[data-mtli~=\"mtli_filesize179MB\"]:after {content:\" (1.79 MB)\"}a[data-mtli~=\"mtli_filesize2151kB\"]:after {content:\" (21.51 kB)\"}<\/style>","protected":false},"excerpt":{"rendered":"<p>[vc_row el_class=&#8221;container&#8221;][vc_column css=&#8221;.vc_custom_1637852821661{margin-top: -30px !important;}&#8221;][vc_custom_heading source=&#8221;post_title&#8221; font_container=&#8221;tag:h2|font_size:3.2em|text_align:left&#8221; use_theme_fonts=&#8221;yes&#8221; el_class=&#8221;page-title text__title; container&#8221;][\/vc_column][\/vc_row][vc_row el_class=&#8221;container&#8221;][vc_column css=&#8221;.vc_custom_1637852821661{margin-top: -30px !important;}&#8221;][vc_btn title=&#8221;back to the site: equal treatment&#8221; style=&#8221;outline-custom&#8221; outline_custom_color=&#8221;#666666&#8243; outline_custom_hover_background=&#8221;#666666&#8243; outline_custom_hover_text=&#8221;#ffffff&#8221; shape=&#8221;round&#8221; size=&#8221;lg&#8221; align=&#8221;right&#8221; i_align=&#8221;right&#8221; i_icon_fontawesome=&#8221;fa fa-level-up&#8221; add_icon=&#8221;true&#8221; link=&#8221;url:%2Fuczelnia%2Frowne-traktowanie%2F|title:EQUAL%20TREATMENT||&#8221; css=&#8221;.vc_custom_1644326676932{margin-bottom: 5px !important;margin-left: 10px !important;}&#8221;][\/vc_column][\/vc_row][vc_row css=&#8221;.vc_custom_1637920273861{margin-top: -60px !important;}&#8221;][vc_column parallax=&#8221;content-moving&#8221; parallax_image=&#8221;147626&#8243; parallax_speed_bg=&#8221;1.1&#8243; css=&#8221;.vc_custom_1637932171694{margin-top: 200px !important;margin-bottom: 200px !important;}&#8221;][vc_custom_heading text=&#8221;&#8221; font_container=&#8221;tag:p|font_size:4em|text_align:left|color:%23ffffff&#8221; use_theme_fonts=&#8221;yes&#8221; el_class=&#8221;page-title text__title; container&#8221;][\/vc_column][\/vc_row][vc_row [&#8230;]<\/p>\n<p><a class=\"btn btn-secondary understrap-read-more-link\" href=\"https:\/\/us.edu.pl\/en\/uczelnia\/rowne-traktowanie\/plan-rownosci-plci\/\">Read More&#8230;<\/a><\/p>\n","protected":false},"author":26,"featured_media":0,"parent":147305,"menu_order":0,"comment_status":"closed","ping_status":"closed","template":"","meta":{"_expiration-date-status":"","_expiration-date":0,"_expiration-date-type":"","_expiration-date-categories":[],"_expiration-date-options":[]},"acf":[],"_links":{"self":[{"href":"https:\/\/us.edu.pl\/en\/wp-json\/wp\/v2\/pages\/148945"}],"collection":[{"href":"https:\/\/us.edu.pl\/en\/wp-json\/wp\/v2\/pages"}],"about":[{"href":"https:\/\/us.edu.pl\/en\/wp-json\/wp\/v2\/types\/page"}],"author":[{"embeddable":true,"href":"https:\/\/us.edu.pl\/en\/wp-json\/wp\/v2\/users\/26"}],"replies":[{"embeddable":true,"href":"https:\/\/us.edu.pl\/en\/wp-json\/wp\/v2\/comments?post=148945"}],"version-history":[{"count":10,"href":"https:\/\/us.edu.pl\/en\/wp-json\/wp\/v2\/pages\/148945\/revisions"}],"predecessor-version":[{"id":244142,"href":"https:\/\/us.edu.pl\/en\/wp-json\/wp\/v2\/pages\/148945\/revisions\/244142"}],"up":[{"embeddable":true,"href":"https:\/\/us.edu.pl\/en\/wp-json\/wp\/v2\/pages\/147305"}],"wp:attachment":[{"href":"https:\/\/us.edu.pl\/en\/wp-json\/wp\/v2\/media?parent=148945"}],"curies":[{"name":"wp","href":"https:\/\/api.w.org\/{rel}","templated":true}]}}