{"id":154752,"date":"2022-04-12T10:02:04","date_gmt":"2022-04-12T08:02:04","guid":{"rendered":"https:\/\/us.edu.pl\/?page_id=154752"},"modified":"2022-06-13T10:24:48","modified_gmt":"2022-06-13T08:24:48","slug":"materialy-filmowe","status":"publish","type":"page","link":"https:\/\/us.edu.pl\/en\/uczelnia\/rowne-traktowanie\/materialy-filmowe\/","title":{"rendered":"video materials"},"content":{"rendered":"<p><\/p>\n<p>[vc_row el_class=&#8221;container&#8221;][vc_column css=&#8221;.vc_custom_1637852821661{margin-top: -30px !important;}&#8221;][vc_custom_heading source=&#8221;post_title&#8221; font_container=&#8221;tag:h2|font_size:3.2em|text_align:left&#8221; use_theme_fonts=&#8221;yes&#8221; el_class=&#8221;page-title text__title; container&#8221;][\/vc_column][\/vc_row][vc_row el_class=&#8221;container&#8221;][vc_column css=&#8221;.vc_custom_1637852821661{margin-top: -30px !important;}&#8221;][vc_btn title=&#8221;back to equal treatment&#8221; style=&#8221;outline-custom&#8221; outline_custom_color=&#8221;#666666&#8243; outline_custom_hover_background=&#8221;#666666&#8243; outline_custom_hover_text=&#8221;#ffffff&#8221; shape=&#8221;round&#8221; size=&#8221;lg&#8221; align=&#8221;right&#8221; i_align=&#8221;right&#8221; i_icon_fontawesome=&#8221;fa fa-level-up&#8221; add_icon=&#8221;true&#8221; link=&#8221;url:https%3A%2F%2Fus.edu.pl%2Fen%2Fuczelnia%2Frowne-traktowanie%2F|title:Go%20back%20to%20EQUAL%20TREATMENT||&#8221; css=&#8221;.vc_custom_1655108173164{margin-bottom: 5px !important;margin-left: 10px !important;}&#8221;][\/vc_column][\/vc_row][vc_row css=&#8221;.vc_custom_1637920273861{margin-top: -60px !important;}&#8221;][vc_column parallax=&#8221;content-moving&#8221; parallax_image=&#8221;154753&#8243; parallax_speed_bg=&#8221;1.1&#8243; css=&#8221;.vc_custom_1649750062012{margin-top: 200px !important;margin-bottom: 200px !important;}&#8221;][vc_custom_heading text=&#8221;&#8221; font_container=&#8221;tag:p|font_size:4em|text_align:left|color:%23ffffff&#8221; use_theme_fonts=&#8221;yes&#8221; el_class=&#8221;page-title text__title; container&#8221;][\/vc_column][\/vc_row][vc_row el_class=&#8221;container&#8221;][vc_column width=&#8221;2\/3&#8243; css=&#8221;.vc_custom_1642076013864{background-color: #f2f2f2 !important;}&#8221;][vc_empty_space]\r\n                <div class=\"text-modules\">\r\n                    <div class=\"container\">\r\n                        \r\n                        <div class=\"text-modules__content\"><\/p>\n<h3 class=\"title style-scope ytd-video-primary-info-renderer\"><strong>Equal treatment<\/strong><\/h3>\n<p>video material:<\/p>\n<p><iframe loading=\"lazy\" title=\"R\u00f3wne traktowanie w Uniwersytecie \u015al\u0105skim\" width=\"640\" height=\"360\" src=\"https:\/\/www.youtube.com\/embed\/n3GIWCWGxrQ?feature=oembed\" frameborder=\"0\" allow=\"accelerometer; autoplay; clipboard-write; encrypted-media; gyroscope; picture-in-picture\" allowfullscreen><\/iframe><\/p>\n<p>\n<\/div>\r\n                    <\/div>\r\n                <\/div>[vc_column_text el_class=&#8221;container&#8221;]<\/p>\n<p><span style=\"font-weight: 400;\">\u201cThese differences demonstrate the strength and wisdom of the University\u201d \u2013 this is one of the fundamental ideas represented in the \u201cEqual treatment\u201d video material. Here every person can feel at home.<\/span><\/p>\n<p>[\/vc_column_text][vc_empty_space css=&#8221;.vc_custom_1649768744396{background-color: #ffffff !important;}&#8221;]\r\n                <div class=\"text-modules\">\r\n                    <div class=\"container\">\r\n                        \r\n                        <div class=\"text-modules__content\"><\/p>\n<h3 class=\"title style-scope ytd-video-primary-info-renderer\"><strong>Guide to remote education in a nutshell<\/strong><\/h3>\n<p>video material:<\/p>\n<p><iframe loading=\"lazy\" title=\"Przewodnik po kszta\u0142ceniu zdalnym w pigu\u0142ce\" width=\"640\" height=\"360\" src=\"https:\/\/www.youtube.com\/embed\/zpeARaYzECM?feature=oembed\" frameborder=\"0\" allow=\"accelerometer; autoplay; clipboard-write; encrypted-media; gyroscope; picture-in-picture\" allowfullscreen><\/iframe><\/p>\n<p>\n<\/div>\r\n                    <\/div>\r\n                <\/div>[vc_column_text el_class=&#8221;container&#8221;]<\/p>\n<p>Two years of the COVID-19 pandemic have brought about rapid development in various forms of remote education. The animated video \u201cGuide to remote education in a nutshell\u201d was made with the interests of lecturers and students in mind.<\/p>\n<p>[\/vc_column_text][\/vc_column][vc_column width=&#8221;1\/3&#8243;][vc_empty_space]\r\n                <div class=\"text-modules\">\r\n                    <div class=\"container\">\r\n                        \r\n                        <div class=\"text-modules__content\"><\/p>\n<h3><strong>Campus stroll<\/strong><\/h3>\n<p>\n<\/div>\r\n                    <\/div>\r\n                <\/div>[vc_empty_space height=&#8221;15px&#8221;]\r\n                <div class=\"text-modules\">\r\n                    <div class=\"container\">\r\n                        \r\n                        <div class=\"text-modules__content\"><\/p>\n<h4 class=\"title style-scope ytd-video-primary-info-renderer\">University of Silesia | Chorz\u00f3w<\/h4>\n<p>video material:<\/p>\n<p><iframe loading=\"lazy\" title=\"Uniwersytet \u015al\u0105ski \u2013 odwied\u017a nas w Chorzowie\" width=\"640\" height=\"360\" src=\"https:\/\/www.youtube.com\/embed\/pDEtaclHgNQ?feature=oembed\" frameborder=\"0\" allow=\"accelerometer; autoplay; clipboard-write; encrypted-media; gyroscope; picture-in-picture\" allowfullscreen><\/iframe><\/p>\n<p>\n<\/div>\r\n                    <\/div>\r\n                <\/div>[vc_empty_space height=&#8221;15px&#8221;]\r\n                <div class=\"text-modules\">\r\n                    <div class=\"container\">\r\n                        \r\n                        <div class=\"text-modules__content\"><\/p>\n<h4 class=\"title style-scope ytd-video-primary-info-renderer\">Univeristy of Silesia | Cieszyn<\/h4>\n<p>video material:<\/p>\n<p><iframe loading=\"lazy\" title=\"Uniwersytet \u015al\u0105ski - odwied\u017a nas w Cieszynie\" width=\"640\" height=\"360\" src=\"https:\/\/www.youtube.com\/embed\/qaDqXt7s9aw?feature=oembed\" frameborder=\"0\" allow=\"accelerometer; autoplay; clipboard-write; encrypted-media; gyroscope; picture-in-picture\" allowfullscreen><\/iframe><\/p>\n<p>\n<\/div>\r\n                    <\/div>\r\n                <\/div>[vc_empty_space height=&#8221;15px&#8221;]\r\n                <div class=\"text-modules\">\r\n                    <div class=\"container\">\r\n                        \r\n                        <div class=\"text-modules__content\"><\/p>\n<h4 class=\"title style-scope ytd-video-primary-info-renderer\">Univeristy of Silesia | Katowice<\/h4>\n<p>video material:<\/p>\n<p><iframe loading=\"lazy\" title=\"Uniwersytet \u015al\u0105ski - odwied\u017a nas w Katowicach\" width=\"640\" height=\"360\" src=\"https:\/\/www.youtube.com\/embed\/azMUt0AE-Uw?feature=oembed\" frameborder=\"0\" allow=\"accelerometer; autoplay; clipboard-write; encrypted-media; gyroscope; picture-in-picture\" allowfullscreen><\/iframe><\/p>\n<p>\n<\/div>\r\n                    <\/div>\r\n                <\/div>\r\n                <div class=\"text-modules\">\r\n                    <div class=\"container\">\r\n                        \r\n                        <div class=\"text-modules__content\"><\/p>\n<p>&nbsp;<\/p>\n<h4 class=\"title style-scope ytd-video-primary-info-renderer\">University of Silesia | Sosnowiec<\/h4>\n<p>video material:<\/p>\n<p><iframe loading=\"lazy\" title=\"Uniwersytet \u015al\u0105ski \u2013 odwied\u017a nas w Sosnowcu\" width=\"640\" height=\"360\" src=\"https:\/\/www.youtube.com\/embed\/vGmjyJEHi80?feature=oembed\" frameborder=\"0\" allow=\"accelerometer; autoplay; clipboard-write; encrypted-media; gyroscope; picture-in-picture\" allowfullscreen><\/iframe><\/p>\n<p>\n<\/div>\r\n                    <\/div>\r\n                <\/div>[\/vc_column][\/vc_row][vc_row el_class=&#8221;container&#8221;][vc_column][vc_empty_space][\/vc_column][\/vc_row][vc_row el_class=&#8221;container&#8221;][vc_column css=&#8221;.vc_custom_1637852821661{margin-top: -30px !important;}&#8221;][vc_empty_space][vc_btn title=&#8221;back to equal treatment&#8221; style=&#8221;outline-custom&#8221; outline_custom_color=&#8221;#666666&#8243; outline_custom_hover_background=&#8221;#666666&#8243; outline_custom_hover_text=&#8221;#ffffff&#8221; shape=&#8221;round&#8221; size=&#8221;lg&#8221; align=&#8221;right&#8221; i_align=&#8221;right&#8221; i_icon_fontawesome=&#8221;fa fa-level-up&#8221; add_icon=&#8221;true&#8221; link=&#8221;url:http%3A%2F%2Fus.edu.pl%2Fen%2Fuczelnia%2Frowne-traktowanie%2F|title:Go%20back%20to%20EQUAL%20TREATMENT||&#8221; css=&#8221;.vc_custom_1655108141907{margin-bottom: 5px !important;margin-left: 10px !important;}&#8221;][\/vc_column][\/vc_row][vc_row][vc_column][\/vc_column][\/vc_row]<\/p>\n<p><\/p>","protected":false},"excerpt":{"rendered":"<p>[vc_row el_class=&#8221;container&#8221;][vc_column css=&#8221;.vc_custom_1637852821661{margin-top: -30px !important;}&#8221;][vc_custom_heading source=&#8221;post_title&#8221; font_container=&#8221;tag:h2|font_size:3.2em|text_align:left&#8221; use_theme_fonts=&#8221;yes&#8221; el_class=&#8221;page-title text__title; container&#8221;][\/vc_column][\/vc_row][vc_row el_class=&#8221;container&#8221;][vc_column css=&#8221;.vc_custom_1637852821661{margin-top: -30px !important;}&#8221;][vc_btn title=&#8221;back to equal treatment&#8221; style=&#8221;outline-custom&#8221; outline_custom_color=&#8221;#666666&#8243; outline_custom_hover_background=&#8221;#666666&#8243; outline_custom_hover_text=&#8221;#ffffff&#8221; shape=&#8221;round&#8221; size=&#8221;lg&#8221; align=&#8221;right&#8221; i_align=&#8221;right&#8221; i_icon_fontawesome=&#8221;fa fa-level-up&#8221; add_icon=&#8221;true&#8221; link=&#8221;url:https%3A%2F%2Fus.edu.pl%2Fen%2Fuczelnia%2Frowne-traktowanie%2F|title:Go%20back%20to%20EQUAL%20TREATMENT||&#8221; css=&#8221;.vc_custom_1655108173164{margin-bottom: 5px !important;margin-left: 10px !important;}&#8221;][\/vc_column][\/vc_row][vc_row css=&#8221;.vc_custom_1637920273861{margin-top: -60px !important;}&#8221;][vc_column parallax=&#8221;content-moving&#8221; parallax_image=&#8221;154753&#8243; parallax_speed_bg=&#8221;1.1&#8243; css=&#8221;.vc_custom_1649750062012{margin-top: 200px !important;margin-bottom: 200px !important;}&#8221;][vc_custom_heading text=&#8221;&#8221; font_container=&#8221;tag:p|font_size:4em|text_align:left|color:%23ffffff&#8221; use_theme_fonts=&#8221;yes&#8221; el_class=&#8221;page-title text__title; container&#8221;][\/vc_column][\/vc_row][vc_row el_class=&#8221;container&#8221;][vc_column width=&#8221;2\/3&#8243; [&#8230;]<\/p>\n<p><a class=\"btn btn-secondary understrap-read-more-link\" href=\"https:\/\/us.edu.pl\/en\/uczelnia\/rowne-traktowanie\/materialy-filmowe\/\">Read More&#8230;<\/a><\/p>\n","protected":false},"author":26,"featured_media":154753,"parent":147305,"menu_order":99,"comment_status":"closed","ping_status":"closed","template":"","meta":{"_expiration-date-status":"","_expiration-date":0,"_expiration-date-type":"","_expiration-date-categories":[],"_expiration-date-options":[]},"acf":[],"_links":{"self":[{"href":"https:\/\/us.edu.pl\/en\/wp-json\/wp\/v2\/pages\/154752"}],"collection":[{"href":"https:\/\/us.edu.pl\/en\/wp-json\/wp\/v2\/pages"}],"about":[{"href":"https:\/\/us.edu.pl\/en\/wp-json\/wp\/v2\/types\/page"}],"author":[{"embeddable":true,"href":"https:\/\/us.edu.pl\/en\/wp-json\/wp\/v2\/users\/26"}],"replies":[{"embeddable":true,"href":"https:\/\/us.edu.pl\/en\/wp-json\/wp\/v2\/comments?post=154752"}],"version-history":[{"count":5,"href":"https:\/\/us.edu.pl\/en\/wp-json\/wp\/v2\/pages\/154752\/revisions"}],"predecessor-version":[{"id":158020,"href":"https:\/\/us.edu.pl\/en\/wp-json\/wp\/v2\/pages\/154752\/revisions\/158020"}],"up":[{"embeddable":true,"href":"https:\/\/us.edu.pl\/en\/wp-json\/wp\/v2\/pages\/147305"}],"wp:featuredmedia":[{"embeddable":true,"href":"https:\/\/us.edu.pl\/en\/wp-json\/wp\/v2\/media\/154753"}],"wp:attachment":[{"href":"https:\/\/us.edu.pl\/en\/wp-json\/wp\/v2\/media?parent=154752"}],"curies":[{"name":"wp","href":"https:\/\/api.w.org\/{rel}","templated":true}]}}