{"id":156909,"date":"2022-05-20T15:12:19","date_gmt":"2022-05-20T13:12:19","guid":{"rendered":"https:\/\/us.edu.pl\/?page_id=156909"},"modified":"2023-01-20T10:07:09","modified_gmt":"2023-01-20T09:07:09","slug":"roman-tauler-ferre","status":"publish","type":"page","link":"https:\/\/us.edu.pl\/en\/uczelnia\/o-nas\/historia\/doktorzy-honoris-causa-uniwersytetu-slaskiego\/roman-tauler-ferre\/","title":{"rendered":"Prof. Rom\u00e1n TAULER FERRE"},"content":{"rendered":"<p><\/p>\n<p>[vc_row el_class=&#8221;container&#8221;][vc_column width=&#8221;2\/3&#8243;]\r\n                <div class=\"text-modules\">\r\n                    <div class=\"container\">\r\n                        <h3 class=\"page-title text__title\">Prof. Rom\u00e1n Tauler Ferr\u00e9<\/h3>\r\n                        <div class=\"text-modules__content\"><\/p>\n<p>Award date: 28 April 2022<\/p>\n<p>USil Senate resolution date: 22 March 2022 (<a href=\"https:\/\/us.edu.pl\/wp-content\/uploads\/pliki\/Uchwala-Senatu-US-z-22-marca-2022-w-sprawie-nadania-tytulu-doktora-honoris-causa-Romanowi-Tauler-Ferre.pdf\" class=\"mtli_attachment mtli_pdf\" data-mtli=\"mtli_filesize1398kB\" class=\"mtli_attachment mtli_pdf\" data-mtli=\"mtli_filesize1398kB\">Resolution No. 231<\/a>)<\/p>\n<p>The procedure for awarding the <em>honorary doctorate degree<\/em> was initiated by the request of the Rector of the University of Silesia in Katowice<\/p>\n<p>&nbsp;<\/p>\n<p>Prof. Rom\u00e1n Tauler Ferr\u00e9 realises his own scientific activity at the Institute of Environmental Assessment and Water Research at the Spanish National Research Council. His research is directed at chemometrics \u2013 a discipline integrating knowledge in chemistry, statistics, maths, and computer science.<\/p>\n<p>His interests include, in particular, the improvement of a method of multiparameter signals deconvolution with the use of the iterative least-squares method, which allows for the isolation of useful information directly unavailable due to the interference of signals from all components of the mixture. It is successfully used in environmental and analytical chemistry as well as balance and kinetics of solutions.<\/p>\n<p>\n<style type=\"text\/css\">a[data-mtli~=\"mtli_filesize1398kB\"]:after {content:\" (13.98 kB)\"}<\/style><\/div>\r\n                    <\/div>\r\n                <\/div>\r\n                <div class=\"text-modules\">\r\n                    <div class=\"container\">\r\n                        \r\n                        <div class=\"text-modules__content\"><\/p>\n<h3>Video from the ceremony:<\/h3>\n<p>\n<\/div>\r\n                    <\/div>\r\n                <\/div>[vc_video link=&#8221;https:\/\/www.youtube.com\/watch?v=ITMl5CD0GwQ&#8221;]\r\n                <div class=\"text-modules\">\r\n                    <div class=\"container\">\r\n                        \r\n                        <div class=\"text-modules__content\"><\/p>\n<h3>Lectures<\/h3>\n<p>The ceremony took place on 27 April 2022 and was preceded by <a href=\"https:\/\/us.edu.pl\/en\/event\/wyklady-prof-romana-taulera-ferre-oraz-prof-alejandro-c-olivieriego\/\">the lectures delivered by the distinguished doctoral student Prof. Roman Tauler Ferr\u00e9 and the reviewer Prof. Alejandro C. Olivieri<\/a>.<\/p>\n<p>\n<\/div>\r\n                    <\/div>\r\n                <\/div>\r\n                <div class=\"text-modules\">\r\n                    <div class=\"container\">\r\n                        \r\n                        <div class=\"text-modules__content\"><\/p>\n<h4>Prof. Roman Tauler Ferr\u00e9&#8217;s lecture<\/h4>\n<p><iframe loading=\"lazy\" title=\"&quot;Multivariate Curve Resolution \u2013 a powerful chemometrics tool&quot; \u2013 prof. Rom\u00e1n Tauler Ferr\u00e9\" width=\"640\" height=\"360\" src=\"https:\/\/www.youtube.com\/embed\/_8aiRAsNj-c?feature=oembed\" frameborder=\"0\" allow=\"accelerometer; autoplay; clipboard-write; encrypted-media; gyroscope; picture-in-picture; web-share\" allowfullscreen><\/iframe><\/p>\n<p>\n<\/div>\r\n                    <\/div>\r\n                <\/div>\r\n                <div class=\"text-modules\">\r\n                    <div class=\"container\">\r\n                        \r\n                        <div class=\"text-modules__content\"><\/p>\n<h4>Prof. Alejandro C. Olivieri&#8217;s lecture<\/h4>\n<p><iframe loading=\"lazy\" title=\"&quot;Multi-way calibration and its analytical advantages&quot; \u2013 prof. Alejandro C. Olivieri\" width=\"640\" height=\"360\" src=\"https:\/\/www.youtube.com\/embed\/85Q7TBPGHUQ?feature=oembed\" frameborder=\"0\" allow=\"accelerometer; autoplay; clipboard-write; encrypted-media; gyroscope; picture-in-picture; web-share\" allowfullscreen><\/iframe><\/p>\n<p>\n<\/div>\r\n                    <\/div>\r\n                <\/div>\r\n                <div class=\"text-modules\">\r\n                    <div class=\"container\">\r\n                        \r\n                        <div class=\"text-modules__content\"><\/p>\n<h3>Publication:<\/h3>\n<p>Due to the ceremony of awarding the honorary doctorate degree to Prof. Rom\u00e1n Tauler Ferr\u00e9, the University of Silesia Press issues a publication <em><a href=\"https:\/\/wydawnictwo.us.edu.pl\/sites\/wydawnictwo.us.edu.pl\/files\/wus_2022_roman_tauler_ferre_dhc_ebook.pdf\" class=\"mtli_attachment mtli_pdf\" class=\"mtli_attachment mtli_pdf\">Rom\u00e1n Tauler Ferr\u00e9. Doctor honoris causa Universitatis Silesiensis<\/a><\/em>.<\/p>\n<p>\n<\/div>\r\n                    <\/div>\r\n                <\/div>[\/vc_column][vc_column width=&#8221;1\/3&#8243;]\r\n                <div class=\"text-modules\">\r\n                    <div class=\"container\">\r\n                        \r\n                        <div class=\"text-modules__content\"><\/p>\n<p><img class=\"size-full wp-image-155761\" src=\"https:\/\/us.edu.pl\/wp-content\/uploads\/Galerie\/2022\/2022-04-28_dhc-Roman-Tauler-Ferre\/Z6A7113_dhc_fot-Julia-Agnieszka-Szymala.jpg\" alt=\"Prof. Rom\u00e1n Tauler Ferr\u00e9 podczas uroczysto\u015bci nadania tytu\u0142u doktora honoris causa przemawia przy katedrze\" width=\"100%\" height=\"auto\" srcset=\"https:\/\/us.edu.pl\/wp-content\/uploads\/Galerie\/2022\/2022-04-28_dhc-Roman-Tauler-Ferre\/Z6A7113_dhc_fot-Julia-Agnieszka-Szymala.jpg 800w, https:\/\/us.edu.pl\/wp-content\/uploads\/Galerie\/2022\/2022-04-28_dhc-Roman-Tauler-Ferre\/Z6A7113_dhc_fot-Julia-Agnieszka-Szymala-600x400.jpg 600w, https:\/\/us.edu.pl\/wp-content\/uploads\/Galerie\/2022\/2022-04-28_dhc-Roman-Tauler-Ferre\/Z6A7113_dhc_fot-Julia-Agnieszka-Szymala-768x512.jpg 768w, https:\/\/us.edu.pl\/wp-content\/uploads\/Galerie\/2022\/2022-04-28_dhc-Roman-Tauler-Ferre\/Z6A7113_dhc_fot-Julia-Agnieszka-Szymala-575x383.jpg 575w\" sizes=\"(max-width: 800px) 100vw, 800px\" \/><\/p>\n<p>Prof. Rom\u00e1n Tauler Ferr\u00e9 during the ceremony of awarding the <em>honorary doctorate degree<\/em> | Photo by Julia Agnieszka Szymala<\/p>\n<p>\n<\/div>\r\n                    <\/div>\r\n                <\/div>[\/vc_column][\/vc_row]<\/p>\n<p><\/p>\n<style type=\"text\/css\">a[data-mtli~=\"mtli_filesize1398kB\"]:after {content:\" (13.98 kB)\"}<\/style>","protected":false},"excerpt":{"rendered":"<p>[vc_row el_class=&#8221;container&#8221;][vc_column width=&#8221;2\/3&#8243;][vc_video link=&#8221;https:\/\/www.youtube.com\/watch?v=ITMl5CD0GwQ&#8221;][\/vc_column][vc_column width=&#8221;1\/3&#8243;][\/vc_column][\/vc_row] [&#8230;]<\/p>\n<p><a class=\"btn btn-secondary understrap-read-more-link\" href=\"https:\/\/us.edu.pl\/en\/uczelnia\/o-nas\/historia\/doktorzy-honoris-causa-uniwersytetu-slaskiego\/roman-tauler-ferre\/\">Read More&#8230;<\/a><\/p>\n","protected":false},"author":3279,"featured_media":0,"parent":73916,"menu_order":0,"comment_status":"closed","ping_status":"closed","template":"","meta":{"_expiration-date-status":"","_expiration-date":0,"_expiration-date-type":"","_expiration-date-categories":[],"_expiration-date-options":[]},"acf":[],"_links":{"self":[{"href":"https:\/\/us.edu.pl\/en\/wp-json\/wp\/v2\/pages\/156909"}],"collection":[{"href":"https:\/\/us.edu.pl\/en\/wp-json\/wp\/v2\/pages"}],"about":[{"href":"https:\/\/us.edu.pl\/en\/wp-json\/wp\/v2\/types\/page"}],"author":[{"embeddable":true,"href":"https:\/\/us.edu.pl\/en\/wp-json\/wp\/v2\/users\/3279"}],"replies":[{"embeddable":true,"href":"https:\/\/us.edu.pl\/en\/wp-json\/wp\/v2\/comments?post=156909"}],"version-history":[{"count":7,"href":"https:\/\/us.edu.pl\/en\/wp-json\/wp\/v2\/pages\/156909\/revisions"}],"predecessor-version":[{"id":166793,"href":"https:\/\/us.edu.pl\/en\/wp-json\/wp\/v2\/pages\/156909\/revisions\/166793"}],"up":[{"embeddable":true,"href":"https:\/\/us.edu.pl\/en\/wp-json\/wp\/v2\/pages\/73916"}],"wp:attachment":[{"href":"https:\/\/us.edu.pl\/en\/wp-json\/wp\/v2\/media?parent=156909"}],"curies":[{"name":"wp","href":"https:\/\/api.w.org\/{rel}","templated":true}]}}