{"id":157011,"date":"2022-05-24T15:30:24","date_gmt":"2022-05-24T13:30:24","guid":{"rendered":"https:\/\/us.edu.pl\/?page_id=157011"},"modified":"2022-10-20T10:13:05","modified_gmt":"2022-10-20T08:13:05","slug":"cbr","status":"publish","type":"page","link":"https:\/\/us.edu.pl\/en\/nauka-i-badania\/centra-badawcze\/cbr\/","title":{"rendered":"Roma Research Centre"},"content":{"rendered":"<p><\/p>\n<p>[vc_row][vc_column][vc_empty_space][vc_empty_space]\r\n                <div class=\"text-modules\">\r\n                    <div class=\"container\">\r\n                        <h3 class=\"page-title text__title\">Roma Research Centre<\/h3>\r\n                        <div class=\"text-modules__content\"><\/div>\r\n                    <\/div>\r\n                <\/div>[\/vc_column][\/vc_row][vc_row full_height=&#8221;yes&#8221; content_placement=&#8221;bottom&#8221; parallax=&#8221;content-moving&#8221; parallax_image=&#8221;157223&#8243; css=&#8221;.vc_custom_1653659577042{padding-top: 200px !important;padding-bottom: 200px !important;}&#8221;][vc_column][\/vc_column][\/vc_row][vc_row content_placement=&#8221;top&#8221; el_class=&#8221;container&#8221;][vc_column width=&#8221;1\/6&#8243; css=&#8221;.vc_custom_1592457546034{background-color: #f4f4f4 !important;}&#8221;][\/vc_column][vc_column width=&#8221;2\/3&#8243; css=&#8221;.vc_custom_1592457669630{background-color: #f4f4f4 !important;}&#8221;][vc_empty_space]\r\n                <div class=\"text-modules\">\r\n                    <div class=\"container\">\r\n                        \r\n                        <div class=\"text-modules__content\"><\/p>\n<p>At the Roma Research Centre, we deal with the issues surrounding Roma identity and culture. Our mission is to create a platform for the exchange of experiences, build interdisciplinary research teams and conduct joint research, not only on the domestic, but also on the international level.<br \/>\nBoth in Poland and in Europe, there are only local research centres focusing on the subject matter, and international institutions are rather administrative in their nature. We would like to change that.<\/p>\n<p>\n<\/div>\r\n                    <\/div>\r\n                <\/div>[vc_btn title=&#8221;ABOUT US&#8221; style=&#8221;classic&#8221; shape=&#8221;square&#8221; color=&#8221;blue&#8221; size=&#8221;lg&#8221; align=&#8221;left&#8221; css_animation=&#8221;fadeIn&#8221; link=&#8221;url:https%3A%2F%2Fus.edu.pl%2Fnauka-i-badania%2Fcentra-badawcze%2Fcbr%2Fo-nas%2F|title:O%20nas||&#8221;][\/vc_column][vc_column width=&#8221;1\/6&#8243;][\/vc_column][\/vc_row][vc_row el_class=&#8221;container&#8221;][vc_column][vc_empty_space height=&#8221;42px&#8221;][\/vc_column][\/vc_row][vc_row gap=&#8221;35&#8243; content_placement=&#8221;middle&#8221; css=&#8221;.vc_custom_1593698898475{padding-top: 3% !important;padding-right: 10% !important;padding-bottom: 3% !important;padding-left: 10% !important;}&#8221; el_class=&#8221;container&#8221;][vc_column width=&#8221;1\/3&#8243; el_class=&#8221;container&#8221;]\r\n                <div class=\"text-modules\">\r\n                    <div class=\"container\">\r\n                        \r\n                        <div class=\"text-modules__content\"><\/p>\n<p><img class=\"alignnone size-medium wp-image-157220\" src=\"https:\/\/us.edu.pl\/wp-content\/uploads\/2022\/05\/pexels-juan-pablo-serrano-arenas-1250452.jpg\" alt=\"zbli\u017cenie na d\u0142o\u0144 osoby doros\u0142ej trzymaj\u0105cej d\u0142o\u0144 dziecka\" width=\"100%\" height=\"auto\" srcset=\"https:\/\/us.edu.pl\/wp-content\/uploads\/2022\/05\/pexels-juan-pablo-serrano-arenas-1250452.jpg 800w, https:\/\/us.edu.pl\/wp-content\/uploads\/2022\/05\/pexels-juan-pablo-serrano-arenas-1250452-600x400.jpg 600w, https:\/\/us.edu.pl\/wp-content\/uploads\/2022\/05\/pexels-juan-pablo-serrano-arenas-1250452-768x512.jpg 768w, https:\/\/us.edu.pl\/wp-content\/uploads\/2022\/05\/pexels-juan-pablo-serrano-arenas-1250452-575x383.jpg 575w\" sizes=\"(max-width: 800px) 100vw, 800px\" \/><\/p>\n<p>\n<\/div>\r\n                    <\/div>\r\n                <\/div>\r\n                <div class=\"text-modules\">\r\n                    <div class=\"container\">\r\n                        \r\n                        <div class=\"text-modules__content\"><\/p>\n<h3><span style=\"color: #000000;\"><strong>Research<\/strong><\/span><\/h3>\n<p>Detailed information on the activities carried out at the Centre.<\/p>\n<p style=\"font-family: 'PT Sans Narrow', sans-serif; text-align: left;\"><span style=\"color: #011535;\"><strong><a style=\"color: #011535;\" href=\"https:\/\/us.edu.pl\/en\/nauka-i-badania\/centra-badawcze\/cbr\/badania\/\">More about research<\/a><\/strong><\/span><\/p>\n<p>\n<\/div>\r\n                    <\/div>\r\n                <\/div>[\/vc_column][vc_column width=&#8221;1\/3&#8243; el_class=&#8221;container&#8221;]\r\n                <div class=\"text-modules\">\r\n                    <div class=\"container\">\r\n                        \r\n                        <div class=\"text-modules__content\"><\/p>\n<p><img class=\"alignnone wp-image-157221 size-full\" src=\"https:\/\/us.edu.pl\/wp-content\/uploads\/2022\/05\/pexels-karolina-grabowska-4248603.jpg\" alt=\"otwarta ksi\u0105\u017cka\" width=\"100%\" height=\"auto\" srcset=\"https:\/\/us.edu.pl\/wp-content\/uploads\/2022\/05\/pexels-karolina-grabowska-4248603.jpg 800w, https:\/\/us.edu.pl\/wp-content\/uploads\/2022\/05\/pexels-karolina-grabowska-4248603-600x400.jpg 600w, https:\/\/us.edu.pl\/wp-content\/uploads\/2022\/05\/pexels-karolina-grabowska-4248603-768x512.jpg 768w, https:\/\/us.edu.pl\/wp-content\/uploads\/2022\/05\/pexels-karolina-grabowska-4248603-575x383.jpg 575w\" sizes=\"(max-width: 800px) 100vw, 800px\" \/><\/p>\n<p>\n<\/div>\r\n                    <\/div>\r\n                <\/div>\r\n                <div class=\"text-modules\">\r\n                    <div class=\"container\">\r\n                        \r\n                        <div class=\"text-modules__content\"><\/p>\n<h3><span style=\"color: #000000;\"><strong>Initiatives<\/strong><\/span><\/h3>\n<p>Information on scientific publications and events.<\/p>\n<p style=\"font-family: 'PT Sans Narrow', sans-serif; text-align: left;\"><span style=\"color: #011535;\"><strong><a style=\"color: #011535;\" href=\"https:\/\/us.edu.pl\/en\/nauka-i-badania\/centra-badawcze\/cbr\/inicjatywy\/\">More about initiatives<\/a><\/strong><\/span><\/p>\n<p>\n<\/div>\r\n                    <\/div>\r\n                <\/div>[\/vc_column][vc_column width=&#8221;1\/3&#8243;]\r\n                <div class=\"text-modules\">\r\n                    <div class=\"container\">\r\n                        \r\n                        <div class=\"text-modules__content\"><\/p>\n<p><img class=\"alignnone wp-image-157222 size-full\" src=\"https:\/\/us.edu.pl\/wp-content\/uploads\/2022\/05\/pexels-olha-ruskykh-7504780.jpg\" alt=\"osoba podpisuj\u0105ca dokument, zbli\u017cenie na d\u0142o\u0144\" width=\"100%\" height=\"auto\" srcset=\"https:\/\/us.edu.pl\/wp-content\/uploads\/2022\/05\/pexels-olha-ruskykh-7504780.jpg 800w, https:\/\/us.edu.pl\/wp-content\/uploads\/2022\/05\/pexels-olha-ruskykh-7504780-600x400.jpg 600w, https:\/\/us.edu.pl\/wp-content\/uploads\/2022\/05\/pexels-olha-ruskykh-7504780-768x512.jpg 768w, https:\/\/us.edu.pl\/wp-content\/uploads\/2022\/05\/pexels-olha-ruskykh-7504780-575x383.jpg 575w\" sizes=\"(max-width: 800px) 100vw, 800px\" \/><\/p>\n<p>\n<\/div>\r\n                    <\/div>\r\n                <\/div>\r\n                <div class=\"text-modules\">\r\n                    <div class=\"container\">\r\n                        \r\n                        <div class=\"text-modules__content\"><\/p>\n<h3><span style=\"color: #000000;\"><strong>Cooperation<\/strong><\/span><\/h3>\n<p>Information about domestic and foreign partners.<\/p>\n<p style=\"font-family: 'PT Sans Narrow', sans-serif; text-align: left;\"><span style=\"color: #011535;\"><strong><a style=\"color: #011535;\" href=\"https:\/\/us.edu.pl\/en\/nauka-i-badania\/centra-badawcze\/cbr\/wspolpraca\/\">More about cooperation<\/a><\/strong><\/span><\/p>\n<p>\n<\/div>\r\n                    <\/div>\r\n                <\/div>[\/vc_column][\/vc_row][vc_row][vc_column][vc_empty_space height=&#8221;42px&#8221;][\/vc_column][\/vc_row][vc_row full_width=&#8221;stretch_row_content_no_spaces&#8221; css=&#8221;.vc_custom_1593692532218{background-color: #002e5a !important;}&#8221;][vc_column]\r\n                <div class='logos'>\r\n                    <div class='container'>\r\n                        <h3 class='page-title'><\/h3>\r\n                        <div class='logos-blocks bg-blue'> \r\n               \r\n                            \r\n                        <a href=\"https:\/\/us.edu.pl\/en\/nauka-i-badania\/centra-badawcze\/cbr\/zespol\/\" title=\"Team\"\r\n                         class=\"logos-blocks__item carousel-slide\">\r\n                            <div class=\"logos-blocks__img\">\r\n                                <img src=\"https:\/\/us.edu.pl\/wp-content\/uploads\/obrazki-stron\/ulka\/people-solid.png\" alt=\"Team\">\r\n                            <\/div>\r\n                            <span>Team<\/span>\r\n                        <\/a> \r\n                           \r\n                        <\/div>\r\n                    <\/div>\r\n                <\/div>[\/vc_column][\/vc_row][vc_row][vc_column][vc_empty_space][\/vc_column][\/vc_row][vc_row gap=&#8221;35&#8243; content_placement=&#8221;top&#8221; css=&#8221;.vc_custom_1593699342528{padding-top: 3% !important;padding-right: 10% !important;padding-bottom: 3% !important;padding-left: 10% !important;}&#8221; el_class=&#8221;container&#8221;][vc_column width=&#8221;1\/3&#8243; el_class=&#8221;container&#8221;]\r\n                <div class=\"text-modules\">\r\n                    <div class=\"container\">\r\n                        \r\n                        <div class=\"text-modules__content\"><\/p>\n<h3><strong><span style=\"color: #000000;\"><a id=\"kontakt\"><\/a>Contact\u00a0<\/span><\/strong><\/h3>\n<p><a href=\"https:\/\/ab.us.edu.pl\/emp?id=57163\">Prof. Hristo Kyuchukov<\/a> from the Faculty of Arts and Educational Science of the University of Silesia is the Director of the Roma Research Centre.<\/p>\n<p>e-mail: <a href=\"mailto:hristo.kyuchukov@us.edu.pl\">hristo.kyuchukov@us.edu.pl<\/a><\/p>\n<p>\n<\/div>\r\n                    <\/div>\r\n                <\/div>[\/vc_column][vc_column width=&#8221;1\/3&#8243; el_class=&#8221;container&#8221;][\/vc_column][vc_column width=&#8221;1\/3&#8243;][\/vc_column][\/vc_row]<\/p>\n<p><\/p>","protected":false},"excerpt":{"rendered":"<p>[vc_row][vc_column][vc_empty_space][vc_empty_space][\/vc_column][\/vc_row][vc_row full_height=&#8221;yes&#8221; content_placement=&#8221;bottom&#8221; parallax=&#8221;content-moving&#8221; parallax_image=&#8221;157223&#8243; css=&#8221;.vc_custom_1653659577042{padding-top: 200px !important;padding-bottom: 200px !important;}&#8221;][vc_column][\/vc_column][\/vc_row][vc_row content_placement=&#8221;top&#8221; el_class=&#8221;container&#8221;][vc_column width=&#8221;1\/6&#8243; css=&#8221;.vc_custom_1592457546034{background-color: #f4f4f4 !important;}&#8221;][\/vc_column][vc_column width=&#8221;2\/3&#8243; css=&#8221;.vc_custom_1592457669630{background-color: #f4f4f4 !important;}&#8221;][vc_empty_space][vc_btn title=&#8221;ABOUT US&#8221; style=&#8221;classic&#8221; shape=&#8221;square&#8221; color=&#8221;blue&#8221; size=&#8221;lg&#8221; align=&#8221;left&#8221; css_animation=&#8221;fadeIn&#8221; link=&#8221;url:https%3A%2F%2Fus.edu.pl%2Fnauka-i-badania%2Fcentra-badawcze%2Fcbr%2Fo-nas%2F|title:O%20nas||&#8221;][\/vc_column][vc_column width=&#8221;1\/6&#8243;][\/vc_column][\/vc_row][vc_row el_class=&#8221;container&#8221;][vc_column][vc_empty_space height=&#8221;42px&#8221;][\/vc_column][\/vc_row][vc_row gap=&#8221;35&#8243; content_placement=&#8221;middle&#8221; css=&#8221;.vc_custom_1593698898475{padding-top: 3% !important;padding-right: 10% !important;padding-bottom: 3% !important;padding-left: 10% !important;}&#8221; el_class=&#8221;container&#8221;][vc_column width=&#8221;1\/3&#8243; el_class=&#8221;container&#8221;][\/vc_column][vc_column width=&#8221;1\/3&#8243; el_class=&#8221;container&#8221;][\/vc_column][vc_column width=&#8221;1\/3&#8243;][\/vc_column][\/vc_row][vc_row][vc_column][vc_empty_space height=&#8221;42px&#8221;][\/vc_column][\/vc_row][vc_row full_width=&#8221;stretch_row_content_no_spaces&#8221; css=&#8221;.vc_custom_1593692532218{background-color: #002e5a !important;}&#8221;][vc_column][\/vc_column][\/vc_row][vc_row][vc_column][vc_empty_space][\/vc_column][\/vc_row][vc_row gap=&#8221;35&#8243; [&#8230;]<\/p>\n<p><a class=\"btn btn-secondary understrap-read-more-link\" href=\"https:\/\/us.edu.pl\/en\/nauka-i-badania\/centra-badawcze\/cbr\/\">Read More&#8230;<\/a><\/p>\n","protected":false},"author":33,"featured_media":0,"parent":80620,"menu_order":0,"comment_status":"closed","ping_status":"closed","template":"page-templates\/index-template.php","meta":{"_expiration-date-status":"","_expiration-date":0,"_expiration-date-type":"","_expiration-date-categories":[],"_expiration-date-options":[]},"acf":[],"_links":{"self":[{"href":"https:\/\/us.edu.pl\/en\/wp-json\/wp\/v2\/pages\/157011"}],"collection":[{"href":"https:\/\/us.edu.pl\/en\/wp-json\/wp\/v2\/pages"}],"about":[{"href":"https:\/\/us.edu.pl\/en\/wp-json\/wp\/v2\/types\/page"}],"author":[{"embeddable":true,"href":"https:\/\/us.edu.pl\/en\/wp-json\/wp\/v2\/users\/33"}],"replies":[{"embeddable":true,"href":"https:\/\/us.edu.pl\/en\/wp-json\/wp\/v2\/comments?post=157011"}],"version-history":[{"count":3,"href":"https:\/\/us.edu.pl\/en\/wp-json\/wp\/v2\/pages\/157011\/revisions"}],"predecessor-version":[{"id":163526,"href":"https:\/\/us.edu.pl\/en\/wp-json\/wp\/v2\/pages\/157011\/revisions\/163526"}],"up":[{"embeddable":true,"href":"https:\/\/us.edu.pl\/en\/wp-json\/wp\/v2\/pages\/80620"}],"wp:attachment":[{"href":"https:\/\/us.edu.pl\/en\/wp-json\/wp\/v2\/media?parent=157011"}],"curies":[{"name":"wp","href":"https:\/\/api.w.org\/{rel}","templated":true}]}}