{"id":159808,"date":"2022-07-20T13:54:50","date_gmt":"2022-07-20T11:54:50","guid":{"rendered":"https:\/\/us.edu.pl\/?page_id=159808"},"modified":"2024-04-22T14:52:09","modified_gmt":"2024-04-22T12:52:09","slug":"dostepnosc-architektoniczna-katowice-ul-bankowa-11","status":"publish","type":"page","link":"https:\/\/us.edu.pl\/en\/deklaracja-dostepnosci\/dostepnosc-architektoniczna-katowice-ul-bankowa-11\/","title":{"rendered":"Architectural accessibility: Katowice, ul. Bankowa 11"},"content":{"rendered":"<p><\/p>\n<p>[vc_row][vc_column]\r\n                <div class=\"text-modules\">\r\n                    <div class=\"container\">\r\n                        \r\n                        <div class=\"text-modules__content\"><\/p>\n<p id=\"a11y-architektura\"><strong>Architectural accessibility:\u00a0<\/strong><\/p>\n<h2 class=\"single-title single-title_border-bottom\">Katowice, ul. Bankowa 11<\/h2>\n<h3>Faculty of Social Sciences and Faculty of Humanities<\/h3>\n<p>\n<\/div>\r\n                    <\/div>\r\n                <\/div>[\/vc_column][\/vc_row][vc_row disable_element=&#8221;yes&#8221; el_class=&#8221;container&#8221;][vc_column width=&#8221;1\/2&#8243;]\r\n                <div class=\"text-modules\">\r\n                    <div class=\"container\">\r\n                        \r\n                        <div class=\"text-modules__content\"><\/p>\n<h4>Dost\u0119pno\u015b\u0107 wej\u015bcia do budynku i obszaru kontroli<\/h4>\n<p>\n<\/div>\r\n                    <\/div>\r\n                <\/div>[\/vc_column][\/vc_row][vc_row el_class=&#8221;container&#8221;][vc_column width=&#8221;2\/3&#8243;]\r\n                <div class=\"text-modules\">\r\n                    <div class=\"container\">\r\n                        \r\n                        <div class=\"text-modules__content\"><\/p>\n<h4>Accessibility of the entrance to the building and control area<\/h4>\n<p>\n<\/div>\r\n                    <\/div>\r\n                <\/div>\r\n                <div class=\"text-modules\">\r\n                    <div class=\"container\">\r\n                        \r\n                        <div class=\"text-modules__content\"><\/p>\n<p>The main entrance to the building is located on the side of the promenade on ul. Bankowa. The entrance is very broad. It consists of four door wings with a width of 90 cm (doors with door closers are opened with a holder), divided with two stair recesses (right\/left) with a width of 5 m 40 cm.<\/p>\n<p>The entrance is accessed through stairs. A platform allowing to get through all stairs leading to the internal lift has been installed for people with movement disabilities using wheelchairs.<br \/>\nThe button placed on the pillar on the left side of the platform is used for calling the platform operating staff.<\/p>\n<p>The reception desk is located in the central place of the hall near the main entrance.<\/p>\n<p>\n<\/div>\r\n                    <\/div>\r\n                <\/div>[\/vc_column][\/vc_row][vc_row el_class=&#8221;container&#8221;][vc_column width=&#8221;2\/3&#8243;]\r\n                <div class=\"text-modules\">\r\n                    <div class=\"container\">\r\n                        \r\n                        <div class=\"text-modules__content\"><\/p>\n<h4>Types of adjustments inside the building<\/h4>\n<p>\n<\/div>\r\n                    <\/div>\r\n                <\/div>\r\n                <div class=\"text-modules\">\r\n                    <div class=\"container\">\r\n                        \r\n                        <div class=\"text-modules__content\"><\/p>\n<p>At each storey, there are five toilets, including two female, two male and one for people with disabilities. Toilets for people with disabilities are located in the following rooms: 25a, 118a, 214a, and 314a. These toilets are equipped with holders near the washbasins and toilet bowl, as well as the proper manoeuvring space.<\/p>\n<p>All rooms in the building can be accessed in a wheelchair.<br \/>\nThere are also available spaces for individuals in wheelchairs in lecture halls and symposium halls. In order to use a wheelchair place in the Kazimierz Popio\u0142ek Lecture Hall, use the external entrance and support of a porter\u2019s lodge employee. Similar is the case with the Auditorium Hall, the so-called \u201cold hall\u201d, where it is best to enter from the ground floor level through the door labelled no. 15.<\/p>\n<p>The Kazimierz Popio\u0142ek Lecture Hall is fitted with an audio induction loop for hard-of-hearing people.<\/p>\n<p>Room 29 is a quiet room where you can disconnect from an excess of stimuli.<\/p>\n<p><img class=\"alignnone wp-image-169098\" src=\"https:\/\/us.edu.pl\/wp-content\/uploads\/Ikony\/petla-indukcyjna.png\" alt=\"Piktogram p\u0119tli indukcyjnej\/induction loop sign\" width=\"100\" height=\"100\" srcset=\"https:\/\/us.edu.pl\/wp-content\/uploads\/Ikony\/petla-indukcyjna.png 800w, https:\/\/us.edu.pl\/wp-content\/uploads\/Ikony\/petla-indukcyjna-150x150.png 150w, https:\/\/us.edu.pl\/wp-content\/uploads\/Ikony\/petla-indukcyjna-768x768.png 768w, https:\/\/us.edu.pl\/wp-content\/uploads\/Ikony\/petla-indukcyjna-575x575.png 575w\" sizes=\"(max-width: 100px) 100vw, 100px\" \/><img class=\"alignnone wp-image-183346\" src=\"https:\/\/us.edu.pl\/wp-content\/uploads\/Ikony\/piktogramy_us_18.png\" alt=\"piktogram pokoju wyciszenia\/quiet room sign\" width=\"120\" height=\"120\" \/><\/p>\n<p>\n<\/div>\r\n                    <\/div>\r\n                <\/div>[\/vc_column][\/vc_row][vc_row el_class=&#8221;container&#8221;][vc_column width=&#8221;2\/3&#8243;]\r\n                <div class=\"text-modules\">\r\n                    <div class=\"container\">\r\n                        \r\n                        <div class=\"text-modules__content\"><\/p>\n<h4>Parking places designated for persons with disabilities and exploitation thereof<\/h4>\n<p>\n<\/div>\r\n                    <\/div>\r\n                <\/div>\r\n                <div class=\"text-modules\">\r\n                    <div class=\"container\">\r\n                        \r\n                        <div class=\"text-modules__content\"><\/p>\n<p>The closest parking spots (two envelopes) for people with disabilities are located on the left side of the building (north side) in front of the outside lift. Entrance from the side of ul. Uniwersytecka. Entrance to the car park through the barrier opened with a remote control. Students can report to the building administrator in order to obtain a remote control enabling entrance to the car park. To get a one-time parking access, please call the porter\u2019s lodge at 32 359 11 08.<\/p>\n<p>4 more spaces for the disabled are designated on ul. Uniwersytecka. Parking is free for authorised individuals.<br \/>\nThe blue parking spaces can only be used by the individuals authorised on general terms specified in the provisions concerning the parking card for the disabled.<\/p>\n<p>\n<\/div>\r\n                    <\/div>\r\n                <\/div>[\/vc_column][\/vc_row][vc_row el_class=&#8221;container&#8221;][vc_column width=&#8221;2\/3&#8243;]\r\n                <div class=\"text-modules\">\r\n                    <div class=\"container\">\r\n                        \r\n                        <div class=\"text-modules__content\"><\/p>\n<h4>Contact data of the person who can provide more information about the building accessibility:<\/h4>\n<p>\n<\/div>\r\n                    <\/div>\r\n                <\/div>\r\n                <div class=\"text-modules\">\r\n                    <div class=\"container\">\r\n                        \r\n                        <div class=\"text-modules__content\"><\/p>\n<p>Andrzej Marzec, e-mail: andrzej.marzec@us.edu.pl, tel. +48 32 35 91 179, +48 502 622 899.<\/p>\n<p>\n<\/div>\r\n                    <\/div>\r\n                <\/div>[\/vc_column][\/vc_row]<\/p>\n<p><\/p>","protected":false},"excerpt":{"rendered":"<p>[vc_row][vc_column][\/vc_column][\/vc_row][vc_row disable_element=&#8221;yes&#8221; el_class=&#8221;container&#8221;][vc_column width=&#8221;1\/2&#8243;][\/vc_column][\/vc_row][vc_row el_class=&#8221;container&#8221;][vc_column width=&#8221;2\/3&#8243;][\/vc_column][\/vc_row][vc_row el_class=&#8221;container&#8221;][vc_column width=&#8221;2\/3&#8243;][\/vc_column][\/vc_row][vc_row el_class=&#8221;container&#8221;][vc_column width=&#8221;2\/3&#8243;][\/vc_column][\/vc_row][vc_row el_class=&#8221;container&#8221;][vc_column width=&#8221;2\/3&#8243;][\/vc_column][\/vc_row] [&#8230;]<\/p>\n<p><a class=\"btn btn-secondary understrap-read-more-link\" href=\"https:\/\/us.edu.pl\/en\/deklaracja-dostepnosci\/dostepnosc-architektoniczna-katowice-ul-bankowa-11\/\">Read More&#8230;<\/a><\/p>\n","protected":false},"author":26,"featured_media":0,"parent":115165,"menu_order":0,"comment_status":"closed","ping_status":"closed","template":"","meta":{"_expiration-date-status":"","_expiration-date":0,"_expiration-date-type":"","_expiration-date-categories":[],"_expiration-date-options":[]},"acf":[],"_links":{"self":[{"href":"https:\/\/us.edu.pl\/en\/wp-json\/wp\/v2\/pages\/159808"}],"collection":[{"href":"https:\/\/us.edu.pl\/en\/wp-json\/wp\/v2\/pages"}],"about":[{"href":"https:\/\/us.edu.pl\/en\/wp-json\/wp\/v2\/types\/page"}],"author":[{"embeddable":true,"href":"https:\/\/us.edu.pl\/en\/wp-json\/wp\/v2\/users\/26"}],"replies":[{"embeddable":true,"href":"https:\/\/us.edu.pl\/en\/wp-json\/wp\/v2\/comments?post=159808"}],"version-history":[{"count":6,"href":"https:\/\/us.edu.pl\/en\/wp-json\/wp\/v2\/pages\/159808\/revisions"}],"predecessor-version":[{"id":184630,"href":"https:\/\/us.edu.pl\/en\/wp-json\/wp\/v2\/pages\/159808\/revisions\/184630"}],"up":[{"embeddable":true,"href":"https:\/\/us.edu.pl\/en\/wp-json\/wp\/v2\/pages\/115165"}],"wp:attachment":[{"href":"https:\/\/us.edu.pl\/en\/wp-json\/wp\/v2\/media?parent=159808"}],"curies":[{"name":"wp","href":"https:\/\/api.w.org\/{rel}","templated":true}]}}