{"id":159947,"date":"2022-07-22T11:09:55","date_gmt":"2022-07-22T09:09:55","guid":{"rendered":"https:\/\/us.edu.pl\/?page_id=159947"},"modified":"2025-05-23T13:09:26","modified_gmt":"2025-05-23T11:09:26","slug":"dostepnosc-architektoniczna-sosnowiec-ul-lwowska-6","status":"publish","type":"page","link":"https:\/\/us.edu.pl\/en\/deklaracja-dostepnosci\/dostepnosc-architektoniczna-sosnowiec-ul-lwowska-6\/","title":{"rendered":"Architectural accessibility: Sosnowiec, ul. Lwowska 6"},"content":{"rendered":"<p><\/p>\n<p>[vc_row][vc_column]\r\n                <div class=\"text-modules\">\r\n                    <div class=\"container\">\r\n                        \r\n                        <div class=\"text-modules__content\"><\/p>\n<p id=\"a11y-architektura\"><strong>Architectural accessibility:\u00a0<\/strong><\/p>\n<h2 class=\"single-title single-title_border-bottom\">Sosnowiec, ul. Lwowska 6<\/h2>\n<h3>Teacher Residence Hall no. 2<\/h3>\n<p>\n<\/div>\r\n                    <\/div>\r\n                <\/div>[\/vc_column][\/vc_row][vc_row el_class=&#8221;container&#8221;][vc_column width=&#8221;5\/6&#8243;]\r\n                <div class=\"text-modules\">\r\n                    <div class=\"container\">\r\n                        \r\n                        <div class=\"text-modules__content\"><\/p>\n<h4>Accessibility of the entrance to the building and control area<\/h4>\n<p>The entrance to the Teacher Residence Hall building is clearly marked with a red board with the inscription saying &#8216;Uniwersytet \u015al\u0105ski, Dom Asystenta nr 2 w Sosnowcu&#8217;, placed on the fa\u00e7ade.<\/p>\n<p>The main entrance to the building is located at ul. Lwowska 6, near the Faculty of Natural Sciences (the faculty is located at ul. B\u0119dzi\u0144ska, on the northern side of the Teacher Residence Hall, approximately 600 m away).<\/p>\n<p>The escape route is located on the left side of the building, opposite Teacher Residence Hall no.<\/p>\n<p>The entrance to the building has no stairs and the building door is not opened automatically. Upon entering the building, on the right side in the distance of 50 cm, there is a reception desk open 24 hours a day. The reception desk window is located at a height of 117.5 cm. The reception desk employees are willing to help individuals in wheelchairs, walk out to the hall and provide necessary information. In order to enter the building hall, you have to open the second door (the door with a door closer is opened by a receptionist). Staircase A is opposite the hall entrance. Staircase B is located on the right side of the corridor behind room no. 4 (office).<\/p>\n<p>\n<\/div>\r\n                    <\/div>\r\n                <\/div>\r\n                <div class=\"text-modules\">\r\n                    <div class=\"container\">\r\n                        \r\n                        <div class=\"text-modules__content\"><\/p>\n<h4>Accessibility of corridors, stairs, and lifts<\/h4>\n<p>The 5-storey building on the ground floor contains an office, porter\u2019s lodge, utility rooms, workshop and 4 residential rooms. Floors 1\u20134 hold guest rooms and flats.<\/p>\n<p>There is no lift in the building.<\/p>\n<p>\n<\/div>\r\n                    <\/div>\r\n                <\/div>\r\n                <div class=\"text-modules\">\r\n                    <div class=\"container\">\r\n                        \r\n                        <div class=\"text-modules__content\"><\/p>\n<h4>Parking spaces designated for persons with disabilities<\/h4>\n<p>The nearest parking space for people with disabilities is located in front of the entrance to Student Residence Hall no. 3 on ul. Sucha 7b.<\/p>\n<p>\n<\/div>\r\n                    <\/div>\r\n                <\/div>\r\n                <div class=\"text-modules\">\r\n                    <div class=\"container\">\r\n                        \r\n                        <div class=\"text-modules__content\"><\/p>\n<h4>Contact data of the person who can provide more information about the building accessibility:<\/h4>\n<p>Liliana Balcarek Gnitecka, <a href=\"mailto:liliana.balcarek@us.edu.pl\">liliana.balcarek@us.edu.pl<\/a>, tel. 32 368 9307<\/p>\n<p>\n<\/div>\r\n                    <\/div>\r\n                <\/div>[\/vc_column][vc_column width=&#8221;1\/6&#8243;][\/vc_column][\/vc_row]<\/p>\n<p><\/p>","protected":false},"excerpt":{"rendered":"<p>[vc_row][vc_column][\/vc_column][\/vc_row][vc_row el_class=&#8221;container&#8221;][vc_column width=&#8221;5\/6&#8243;][\/vc_column][vc_column width=&#8221;1\/6&#8243;][\/vc_column][\/vc_row] [&#8230;]<\/p>\n<p><a class=\"btn btn-secondary understrap-read-more-link\" href=\"https:\/\/us.edu.pl\/en\/deklaracja-dostepnosci\/dostepnosc-architektoniczna-sosnowiec-ul-lwowska-6\/\">Read More&#8230;<\/a><\/p>\n","protected":false},"author":33,"featured_media":0,"parent":115165,"menu_order":0,"comment_status":"closed","ping_status":"closed","template":"","meta":{"_expiration-date-status":"","_expiration-date":0,"_expiration-date-type":"","_expiration-date-categories":[],"_expiration-date-options":[]},"acf":[],"_links":{"self":[{"href":"https:\/\/us.edu.pl\/en\/wp-json\/wp\/v2\/pages\/159947"}],"collection":[{"href":"https:\/\/us.edu.pl\/en\/wp-json\/wp\/v2\/pages"}],"about":[{"href":"https:\/\/us.edu.pl\/en\/wp-json\/wp\/v2\/types\/page"}],"author":[{"embeddable":true,"href":"https:\/\/us.edu.pl\/en\/wp-json\/wp\/v2\/users\/33"}],"replies":[{"embeddable":true,"href":"https:\/\/us.edu.pl\/en\/wp-json\/wp\/v2\/comments?post=159947"}],"version-history":[{"count":3,"href":"https:\/\/us.edu.pl\/en\/wp-json\/wp\/v2\/pages\/159947\/revisions"}],"predecessor-version":[{"id":229377,"href":"https:\/\/us.edu.pl\/en\/wp-json\/wp\/v2\/pages\/159947\/revisions\/229377"}],"up":[{"embeddable":true,"href":"https:\/\/us.edu.pl\/en\/wp-json\/wp\/v2\/pages\/115165"}],"wp:attachment":[{"href":"https:\/\/us.edu.pl\/en\/wp-json\/wp\/v2\/media?parent=159947"}],"curies":[{"name":"wp","href":"https:\/\/api.w.org\/{rel}","templated":true}]}}