{"id":159986,"date":"2022-07-22T12:00:53","date_gmt":"2022-07-22T10:00:53","guid":{"rendered":"https:\/\/us.edu.pl\/?page_id=159986"},"modified":"2024-04-23T15:51:12","modified_gmt":"2024-04-23T13:51:12","slug":"dostepnosc-architektoniczna-sosnowiec-ul-zytnia-12","status":"publish","type":"page","link":"https:\/\/us.edu.pl\/en\/deklaracja-dostepnosci\/dostepnosc-architektoniczna-sosnowiec-ul-zytnia-12\/","title":{"rendered":"Architectural accessibility: Sosnowiec, ul. \u017bytnia 12"},"content":{"rendered":"<p><\/p>\n<p>[vc_row][vc_column]\r\n                <div class=\"text-modules\">\r\n                    <div class=\"container\">\r\n                        \r\n                        <div class=\"text-modules__content\"><\/p>\n<p id=\"a11y-architektura\"><strong>Architectural accessibility:<\/strong><\/p>\n<h2 class=\"single-title single-title_border-bottom\">Sosnowiec, ul. \u017bytnia 12<\/h2>\n<h3>Faculty of Science and Technology<\/h3>\n<p>\n<\/div>\r\n                    <\/div>\r\n                <\/div>[\/vc_column][\/vc_row][vc_row el_class=&#8221;container&#8221;][vc_column width=&#8221;1\/2&#8243;]\r\n                <div class=\"text-modules\">\r\n                    <div class=\"container\">\r\n                        \r\n                        <div class=\"text-modules__content\"><\/p>\n<h4>Accessibility of the entrance to the building and control area<\/h4>\n<p>Access to the building on the side of ul. B\u0119dzi\u0144ska or ul. Staropogo\u0144ska.<\/p>\n<p>Near the building entrance on the right side, there are two stairs that can be skipped through a ramp.<\/p>\n<p>The reception desk (porter\u2019s lodge) is located on the right side of the main entrance.<\/p>\n<p>\n<\/div>\r\n                    <\/div>\r\n                <\/div>[\/vc_column][vc_column width=&#8221;1\/2&#8243; el_class=&#8221;breadcrumbs&#8221;][vc_row_inner][vc_column_inner width=&#8221;1\/2&#8243;][vc_empty_space height=&#8221;12px&#8221;][vc_single_image image=&#8221;159988&#8243; img_size=&#8221;medium&#8221; add_caption=&#8221;yes&#8221; onclick=&#8221;zoom&#8221; el_class=&#8221;text-modules__content&#8221;][\/vc_column_inner][vc_column_inner width=&#8221;1\/2&#8243;][vc_empty_space height=&#8221;12px&#8221;][vc_single_image image=&#8221;159987&#8243; img_size=&#8221;medium&#8221; add_caption=&#8221;yes&#8221; onclick=&#8221;zoom&#8221; el_class=&#8221;text-modules__content&#8221;][\/vc_column_inner][\/vc_row_inner][\/vc_column][\/vc_row][vc_row el_class=&#8221;container&#8221;][vc_column width=&#8221;2\/3&#8243;]\r\n                <div class=\"text-modules\">\r\n                    <div class=\"container\">\r\n                        \r\n                        <div class=\"text-modules__content\"><\/p>\n<h4>Accessibility of corridors, stairs and elevators<\/h4>\n<p>The building consists of the ground floor and two floors and an extension. There is no lift in it.<\/p>\n<p>A person with a movement disability should be able to handle all affairs at level 0.<\/p>\n<p>\n<\/div>\r\n                    <\/div>\r\n                <\/div>\r\n                <div class=\"text-modules\">\r\n                    <div class=\"container\">\r\n                        \r\n                        <div class=\"text-modules__content\"><\/p>\n<h4>Parking places designated for persons with disabilities and exploitation thereof<\/h4>\n<p>There is a parking space for the disabled near the building. Reaching the building from the parking space does not require going through any barriers, because the curbstone ramp on the side of the driver has been developed.<\/p>\n<p>The parking spaces for the disabled can only be used by individuals with a parking card for the disabled.<\/p>\n<p>\n<\/div>\r\n                    <\/div>\r\n                <\/div>\r\n                <div class=\"text-modules\">\r\n                    <div class=\"container\">\r\n                        \r\n                        <div class=\"text-modules__content\"><\/p>\n<h4>Contact data of the person who can provide more information about the building accessibility:<\/h4>\n<p>Joanna Odelga, <a href=\"mailto:joanna.odelga@us.edu.pl\">joanna.odelga@us.edu.pl<\/a>, 32 2691 890.<\/p>\n<p>\n<\/div>\r\n                    <\/div>\r\n                <\/div>[\/vc_column][vc_column width=&#8221;1\/3&#8243; el_class=&#8221;breadcrumbs&#8221;][vc_empty_space height=&#8221;12px&#8221;][vc_single_image image=&#8221;159989&#8243; img_size=&#8221;400&#215;533&#8243; add_caption=&#8221;yes&#8221; onclick=&#8221;zoom&#8221; el_class=&#8221;text-modules__content&#8221;][\/vc_column][\/vc_row]<\/p>\n<p><\/p>","protected":false},"excerpt":{"rendered":"<p>[vc_row][vc_column][\/vc_column][\/vc_row][vc_row el_class=&#8221;container&#8221;][vc_column width=&#8221;1\/2&#8243;][\/vc_column][vc_column width=&#8221;1\/2&#8243; el_class=&#8221;breadcrumbs&#8221;][vc_row_inner][vc_column_inner width=&#8221;1\/2&#8243;][vc_empty_space height=&#8221;12px&#8221;][vc_single_image image=&#8221;159988&#8243; img_size=&#8221;medium&#8221; add_caption=&#8221;yes&#8221; onclick=&#8221;zoom&#8221; el_class=&#8221;text-modules__content&#8221;][\/vc_column_inner][vc_column_inner width=&#8221;1\/2&#8243;][vc_empty_space height=&#8221;12px&#8221;][vc_single_image image=&#8221;159987&#8243; img_size=&#8221;medium&#8221; add_caption=&#8221;yes&#8221; onclick=&#8221;zoom&#8221; el_class=&#8221;text-modules__content&#8221;][\/vc_column_inner][\/vc_row_inner][\/vc_column][\/vc_row][vc_row el_class=&#8221;container&#8221;][vc_column width=&#8221;2\/3&#8243;][\/vc_column][vc_column width=&#8221;1\/3&#8243; el_class=&#8221;breadcrumbs&#8221;][vc_empty_space height=&#8221;12px&#8221;][vc_single_image image=&#8221;159989&#8243; img_size=&#8221;400&#215;533&#8243; add_caption=&#8221;yes&#8221; onclick=&#8221;zoom&#8221; el_class=&#8221;text-modules__content&#8221;][\/vc_column][\/vc_row] [&#8230;]<\/p>\n<p><a class=\"btn btn-secondary understrap-read-more-link\" href=\"https:\/\/us.edu.pl\/en\/deklaracja-dostepnosci\/dostepnosc-architektoniczna-sosnowiec-ul-zytnia-12\/\">Read More&#8230;<\/a><\/p>\n","protected":false},"author":33,"featured_media":0,"parent":115165,"menu_order":0,"comment_status":"closed","ping_status":"closed","template":"","meta":{"_expiration-date-status":"","_expiration-date":0,"_expiration-date-type":"","_expiration-date-categories":[],"_expiration-date-options":[]},"acf":[],"_links":{"self":[{"href":"https:\/\/us.edu.pl\/en\/wp-json\/wp\/v2\/pages\/159986"}],"collection":[{"href":"https:\/\/us.edu.pl\/en\/wp-json\/wp\/v2\/pages"}],"about":[{"href":"https:\/\/us.edu.pl\/en\/wp-json\/wp\/v2\/types\/page"}],"author":[{"embeddable":true,"href":"https:\/\/us.edu.pl\/en\/wp-json\/wp\/v2\/users\/33"}],"replies":[{"embeddable":true,"href":"https:\/\/us.edu.pl\/en\/wp-json\/wp\/v2\/comments?post=159986"}],"version-history":[{"count":2,"href":"https:\/\/us.edu.pl\/en\/wp-json\/wp\/v2\/pages\/159986\/revisions"}],"predecessor-version":[{"id":184768,"href":"https:\/\/us.edu.pl\/en\/wp-json\/wp\/v2\/pages\/159986\/revisions\/184768"}],"up":[{"embeddable":true,"href":"https:\/\/us.edu.pl\/en\/wp-json\/wp\/v2\/pages\/115165"}],"wp:attachment":[{"href":"https:\/\/us.edu.pl\/en\/wp-json\/wp\/v2\/media?parent=159986"}],"curies":[{"name":"wp","href":"https:\/\/api.w.org\/{rel}","templated":true}]}}