{"id":160070,"date":"2022-07-22T14:00:10","date_gmt":"2022-07-22T12:00:10","guid":{"rendered":"https:\/\/us.edu.pl\/?page_id=160070"},"modified":"2025-05-06T07:16:31","modified_gmt":"2025-05-06T05:16:31","slug":"dostepnosc-architektoniczna-cieszyn-ul-niemcewicza-2","status":"publish","type":"page","link":"https:\/\/us.edu.pl\/en\/deklaracja-dostepnosci\/dostepnosc-architektoniczna-cieszyn-ul-niemcewicza-2\/","title":{"rendered":"Architectural accessibility: Cieszyn, ul. Niemcewicza 2"},"content":{"rendered":"<p><\/p>\n<p>[vc_row][vc_column]\r\n                <div class=\"text-modules\">\r\n                    <div class=\"container\">\r\n                        \r\n                        <div class=\"text-modules__content\"><\/p>\n<p id=\"a11y-architektura\"><strong>Architectural accessibility:\u00a0<\/strong><\/p>\n<h2 class=\"single-title single-title_border-bottom\">Cieszyn, ul. Niemcewicza 2<\/h2>\n<h3>Building H<\/h3>\n<p>\n<\/div>\r\n                    <\/div>\r\n                <\/div>[\/vc_column][\/vc_row][vc_row el_class=&#8221;container&#8221;][vc_column width=&#8221;2\/3&#8243;]\r\n                <div class=\"text-modules\">\r\n                    <div class=\"container\">\r\n                        \r\n                        <div class=\"text-modules__content\"><\/p>\n<p>Due to a comprehensive renovation, the building is out of use. Classes are held in nearby buildings.<\/p>\n<p>\n<\/div>\r\n                    <\/div>\r\n                <\/div>[\/vc_column][vc_column width=&#8221;1\/3&#8243;][\/vc_column][\/vc_row][vc_row disable_element=&#8221;yes&#8221; el_class=&#8221;container&#8221;][vc_column width=&#8221;1\/2&#8243;]\r\n                <div class=\"text-modules\">\r\n                    <div class=\"container\">\r\n                        \r\n                        <div class=\"text-modules__content\"><\/p>\n<h4>Dost\u0119pno\u015b\u0107 wej\u015bcia i obszaru kontroli<\/h4>\n<p>Do budynku mo\u017cna wej\u015b\u0107 przez wej\u015bcie g\u0142\u00f3wne lub przez przedsionek od strony szybu windowego.<\/p>\n<p>Wej\u015bcie do budynku znajduje si\u0119 bezpo\u015brednio przy parkingu. Aby si\u0119 do niego dosta\u0107, nale\u017cy pokona\u0107 dwa biegi schod\u00f3w. Schody wyposa\u017cone s\u0105 z obu stron w wielopoziomowe por\u0119cze.<\/p>\n<p>Drzwi wej\u015bciowe s\u0105 szerokie, dwuskrzyd\u0142owe, otwierane na zewn\u0105trz.<\/p>\n<p>Wewn\u0105trz budynku doj\u015bcie do recepcji wymaga pokonania kolejnych schod\u00f3w.<\/p>\n<p>\n<\/div>\r\n                    <\/div>\r\n                <\/div>\r\n                <div class=\"text-modules\">\r\n                    <div class=\"container\">\r\n                        \r\n                        <div class=\"text-modules__content\"><\/p>\n<p>Przy wej\u015bciu znajduj\u0105 si\u0119 tablice informacyjne obrazuj\u0105ce rozk\u0142ad pomieszcze\u0144 w budynku oraz uk\u0142ad budynk\u00f3w na terenie kampusu.<\/p>\n<p>Pracownicy recepcji mog\u0105 pom\u00f3c w zorientowaniu si\u0119 w przestrzeni oraz w pokonaniu barier architektonicznych.<\/p>\n<p>Wej\u015bcie alternatywne prowadzi przez szyb windowy. Wej\u015bcie z kontrol\u0105 dost\u0119pu. Otwarcie drzwi wymaga naci\u015bni\u0119cia dzwonka w wideotelefonie i zdalne odblokowanie drzwi przez od portiera. Osoby stale korzystaj\u0105ce z tego wej\u015bcia mog\u0105 uzyska\u0107 kart\u0119 uprawniaj\u0105c\u0105 do samodzielnego zwalniania blokady drzwi.<\/p>\n<p>Wychodz\u0105c z budynku, nale\u017cy nacisn\u0105\u0107 przycisk zwalniaj\u0105cy automatyczn\u0105 blokad\u0119 drzwi. Przycisk ten oznakowany jest w czarnodruku oraz alfabetem Braille\u2019a.<\/p>\n<p>\n<\/div>\r\n                    <\/div>\r\n                <\/div>[\/vc_column][vc_column width=&#8221;1\/2&#8243; el_class=&#8221;breadcrumbs&#8221;][vc_empty_space height=&#8221;12px&#8221;][vc_single_image image=&#8221;160071&#8243; img_size=&#8221;medium&#8221; add_caption=&#8221;yes&#8221; onclick=&#8221;zoom&#8221; el_class=&#8221;text-modules__content&#8221;][\/vc_column][\/vc_row][vc_row disable_element=&#8221;yes&#8221; el_class=&#8221;container&#8221;][vc_column width=&#8221;1\/2&#8243;]\r\n                <div class=\"text-modules\">\r\n                    <div class=\"container\">\r\n                        \r\n                        <div class=\"text-modules__content\"><\/p>\n<h4>Dost\u0119pno\u015b\u0107 korytarzy, schod\u00f3w i wind<\/h4>\n<p>Budynek jest trzykondygnacyjny.<\/p>\n<p>W budynku znajduje si\u0119 winda, kt\u00f3r\u0105 mo\u017cna dosta\u0107 si\u0119 na ka\u017cd\u0105 kondygnacj\u0119.<\/p>\n<p>Winda wyposa\u017cona jest w lustro, por\u0119cze, panel sterowania oznakowany wypuk\u0142ym oznaczeniem cyfr arabskich oraz oznaczeniem w alafabecie Braille\u2019a.<\/p>\n<p>Winda wyposa\u017cona w komunikaty d\u017awi\u0119kowe informuj\u0105ce o otwieraniu i zamykaniu drzwi oraz o numerze pi\u0119tra, na kt\u00f3rym zatrzyma\u0142a si\u0119 winda.<\/p>\n<p>Korytarze s\u0105 szerokie. Ustawione \u0142awki i tablice informacyjne nie utrudniaj\u0105 poruszania si\u0119.<\/p>\n<p>Na korytarzach umieszczono punkty wypoczynkowe \u2013 stoliki i kanapy.<\/p>\n<p>\n<\/div>\r\n                    <\/div>\r\n                <\/div>[\/vc_column][vc_column width=&#8221;1\/2&#8243; el_class=&#8221;breadcrumbs&#8221;][vc_empty_space height=&#8221;12px&#8221;][vc_single_image image=&#8221;160072&#8243; img_size=&#8221;medium&#8221; add_caption=&#8221;yes&#8221; onclick=&#8221;zoom&#8221; el_class=&#8221;text-modules__content&#8221;][\/vc_column][\/vc_row][vc_row disable_element=&#8221;yes&#8221; el_class=&#8221;container&#8221;][vc_column width=&#8221;1\/2&#8243;]\r\n                <div class=\"text-modules\">\r\n                    <div class=\"container\">\r\n                        \r\n                        <div class=\"text-modules__content\"><\/p>\n<h4>Rodzaje dostosowa\u0144 wewn\u0105trz budynku<\/h4>\n<p>W parterowej cz\u0119\u015bci budynku znajduje si\u0119 toaleta dla os\u00f3b z niepe\u0142nosprawno\u015bciami.<\/p>\n<p>Drzwi wewn\u0119trzne maj\u0105 szeroko\u015b\u0107 90 cm. W\u0142\u0105cznik \u015bwiat\u0142a umieszczono na wysoko\u015bci ok. 110 cm.<\/p>\n<p>Przy misce ust\u0119powej i umywalce zamontowane s\u0105 podchwyty. Podchwyt przy misce ust\u0119powej jest podnoszony.<\/p>\n<p>Umywalka szeroka, niskosyfonowa wyposa\u017cona w bateri\u0119, kt\u00f3r\u0105 mo\u017cna obs\u0142ugiwa\u0107 \u0142okciem.<\/p>\n<p>\n<\/div>\r\n                    <\/div>\r\n                <\/div>\r\n                <div class=\"text-modules\">\r\n                    <div class=\"container\">\r\n                        \r\n                        <div class=\"text-modules__content\"><\/p>\n<h4>Miejsca parkingowe wyznaczone dla os\u00f3b niepe\u0142nosprawnych i spos\u00f3b korzystania z nich<\/h4>\n<p>W bezpo\u015brednim otoczeniu budynku znajduj\u0105 si\u0119 miejsca parkingowe dla os\u00f3b niepe\u0142nosprawnych. Parkowanie na nich jest bezp\u0142atne. Z miejsc tych korzysta\u0107 mog\u0105 jedynie osoby do tego uprawnione na podstawie karty parkingowej dla niepe\u0142nosprawnych, kt\u00f3r\u0105 nale\u017cy umie\u015bci\u0107 przed przedni\u0105 szyb\u0105 zaparkowanego pojazdu.<\/p>\n<p>Najbli\u017csze niebieskie miejsce parkingowe znajduje si\u0119 tu\u017c przy wej\u015bciu do budynku od strony szybu windowego.<\/p>\n<p>\n<\/div>\r\n                    <\/div>\r\n                <\/div>\r\n                <div class=\"text-modules\">\r\n                    <div class=\"container\">\r\n                        \r\n                        <div class=\"text-modules__content\"><\/p>\n<h4>Kontakt do osoby, kt\u00f3ra mo\u017ce udzieli\u0107 wi\u0119cej informacji o dost\u0119pno\u015bci obiektu:<\/h4>\n<p>Jacek \u015awierczek, <a href=\"mailto:jacek.swierczek@us.edu.pl\">jacek.swierczek@us.edu.pl<\/a>, tel. 33 8546451<\/p>\n<p>\n<\/div>\r\n                    <\/div>\r\n                <\/div>[\/vc_column][vc_column width=&#8221;1\/2&#8243; el_class=&#8221;breadcrumbs&#8221;][vc_empty_space height=&#8221;12px&#8221;][vc_single_image image=&#8221;160073&#8243; img_size=&#8221;medium&#8221; add_caption=&#8221;yes&#8221; onclick=&#8221;zoom&#8221; el_class=&#8221;text-modules__content&#8221;][\/vc_column][\/vc_row]<\/p>\n<p><\/p>","protected":false},"excerpt":{"rendered":"<p>[vc_row][vc_column][\/vc_column][\/vc_row][vc_row el_class=&#8221;container&#8221;][vc_column width=&#8221;2\/3&#8243;][\/vc_column][vc_column width=&#8221;1\/3&#8243;][\/vc_column][\/vc_row][vc_row disable_element=&#8221;yes&#8221; el_class=&#8221;container&#8221;][vc_column width=&#8221;1\/2&#8243;][\/vc_column][vc_column width=&#8221;1\/2&#8243; el_class=&#8221;breadcrumbs&#8221;][vc_empty_space height=&#8221;12px&#8221;][vc_single_image image=&#8221;160071&#8243; img_size=&#8221;medium&#8221; add_caption=&#8221;yes&#8221; onclick=&#8221;zoom&#8221; el_class=&#8221;text-modules__content&#8221;][\/vc_column][\/vc_row][vc_row disable_element=&#8221;yes&#8221; el_class=&#8221;container&#8221;][vc_column width=&#8221;1\/2&#8243;][\/vc_column][vc_column width=&#8221;1\/2&#8243; el_class=&#8221;breadcrumbs&#8221;][vc_empty_space height=&#8221;12px&#8221;][vc_single_image image=&#8221;160072&#8243; img_size=&#8221;medium&#8221; add_caption=&#8221;yes&#8221; onclick=&#8221;zoom&#8221; el_class=&#8221;text-modules__content&#8221;][\/vc_column][\/vc_row][vc_row disable_element=&#8221;yes&#8221; el_class=&#8221;container&#8221;][vc_column width=&#8221;1\/2&#8243;][\/vc_column][vc_column width=&#8221;1\/2&#8243; el_class=&#8221;breadcrumbs&#8221;][vc_empty_space height=&#8221;12px&#8221;][vc_single_image image=&#8221;160073&#8243; img_size=&#8221;medium&#8221; add_caption=&#8221;yes&#8221; onclick=&#8221;zoom&#8221; el_class=&#8221;text-modules__content&#8221;][\/vc_column][\/vc_row] [&#8230;]<\/p>\n<p><a class=\"btn btn-secondary understrap-read-more-link\" href=\"https:\/\/us.edu.pl\/en\/deklaracja-dostepnosci\/dostepnosc-architektoniczna-cieszyn-ul-niemcewicza-2\/\">Read More&#8230;<\/a><\/p>\n","protected":false},"author":33,"featured_media":0,"parent":115165,"menu_order":0,"comment_status":"closed","ping_status":"closed","template":"","meta":{"_expiration-date-status":"","_expiration-date":0,"_expiration-date-type":"","_expiration-date-categories":[],"_expiration-date-options":[]},"acf":[],"_links":{"self":[{"href":"https:\/\/us.edu.pl\/en\/wp-json\/wp\/v2\/pages\/160070"}],"collection":[{"href":"https:\/\/us.edu.pl\/en\/wp-json\/wp\/v2\/pages"}],"about":[{"href":"https:\/\/us.edu.pl\/en\/wp-json\/wp\/v2\/types\/page"}],"author":[{"embeddable":true,"href":"https:\/\/us.edu.pl\/en\/wp-json\/wp\/v2\/users\/33"}],"replies":[{"embeddable":true,"href":"https:\/\/us.edu.pl\/en\/wp-json\/wp\/v2\/comments?post=160070"}],"version-history":[{"count":6,"href":"https:\/\/us.edu.pl\/en\/wp-json\/wp\/v2\/pages\/160070\/revisions"}],"predecessor-version":[{"id":224409,"href":"https:\/\/us.edu.pl\/en\/wp-json\/wp\/v2\/pages\/160070\/revisions\/224409"}],"up":[{"embeddable":true,"href":"https:\/\/us.edu.pl\/en\/wp-json\/wp\/v2\/pages\/115165"}],"wp:attachment":[{"href":"https:\/\/us.edu.pl\/en\/wp-json\/wp\/v2\/media?parent=160070"}],"curies":[{"name":"wp","href":"https:\/\/api.w.org\/{rel}","templated":true}]}}