{"id":160696,"date":"2022-08-04T17:45:49","date_gmt":"2022-08-04T15:45:49","guid":{"rendered":"https:\/\/us.edu.pl\/?page_id=160696"},"modified":"2022-12-09T13:54:32","modified_gmt":"2022-12-09T12:54:32","slug":"region","status":"publish","type":"page","link":"https:\/\/us.edu.pl\/en\/jak-pracujemy\/region\/","title":{"rendered":"Region"},"content":{"rendered":"<p><\/p>\n<p>[vc_row][vc_column][vc_empty_space height=&#8221;64px&#8221; el_class=&#8221;content-desktop&#8221;][\/vc_column][\/vc_row][vc_row][vc_column width=&#8221;1\/6&#8243;][\/vc_column][vc_column width=&#8221;5\/6&#8243;][vc_row_inner][vc_column_inner width=&#8221;1\/2&#8243;][vc_column_text css=&#8221;.vc_custom_1669293172028{margin-top: 0px !important;margin-bottom: 15px !important;border-top-width: 0px !important;border-bottom-width: 0px !important;padding-top: 10px !important;padding-right: 10px !important;padding-bottom: 10px !important;padding-left: 10px !important;}&#8221;]<\/p>\n<p style=\"color: white; background-color: black; display: inline-block; widthr: 30%; padding: 8px;\">THE REGION<\/p>\n<p>[\/vc_column_text][\/vc_column_inner][vc_column_inner width=&#8221;1\/2&#8243;][\/vc_column_inner][\/vc_row_inner][vc_column_text css=&#8221;.vc_custom_1669293186363{padding-left: 15px !important;}&#8221;]<\/p>\n<p class=\"font-1\" style=\"font-size: 220%; color: #000000; font-family: 'PT Serif';\"><small><span style=\"letter-spacing: 1mm; color: #333333; font-size: 140%;\">LANGUAGE AND CULTURE<\/span><\/small><\/p>\n<p>[\/vc_column_text][vc_empty_space height=&#8221;24px&#8221;][\/vc_column][\/vc_row][vc_row content_placement=&#8221;middle&#8221;][vc_column width=&#8221;1\/6&#8243;][\/vc_column][vc_column width=&#8221;2\/6&#8243;][vc_column_text css=&#8221;.vc_custom_1669293223083{padding-right: 20px !important;padding-left: 20px !important;}&#8221;]<\/p>\n<p style=\"font-size: 150%; color: #000000; font-family: 'PT Sans';\">University of Silesia is located in one of the most interesting and culturally rich regions of Poland. Why the citizen of Sosnowiec is not a Salezian? Which dishes should be considered the most Silesian? Where in the Cieszyn Silesia the mountain traditions are alive till today? Thanks to the presence of University campuses in four cities: Katowice, Sosnowiec, Chorz\u00f3w and Cieszyn the students learn not only about the Polish culture but also the local cultures: Upper Silesian, the culture of the D\u0105browa Basin and of the Cieszyn Silesia. They can also see the most important attractions of the regions, among others the Nikiszowiec mining district, the B\u0142\u0119dowska desert or the Silesian Beskidy mountains. In terms of language it is also the possibility to learn Polish language used by people in these locations.<\/p>\n<hr class=\"content-desktop\" style=\"width: 100%;\" align=\"left\" \/>\n<p>[\/vc_column_text][\/vc_column][vc_column width=&#8221;3\/6&#8243;][vc_row_inner el_class=&#8221;text-modules line foto-1 container&#8221; css=&#8221;.vc_custom_1650373778223{padding-right: 20px !important;padding-left: 20px !important;}&#8221;][vc_column_inner width=&#8221;1\/3&#8243;][vc_column_text css=&#8221;.vc_custom_1659625463156{padding-top: 5px !important;padding-right: 5px !important;padding-bottom: 5px !important;padding-left: 5px !important;border-radius: 25px !important;}&#8221;]<\/p>\n<p style=\"text-align: center;\"><img class=\"alignnone wp-image-160697 size-full\" src=\"https:\/\/us.edu.pl\/wp-content\/uploads\/fotografie\/kariera-na-US\/IntegracjaSZPiT_KorpusikWojtek_3.jpg\" alt=\"Kobiety ubrane w tradycyjne stroje\" width=\"100%\" height=\"auto\" srcset=\"https:\/\/us.edu.pl\/wp-content\/uploads\/fotografie\/kariera-na-US\/IntegracjaSZPiT_KorpusikWojtek_3.jpg 400w, https:\/\/us.edu.pl\/wp-content\/uploads\/fotografie\/kariera-na-US\/IntegracjaSZPiT_KorpusikWojtek_3-150x150.jpg 150w\" sizes=\"(max-width: 400px) 100vw, 400px\" \/><\/p>\n<p>[\/vc_column_text][\/vc_column_inner][vc_column_inner width=&#8221;1\/3&#8243;][vc_column_text css=&#8221;.vc_custom_1660288083610{padding-top: 5px !important;padding-right: 5px !important;padding-bottom: 5px !important;padding-left: 5px !important;border-radius: 25px !important;}&#8221;]<img class=\"wp-image-160809 size-full\" src=\"https:\/\/us.edu.pl\/wp-content\/uploads\/fotografie\/kariera-na-US\/NIkisz3_1.jpg\" alt=\"Elewacja kamienicy na Nikiszowcu z mozaik\u0105 przedstawiaj\u0105c\u0105 p\u0105ki czerwonych r\u00f3\u017c\" width=\"100%\" height=\"auto\" srcset=\"https:\/\/us.edu.pl\/wp-content\/uploads\/fotografie\/kariera-na-US\/NIkisz3_1.jpg 500w, https:\/\/us.edu.pl\/wp-content\/uploads\/fotografie\/kariera-na-US\/NIkisz3_1-150x150.jpg 150w\" sizes=\"(max-width: 500px) 100vw, 500px\" \/>[\/vc_column_text][\/vc_column_inner][vc_column_inner width=&#8221;1\/3&#8243;][vc_column_text css=&#8221;.vc_custom_1659625569714{padding-top: 5px !important;padding-right: 5px !important;padding-bottom: 5px !important;padding-left: 5px !important;border-radius: 25px !important;}&#8221;]<\/p>\n<p style=\"text-align: center;\"><img class=\"wp-image-160699 size-full\" src=\"https:\/\/us.edu.pl\/wp-content\/uploads\/fotografie\/kariera-na-US\/polish-easter-soup-with-egg-and-sausage.jpg\" alt=\"\u017bur w chlebie\" width=\"100%\" height=\"auto\" srcset=\"https:\/\/us.edu.pl\/wp-content\/uploads\/fotografie\/kariera-na-US\/polish-easter-soup-with-egg-and-sausage.jpg 400w, https:\/\/us.edu.pl\/wp-content\/uploads\/fotografie\/kariera-na-US\/polish-easter-soup-with-egg-and-sausage-150x150.jpg 150w\" sizes=\"(max-width: 400px) 100vw, 400px\" \/><\/p>\n<p>[\/vc_column_text][\/vc_column_inner][\/vc_row_inner][vc_column_text css=&#8221;.vc_custom_1669293264699{margin-left: 20px !important;border-left-width: 1px !important;padding-left: 20px !important;border-left-color: #333333 !important;border-left-style: solid !important;}&#8221; el_class=&#8221;font-black container&#8221;]<\/p>\n<p style=\"font-size: 130%;\">In the pictures:<br \/>\nStudent Song and Dance Ensemble \u201cKatowice\u201d, in other words: love of the folklore | photo by Wojtek Korpusik,<br \/>\nNikiszowiec \u2013 historical mining district of Katowice | photo by Agnieszka Sikora<br \/>\nand the traditional sour soup served in bread | photo:<br \/>\n<a href=\"https:\/\/pl.freepik.com\/zdjecia\/drewno\">gpointstudio \u2013 pl.freepik.com<\/a><\/p>\n<p>[\/vc_column_text][\/vc_column][\/vc_row][vc_row][vc_column][vc_empty_space][\/vc_column][\/vc_row][vc_row el_class=&#8221;font-black&#8221; css=&#8221;.vc_custom_1649922272775{border-radius: 20px !important;}&#8221;][vc_column width=&#8221;1\/6&#8243;][\/vc_column][vc_column width=&#8221;5\/6&#8243;][vc_column_text css=&#8221;.vc_custom_1669293308708{margin-top: 0px !important;margin-bottom: 0px !important;border-top-width: 0px !important;border-bottom-width: 0px !important;padding-top: 0px !important;padding-right: 10px !important;padding-bottom: 0px !important;padding-left: 20px !important;}&#8221;]<\/p>\n<h3>School of Polish Language and Culture<\/h3>\n<p>[\/vc_column_text][vc_empty_space][\/vc_column][\/vc_row][vc_row el_class=&#8221;font-black&#8221; css=&#8221;.vc_custom_1649922272775{border-radius: 20px !important;}&#8221;][vc_column width=&#8221;1\/6&#8243;][\/vc_column][vc_column width=&#8221;5\/6&#8243;][vc_row_inner][vc_column_inner width=&#8221;1\/2&#8243;][vc_column_text css=&#8221;.vc_custom_1669293361105{margin-top: 0px !important;margin-bottom: 0px !important;border-top-width: 0px !important;border-bottom-width: 0px !important;padding-top: 0px !important;padding-right: 10px !important;padding-bottom: 0px !important;padding-left: 20px !important;}&#8221;]<\/p>\n<p><small><span style=\"letter-spacing: 0.2mm; color: #333333; font-size: 110%;\">Director of the SJiKP<\/span><\/small><\/p>\n<p>[\/vc_column_text][\/vc_column_inner][vc_column_inner width=&#8221;1\/2&#8243;][\/vc_column_inner][\/vc_row_inner][vc_column_text css=&#8221;.vc_custom_1662558837061{padding-left: 20px !important;}&#8221;]<\/p>\n<p><span style=\"font-size: 100%; font-family: 'PT Sans'; color: black;\">prof. dr hab. <\/span><span style=\"font-size: 140%; font-family: 'PT Sans';\">JOLANTA TAMBOR<\/span><\/p>\n<p>[\/vc_column_text][vc_row_inner content_placement=&#8221;middle&#8221;][vc_column_inner width=&#8221;1\/2&#8243;][vc_column_text el_class=&#8221;content-mobile&#8221;]<\/p>\n<p style=\"text-align: center;\"><img class=\"alignnone wp-image-159204 size-full\" src=\"https:\/\/us.edu.pl\/wp-content\/uploads\/fotografie\/kariera-na-US\/prof-jolanta-tambor_fotGU.png\" alt=\"Prof. Jolanta Tambor\" width=\"80%\" height=\"auto\" \/><br \/>\n<span style=\"color: #808080; font-size: small;\"><em>fot. \u201eGazeta Uniwersytecka U\u015a\u201d<\/em><\/span><\/p>\n<p>[\/vc_column_text][\/vc_column_inner][vc_column_inner width=&#8221;1\/2&#8243;][\/vc_column_inner][\/vc_row_inner][vc_row_inner content_placement=&#8221;middle&#8221;][vc_column_inner width=&#8221;1\/12&#8243;][\/vc_column_inner][vc_column_inner width=&#8221;6\/12&#8243;]\r\n                <div class=\"text-modules\">\r\n                    <div class=\"container\">\r\n                        \r\n                        <div class=\"text-modules__content\"><\/p>\n<p><strong>School of Polish Language and Culture<\/strong> has been conducting its activity at the University of Silesia in Katowice for over 30 years. The school teaches Polish and promotes Polish culture as well as the culture of Silesia. By organizing different courses, it educates foreigners and people of Polish origin from all over the world: students, pupils, teachers, and future teachers of Polish as a foreign language, as well as students and employees of the University of Silesia in Katowice from abroad. The school also prepares and organizes seminars about the Polish language and culture and conferences concerning Polish glottodidactics and the reception of Polish literature in the world.<\/p>\n<p>Apart from teaching School of Polish Language and Culture conducts the research activity focused on the reception of Polish literature abroad, the methodology of teaching Polish as a foreign language, interculturality, and Polish pronunciation.<br \/>\nAmong participants of the courses, there are many employees of the University of Silesia from abroad. The school allows them to learn the Polish language and culture quickly and in a convenient location.<br \/>\nThe School of Polish Language and Culture is also one of the centres entitled to organize the certified state exams of Polish as a foreign language on different levels. It is possible not to take a break from Polish during the vacation by participating in the Summer School of Polish Language, Literature and Culture in Cieszyn.<\/p>\n<p>\n<\/div>\r\n                    <\/div>\r\n                <\/div>[\/vc_column_inner][vc_column_inner width=&#8221;5\/12&#8243;][vc_column_text el_class=&#8221;content-desktop&#8221;]<\/p>\n<p style=\"text-align: center;\"><img class=\"alignnone size-full wp-image-159204\" src=\"https:\/\/us.edu.pl\/wp-content\/uploads\/fotografie\/kariera-na-US\/prof-jolanta-tambor_fotGU.png\" alt=\"Prof. Jolanta Tambor\" width=\"60%\" height=\"auto\" \/><br \/>\n<span style=\"color: #808080; font-size: small;\"><em>fot. \u201eGazeta Uniwersytecka U\u015a\u201d<\/em><\/span><\/p>\n<p>[\/vc_column_text]\r\n                <div class=\"text-modules\">\r\n                    <div class=\"container\">\r\n                        \r\n                        <div class=\"text-modules__content\"><\/p>\n<p style=\"font-size: small; padding-left: 20px; padding-right: 20px;\"><strong>prof. Jolanta Tambor \u2013 <\/strong>Director of the School of Polish Language and Culture of the University of Silesia in Katowice, Plenipotentiary of the Rector for the Foreign Students, and a member of the Polish Committee for Confirming the Skills of Polish as a Foreign Language. Prof. Tambor is also a visiting Professor at the universities in Canada (Toronto, Edmonton), Belarus (Minsk) and in China (Bejing).<\/p>\n<p>\n<\/div>\r\n                    <\/div>\r\n                <\/div>[\/vc_column_inner][\/vc_row_inner][\/vc_column][\/vc_row][vc_row el_class=&#8221;container&#8221;][vc_column]<div class=\"container\"><div class=\"separator\" style=\"background-color: #EBEBEB\"><\/div><\/div>[vc_empty_space][\/vc_column][\/vc_row][vc_row el_class=&#8221;font-black&#8221; css=&#8221;.vc_custom_1649922272775{border-radius: 20px !important;}&#8221;][vc_column width=&#8221;1\/6&#8243;][\/vc_column][vc_column width=&#8221;5\/6&#8243;][vc_row_inner][vc_column_inner width=&#8221;1\/2&#8243;][vc_column_text css=&#8221;.vc_custom_1670590435891{margin-top: 0px !important;margin-bottom: 0px !important;border-top-width: 0px !important;border-bottom-width: 0px !important;padding-top: 0px !important;padding-right: 10px !important;padding-bottom: 0px !important;padding-left: 20px !important;}&#8221;]<\/p>\n<p><small><span style=\"letter-spacing: 0.2mm; color: #333333; font-size: 110%;\">PARTICIPANT OF THE POLISH COURSE IN THE SCHOOL OF POLISH LANGUAGE AND CULTURE<\/span><\/small><\/p>\n<p>[\/vc_column_text][\/vc_column_inner][vc_column_inner width=&#8221;1\/2&#8243;][\/vc_column_inner][\/vc_row_inner][vc_column_text css=&#8221;.vc_custom_1660042196153{padding-left: 20px !important;}&#8221;]<\/p>\n<p><span style=\"font-size: 140%; font-family: 'PT Sans';\">KRISTINA ARTAMONAVA<\/span><\/p>\n<p>[\/vc_column_text][vc_row_inner content_placement=&#8221;middle&#8221;][vc_column_inner width=&#8221;1\/2&#8243;][vc_column_text el_class=&#8221;content-mobile&#8221;]<\/p>\n<p style=\"text-align: center;\"><img class=\"alignnone wp-image-159204 size-full\" src=\"https:\/\/us.edu.pl\/wp-content\/uploads\/fotografie\/kariera-na-US\/KA.png\" alt=\"Kristina Artamonava\" width=\"80%\" height=\"auto\" \/><br \/>\n<span style=\"color: #808080; font-size: small;\"><em>photo: archiwum prywatne<\/em><\/span><\/p>\n<p>[\/vc_column_text][\/vc_column_inner][vc_column_inner width=&#8221;1\/2&#8243;][\/vc_column_inner][\/vc_row_inner][vc_row_inner content_placement=&#8221;middle&#8221;][vc_column_inner width=&#8221;1\/12&#8243;][\/vc_column_inner][vc_column_inner width=&#8221;6\/12&#8243;]\r\n                <div class=\"text-modules\">\r\n                    <div class=\"container\">\r\n                        \r\n                        <div class=\"text-modules__content\"><\/p>\n<p>I attended Polish language courses at the School of Polish Language and Culture when I started studying in 2015. I liked that before the start of the course we took a test on the level of knowledge of the language and we were divided into groups. I can also note that despite the fact that there were many students from different countries in the group (e.g. Belarus, Ukraine, Japan, Germany, etc.), the teacher always found words in Polish to explain something without resorting to translation. It helped a lot in learning. I attended classes for the first six months, and then it became difficult for me to combine them with my study schedule, and I also found friends with whom I could practice Polish \ud83d\ude42 But I am grateful to the university for the opportunity to take part in these courses.<\/p>\n<p>\n<\/div>\r\n                    <\/div>\r\n                <\/div>[\/vc_column_inner][vc_column_inner width=&#8221;5\/12&#8243;][vc_column_text el_class=&#8221;content-desktop&#8221;]<\/p>\n<p style=\"text-align: center;\"><img class=\"alignnone wp-image-159204 size-full\" src=\"https:\/\/us.edu.pl\/wp-content\/uploads\/fotografie\/kariera-na-US\/KA.png\" alt=\"Kristina Artamonava\" width=\"60%\" height=\"auto\" \/><br \/>\n<span style=\"color: #808080; font-size: small;\"><em>photo: archiwum prywatne<\/em><\/span><\/p>\n<p>[\/vc_column_text]\r\n                <div class=\"text-modules\">\r\n                    <div class=\"container\">\r\n                        \r\n                        <div class=\"text-modules__content\"><\/p>\n<p style=\"font-size: small; padding-left: 20px; padding-right: 20px;\"><strong>Krystsina Artamonava<\/strong> is currently employed at the Faculty of Humanities, University of Silesia in Katowice as Foreign Language Lecturer (2021). She holds a Master\u2019s degree in Philology from the University of Silesia. Her field of interest includes literature, literary translation, translation theory and practice.<\/p>\n<p>\n<\/div>\r\n                    <\/div>\r\n                <\/div>[\/vc_column_inner][\/vc_row_inner][vc_row_inner content_placement=&#8221;middle&#8221;][vc_column_inner][\/vc_column_inner][\/vc_row_inner][\/vc_column][\/vc_row][vc_row el_class=&#8221;container&#8221;][vc_column]<div class=\"container\"><div class=\"separator\" style=\"background-color: #EBEBEB\"><\/div><\/div>[vc_empty_space][\/vc_column][\/vc_row][vc_row el_class=&#8221;font-black&#8221; css=&#8221;.vc_custom_1649922272775{border-radius: 20px !important;}&#8221;][vc_column width=&#8221;1\/6&#8243;][\/vc_column][vc_column width=&#8221;5\/6&#8243;][vc_row_inner][vc_column_inner width=&#8221;1\/2&#8243;][vc_column_text css=&#8221;.vc_custom_1670590452290{margin-top: 0px !important;margin-bottom: 0px !important;border-top-width: 0px !important;border-bottom-width: 0px !important;padding-top: 0px !important;padding-right: 10px !important;padding-bottom: 0px !important;padding-left: 20px !important;}&#8221;]<\/p>\n<p><small><span style=\"letter-spacing: 0.2mm; color: #333333; font-size: 110%;\">PARTICIPANT OF THE POLISH COURSE IN THE SCHOOL OF POLISH LANGUAGE AND CULTURE<\/span><\/small><\/p>\n<p>[\/vc_column_text][\/vc_column_inner][vc_column_inner width=&#8221;1\/2&#8243;][\/vc_column_inner][\/vc_row_inner][vc_column_text css=&#8221;.vc_custom_1663243097830{padding-left: 20px !important;}&#8221;]<\/p>\n<p><span style=\"font-size: 140%; font-family: 'PT Sans';\">LALTA PRASAD BAISHY<\/span><\/p>\n<p>[\/vc_column_text][vc_row_inner content_placement=&#8221;middle&#8221;][vc_column_inner width=&#8221;1\/2&#8243;][vc_column_text el_class=&#8221;content-mobile&#8221;]<\/p>\n<p style=\"text-align: center;\"><img class=\"alignnone size-full wp-image-163950\" src=\"https:\/\/us.edu.pl\/wp-content\/uploads\/fotografie\/kariera-na-US\/Prasad-baishy.png\" alt=\"Prasad Baishy\" width=\"80%\" height=\"auto\" srcset=\"https:\/\/us.edu.pl\/wp-content\/uploads\/fotografie\/kariera-na-US\/Prasad-baishy.png 504w, https:\/\/us.edu.pl\/wp-content\/uploads\/fotografie\/kariera-na-US\/Prasad-baishy-150x150.png 150w\" sizes=\"(max-width: 504px) 100vw, 504px\" \/><br \/>\n<span style=\"color: #808080; font-size: small;\"><em>photo: archiwum prywatne<\/em><\/span><\/p>\n<p>[\/vc_column_text][\/vc_column_inner][vc_column_inner width=&#8221;1\/2&#8243;][\/vc_column_inner][\/vc_row_inner][vc_row_inner content_placement=&#8221;middle&#8221;][vc_column_inner width=&#8221;1\/12&#8243;][\/vc_column_inner][vc_column_inner width=&#8221;6\/12&#8243;]\r\n                <div class=\"text-modules\">\r\n                    <div class=\"container\">\r\n                        \r\n                        <div class=\"text-modules__content\"><\/p>\n<p>From the 1st till the 27th of August 2022, Cieszyn School of Polish Language and Culture organized the 22nd Summer School of Polish Language, Literature and Culture.<br \/>\nFor me, Summer School 2022 is one of the best memories of my life. The level of my Polish improved, and I have met great people from all over the world. I want to thank Prof. Jolanta Tambor and Agnieszka Tambor, PhD as well as all the teachers, for the wonderful month we could spend together and the chance to learn so much. You have taught us a lot about the Polish language and culture.<br \/>\nIn our free time, we went on excursions to Beskidy, \u017bory, Wawel Castle, Auschwitz-Birkenau Museum or Silesian Museum and Pszczyna. I got inspired to study Polish.<\/p>\n<p>Thanks for all!<\/p>\n<p>\n<\/div>\r\n                    <\/div>\r\n                <\/div>[\/vc_column_inner][vc_column_inner width=&#8221;5\/12&#8243;][vc_column_text el_class=&#8221;content-desktop&#8221;]<\/p>\n<p style=\"text-align: center;\"><img class=\"alignnone size-full wp-image-163950\" src=\"https:\/\/us.edu.pl\/wp-content\/uploads\/fotografie\/kariera-na-US\/Prasad-baishy.png\" alt=\"Prasad Baishy\" width=\"60%\" height=\"auto\" srcset=\"https:\/\/us.edu.pl\/wp-content\/uploads\/fotografie\/kariera-na-US\/Prasad-baishy.png 504w, https:\/\/us.edu.pl\/wp-content\/uploads\/fotografie\/kariera-na-US\/Prasad-baishy-150x150.png 150w\" sizes=\"(max-width: 504px) 100vw, 504px\" \/><br \/>\n<span style=\"color: #808080; font-size: small;\"><em>photo: archiwum prywatne<\/em><\/span><\/p>\n<p>[\/vc_column_text]\r\n                <div class=\"text-modules\">\r\n                    <div class=\"container\">\r\n                        \r\n                        <div class=\"text-modules__content\"><\/p>\n<p style=\"font-size: small; padding-left: 20px; padding-right: 20px;\"><strong>I am Lalta Prasad Baishy. I come from India. I graduated from the University of Allahabad. I learned Polish at the Delhi University in India, then in the School of Polish Language and Culture of the University of Silesia in Katowice: first during summer school, then during the annual preparatory course before undertaking studies in Polish. I have done my MA in International Polish studies at the Faculty of Humanities. I like Polish culture, literature and history. I love to read books in Polish.<\/strong><\/p>\n<p>\n<\/div>\r\n                    <\/div>\r\n                <\/div>[\/vc_column_inner][\/vc_row_inner][vc_row_inner content_placement=&#8221;middle&#8221;][vc_column_inner][\/vc_column_inner][\/vc_row_inner][\/vc_column][\/vc_row]<\/p>\n<p><\/p>","protected":false},"excerpt":{"rendered":"<p>[vc_row][vc_column][vc_empty_space height=&#8221;64px&#8221; el_class=&#8221;content-desktop&#8221;][\/vc_column][\/vc_row][vc_row][vc_column width=&#8221;1\/6&#8243;][\/vc_column][vc_column width=&#8221;5\/6&#8243;][vc_row_inner][vc_column_inner width=&#8221;1\/2&#8243;][vc_column_text css=&#8221;.vc_custom_1669293172028{margin-top: 0px !important;margin-bottom: 15px !important;border-top-width: 0px !important;border-bottom-width: 0px !important;padding-top: 10px !important;padding-right: 10px !important;padding-bottom: 10px !important;padding-left: 10px !important;}&#8221;] THE REGION [\/vc_column_text][\/vc_column_inner][vc_column_inner width=&#8221;1\/2&#8243;][\/vc_column_inner][\/vc_row_inner][vc_column_text css=&#8221;.vc_custom_1669293186363{padding-left: 15px !important;}&#8221;] LANGUAGE AND CULTURE [\/vc_column_text][vc_empty_space height=&#8221;24px&#8221;][\/vc_column][\/vc_row][vc_row content_placement=&#8221;middle&#8221;][vc_column width=&#8221;1\/6&#8243;][\/vc_column][vc_column width=&#8221;2\/6&#8243;][vc_column_text css=&#8221;.vc_custom_1669293223083{padding-right: 20px !important;padding-left: 20px !important;}&#8221;] University of Silesia is located in one of the most interesting and [&#8230;]<\/p>\n<p><a class=\"btn btn-secondary understrap-read-more-link\" href=\"https:\/\/us.edu.pl\/en\/jak-pracujemy\/region\/\">Read More&#8230;<\/a><\/p>\n","protected":false},"author":139,"featured_media":155166,"parent":164079,"menu_order":0,"comment_status":"closed","ping_status":"closed","template":"","meta":{"_expiration-date-status":"","_expiration-date":0,"_expiration-date-type":"","_expiration-date-categories":[],"_expiration-date-options":[]},"acf":[],"_links":{"self":[{"href":"https:\/\/us.edu.pl\/en\/wp-json\/wp\/v2\/pages\/160696"}],"collection":[{"href":"https:\/\/us.edu.pl\/en\/wp-json\/wp\/v2\/pages"}],"about":[{"href":"https:\/\/us.edu.pl\/en\/wp-json\/wp\/v2\/types\/page"}],"author":[{"embeddable":true,"href":"https:\/\/us.edu.pl\/en\/wp-json\/wp\/v2\/users\/139"}],"replies":[{"embeddable":true,"href":"https:\/\/us.edu.pl\/en\/wp-json\/wp\/v2\/comments?post=160696"}],"version-history":[{"count":2,"href":"https:\/\/us.edu.pl\/en\/wp-json\/wp\/v2\/pages\/160696\/revisions"}],"predecessor-version":[{"id":165520,"href":"https:\/\/us.edu.pl\/en\/wp-json\/wp\/v2\/pages\/160696\/revisions\/165520"}],"up":[{"embeddable":true,"href":"https:\/\/us.edu.pl\/en\/wp-json\/wp\/v2\/pages\/164079"}],"wp:featuredmedia":[{"embeddable":true,"href":"https:\/\/us.edu.pl\/en\/wp-json\/wp\/v2\/media\/155166"}],"wp:attachment":[{"href":"https:\/\/us.edu.pl\/en\/wp-json\/wp\/v2\/media?parent=160696"}],"curies":[{"name":"wp","href":"https:\/\/api.w.org\/{rel}","templated":true}]}}