{"id":163066,"date":"2022-10-08T19:00:31","date_gmt":"2022-10-08T17:00:31","guid":{"rendered":"https:\/\/us.edu.pl\/?page_id=163066"},"modified":"2025-05-19T16:01:12","modified_gmt":"2025-05-19T14:01:12","slug":"cbns-projekty-badawcze","status":"publish","type":"page","link":"https:\/\/us.edu.pl\/en\/nauka-i-badania\/centra-badawcze\/cbns\/cbns-projekty-badawcze\/","title":{"rendered":"Research projects"},"content":{"rendered":"<p><\/p>\n<p>[vc_row css=&#8221;.vc_custom_1603444262786{margin-top: 0px !important;}&#8221;][vc_column]\r\n                <div class=\"text-modules\">\r\n                    <div class=\"container\">\r\n                        \r\n                        <div class=\"text-modules__content\"><\/p>\n<div class=\"page-title text__title\" style=\"font-size: 160%\">\n<p><span style=\"color: #002e5a\"><a style=\"color: #002e5a\" href=\"https:\/\/us.edu.pl\/nauka-i-badania\/centra-badawcze\/cbns\/\">Centre for Nordic and Old English Studies<\/a><\/span><\/p>\n<\/div>\n<p>\n<\/div>\r\n                    <\/div>\r\n                <\/div>[\/vc_column][\/vc_row][vc_row content_placement=&#8221;middle&#8221; css=&#8221;.vc_custom_1742320840897{padding-top: 0px !important;padding-right: 0px !important;padding-bottom: 0px !important;padding-left: 0px !important;}&#8221;][vc_column css=&#8221;.vc_custom_1603774547380{background-color: #f2f2f2 !important;}&#8221;]\r\n                <div class=\"text-modules\">\r\n                    <div class=\"container\">\r\n                        \r\n                        <div class=\"text-modules__content\"><\/p>\n<div class=\"page-title text__title\" style=\"margin-left: 20px\">\n<h3 style=\"font-size: 100%\"><strong>Research projects<\/strong><\/h3>\n<\/div>\n<p>\n<\/div>\r\n                    <\/div>\r\n                <\/div>[\/vc_column][\/vc_row][vc_row css=&#8221;.vc_custom_1742229671814{background-color: #ffffff !important;}&#8221;][vc_column][vc_empty_space][\/vc_column][\/vc_row][vc_row gap=&#8221;20&#8243; rtl_reverse=&#8221;yes&#8221; content_placement=&#8221;middle&#8221; el_class=&#8221;container&#8221; css=&#8221;.vc_custom_1614139806032{background-color: #f2f2f2 !important;}&#8221;][vc_column width=&#8221;1\/2&#8243;]\r\n                <div class=\"text-modules\">\r\n                    <div class=\"container\">\r\n                        \r\n                        <div class=\"text-modules__content\"><\/p>\n<p>Project title: <strong>Weather Perceptions in the Medieval North<\/strong>. Principal Investigator: Dr. des. Carina Damm. The project is financed by the National Science Centre funds (POLONEZ BIS 3). Allocated time: 24 months. Allocated budget: 813 257,- PLN.<\/p>\n<p><a href=\"https:\/\/us.edu.pl\/en\/nauka-i-badania\/centra-badawcze\/cbns\/pogoda\/\">\u00bb More about the project.<\/a><\/p>\n<p>\n<\/div>\r\n                    <\/div>\r\n                <\/div>[\/vc_column][vc_column width=&#8221;1\/2&#8243;]\r\n                <div class=\"text-modules\">\r\n                    <div class=\"container\">\r\n                        \r\n                        <div class=\"text-modules__content\"><\/p>\n<p>&nbsp;<\/p>\n<p><img class=\"alignnone wp-image-218708 size-medium\" src=\"https:\/\/us.edu.pl\/wp-content\/uploads\/Bez-kategorii\/Polonez-Bis_LOGO-CMYK-900x330.jpg\" alt=\"\" width=\"100%\" height=\"auto\" srcset=\"https:\/\/us.edu.pl\/wp-content\/uploads\/Bez-kategorii\/Polonez-Bis_LOGO-CMYK-900x330.jpg 900w, https:\/\/us.edu.pl\/wp-content\/uploads\/Bez-kategorii\/Polonez-Bis_LOGO-CMYK-768x282.jpg 768w, https:\/\/us.edu.pl\/wp-content\/uploads\/Bez-kategorii\/Polonez-Bis_LOGO-CMYK-575x211.jpg 575w, https:\/\/us.edu.pl\/wp-content\/uploads\/Bez-kategorii\/Polonez-Bis_LOGO-CMYK.jpg 1511w\" sizes=\"(max-width: 900px) 100vw, 900px\" \/><\/p>\n<p>\n<\/div>\r\n                    <\/div>\r\n                <\/div>[\/vc_column][\/vc_row][vc_row][vc_column][vc_empty_space][\/vc_column][\/vc_row][vc_row gap=&#8221;20&#8243; content_placement=&#8221;middle&#8221; el_class=&#8221;container&#8221;][vc_column width=&#8221;1\/2&#8243;]\r\n                <div class=\"text-modules\">\r\n                    <div class=\"container\">\r\n                        \r\n                        <div class=\"text-modules__content\"><\/p>\n<p>Project title: <strong>A austrvega &#8211; Polish translations of Icelandic sagas about the Baltic Sea and the Slavic Europe.<\/strong>\u00a0Principal Investigator: dr hab. prof. U\u015a Jakub Morawiec. Research team: dr Marta Rey-Radli\u0144ska, dr Annett Krakow, dr Grzegorz Bartusik, dr Remigiusz Gogosz. The project is financed by the National Programme for the Development of Humanities (Uniwersalia 2.2). Allocated time: 36 months. Allocated budget: 391 436,- PLN.<\/p>\n<p>\n<\/div>\r\n                    <\/div>\r\n                <\/div>[\/vc_column][vc_column width=&#8221;1\/2&#8243;]\r\n                <div class=\"text-modules\">\r\n                    <div class=\"container\">\r\n                        \r\n                        <div class=\"text-modules__content\"><\/p>\n<p>&nbsp;<\/p>\n<p><img class=\"wp-image-218714 size-medium\" src=\"https:\/\/us.edu.pl\/wp-content\/uploads\/Bez-kategorii\/NPRH-logo-1-900x301.jpg\" alt=\"\" width=\"100%\" height=\"auto\" srcset=\"https:\/\/us.edu.pl\/wp-content\/uploads\/Bez-kategorii\/NPRH-logo-1-900x301.jpg 900w, https:\/\/us.edu.pl\/wp-content\/uploads\/Bez-kategorii\/NPRH-logo-1-768x257.jpg 768w, https:\/\/us.edu.pl\/wp-content\/uploads\/Bez-kategorii\/NPRH-logo-1-575x193.jpg 575w, https:\/\/us.edu.pl\/wp-content\/uploads\/Bez-kategorii\/NPRH-logo-1.jpg 1024w\" sizes=\"(max-width: 900px) 100vw, 900px\" \/><\/p>\n<p>\n<\/div>\r\n                    <\/div>\r\n                <\/div>[\/vc_column][\/vc_row][vc_row][vc_column][vc_empty_space][\/vc_column][\/vc_row][vc_row gap=&#8221;20&#8243; rtl_reverse=&#8221;yes&#8221; content_placement=&#8221;middle&#8221; el_class=&#8221;container&#8221; css=&#8221;.vc_custom_1614139806032{background-color: #f2f2f2 !important;}&#8221;][vc_column width=&#8221;1\/2&#8243;]\r\n                <div class=\"text-modules\">\r\n                    <div class=\"container\">\r\n                        \r\n                        <div class=\"text-modules__content\"><\/p>\n<p>Project title: <strong>Monasteries on the Edge of the World: Church and Society in Late Medieval Iceland<\/strong>. Principal Investigator: dr Ryder Patzuk-Russell. The project is financed by the National Science Centre funds (POLONEZ BIS 2). Allocated time: 24 months. Allocated budget: 779 914,- PLN.<\/p>\n<p><a href=\"https:\/\/us.edu.pl\/en\/nauka-i-badania\/centra-badawcze\/cbns\/monasteries\/\">\u00bb More about the project.<\/a><\/p>\n<p>\n<\/div>\r\n                    <\/div>\r\n                <\/div>[\/vc_column][vc_column width=&#8221;1\/2&#8243;]\r\n                <div class=\"text-modules\">\r\n                    <div class=\"container\">\r\n                        \r\n                        <div class=\"text-modules__content\"><\/p>\n<p>&nbsp;<\/p>\n<p><img class=\"alignnone wp-image-218708 size-medium\" src=\"https:\/\/us.edu.pl\/wp-content\/uploads\/Bez-kategorii\/Polonez-Bis_LOGO-CMYK-900x330.jpg\" alt=\"\" width=\"100%\" height=\"auto\" srcset=\"https:\/\/us.edu.pl\/wp-content\/uploads\/Bez-kategorii\/Polonez-Bis_LOGO-CMYK-900x330.jpg 900w, https:\/\/us.edu.pl\/wp-content\/uploads\/Bez-kategorii\/Polonez-Bis_LOGO-CMYK-768x282.jpg 768w, https:\/\/us.edu.pl\/wp-content\/uploads\/Bez-kategorii\/Polonez-Bis_LOGO-CMYK-575x211.jpg 575w, https:\/\/us.edu.pl\/wp-content\/uploads\/Bez-kategorii\/Polonez-Bis_LOGO-CMYK.jpg 1511w\" sizes=\"(max-width: 900px) 100vw, 900px\" \/><\/p>\n<p>\n<\/div>\r\n                    <\/div>\r\n                <\/div>[\/vc_column][\/vc_row][vc_row][vc_column][vc_empty_space][\/vc_column][\/vc_row][vc_row gap=&#8221;20&#8243; content_placement=&#8221;middle&#8221; el_class=&#8221;container&#8221;][vc_column width=&#8221;1\/2&#8243;]\r\n                <div class=\"text-modules\">\r\n                    <div class=\"container\">\r\n                        \r\n                        <div class=\"text-modules__content\"><\/p>\n<p>Project title: <strong>The Poetics and Politics of Fear in Old English Literary Tradition.<\/strong>\u00a0Principal Investigator: dr hab. Rafa\u0142 Borys\u0142awski, prof. U\u015a. The project is financed by the National Science Centre funds (OPUS 23). Allocated time: 36 months. Allocated budget: 183 824,- PLN.<\/p>\n<p><a href=\"https:\/\/us.edu.pl\/wp-content\/uploads\/obrazki-stron\/cbns\/foto\/NCN-Opus-RB-eng.pdf\" class=\"mtli_attachment mtli_pdf\" data-mtli=\"mtli_filesize17896kB\" class=\"mtli_attachment mtli_pdf\" data-mtli=\"mtli_filesize17896kB\">\u00bb More about the project.<\/a><\/p>\n<p>\n<style type=\"text\/css\">a[data-mtli~=\"mtli_filesize17896kB\"]:after {content:\" (178.96 kB)\"}<\/style><\/div>\r\n                    <\/div>\r\n                <\/div>[\/vc_column][vc_column width=&#8221;1\/2&#8243;]\r\n                <div class=\"text-modules\">\r\n                    <div class=\"container\">\r\n                        \r\n                        <div class=\"text-modules__content\"><\/p>\n<p>&nbsp;<\/p>\n<p><img class=\"alignnone wp-image-218719 size-medium\" src=\"https:\/\/us.edu.pl\/wp-content\/uploads\/Bez-kategorii\/ncn_opus_logo-1-900x450.png\" alt=\"\" width=\"100%\" height=\"auto\" srcset=\"https:\/\/us.edu.pl\/wp-content\/uploads\/Bez-kategorii\/ncn_opus_logo-1-900x450.png 900w, https:\/\/us.edu.pl\/wp-content\/uploads\/Bez-kategorii\/ncn_opus_logo-1-768x384.png 768w, https:\/\/us.edu.pl\/wp-content\/uploads\/Bez-kategorii\/ncn_opus_logo-1-575x288.png 575w, https:\/\/us.edu.pl\/wp-content\/uploads\/Bez-kategorii\/ncn_opus_logo-1.png 1250w\" sizes=\"(max-width: 900px) 100vw, 900px\" \/><\/p>\n<p>\n<\/div>\r\n                    <\/div>\r\n                <\/div>[\/vc_column][\/vc_row][vc_row][vc_column][vc_empty_space][\/vc_column][\/vc_row][vc_row gap=&#8221;20&#8243; rtl_reverse=&#8221;yes&#8221; content_placement=&#8221;middle&#8221; el_class=&#8221;container&#8221; css=&#8221;.vc_custom_1614139806032{background-color: #f2f2f2 !important;}&#8221;][vc_column width=&#8221;1\/2&#8243;]\r\n                <div class=\"text-modules\">\r\n                    <div class=\"container\">\r\n                        \r\n                        <div class=\"text-modules__content\"><\/p>\n<p>Project title: <strong>International Summer School \u2018Wolin\/J\u00f3msborg: a meeting point of Slavs and Scandinavians in the Middle Ages.\u2019 <\/strong>Project manager: dr hab. prof. U\u015a Jakub Morawiec. Team: dr hab. prof. U\u015a Rafa\u0142 Borys\u0142awski, dr Annett Krakow, dr Grzegorz Bartusik. The project is financed by the Polish National Agency for Academic Exchange (SPINAKER \u2013 Intensive International Education Programs). Allocated time: 15 months. Allocated budget: 411 874,- PLN.<\/p>\n<p><a href=\"https:\/\/us.edu.pl\/en\/nauka-i-badania\/centra-badawcze\/cbns\/wolin-jomsborg-2023\/\">\u00bb More about the project.<\/a><\/p>\n<p>\n<\/div>\r\n                    <\/div>\r\n                <\/div>[\/vc_column][vc_column width=&#8221;1\/2&#8243;]\r\n                <div class=\"text-modules\">\r\n                    <div class=\"container\">\r\n                        \r\n                        <div class=\"text-modules__content\"><\/p>\n<p>&nbsp;<\/p>\n<p><img class=\"alignnone wp-image-218723 size-full\" src=\"https:\/\/us.edu.pl\/wp-content\/uploads\/Bez-kategorii\/nawa-spinaker_logo.png\" alt=\"\" width=\"100%\" height=\"auto\" srcset=\"https:\/\/us.edu.pl\/wp-content\/uploads\/Bez-kategorii\/nawa-spinaker_logo.png 835w, https:\/\/us.edu.pl\/wp-content\/uploads\/Bez-kategorii\/nawa-spinaker_logo-768x522.png 768w, https:\/\/us.edu.pl\/wp-content\/uploads\/Bez-kategorii\/nawa-spinaker_logo-575x391.png 575w\" sizes=\"(max-width: 835px) 100vw, 835px\" \/><\/p>\n<p>\n<\/div>\r\n                    <\/div>\r\n                <\/div>[\/vc_column][\/vc_row][vc_row][vc_column][vc_empty_space][\/vc_column][\/vc_row][vc_row gap=&#8221;20&#8243; content_placement=&#8221;middle&#8221; el_class=&#8221;container&#8221;][vc_column width=&#8221;1\/2&#8243;]\r\n                <div class=\"text-modules\">\r\n                    <div class=\"container\">\r\n                        \r\n                        <div class=\"text-modules__content\"><\/p>\n<p>Project title:<strong> Polish edition of <em>Heimskringla<\/em> by Snorri Sturluson<\/strong><\/p>\n<p>Dr hab. prof. U\u015a Jakub Morawiec and dr Grzegorz Bartusik embarked on a collaboration on the Polish translation of one of the most important monuments of Icelandic literature. <em>Heimskringla<\/em> is a collection of 16 sagas devoted to Norwegian rulers from the so-called legendary times to the mid-twelfth century. It was written around 1230 by Snorri Sturluson, an Icelandic politician, poet and historiographer. The translation of the opus was financed by the grant of the National Programme for the Development of Humanities. The head of the project was Anna Wa\u015bko, Associate Professor of the Jagiellonian University. The Polish edition of <em>Heimskringla<\/em> was published in 2021.<\/p>\n<p><a href=\"https:\/\/books.akademicka.pl\/publishing\/catalog\/book\/206\">\u00bb Visit the publisher&#8217;s website.<\/a><\/p>\n<p>\n<\/div>\r\n                    <\/div>\r\n                <\/div>[\/vc_column][vc_column width=&#8221;1\/2&#8243;]\r\n                <div class=\"text-modules\">\r\n                    <div class=\"container\">\r\n                        \r\n                        <div class=\"text-modules__content\"><\/p>\n<p>&nbsp;<\/p>\n<p><img class=\"wp-image-218714 size-medium\" src=\"https:\/\/us.edu.pl\/wp-content\/uploads\/Bez-kategorii\/NPRH-logo-1-900x301.jpg\" alt=\"\" width=\"100%\" height=\"auto\" srcset=\"https:\/\/us.edu.pl\/wp-content\/uploads\/Bez-kategorii\/NPRH-logo-1-900x301.jpg 900w, https:\/\/us.edu.pl\/wp-content\/uploads\/Bez-kategorii\/NPRH-logo-1-768x257.jpg 768w, https:\/\/us.edu.pl\/wp-content\/uploads\/Bez-kategorii\/NPRH-logo-1-575x193.jpg 575w, https:\/\/us.edu.pl\/wp-content\/uploads\/Bez-kategorii\/NPRH-logo-1.jpg 1024w\" sizes=\"(max-width: 900px) 100vw, 900px\" \/><\/p>\n<p>\n<\/div>\r\n                    <\/div>\r\n                <\/div>[\/vc_column][\/vc_row][vc_row][vc_column][vc_empty_space][\/vc_column][\/vc_row][vc_row gap=&#8221;20&#8243; rtl_reverse=&#8221;yes&#8221; content_placement=&#8221;middle&#8221; el_class=&#8221;container&#8221; css=&#8221;.vc_custom_1614139806032{background-color: #f2f2f2 !important;}&#8221;][vc_column width=&#8221;1\/2&#8243;]\r\n                <div class=\"text-modules\">\r\n                    <div class=\"container\">\r\n                        \r\n                        <div class=\"text-modules__content\"><\/p>\n<p>Project title:<strong> Dissemination of the Latin Conceptual Metaphors in Old Norse-Icelandic literature as a Cognitive Manifestation of Christianization and Europeanization of Medieval Scandinavia<\/strong><\/p>\n<p>The project was financed by the National Science Centre funds (PRELUDIUM 14 programme, grant no. 2017\/27\/N\/HS3\/00740) and was carried out at the Faculty of Humanities of the University of Silesia from 19 July 2018 to 18 July 2022. The research project was led by dr Grzegorz Bartusik.<\/p>\n<p><a href=\"https:\/\/us.edu.pl\/wp-content\/uploads\/obrazki-stron\/cbns\/foto\/NCN-Preludium-GB-eng.pdf\" class=\"mtli_attachment mtli_pdf\" data-mtli=\"mtli_filesize26502kB\" class=\"mtli_attachment mtli_pdf\" data-mtli=\"mtli_filesize26502kB\">\u00bb More about the project.<\/a><\/p>\n<p>\n<style type=\"text\/css\">a[data-mtli~=\"mtli_filesize26502kB\"]:after {content:\" (265.02 kB)\"}<\/style><\/div>\r\n                    <\/div>\r\n                <\/div>[\/vc_column][vc_column width=&#8221;1\/2&#8243;]\r\n                <div class=\"text-modules\">\r\n                    <div class=\"container\">\r\n                        \r\n                        <div class=\"text-modules__content\"><\/p>\n<p>&nbsp;<\/p>\n<p><img class=\"alignnone wp-image-218728 size-medium\" src=\"https:\/\/us.edu.pl\/wp-content\/uploads\/Bez-kategorii\/ncn_preludium_logo-1-900x450.png\" alt=\"\" width=\"100%\" height=\"auto\" srcset=\"https:\/\/us.edu.pl\/wp-content\/uploads\/Bez-kategorii\/ncn_preludium_logo-1-900x450.png 900w, https:\/\/us.edu.pl\/wp-content\/uploads\/Bez-kategorii\/ncn_preludium_logo-1-768x384.png 768w, https:\/\/us.edu.pl\/wp-content\/uploads\/Bez-kategorii\/ncn_preludium_logo-1-575x288.png 575w, https:\/\/us.edu.pl\/wp-content\/uploads\/Bez-kategorii\/ncn_preludium_logo-1.png 1250w\" sizes=\"(max-width: 900px) 100vw, 900px\" \/><\/p>\n<p>\n<\/div>\r\n                    <\/div>\r\n                <\/div>[\/vc_column][\/vc_row][vc_row][vc_column][vc_empty_space][\/vc_column][\/vc_row][vc_row disable_element=&#8221;yes&#8221; css=&#8221;.vc_custom_1612520635340{margin-top: 0px !important;margin-bottom: 0px !important;}&#8221;][vc_column width=&#8221;1\/4&#8243;][\/vc_column][vc_column width=&#8221;3\/4&#8243;][vc_row_inner css=&#8221;.vc_custom_1603694983516{margin-top: 0px !important;margin-bottom: 0px !important;padding-top: 0px !important;padding-bottom: 0px !important;}&#8221; el_class=&#8221;menu-item menu-item-type-custom menu-item-object-custom menu-item-113828 nav-item&#8221;][vc_column_inner width=&#8221;1\/6&#8243; css=&#8221;.vc_custom_1603695005240{margin-top: -20px !important;margin-bottom: -5px !important;padding-top: 0px !important;padding-bottom: 0px !important;}&#8221;]\r\n                <div class=\"text-modules\">\r\n                    <div class=\"container\">\r\n                        \r\n                        <div class=\"text-modules__content\"><\/p>\n<div style=\"text-align: center\">\n<p style=\"text-align: center\"><strong><span style=\"color: #011535\"><a style=\"color: #011535\" href=\"https:\/\/us.edu.pl\/nauka-i-badania\/centra-badawcze\/ulka\/\">ULKA<\/a><\/span><\/strong><\/p>\n<\/div>\n<p>\n<\/div>\r\n                    <\/div>\r\n                <\/div>[\/vc_column_inner][vc_column_inner width=&#8221;1\/6&#8243; css=&#8221;.vc_custom_1603695032421{margin-top: -20px !important;margin-bottom: -5px !important;}&#8221;]\r\n                <div class=\"text-modules\">\r\n                    <div class=\"container\">\r\n                        \r\n                        <div class=\"text-modules__content\"><\/p>\n<p style=\"text-align: center\"><span style=\"color: #011535\"><a style=\"color: #011535\" href=\"\/centra-badawcze\/ulka\/ulka-oferta\/\"><strong>Oferta badawcza<\/strong><\/a><\/span><\/p>\n<p>\n<\/div>\r\n                    <\/div>\r\n                <\/div>[\/vc_column_inner][vc_column_inner width=&#8221;1\/6&#8243; css=&#8221;.vc_custom_1603695114103{margin-top: -20px !important;margin-bottom: -5px !important;padding-top: 0px !important;}&#8221;]\r\n                <div class=\"text-modules\">\r\n                    <div class=\"container\">\r\n                        \r\n                        <div class=\"text-modules__content\"><\/p>\n<p style=\"text-align: center\"><span style=\"color: #011535\"><strong><a style=\"color: #011535\" href=\"https:\/\/us.edu.pl\/nauka-i-badania\/centra-badawcze\/ulka\/ulka-wspolpraca\/\">Wsp\u00f3\u0142praca<\/a><\/strong><\/span><\/p>\n<p>\n<\/div>\r\n                    <\/div>\r\n                <\/div>[\/vc_column_inner][vc_column_inner width=&#8221;1\/6&#8243; css=&#8221;.vc_custom_1603695124733{margin-top: -20px !important;margin-bottom: -5px !important;}&#8221;]\r\n                <div class=\"text-modules\">\r\n                    <div class=\"container\">\r\n                        \r\n                        <div class=\"text-modules__content\"><\/p>\n<p style=\"text-align: center\"><span style=\"color: #011535\"><strong><a style=\"color: #011535\" href=\"https:\/\/us.edu.pl\/nauka-i-badania\/centra-badawcze\/ulka\/ulka-zespol\/\">Zesp\u00f3\u0142<\/a><\/strong><\/span><\/p>\n<p>\n<\/div>\r\n                    <\/div>\r\n                <\/div>[\/vc_column_inner][vc_column_inner width=&#8221;1\/6&#8243; css=&#8221;.vc_custom_1603695139482{margin-top: -20px !important;margin-bottom: -5px !important;}&#8221;]\r\n                <div class=\"text-modules\">\r\n                    <div class=\"container\">\r\n                        \r\n                        <div class=\"text-modules__content\"><\/p>\n<p style=\"text-align: center\"><span style=\"color: #011535\"><strong><a style=\"color: #011535\" href=\"https:\/\/us.edu.pl\/nauka-i-badania\/centra-badawcze\/ulka\/ulka-laboratoria\/\">Laboratoria<\/a><\/strong><\/span><\/p>\n<p>\n<\/div>\r\n                    <\/div>\r\n                <\/div>[\/vc_column_inner][vc_column_inner width=&#8221;1\/6&#8243; css=&#8221;.vc_custom_1603695148830{margin-top: -20px !important;margin-bottom: -5px !important;}&#8221;]\r\n                <div class=\"text-modules\">\r\n                    <div class=\"container\">\r\n                        \r\n                        <div class=\"text-modules__content\"><\/p>\n<p style=\"text-align: center\"><strong><span style=\"color: #011535\">Multimedia<\/span><\/strong><\/p>\n<p>\n<\/div>\r\n                    <\/div>\r\n                <\/div>[\/vc_column_inner][\/vc_row_inner][\/vc_column][\/vc_row][vc_row disable_element=&#8221;yes&#8221; css=&#8221;.vc_custom_1612436671980{background-color: #f2f2f2 !important;}&#8221;][vc_column width=&#8221;1\/2&#8243;][\/vc_column][vc_column width=&#8221;1\/2&#8243; el_class=&#8221;text-modules__content&#8221; css=&#8221;.vc_custom_1612436293666{border-left-width: 3px !important;border-left-color: #ffffff !important;border-radius: 3px !important;}&#8221;]\r\n            <div class=\"container\">  \r\n                <div class=\"lists-with-links\">\r\n                    <div class=\"section-title\"><\/div>\r\n                   <div class=\"lists-with-links__items lists-5\"><ul class=\"angle-list\"> <li> <a href=\"\/centra-badawcze\/ulka\/\"> ULKA <\/a> <\/li><\/ul><ul class=\"angle-list\"> <li> <a href=\"\/centra-badawcze\/ulka\/#kontakt\"> Badania <\/a> <\/li><\/ul><ul class=\"angle-list\"> <li> <a href=\"\/centra-badawcze\/ulka\/ulka-oferta\/\"> Oferta badawcza <\/a> <\/li><\/ul><ul class=\"angle-list\"> <li> <a href=\"\/centra-badawcze\/ulka\/ulka-laboratoria\/\"> Laboratoria  <\/a> <\/li><\/ul><ul class=\"angle-list\"> <li> <a href=\"\/centra-badawcze\/ulka\/#kontakt\"> Kontakt <\/a> <\/li><\/ul><\/div>\r\n                <\/div>\r\n            <\/div>[\/vc_column][\/vc_row][vc_row content_placement=&#8221;middle&#8221; css_animation=&#8221;right-to-left&#8221; disable_element=&#8221;yes&#8221; css=&#8221;.vc_custom_1614140656443{margin-top: 5% !important;background-color: #f1f1f1 !important;}&#8221; el_class=&#8221;text-modules__content&#8221;][vc_column width=&#8221;1\/4&#8243; css=&#8221;.vc_custom_1612436798774{margin-top: -10% !important;background-color: #f2f2f2 !important;}&#8221;][\/vc_column][vc_column width=&#8221;1\/4&#8243;][\/vc_column][vc_column width=&#8221;1\/4&#8243;]\r\n            <div class=\"container\">  \r\n                <div class=\"lists-with-links\">\r\n                    <div class=\"section-title\"><\/div>\r\n                   <div class=\"lists-with-links__items lists-1\"><ul class=\"angle-list\"> <li> <a href=\"\/centra-badawcze\/ulka\/\"> ULKA <\/a> <\/li><li> <a href=\"\/centra-badawcze\/ulka\/ulka-wspolpraca\/\"> Wsp\u00f3\u0142praca <\/a> <\/li><li> <a href=\"\/centra-badawcze\/ulka\/ulka-oferta\/\"> Oferta badawcza  <\/a> <\/li><li> <a href=\"\/centra-badawcze\/ulka\/ulka-laboratoria\/\"> Laboratoria <\/a> <\/li><li> <a href=\"\/centra-badawcze\/ulka\/#kontakt\"> Kontakt <\/a> <\/li><\/ul><\/div>\r\n                <\/div>\r\n            <\/div>[\/vc_column][vc_column width=&#8221;1\/4&#8243;][\/vc_column][\/vc_row][vc_row][vc_column width=&#8221;1\/6&#8243;][\/vc_column][vc_column width=&#8221;1\/6&#8243;][\/vc_column][\/vc_row]<\/p>\n<p><\/p>\n<style type=\"text\/css\">a[data-mtli~=\"mtli_filesize17785kB\"]:after {content:\" (177.85 kB)\"}a[data-mtli~=\"mtli_filesize26351kB\"]:after {content:\" (263.51 kB)\"}a[data-mtli~=\"mtli_filesize17896kB\"]:after {content:\" (178.96 kB)\"}a[data-mtli~=\"mtli_filesize26502kB\"]:after {content:\" (265.02 kB)\"}<\/style>","protected":false},"excerpt":{"rendered":"<p>[vc_row css=&#8221;.vc_custom_1603444262786{margin-top: 0px !important;}&#8221;][vc_column][\/vc_column][\/vc_row][vc_row content_placement=&#8221;middle&#8221; css=&#8221;.vc_custom_1742320840897{padding-top: 0px !important;padding-right: 0px !important;padding-bottom: 0px !important;padding-left: 0px !important;}&#8221;][vc_column css=&#8221;.vc_custom_1603774547380{background-color: #f2f2f2 !important;}&#8221;][\/vc_column][\/vc_row][vc_row css=&#8221;.vc_custom_1742229671814{background-color: #ffffff !important;}&#8221;][vc_column][vc_empty_space][\/vc_column][\/vc_row][vc_row gap=&#8221;20&#8243; rtl_reverse=&#8221;yes&#8221; content_placement=&#8221;middle&#8221; el_class=&#8221;container&#8221; css=&#8221;.vc_custom_1614139806032{background-color: #f2f2f2 !important;}&#8221;][vc_column width=&#8221;1\/2&#8243;][\/vc_column][vc_column width=&#8221;1\/2&#8243;][\/vc_column][\/vc_row][vc_row][vc_column][vc_empty_space][\/vc_column][\/vc_row][vc_row gap=&#8221;20&#8243; content_placement=&#8221;middle&#8221; el_class=&#8221;container&#8221;][vc_column width=&#8221;1\/2&#8243;][\/vc_column][vc_column width=&#8221;1\/2&#8243;][\/vc_column][\/vc_row][vc_row][vc_column][vc_empty_space][\/vc_column][\/vc_row][vc_row gap=&#8221;20&#8243; rtl_reverse=&#8221;yes&#8221; content_placement=&#8221;middle&#8221; el_class=&#8221;container&#8221; css=&#8221;.vc_custom_1614139806032{background-color: #f2f2f2 !important;}&#8221;][vc_column width=&#8221;1\/2&#8243;][\/vc_column][vc_column width=&#8221;1\/2&#8243;][\/vc_column][\/vc_row][vc_row][vc_column][vc_empty_space][\/vc_column][\/vc_row][vc_row gap=&#8221;20&#8243; content_placement=&#8221;middle&#8221; el_class=&#8221;container&#8221;][vc_column width=&#8221;1\/2&#8243;][\/vc_column][vc_column width=&#8221;1\/2&#8243;][\/vc_column][\/vc_row][vc_row][vc_column][vc_empty_space][\/vc_column][\/vc_row][vc_row gap=&#8221;20&#8243; rtl_reverse=&#8221;yes&#8221; content_placement=&#8221;middle&#8221; el_class=&#8221;container&#8221; css=&#8221;.vc_custom_1614139806032{background-color: #f2f2f2 !important;}&#8221;][vc_column [&#8230;]<\/p>\n<p><a class=\"btn btn-secondary understrap-read-more-link\" href=\"https:\/\/us.edu.pl\/en\/nauka-i-badania\/centra-badawcze\/cbns\/cbns-projekty-badawcze\/\">Read More&#8230;<\/a><\/p>\n","protected":false},"author":3220,"featured_media":0,"parent":135169,"menu_order":0,"comment_status":"closed","ping_status":"closed","template":"","meta":{"_expiration-date-status":"","_expiration-date":0,"_expiration-date-type":"","_expiration-date-categories":[],"_expiration-date-options":[]},"acf":[],"_links":{"self":[{"href":"https:\/\/us.edu.pl\/en\/wp-json\/wp\/v2\/pages\/163066"}],"collection":[{"href":"https:\/\/us.edu.pl\/en\/wp-json\/wp\/v2\/pages"}],"about":[{"href":"https:\/\/us.edu.pl\/en\/wp-json\/wp\/v2\/types\/page"}],"author":[{"embeddable":true,"href":"https:\/\/us.edu.pl\/en\/wp-json\/wp\/v2\/users\/3220"}],"replies":[{"embeddable":true,"href":"https:\/\/us.edu.pl\/en\/wp-json\/wp\/v2\/comments?post=163066"}],"version-history":[{"count":10,"href":"https:\/\/us.edu.pl\/en\/wp-json\/wp\/v2\/pages\/163066\/revisions"}],"predecessor-version":[{"id":228035,"href":"https:\/\/us.edu.pl\/en\/wp-json\/wp\/v2\/pages\/163066\/revisions\/228035"}],"up":[{"embeddable":true,"href":"https:\/\/us.edu.pl\/en\/wp-json\/wp\/v2\/pages\/135169"}],"wp:attachment":[{"href":"https:\/\/us.edu.pl\/en\/wp-json\/wp\/v2\/media?parent=163066"}],"curies":[{"name":"wp","href":"https:\/\/api.w.org\/{rel}","templated":true}]}}