{"id":166731,"date":"2023-01-17T13:23:43","date_gmt":"2023-01-17T12:23:43","guid":{"rendered":"https:\/\/us.edu.pl\/?page_id=166731"},"modified":"2023-02-13T11:46:31","modified_gmt":"2023-02-13T10:46:31","slug":"mediacje-w-konfliktach","status":"publish","type":"page","link":"https:\/\/us.edu.pl\/en\/ksztalcenie\/rpsid\/warto-wiedziec\/mediacje-w-konfliktach\/","title":{"rendered":"mediation in conflicts"},"content":{"rendered":"<p><\/p>\n<p>[vc_row css=&#8221;.vc_custom_1674213290065{margin-top: 0px !important;}&#8221; el_class=&#8221;container&#8221;][vc_column el_class=&#8221;container&#8221;][vc_wp_text el_class=&#8221;text-modules__content&#8221;]<\/p>\n<p><a style=\"color: #002e5a; font-size: 1.42em;\" href=\"https:\/\/us.edu.pl\/en\/ksztalcenie\/rpsid\/\">Student and PhD Student Ombudsperson<\/a><\/p>\n<p>[\/vc_wp_text][\/vc_column][\/vc_row][vc_row content_placement=&#8221;middle&#8221; css=&#8221;.vc_custom_1605693914053{padding-top: 0px !important;padding-right: 0px !important;padding-bottom: 0px !important;padding-left: 0px !important;}&#8221; el_class=&#8221;container&#8221;][vc_column el_class=&#8221;bg-gray&#8221;][vc_empty_space height=&#8221;20px&#8221;]\r\n                <div class=\"text-modules\">\r\n                    <div class=\"container\">\r\n                        \r\n                        <div class=\"text-modules__content\"><\/p>\n<div class=\"page-title text__title\" style=\"margin-left: 20px;\">\n<h2 style=\"font-size: 100%;\"><strong>Mediation in conflicts<\/strong><\/h2>\n<\/div>\n<p>\n<\/div>\r\n                    <\/div>\r\n                <\/div>[\/vc_column][\/vc_row][vc_row css=&#8221;.vc_custom_1605693872081{margin-top: 0px !important;}&#8221; el_class=&#8221;container&#8221;][vc_column]\r\n                <div class=\"text-modules\">\r\n                    <div class=\"container\">\r\n                        \r\n                        <div class=\"text-modules__content\"><\/p>\n<p>List of issues:<\/p>\n<ul>\n<li><a href=\"https:\/\/us.edu.pl\/en\/ksztalcenie\/rpsid\/warto-wiedziec\/mediacje-w-konfliktach\/#rpsid-jako-mediator\">Ombudsperson as a mediator<\/a><\/li>\n<li><a href=\"https:\/\/us.edu.pl\/en\/ksztalcenie\/rpsid\/warto-wiedziec\/mediacje-w-konfliktach\/#kiedy-mediacja-jest-pomocna\">When can mediation be helpful?<\/a><\/li>\n<li><a href=\"https:\/\/us.edu.pl\/en\/ksztalcenie\/rpsid\/warto-wiedziec\/mediacje-w-konfliktach\/#cel-mediacji\">Purpose of mediation<\/a><\/li>\n<\/ul>\n<p>&nbsp;<\/p>\n<p>\n<\/div>\r\n                    <\/div>\r\n                <\/div>[\/vc_column][\/vc_row][vc_row css=&#8221;.vc_custom_1605693872081{margin-top: 0px !important;}&#8221; el_class=&#8221;container&#8221;][vc_column]<div class=\"container\"><div class=\"separator\" style=\"background-color: #EBEBEB\"><\/div><\/div>[\/vc_column][\/vc_row][vc_row content_placement=&#8221;top&#8221; el_class=&#8221;container&#8221;][vc_column width=&#8221;2\/6&#8243;]\r\n                <div class=\"text-modules\">\r\n                    <div class=\"container\">\r\n                        \r\n                        <div class=\"text-modules__content\"><\/p>\n<h3><a id=\"rpsid-jako-mediator\"><\/a>Ombudsperson as a mediator<\/h3>\n<p>\n<\/div>\r\n                    <\/div>\r\n                <\/div>[\/vc_column][vc_column width=&#8221;3\/6&#8243;]\r\n                <div class=\"text-modules\">\r\n                    <div class=\"container\">\r\n                        \r\n                        <div class=\"text-modules__content\"><\/p>\n<p>Student and PhD Student Ombudsperson can:\u00a0<\/p>\n<ol>\n<li>at the student&#8217;s or PhD student&#8217;s request, conduct mediation between the student and the academic employee,\u00a0<\/li>\n<li>and conduct mediation in the event of a dispute between students and\/or a dispute between PhD students.<\/li>\n<\/ol>\n<p>\n<\/div>\r\n                    <\/div>\r\n                <\/div>[vc_icon icon_fontawesome=&#8221;fas fa-info-circle&#8221; color=&#8221;custom&#8221; background_style=&#8221;rounded-outline&#8221; background_color=&#8221;custom&#8221; size=&#8221;lg&#8221; el_class=&#8221;bg-blue&#8221;]\r\n                <div class=\"text-modules\">\r\n                    <div class=\"container\">\r\n                        \r\n                        <div class=\"text-modules__content\"><\/p>\n<p class=\"example\">Mediation is a dispute resolution method that assumes the <strong>consent<\/strong> of all parties to its initiation: mediation participants have an impact on its initiation, its course and its outcome.<\/p>\n<p>\n<\/div>\r\n                    <\/div>\r\n                <\/div>\r\n                <div class=\"text-modules\">\r\n                    <div class=\"container\">\r\n                        \r\n                        <div class=\"text-modules__content\"><\/p>\n<p>If you need mediation, write about it in <a href=\"https:\/\/us.edu.pl\/en\/ksztalcenie\/rpsid\/jak-zglosic-sprawe\/\">an e-mail to Student and PhD Student Ombudsperson<\/a>. If mediation proves impossible, the Ombudsperson will analyse the case and, if possible, will show you other ways to solve your problem.<\/p>\n<p>\n<\/div>\r\n                    <\/div>\r\n                <\/div>\r\n                <div class=\"text-modules\">\r\n                    <div class=\"container\">\r\n                        \r\n                        <div class=\"text-modules__content\"><\/p>\n<p>During the mediation process various options for resolving the dispute are discussed. The mediation process itself can also help the parties to look at previous, negative experiences in a different way \u2013 because mediation allows both parties to see each other&#8217;s needs and interests. It is an invitation to a substantive conversation to neutralise the problem.<\/p>\n<p>\n<\/div>\r\n                    <\/div>\r\n                <\/div>[\/vc_column][\/vc_row][vc_row css=&#8221;.vc_custom_1605693872081{margin-top: 0px !important;}&#8221; el_class=&#8221;container&#8221;][vc_column]<div class=\"container\"><div class=\"separator\" style=\"background-color: #EBEBEB\"><\/div><\/div>[\/vc_column][\/vc_row][vc_row content_placement=&#8221;top&#8221; el_class=&#8221;container&#8221;][vc_column width=&#8221;2\/6&#8243;]\r\n                <div class=\"text-modules\">\r\n                    <div class=\"container\">\r\n                        \r\n                        <div class=\"text-modules__content\"><\/p>\n<h3><a id=\"kiedy-mediacja-jest-pomocna\"><\/a>When can mediation be helpful?<\/h3>\n<p>\n<\/div>\r\n                    <\/div>\r\n                <\/div>[\/vc_column][vc_column width=&#8221;3\/6&#8243;]\r\n                <div class=\"text-modules\">\r\n                    <div class=\"container\">\r\n                        \r\n                        <div class=\"text-modules__content\"><\/p>\n<ol>\n<li>When the parties are interested in further cooperation following the dispute or they will still function in one space;<\/li>\n<li>When the conflict is in its early stages and the parties have not yet taken significant steps to pursue their opposing interests;<\/li>\n<li>When parties want their perspective to be understood. When parties expect change in attitudes and behaviours;<\/li>\n<li>When there are no hard tools to use. Sometimes it concerns the lack of effective legal tools;<\/li>\n<li>When intercultural and ideological issues play an important role in the dispute.<\/li>\n<\/ol>\n<p>\n<\/div>\r\n                    <\/div>\r\n                <\/div>[\/vc_column][\/vc_row][vc_row css=&#8221;.vc_custom_1605693872081{margin-top: 0px !important;}&#8221; el_class=&#8221;container&#8221;][vc_column]<div class=\"container\"><div class=\"separator\" style=\"background-color: #EBEBEB\"><\/div><\/div>[\/vc_column][\/vc_row][vc_row content_placement=&#8221;top&#8221; el_class=&#8221;container&#8221;][vc_column width=&#8221;2\/6&#8243;]\r\n                <div class=\"text-modules\">\r\n                    <div class=\"container\">\r\n                        \r\n                        <div class=\"text-modules__content\"><\/p>\n<h3><a id=\"cel-mediacji\"><\/a>Purpose of mediation<\/h3>\n<p>\n<\/div>\r\n                    <\/div>\r\n                <\/div>[\/vc_column][vc_column width=&#8221;3\/6&#8243;]\r\n                <div class=\"text-modules\">\r\n                    <div class=\"container\">\r\n                        \r\n                        <div class=\"text-modules__content\"><\/p>\n<p>The purpose of mediation is not to make a decision or determine who is right in a dispute. The aim is to develop a binding solution, acceptable to both parties, which will stabilise the current situation and allow to continue to function within the University community.<\/p>\n<p>\n<\/div>\r\n                    <\/div>\r\n                <\/div>[\/vc_column][\/vc_row][vc_row content_placement=&#8221;top&#8221; disable_element=&#8221;yes&#8221; el_class=&#8221;container&#8221;][vc_column width=&#8221;5\/6&#8243;][vc_empty_space height=&#8221;30px&#8221;][vc_empty_space height=&#8221;30px&#8221;]\r\n                <div class=\"text-modules\">\r\n                    <div class=\"container\">\r\n                        \r\n                        <div class=\"text-modules__content\"><\/p>\n<p><span style=\"font-weight: 400;\">Rzecznik (RPSiD) mo\u017ce:\u00a0<\/span><\/p>\n<ol>\n<li><span style=\"font-weight: 400;\"> na \u017cyczenie studenta lub doktoranta przeprowadzi\u0107 mediacj\u0119 pomi\u0119dzy nim a nauczycielem akademickim,\u00a0<\/span><\/li>\n<li><span style=\"font-weight: 400;\"> a tak\u017ce\u00a0przeprowadzi\u0107 mediacj\u0119 w wypadku sporu pomi\u0119dzy studentami i\/lub sporu pomi\u0119dzy doktorantami. <\/span><\/li>\n<\/ol>\n<p>\n<\/div>\r\n                    <\/div>\r\n                <\/div>[vc_empty_space height=&#8221;30px&#8221;][\/vc_column][vc_column width=&#8221;1\/6&#8243;][\/vc_column][\/vc_row][vc_row content_placement=&#8221;top&#8221; disable_element=&#8221;yes&#8221; el_class=&#8221;container&#8221;][vc_column width=&#8221;5\/6&#8243;][vc_icon icon_fontawesome=&#8221;fas fa-info-circle&#8221; color=&#8221;custom&#8221; background_style=&#8221;rounded-outline&#8221; background_color=&#8221;custom&#8221; size=&#8221;lg&#8221; el_class=&#8221;bg-blue&#8221;][\/vc_column][\/vc_row][vc_row content_placement=&#8221;top&#8221; disable_element=&#8221;yes&#8221; el_class=&#8221;container&#8221;][vc_column width=&#8221;1\/12&#8243;][vc_icon icon_fontawesome=&#8221;far fa-handshake&#8221; color=&#8221;custom&#8221; background_style=&#8221;rounded-outline&#8221; background_color=&#8221;custom&#8221; size=&#8221;xl&#8221;][vc_empty_space height=&#8221;30px&#8221;][\/vc_column][vc_column width=&#8221;9\/12&#8243;]\r\n                <div class=\"text-modules\">\r\n                    <div class=\"container\">\r\n                        \r\n                        <div class=\"text-modules__content\"><\/p>\n<p class=\"example\">Mediacja to metoda rozwi\u0105zywania spor\u00f3w zak\u0142adaj\u0105ca <strong>zgod\u0119<\/strong> wszystkich stron na jej podj\u0119cie: uczestnicy mediacji maj\u0105 wp\u0142yw na jej rozpocz\u0119cie, jej przebieg i jej wynik.<\/p>\n<p>\n<\/div>\r\n                    <\/div>\r\n                <\/div>[\/vc_column][\/vc_row][vc_row content_placement=&#8221;top&#8221; disable_element=&#8221;yes&#8221; el_class=&#8221;container&#8221;][vc_column width=&#8221;5\/6&#8243;]\r\n                <div class=\"text-modules\">\r\n                    <div class=\"container\">\r\n                        \r\n                        <div class=\"text-modules__content\"><\/p>\n<p>Je\u017celi potrzebujesz mediacji, napisz o tym w <a href=\"https:\/\/us.edu.pl\/ksztalcenie\/rpsid\/jak-zglosic-sprawe\/\">wiadomo\u015bci e-mail do RPSiD<\/a>. Je\u017celi mediacja oka\u017ce si\u0119 niemo\u017cliwa, Rzecznik przeanalizuje spraw\u0119 i w miar\u0119 mo\u017cliwo\u015bci wska\u017ce Ci inne \u015bcie\u017cki rozwi\u0105zania Twojego problemu.<\/p>\n<p>\n<\/div>\r\n                    <\/div>\r\n                <\/div>\r\n                <div class=\"text-modules\">\r\n                    <div class=\"container\">\r\n                        \r\n                        <div class=\"text-modules__content\"><\/p>\n<p>W ramach mediacji omawia si\u0119 r\u00f3\u017cne mo\u017cliwo\u015bci wyj\u015bcia ze sporu. Sam proces mediacji mo\u017ce r\u00f3wnie\u017c pom\u00f3c stronom inaczej spojrze\u0107 na wcze\u015bniejsze, negatywne do\u015bwiadczenia \u2013 mediacja pozwala bowiem obu stronom dostrzec wzajemne potrzeby i interesy. Stanowi zaproszenie do merytorycznej rozmowy ku zneutralizowaniu problemu.<\/p>\n<p>\n<\/div>\r\n                    <\/div>\r\n                <\/div>\r\n                <div class=\"text-modules\">\r\n                    <div class=\"container\">\r\n                        \r\n                        <div class=\"text-modules__content\"><\/p>\n<h3>Kiedy mediacja mo\u017ce by\u0107 pomocna?<\/h3>\n<ol>\n<li>Kiedy stronom zale\u017cy na dalszej wsp\u00f3\u0142pracy po zako\u0144czeniu sporu lub wci\u0105\u017c b\u0119d\u0105 one funkcjonowa\u0142y w jednej przestrzeni;<\/li>\n<li>Kiedy konflikt jest w jednej z faz pocz\u0105tkowych, a strony nie podj\u0119\u0142y jeszcze istotnych dzia\u0142a\u0144 w celu realizacji swoich opozycyjnych interes\u00f3w;<\/li>\n<li>Kiedy stronom zale\u017cy na tym, aby ich perspektywa zosta\u0142a zrozumiana. Kiedy strony oczekuj\u0105 zmiany postaw i zachowa\u0144;<\/li>\n<li>Kiedy brakuje twardych narz\u0119dzi, kt\u00f3re mo\u017cna by wykorzysta\u0107. Czasem dotyczy to braku skutecznych narz\u0119dzi prawnych;<\/li>\n<li>Kiedy w sporze wa\u017cn\u0105 rol\u0119 odgrywaj\u0105 kwestie mi\u0119dzykulturowe, \u015bwiatopogl\u0105dowe.<\/li>\n<\/ol>\n<p>\n<\/div>\r\n                    <\/div>\r\n                <\/div>\r\n                <div class=\"text-modules\">\r\n                    <div class=\"container\">\r\n                        \r\n                        <div class=\"text-modules__content\"><\/p>\n<h3>Cel mediacji<\/h3>\n<p>\n<\/div>\r\n                    <\/div>\r\n                <\/div>\r\n                <div class=\"text-modules\">\r\n                    <div class=\"container\">\r\n                        \r\n                        <div class=\"text-modules__content\"><\/p>\n<p>Celem mediacji nie jest wydanie decyzji czy ustalenie, kto ma racj\u0119 w sporze. Celem jest wypracowanie wi\u0105\u017c\u0105cego rozwi\u0105zania, akceptowalnego dla ka\u017cdej ze stron, kt\u00f3re pozwoli ustabilizowa\u0107 dotychczasow\u0105 sytuacj\u0119 i dalej funkcjonowa\u0107 we wsp\u00f3lnocie Uniwersytetu.<\/p>\n<p>\n<\/div>\r\n                    <\/div>\r\n                <\/div>[\/vc_column][\/vc_row][vc_row el_class=&#8221;container&#8221;][vc_column width=&#8221;1\/12&#8243;][\/vc_column][vc_column width=&#8221;10\/12&#8243;]<div class=\"container\"><div class=\"separator\" style=\"background-color: #002E5A\"><\/div><\/div>\r\n                <div class='sidebar_moduls sidebar_button' style=\"background-color: #EBEBEB; color: #002E5A\">\r\n                    <h3>How to report your case?<\/h3>\r\n                    <div class='link-button-wrap'><a style=\"background-color: #002E5A!important; color: #FFFFFF!important\" href='https:\/\/us.edu.pl\/ksztalcenie\/rpsid\/jak-zglosic-sprawe\/' class='link-button'>contact<\/a><\/div>\r\n                <\/div>[\/vc_column][vc_column width=&#8221;1\/12&#8243;][\/vc_column][\/vc_row]<\/p>\n<p><\/p>","protected":false},"excerpt":{"rendered":"<p>[vc_row css=&#8221;.vc_custom_1674213290065{margin-top: 0px !important;}&#8221; el_class=&#8221;container&#8221;][vc_column el_class=&#8221;container&#8221;][vc_wp_text el_class=&#8221;text-modules__content&#8221;] Student and PhD Student Ombudsperson [\/vc_wp_text][\/vc_column][\/vc_row][vc_row content_placement=&#8221;middle&#8221; css=&#8221;.vc_custom_1605693914053{padding-top: 0px !important;padding-right: 0px !important;padding-bottom: 0px !important;padding-left: 0px !important;}&#8221; el_class=&#8221;container&#8221;][vc_column el_class=&#8221;bg-gray&#8221;][vc_empty_space height=&#8221;20px&#8221;][\/vc_column][\/vc_row][vc_row css=&#8221;.vc_custom_1605693872081{margin-top: 0px !important;}&#8221; el_class=&#8221;container&#8221;][vc_column][\/vc_column][\/vc_row][vc_row css=&#8221;.vc_custom_1605693872081{margin-top: 0px !important;}&#8221; el_class=&#8221;container&#8221;][vc_column][\/vc_column][\/vc_row][vc_row content_placement=&#8221;top&#8221; el_class=&#8221;container&#8221;][vc_column width=&#8221;2\/6&#8243;][\/vc_column][vc_column width=&#8221;3\/6&#8243;][vc_icon icon_fontawesome=&#8221;fas fa-info-circle&#8221; color=&#8221;custom&#8221; background_style=&#8221;rounded-outline&#8221; background_color=&#8221;custom&#8221; size=&#8221;lg&#8221; el_class=&#8221;bg-blue&#8221;][\/vc_column][\/vc_row][vc_row css=&#8221;.vc_custom_1605693872081{margin-top: 0px !important;}&#8221; el_class=&#8221;container&#8221;][vc_column][\/vc_column][\/vc_row][vc_row content_placement=&#8221;top&#8221; el_class=&#8221;container&#8221;][vc_column width=&#8221;2\/6&#8243;][\/vc_column][vc_column width=&#8221;3\/6&#8243;][\/vc_column][\/vc_row][vc_row css=&#8221;.vc_custom_1605693872081{margin-top: 0px [&#8230;]<\/p>\n<p><a class=\"btn btn-secondary understrap-read-more-link\" href=\"https:\/\/us.edu.pl\/en\/ksztalcenie\/rpsid\/warto-wiedziec\/mediacje-w-konfliktach\/\">Read More&#8230;<\/a><\/p>\n","protected":false},"author":26,"featured_media":131992,"parent":166091,"menu_order":0,"comment_status":"closed","ping_status":"closed","template":"","meta":{"_expiration-date-status":"","_expiration-date":0,"_expiration-date-type":"","_expiration-date-categories":[],"_expiration-date-options":[]},"acf":[],"_links":{"self":[{"href":"https:\/\/us.edu.pl\/en\/wp-json\/wp\/v2\/pages\/166731"}],"collection":[{"href":"https:\/\/us.edu.pl\/en\/wp-json\/wp\/v2\/pages"}],"about":[{"href":"https:\/\/us.edu.pl\/en\/wp-json\/wp\/v2\/types\/page"}],"author":[{"embeddable":true,"href":"https:\/\/us.edu.pl\/en\/wp-json\/wp\/v2\/users\/26"}],"replies":[{"embeddable":true,"href":"https:\/\/us.edu.pl\/en\/wp-json\/wp\/v2\/comments?post=166731"}],"version-history":[{"count":2,"href":"https:\/\/us.edu.pl\/en\/wp-json\/wp\/v2\/pages\/166731\/revisions"}],"predecessor-version":[{"id":167392,"href":"https:\/\/us.edu.pl\/en\/wp-json\/wp\/v2\/pages\/166731\/revisions\/167392"}],"up":[{"embeddable":true,"href":"https:\/\/us.edu.pl\/en\/wp-json\/wp\/v2\/pages\/166091"}],"wp:featuredmedia":[{"embeddable":true,"href":"https:\/\/us.edu.pl\/en\/wp-json\/wp\/v2\/media\/131992"}],"wp:attachment":[{"href":"https:\/\/us.edu.pl\/en\/wp-json\/wp\/v2\/media?parent=166731"}],"curies":[{"name":"wp","href":"https:\/\/api.w.org\/{rel}","templated":true}]}}