{"id":167312,"date":"2023-02-09T16:31:50","date_gmt":"2023-02-09T15:31:50","guid":{"rendered":"https:\/\/us.edu.pl\/?page_id=167312"},"modified":"2023-05-25T12:30:51","modified_gmt":"2023-05-25T10:30:51","slug":"przeciwdzialanie-molestowaniu-seksualnemu","status":"publish","type":"page","link":"https:\/\/us.edu.pl\/en\/uczelnia\/rowne-traktowanie\/przeciwdzialanie-molestowaniu-seksualnemu\/","title":{"rendered":"preventing sexual harassment"},"content":{"rendered":"<p><\/p>\n<p>[vc_row el_class=&#8221;container&#8221;][vc_column css=&#8221;.vc_custom_1637852821661{margin-top: -30px !important;}&#8221;][vc_custom_heading source=&#8221;post_title&#8221; font_container=&#8221;tag:h2|font_size:3.2em|text_align:left&#8221; use_theme_fonts=&#8221;yes&#8221; el_class=&#8221;page-title text__title; container&#8221;][vc_btn title=&#8221;back to the site: equal treatment&#8221; style=&#8221;outline-custom&#8221; outline_custom_color=&#8221;#666666&#8243; outline_custom_hover_background=&#8221;#666666&#8243; outline_custom_hover_text=&#8221;#ffffff&#8221; shape=&#8221;round&#8221; size=&#8221;lg&#8221; align=&#8221;right&#8221; i_align=&#8221;right&#8221; i_icon_fontawesome=&#8221;&#8221; add_icon=&#8221;true&#8221; link=&#8221;url:%2Fuczelnia%2Frowne-traktowanie%2F|title:Przejd%C5%BA%20do%20strony%20R%C3%93WNE%20TRAKTOWANIE||&#8221; css=&#8221;.vc_custom_1677157900703{margin-bottom: 5px !important;margin-left: 10px !important;}&#8221;][\/vc_column][\/vc_row][vc_row css=&#8221;.vc_custom_1637920273861{margin-top: -60px !important;}&#8221;][vc_column parallax=&#8221;content-moving&#8221; parallax_image=&#8221;149936&#8243; parallax_speed_bg=&#8221;1&#8243; css=&#8221;.vc_custom_1642436088098{margin-top: 200px !important;margin-bottom: 200px !important;}&#8221;][vc_custom_heading text=&#8221;&#8221; font_container=&#8221;tag:p|font_size:4em|text_align:left|color:%23ffffff&#8221; use_theme_fonts=&#8221;yes&#8221; el_class=&#8221;page-title text__title; container&#8221;][\/vc_column][\/vc_row][vc_row el_class=&#8221;container&#8221; css=&#8221;.vc_custom_1637854211906{background-color: #f2f2f2 !important;}&#8221;][vc_column][vc_empty_space][vc_empty_space height=&#8221;50px&#8221;]\r\n                <div class=\"text-modules\">\r\n                    <div class=\"container\">\r\n                        <h3 class=\"page-title text__title\">Plenipotentiary of the Rector for Preventing Sexual Harassment<\/h3>\r\n                        <div class=\"text-modules__content\"><\/div>\r\n                    <\/div>\r\n                <\/div>[vc_row_inner content_placement=&#8221;middle&#8221;][vc_column_inner width=&#8221;1\/3&#8243;][vc_single_image image=&#8221;167316&#8243; img_size=&#8221;large&#8221; add_caption=&#8221;yes&#8221; alignment=&#8221;center&#8221; style=&#8221;vc_box_outline_circle_2&#8243;][\/vc_column_inner][vc_column_inner width=&#8221;2\/3&#8243;]\r\n                <div class=\"text-modules\">\r\n                    <div class=\"container\">\r\n                        \r\n                        <div class=\"text-modules__content\"><\/p>\n<p><strong>My name is Dagna Kocur; since 1 January 2023, I have been acting as the Plenipotentiary of the Rector for Preventing Sexual Harassment at the University of Silesia.<\/strong><\/p>\n<p>I am a psychologist and have been working at the USil Institute of Psychology since 2010. I carry out research and classes in sexology, communication and social psychology. I have completed postgraduate studies in clinical sexology and mindfulness, as well as numerous psychotherapy courses.<\/p>\n<p>For years, I have been assisting people in our community through all kinds of hardships and difficulties. I also carry out classes in mindfulness meditation which may be an invaluable support in those tough moments. Apart from that, I am a member of the Student and PhD Student Ombudsperson team.<\/p>\n<p>\n<\/div>\r\n                    <\/div>\r\n                <\/div>[\/vc_column_inner][\/vc_row_inner][vc_empty_space][\/vc_column][\/vc_row][vc_row el_class=&#8221;container&#8221;][vc_column][vc_empty_space][vc_row_inner][vc_column_inner css=&#8221;.vc_custom_1675961980416{border-bottom-width: 3px !important;border-left-width: 3px !important;background-position: center !important;background-repeat: no-repeat !important;background-size: contain !important;border-left-style: dotted !important;border-bottom-style: dotted !important;border-radius: 3px !important;}&#8221;]\r\n                <div class=\"text-modules\">\r\n                    <div class=\"container\">\r\n                        \r\n                        <div class=\"text-modules__content\"><\/p>\n<p><strong>List of issues <\/strong><\/p>\n<ul>\n<li><a title=\"przejd\u017a do sekcji informacyjnej\" href=\"https:\/\/us.edu.pl\/en\/uczelnia\/rowne-traktowanie\/czym-jest-molestowanie\/czym-jest-molestowanie\/\">What is harassment?<\/a><\/li>\n<li><a title=\"poznaj zakres zada\u0144 pe\u0142nomocniczki\" href=\"#zadania\">Plenipotentiary duties<\/a><\/li>\n<li><a title=\"poznaj zakres pomocy\" href=\"#pomoc\">How can I help?<\/a><\/li>\n<li><a title=\"zg\u0142oszenia spraw\" href=\"#jak-zglosic-sprawe\">How to report a case?<\/a><\/li>\n<li><a title=\"jak mo\u017cesz si\u0119 skontaktowa\u0107 z pe\u0142nomocniczk\u0105?\" href=\"#kontakt\">Contact details<\/a><\/li>\n<\/ul>\n<p>\n<\/div>\r\n                    <\/div>\r\n                <\/div>[\/vc_column_inner][\/vc_row_inner][vc_empty_space]\r\n                <div class=\"text-modules\">\r\n                    <div class=\"container\">\r\n                        \r\n                        <div class=\"text-modules__content\"><\/p>\n<h4><a id=\"zadania\"><\/a>Plenipotentiary duties<\/h4>\n<p>\n<\/div>\r\n                    <\/div>\r\n                <\/div>[vc_row_inner gap=&#8221;35&#8243;][vc_column_inner width=&#8221;2\/3&#8243; css=&#8221;.vc_custom_1675960444392{margin-right: 50px !important;margin-bottom: 50px !important;margin-left: 50px !important;background-position: center !important;background-repeat: no-repeat !important;background-size: contain !important;}&#8221;]\r\n                <div class=\"text-modules\">\r\n                    <div class=\"container\">\r\n                        \r\n                        <div class=\"text-modules__content\"><\/p>\n<p><strong>The scope of my duties as the Plenipotentiary of the Rector for Preventing Sexual Harassment includes:<\/strong><\/p>\n<ol>\n<li>Receiving reports on sexual harassment.<\/li>\n<li>Carrying out an initial analysis of the reported cases.<\/li>\n<li>Providing information on the possible measures to be taken towards the cases reported at the University as well as the formal and legal aspects of the reports.<\/li>\n<li>Informing the Rector about the received reports.<\/li>\n<li>Providing psychological support to the reporting people.<\/li>\n<li>Providing guidance to the reporting people in procedures and course of actions adopted at the University.<\/li>\n<li>Initiating response procedures to the reported cases.<\/li>\n<li>Providing help and support to executive and non-executive entities at the University in educational, disciplinary and corrective actions against the perpetrator.<\/li>\n<li>Proposing solutions for preventing sexual harassment.<\/li>\n<li>Participating in research and assessments concerning the issue of sexual harassment at the University.<\/li>\n<li>Cooperating with intervention entities in cases of violating the policy of equality and respect for diversity.<\/li>\n<li>Cooperating with the Committee for Equality and Diversity Affairs.<\/li>\n<\/ol>\n<p>\n<\/div>\r\n                    <\/div>\r\n                <\/div>[\/vc_column_inner][\/vc_row_inner]\r\n                <div class=\"text-modules\">\r\n                    <div class=\"container\">\r\n                        \r\n                        <div class=\"text-modules__content\"><\/p>\n<h4><a id=\"pomoc\"><\/a>How can I help?<\/h4>\n<p>\n<\/div>\r\n                    <\/div>\r\n                <\/div>[vc_row_inner gap=&#8221;35&#8243;][vc_column_inner width=&#8221;2\/3&#8243; css=&#8221;.vc_custom_1675960444392{margin-right: 50px !important;margin-bottom: 50px !important;margin-left: 50px !important;background-position: center !important;background-repeat: no-repeat !important;background-size: contain !important;}&#8221;]\r\n                <div class=\"text-modules\">\r\n                    <div class=\"container\">\r\n                        \r\n                        <div class=\"text-modules__content\"><\/p>\n<ul>\n<li>I provide support to employees, students and PhD students of the University of Silesia in the event of being a victim or witness of sexual harassment;<\/li>\n<li>I provide help in analysing the situation and support in making further decisions;<\/li>\n<li>I determine\u2014along with the victim of sexual harassment\u2014an optimal for them manner of taking further action;<\/li>\n<li>I provide help and support in clarifying the situation and informing the superiors and University authorities;<\/li>\n<li>I present information about the law on sexual offences and the labour law in regard to preventing sexual harassment in force in Poland;<\/li>\n<li>I may recommend other USil experts or an organisation or institute outside the University that might be of help in the event the reported problem lies beyond my competencies;<\/li>\n<li>I provide support in further stages of the proceedings within the taken measures.<\/li>\n<\/ul>\n<p>\n<\/div>\r\n                    <\/div>\r\n                <\/div>[\/vc_column_inner][\/vc_row_inner]\r\n                <div class=\"text-modules\">\r\n                    <div class=\"container\">\r\n                        \r\n                        <div class=\"text-modules__content\"><\/p>\n<h4><a id=\"jak-zglosic-sprawe\"><\/a>How to report a case?<\/h4>\n<p>\n<\/div>\r\n                    <\/div>\r\n                <\/div>[vc_row_inner gap=&#8221;35&#8243;][vc_column_inner width=&#8221;2\/3&#8243; css=&#8221;.vc_custom_1675960444392{margin-right: 50px !important;margin-bottom: 50px !important;margin-left: 50px !important;background-position: center !important;background-repeat: no-repeat !important;background-size: contain !important;}&#8221;]\r\n                <div class=\"text-modules\">\r\n                    <div class=\"container\">\r\n                        \r\n                        <div class=\"text-modules__content\"><\/p>\n<p>Feel free to contact me in the event you have witnessed or experienced a situation that was or is perceived as a violation of sexual sphere or dignity in sexual sphere.<\/p>\n<p>\n<\/div>\r\n                    <\/div>\r\n                <\/div>[\/vc_column_inner][\/vc_row_inner]\r\n                <div class=\"text-modules\">\r\n                    <div class=\"container\">\r\n                        \r\n                        <div class=\"text-modules__content\"><\/p>\n<h4><a id=\"kontakt\"><\/a>Contact details<\/h4>\n<p>\n<\/div>\r\n                    <\/div>\r\n                <\/div>[vc_row_inner gap=&#8221;35&#8243;][vc_column_inner width=&#8221;2\/3&#8243; css=&#8221;.vc_custom_1675960444392{margin-right: 50px !important;margin-bottom: 50px !important;margin-left: 50px !important;background-position: center !important;background-repeat: no-repeat !important;background-size: contain !important;}&#8221;]\r\n                <div class=\"text-modules\">\r\n                    <div class=\"container\">\r\n                        \r\n                        <div class=\"text-modules__content\"><\/p>\n<p><b>You can report the cases: <\/b><\/p>\n<ul>\n<li>via e-mail to <a href=\"mailto:ppms@us.edu.pl\">ppms@us.edu.pl<\/a>,<\/li>\n<li>via phone: +48 451 057 918,<\/li>\n<li>during office hours:<br \/>\non Wednesdays at 6-7 p.m. at the Faculty of Law and Administration at ul. Bankowa 11B, 40-007 Katowice, room 2.42.<\/li>\n<\/ul>\n<p>\n<\/div>\r\n                    <\/div>\r\n                <\/div>[\/vc_column_inner][\/vc_row_inner][\/vc_column][\/vc_row][vc_row el_class=&#8221;container&#8221;][vc_column][vc_btn title=&#8221;back to the site: equal treatment&#8221; style=&#8221;outline-custom&#8221; outline_custom_color=&#8221;#666666&#8243; outline_custom_hover_background=&#8221;#666666&#8243; outline_custom_hover_text=&#8221;#ffffff&#8221; shape=&#8221;round&#8221; size=&#8221;lg&#8221; align=&#8221;right&#8221; i_align=&#8221;right&#8221; i_icon_fontawesome=&#8221;&#8221; add_icon=&#8221;true&#8221; link=&#8221;url:%2Fuczelnia%2Frowne-traktowanie%2F|title:Przejd%C5%BA%20do%20strony%20R%C3%93WNE%20TRAKTOWANIE||&#8221; css=&#8221;.vc_custom_1677158231488{margin-bottom: 5px !important;margin-left: 10px !important;}&#8221;][\/vc_column][\/vc_row][vc_row disable_element=&#8221;yes&#8221;][vc_column][vc_btn title=&#8221;Zapoznaj si\u0119 z polityk\u0105 antymobbingow\u0105 Uniwersytetu \u015al\u0105skiego `{`pdf`}`&#8221; style=&#8221;outline-custom&#8221; outline_custom_color=&#8221;#002a5e&#8221; outline_custom_hover_background=&#8221;#002a5e&#8221; outline_custom_hover_text=&#8221;#ffffff&#8221; shape=&#8221;round&#8221; size=&#8221;lg&#8221; align=&#8221;left&#8221; i_align=&#8221;right&#8221; i_icon_fontawesome=&#8221;&#8221; add_icon=&#8221;true&#8221; link=&#8221;url:https%3A%2F%2Fus.edu.pl%2Fpracownik%2Fwp-content%2Fuploads%2Fsites%2F2%2Fpracownik%2Fzalacznik_nr_2_do-Regulaminu-pracy-US-Polityka-antymobbingowa.pdf|title:Dokument%20PDF|target:_blank&#8221; css=&#8221;.vc_custom_1674210104583{margin-bottom: 5px !important;margin-left: 10px !important;}&#8221;][\/vc_column][\/vc_row]<\/p>\n<p><\/p>","protected":false},"excerpt":{"rendered":"<p>[vc_row el_class=&#8221;container&#8221;][vc_column css=&#8221;.vc_custom_1637852821661{margin-top: -30px !important;}&#8221;][vc_custom_heading source=&#8221;post_title&#8221; font_container=&#8221;tag:h2|font_size:3.2em|text_align:left&#8221; use_theme_fonts=&#8221;yes&#8221; el_class=&#8221;page-title text__title; container&#8221;][vc_btn title=&#8221;back to the site: equal treatment&#8221; style=&#8221;outline-custom&#8221; outline_custom_color=&#8221;#666666&#8243; outline_custom_hover_background=&#8221;#666666&#8243; outline_custom_hover_text=&#8221;#ffffff&#8221; shape=&#8221;round&#8221; size=&#8221;lg&#8221; align=&#8221;right&#8221; i_align=&#8221;right&#8221; i_icon_fontawesome=&#8221;&#8221; add_icon=&#8221;true&#8221; link=&#8221;url:%2Fuczelnia%2Frowne-traktowanie%2F|title:Przejd%C5%BA%20do%20strony%20R%C3%93WNE%20TRAKTOWANIE||&#8221; css=&#8221;.vc_custom_1677157900703{margin-bottom: 5px !important;margin-left: 10px !important;}&#8221;][\/vc_column][\/vc_row][vc_row css=&#8221;.vc_custom_1637920273861{margin-top: -60px !important;}&#8221;][vc_column parallax=&#8221;content-moving&#8221; parallax_image=&#8221;149936&#8243; parallax_speed_bg=&#8221;1&#8243; css=&#8221;.vc_custom_1642436088098{margin-top: 200px !important;margin-bottom: 200px !important;}&#8221;][vc_custom_heading text=&#8221;&#8221; font_container=&#8221;tag:p|font_size:4em|text_align:left|color:%23ffffff&#8221; use_theme_fonts=&#8221;yes&#8221; el_class=&#8221;page-title text__title; container&#8221;][\/vc_column][\/vc_row][vc_row el_class=&#8221;container&#8221; css=&#8221;.vc_custom_1637854211906{background-color: #f2f2f2 !important;}&#8221;][vc_column][vc_empty_space][vc_empty_space height=&#8221;50px&#8221;][vc_row_inner [&#8230;]<\/p>\n<p><a class=\"btn btn-secondary understrap-read-more-link\" href=\"https:\/\/us.edu.pl\/en\/uczelnia\/rowne-traktowanie\/przeciwdzialanie-molestowaniu-seksualnemu\/\">Read More&#8230;<\/a><\/p>\n","protected":false},"author":26,"featured_media":149936,"parent":147305,"menu_order":0,"comment_status":"closed","ping_status":"closed","template":"","meta":{"_expiration-date-status":"","_expiration-date":0,"_expiration-date-type":"","_expiration-date-categories":[],"_expiration-date-options":[]},"acf":[],"_links":{"self":[{"href":"https:\/\/us.edu.pl\/en\/wp-json\/wp\/v2\/pages\/167312"}],"collection":[{"href":"https:\/\/us.edu.pl\/en\/wp-json\/wp\/v2\/pages"}],"about":[{"href":"https:\/\/us.edu.pl\/en\/wp-json\/wp\/v2\/types\/page"}],"author":[{"embeddable":true,"href":"https:\/\/us.edu.pl\/en\/wp-json\/wp\/v2\/users\/26"}],"replies":[{"embeddable":true,"href":"https:\/\/us.edu.pl\/en\/wp-json\/wp\/v2\/comments?post=167312"}],"version-history":[{"count":8,"href":"https:\/\/us.edu.pl\/en\/wp-json\/wp\/v2\/pages\/167312\/revisions"}],"predecessor-version":[{"id":171507,"href":"https:\/\/us.edu.pl\/en\/wp-json\/wp\/v2\/pages\/167312\/revisions\/171507"}],"up":[{"embeddable":true,"href":"https:\/\/us.edu.pl\/en\/wp-json\/wp\/v2\/pages\/147305"}],"wp:featuredmedia":[{"embeddable":true,"href":"https:\/\/us.edu.pl\/en\/wp-json\/wp\/v2\/media\/149936"}],"wp:attachment":[{"href":"https:\/\/us.edu.pl\/en\/wp-json\/wp\/v2\/media?parent=167312"}],"curies":[{"name":"wp","href":"https:\/\/api.w.org\/{rel}","templated":true}]}}