{"id":168526,"date":"2023-03-14T20:25:44","date_gmt":"2023-03-14T19:25:44","guid":{"rendered":"https:\/\/us.edu.pl\/?page_id=168526"},"modified":"2023-12-05T12:43:03","modified_gmt":"2023-12-05T11:43:03","slug":"uczelnie-przyszlosci","status":"publish","type":"page","link":"https:\/\/us.edu.pl\/en\/ksztalcenie\/projekty-edukacyjne\/dla-studentow\/uczelnie-przyszlosci\/","title":{"rendered":"Uczelnie Przysz\u0142o\u015bci \u2013 nowe mo\u017cliwo\u015bci w zakresie kszta\u0142cenia"},"content":{"rendered":"<p class=\"qtranxs-available-languages-message qtranxs-available-languages-message-en\">Sorry, this entry is only available in <a href=\"https:\/\/us.edu.pl\/pl\/wp-json\/wp\/v2\/pages\/168526\" class=\"qtranxs-available-language-link qtranxs-available-language-link-pl\" title=\"Polski\">Polish<\/a>.<\/p>","protected":false},"excerpt":{"rendered":"<p>Sorry, this entry is only available in Polish. [&#8230;]<\/p>\n<p><a class=\"btn btn-secondary understrap-read-more-link\" href=\"https:\/\/us.edu.pl\/en\/ksztalcenie\/projekty-edukacyjne\/dla-studentow\/uczelnie-przyszlosci\/\">Read More&#8230;<\/a><\/p>\n","protected":false},"author":26,"featured_media":0,"parent":74825,"menu_order":0,"comment_status":"closed","ping_status":"closed","template":"","meta":{"_expiration-date-status":"","_expiration-date":0,"_expiration-date-type":"","_expiration-date-categories":[],"_expiration-date-options":[]},"acf":[],"_links":{"self":[{"href":"https:\/\/us.edu.pl\/en\/wp-json\/wp\/v2\/pages\/168526"}],"collection":[{"href":"https:\/\/us.edu.pl\/en\/wp-json\/wp\/v2\/pages"}],"about":[{"href":"https:\/\/us.edu.pl\/en\/wp-json\/wp\/v2\/types\/page"}],"author":[{"embeddable":true,"href":"https:\/\/us.edu.pl\/en\/wp-json\/wp\/v2\/users\/26"}],"replies":[{"embeddable":true,"href":"https:\/\/us.edu.pl\/en\/wp-json\/wp\/v2\/comments?post=168526"}],"version-history":[{"count":0,"href":"https:\/\/us.edu.pl\/en\/wp-json\/wp\/v2\/pages\/168526\/revisions"}],"up":[{"embeddable":true,"href":"https:\/\/us.edu.pl\/en\/wp-json\/wp\/v2\/pages\/74825"}],"wp:attachment":[{"href":"https:\/\/us.edu.pl\/en\/wp-json\/wp\/v2\/media?parent=168526"}],"curies":[{"name":"wp","href":"https:\/\/api.w.org\/{rel}","templated":true}]}}