{"id":172321,"date":"2023-06-19T11:36:07","date_gmt":"2023-06-19T09:36:07","guid":{"rendered":"https:\/\/us.edu.pl\/?page_id=172321"},"modified":"2025-06-25T11:11:21","modified_gmt":"2025-06-25T09:11:21","slug":"nominowani","status":"publish","type":"page","link":"https:\/\/us.edu.pl\/en\/nagrodapietera\/nominowani\/","title":{"rendered":"Nominees"},"content":{"rendered":"<p><\/p>\n<p>[vc_row][vc_column][vc_column_text][\/vc_column_text][\/vc_column][\/vc_row][vc_row content_placement=&#8221;bottom&#8221; el_class=&#8221;container&#8221;][vc_column css=&#8221;.vc_custom_1678681991625{margin-bottom: 5px !important;}&#8221;][vc_column_text css=&#8221;.vc_custom_1687166534066{margin-top: 0px !important;margin-right: 0px !important;margin-bottom: 0px !important;margin-left: 0px !important;padding-top: 0px !important;padding-right: 0px !important;padding-bottom: 0px !important;padding-left: 0px !important;background-position: center !important;background-repeat: no-repeat !important;background-size: contain !important;}&#8221;]<\/p>\n<p><img class=\"alignnone wp-image-163107 verticalLine\" style=\"margin-right: 10px;\" src=\"https:\/\/us.edu.pl\/wp-content\/uploads\/obrazki-stron\/nagroda-pietera\/Pieter_glowna.png\" alt=\"Nagroda im. Profesora J\u00f3zefa Pietera dla nauczyciela 2022\u20132023\" width=\"200\" height=\"auto\" \/><\/p>\n<p>[\/vc_column_text][\/vc_column][\/vc_row][vc_row content_placement=&#8221;bottom&#8221; el_class=&#8221;container&#8221;][vc_column css=&#8221;.vc_custom_1678681991625{margin-bottom: 5px !important;}&#8221;][vc_wp_custommenu nav_menu=&#8221;386&#8243; el_id=&#8221;navi&#8221; el_class=&#8221;container bg-gray&#8221;][vc_raw_html]JTNDaDIlMjBjbGFzcyUzRCUyMnBhZ2UtdGl0bGUlMjBjb250YWluZXIlMjIlM0VOb21pbmVlcyUzQyUyRmgyJTNF[\/vc_raw_html][\/vc_column][\/vc_row][vc_row el_class=&#8221;container&#8221;][vc_column]\r\n                <div class=\"text-modules\">\r\n                    <div class=\"container\">\r\n                        \r\n                        <div class=\"text-modules__content\"><\/p>\n<p>After establishing the competition and informing all primary and secondary schools in the Silesian Voivodeship, teacher training centres, pedagogical libraries, education departments of cities and counties, as well as students and employees of the University of Silesia, almost a hundred applications from the entire voivodeship were submitted, proposing individuals who fit in with the values \u200b\u200bclose to the patron of the award.\u00a0<\/p>\n<p>After a meticulous analysis of the competition applications and several hours of deliberation, the jury of the award selected five nominees, from which the winner will be selected. The name of this person will be announced during a ceremony on the National Education Day, 14 October 2023, which will take place at Teatr \u015al\u0105ski im. Stanis\u0142awa Wyspia\u0144skiego [Stanis\u0142aw Wyspia\u0144ski Silesian Theatre] in Katowice. We invite you to participate in this event and, above all, to familiarise yourself with the profiles of the nominees.<\/p>\n<p>\n<\/div>\r\n                    <\/div>\r\n                <\/div>[vc_row_inner][vc_column_inner css=&#8221;.vc_custom_1687168545389{border-left-width: 5px !important;border-left-color: #9c242d !important;border-left-style: solid !important;border-radius: 5px !important;}&#8221;]\r\n                <div class=\"text-modules\">\r\n                    <div class=\"container\">\r\n                        \r\n                        <div class=\"text-modules__content\"><\/p>\n<h3><b>Nominated for the Professor J\u00f3zef Pieter Award in the 1st edition of the competition <\/b><\/h3>\n<p>\n<\/div>\r\n                    <\/div>\r\n                <\/div>[\/vc_column_inner][\/vc_row_inner][\/vc_column][\/vc_row][vc_row el_class=&#8221;container&#8221;][vc_column width=&#8221;1\/3&#8243; el_class=&#8221;foto&#8221; css=&#8221;.vc_custom_1686557045584{padding-top: 20px !important;}&#8221;]\r\n                <div class=\"text-modules\">\r\n                    <div class=\"container\">\r\n                        \r\n                        <div class=\"text-modules__content\"><\/p>\n<p><img class=\"alignnone size-full wp-image-172338\" src=\"https:\/\/us.edu.pl\/wp-content\/uploads\/obrazki-stron\/nagroda-pietera\/Krzysztof-Smyczek.jpg\" alt=\"Krzysztof Smyczek\" width=\"100%\" height=\"auto\" srcset=\"https:\/\/us.edu.pl\/wp-content\/uploads\/obrazki-stron\/nagroda-pietera\/Krzysztof-Smyczek.jpg 800w, https:\/\/us.edu.pl\/wp-content\/uploads\/obrazki-stron\/nagroda-pietera\/Krzysztof-Smyczek-150x150.jpg 150w, https:\/\/us.edu.pl\/wp-content\/uploads\/obrazki-stron\/nagroda-pietera\/Krzysztof-Smyczek-768x768.jpg 768w, https:\/\/us.edu.pl\/wp-content\/uploads\/obrazki-stron\/nagroda-pietera\/Krzysztof-Smyczek-575x575.jpg 575w\" sizes=\"(max-width: 800px) 100vw, 800px\" \/><\/p>\n<p>\n<\/div>\r\n                    <\/div>\r\n                <\/div>[vc_tta_accordion shape=&#8221;square&#8221; color=&#8221;white&#8221; c_icon=&#8221;triangle&#8221; active_section=&#8221;0&#8243; no_fill=&#8221;true&#8221; collapsible_all=&#8221;true&#8221;][vc_tta_section title=&#8221;Krzysztof Smyczek&#8221; tab_id=&#8221;krzysztof-smyczek&#8221;]\r\n                <div class=\"text-modules\">\r\n                    <div class=\"container\">\r\n                        \r\n                        <div class=\"text-modules__content\"><\/p>\n<p><span style=\"font-size: 12px;\"><span style=\"font-weight: 400;\">Teacher at the Jan III Sobieski School Complex No. 6 in Jastrz\u0119bie-Zdr\u00f3j and in the Practical Training Centre in Jastrz\u0119bie-Zdr\u00f3j<\/span><\/span><\/p>\n<p><a href=\"https:\/\/us.edu.pl\/wp-content\/uploads\/obrazki-stron\/nagroda-pietera\/Krzysztof-Smyczek.docx\" class=\"mtli_attachment mtli_docx\" data-mtli=\"mtli_filesize1569kB\" class=\"mtli_attachment mtli_docx\" data-mtli=\"mtli_filesize1569kB\"><span style=\"font-size: 12px;\">Krzysztof Smyczek&#8217;s biographical note<\/span><\/a><\/p>\n<p>\n<style type=\"text\/css\">a[data-mtli~=\"mtli_filesize1569kB\"]:after {content:\" (15.69 kB)\"}<\/style><\/div>\r\n                    <\/div>\r\n                <\/div>[\/vc_tta_section][\/vc_tta_accordion][\/vc_column][vc_column width=&#8221;1\/3&#8243; el_class=&#8221;foto&#8221; css=&#8221;.vc_custom_1687182749262{padding-top: 20px !important;}&#8221;]\r\n                <div class=\"text-modules\">\r\n                    <div class=\"container\">\r\n                        \r\n                        <div class=\"text-modules__content\"><\/p>\n<p><img class=\"alignnone size-full wp-image-172603\" src=\"https:\/\/us.edu.pl\/wp-content\/uploads\/obrazki-stron\/nagroda-pietera\/Ewa-Duffek.jpg\" alt=\"Edyta Duffek\" width=\"100%\" height=\"auto\" srcset=\"https:\/\/us.edu.pl\/wp-content\/uploads\/obrazki-stron\/nagroda-pietera\/Ewa-Duffek.jpg 800w, https:\/\/us.edu.pl\/wp-content\/uploads\/obrazki-stron\/nagroda-pietera\/Ewa-Duffek-150x150.jpg 150w, https:\/\/us.edu.pl\/wp-content\/uploads\/obrazki-stron\/nagroda-pietera\/Ewa-Duffek-768x768.jpg 768w, https:\/\/us.edu.pl\/wp-content\/uploads\/obrazki-stron\/nagroda-pietera\/Ewa-Duffek-575x575.jpg 575w\" sizes=\"(max-width: 800px) 100vw, 800px\" \/><\/p>\n<p>\n<\/div>\r\n                    <\/div>\r\n                <\/div>[vc_tta_accordion shape=&#8221;square&#8221; color=&#8221;white&#8221; c_icon=&#8221;triangle&#8221; active_section=&#8221;0&#8243; no_fill=&#8221;true&#8221; collapsible_all=&#8221;true&#8221;][vc_tta_section title=&#8221;Edyta Duffek&#8221; tab_id=&#8221;edyta-duffek&#8221;]\r\n                <div class=\"text-modules\">\r\n                    <div class=\"container\">\r\n                        \r\n                        <div class=\"text-modules__content\"><\/p>\n<p><span style=\"font-size: 12px;\"><span style=\"font-weight: 400;\">English language teacher at the Stefan \u017beromski Secondary School in D\u0105browa G\u00f3rnicza.<\/span><\/span><\/p>\n<p><a href=\"https:\/\/us.edu.pl\/wp-content\/uploads\/obrazki-stron\/nagroda-pietera\/Edyta-Duffek.docx\" class=\"mtli_attachment mtli_docx\" data-mtli=\"mtli_filesize1390kB\" class=\"mtli_attachment mtli_docx\" data-mtli=\"mtli_filesize1390kB\"><span style=\"font-size: 12px;\">Edyta Duffek&#8217;s biographical note<\/span><\/a><\/p>\n<p>\n<style type=\"text\/css\">a[data-mtli~=\"mtli_filesize1390kB\"]:after {content:\" (13.90 kB)\"}<\/style><\/div>\r\n                    <\/div>\r\n                <\/div>[\/vc_tta_section][\/vc_tta_accordion][\/vc_column][vc_column width=&#8221;1\/3&#8243; el_class=&#8221;foto&#8221; css=&#8221;.vc_custom_1687182755229{padding-top: 20px !important;}&#8221;]\r\n                <div class=\"text-modules\">\r\n                    <div class=\"container\">\r\n                        \r\n                        <div class=\"text-modules__content\"><\/p>\n<p><img class=\"alignnone size-full wp-image-172337\" src=\"https:\/\/us.edu.pl\/wp-content\/uploads\/obrazki-stron\/nagroda-pietera\/Ewa-Wawoczny.jpg\" alt=\"Ewa Wawoczny\" width=\"100%\" height=\"auto\" srcset=\"https:\/\/us.edu.pl\/wp-content\/uploads\/obrazki-stron\/nagroda-pietera\/Ewa-Wawoczny.jpg 800w, https:\/\/us.edu.pl\/wp-content\/uploads\/obrazki-stron\/nagroda-pietera\/Ewa-Wawoczny-150x150.jpg 150w, https:\/\/us.edu.pl\/wp-content\/uploads\/obrazki-stron\/nagroda-pietera\/Ewa-Wawoczny-768x768.jpg 768w, https:\/\/us.edu.pl\/wp-content\/uploads\/obrazki-stron\/nagroda-pietera\/Ewa-Wawoczny-575x575.jpg 575w\" sizes=\"(max-width: 800px) 100vw, 800px\" \/><\/p>\n<p>\n<\/div>\r\n                    <\/div>\r\n                <\/div>[vc_tta_accordion shape=&#8221;square&#8221; color=&#8221;white&#8221; c_icon=&#8221;triangle&#8221; active_section=&#8221;0&#8243; no_fill=&#8221;true&#8221; collapsible_all=&#8221;true&#8221;][vc_tta_section title=&#8221;Ewa Wawoczny&#8221; tab_id=&#8221;ewa-wawoczny&#8221;]\r\n                <div class=\"text-modules\">\r\n                    <div class=\"container\">\r\n                        \r\n                        <div class=\"text-modules__content\"><\/p>\n<p><span style=\"font-size: 12px;\"><span style=\"font-weight: 400;\">Polish language teacher at the Primary School No. 1 with Integration Departments in Racib\u00f3rz<\/span><\/span><\/p>\n<p><a href=\"https:\/\/us.edu.pl\/wp-content\/uploads\/obrazki-stron\/nagroda-pietera\/Ewa-Wawoczny.docx\" class=\"mtli_attachment mtli_docx\" data-mtli=\"mtli_filesize1409kB\" class=\"mtli_attachment mtli_docx\" data-mtli=\"mtli_filesize1409kB\"><span style=\"font-size: 12px;\">Ewa Wawoczny&#8217;s biographical note<\/span><\/a><\/p>\n<p>\n<style type=\"text\/css\">a[data-mtli~=\"mtli_filesize1409kB\"]:after {content:\" (14.09 kB)\"}<\/style><\/div>\r\n                    <\/div>\r\n                <\/div>[\/vc_tta_section][\/vc_tta_accordion][\/vc_column][\/vc_row][vc_row el_class=&#8221;container&#8221;][vc_column width=&#8221;1\/3&#8243; el_class=&#8221;foto&#8221; css=&#8221;.vc_custom_1686557877736{padding-top: 20px !important;}&#8221;]\r\n                <div class=\"text-modules\">\r\n                    <div class=\"container\">\r\n                        \r\n                        <div class=\"text-modules__content\"><\/p>\n<p><img class=\"alignnone size-full wp-image-172336\" src=\"https:\/\/us.edu.pl\/wp-content\/uploads\/obrazki-stron\/nagroda-pietera\/Katarzyna-Paliga.jpg\" alt=\"Katarzyna Paliga\" width=\"100%\" height=\"auto\" srcset=\"https:\/\/us.edu.pl\/wp-content\/uploads\/obrazki-stron\/nagroda-pietera\/Katarzyna-Paliga.jpg 800w, https:\/\/us.edu.pl\/wp-content\/uploads\/obrazki-stron\/nagroda-pietera\/Katarzyna-Paliga-150x150.jpg 150w, https:\/\/us.edu.pl\/wp-content\/uploads\/obrazki-stron\/nagroda-pietera\/Katarzyna-Paliga-768x768.jpg 768w, https:\/\/us.edu.pl\/wp-content\/uploads\/obrazki-stron\/nagroda-pietera\/Katarzyna-Paliga-575x575.jpg 575w\" sizes=\"(max-width: 800px) 100vw, 800px\" \/><\/p>\n<p>\n<\/div>\r\n                    <\/div>\r\n                <\/div>[vc_tta_accordion shape=&#8221;square&#8221; color=&#8221;white&#8221; c_icon=&#8221;triangle&#8221; active_section=&#8221;0&#8243; no_fill=&#8221;true&#8221; collapsible_all=&#8221;true&#8221;][vc_tta_section title=&#8221;Katarzyna Paliga&#8221; tab_id=&#8221;1687173856370-1400ddbe-f3c4&#8243;]\r\n                <div class=\"text-modules\">\r\n                    <div class=\"container\">\r\n                        \r\n                        <div class=\"text-modules__content\"><\/p>\n<p><span style=\"font-size: 12px;\"><span style=\"font-weight: 400;\">Teacher and librarian at the Alfred Szklarski Primary School No. 29 with Sports Departments in D\u0105browa G\u00f3rnicza<\/span><\/span><\/p>\n<p><a href=\"https:\/\/us.edu.pl\/wp-content\/uploads\/obrazki-stron\/nagroda-pietera\/Katarzyna-Paliga.docx\" class=\"mtli_attachment mtli_docx\" data-mtli=\"mtli_filesize1388kB\" class=\"mtli_attachment mtli_docx\" data-mtli=\"mtli_filesize1388kB\"><span style=\"font-size: 12px;\">Katarzyna Paliga&#8217;s biographical note<\/span><\/a><\/p>\n<p>\n<style type=\"text\/css\">a[data-mtli~=\"mtli_filesize1388kB\"]:after {content:\" (13.88 kB)\"}<\/style><\/div>\r\n                    <\/div>\r\n                <\/div>[\/vc_tta_section][\/vc_tta_accordion][\/vc_column][vc_column width=&#8221;1\/3&#8243; css=&#8221;.vc_custom_1687173867777{padding-top: 20px !important;}&#8221; el_class=&#8221;foto&#8221;]\r\n                <div class=\"text-modules\">\r\n                    <div class=\"container\">\r\n                        \r\n                        <div class=\"text-modules__content\"><\/p>\n<p><img class=\"alignnone size-full wp-image-172335\" src=\"https:\/\/us.edu.pl\/wp-content\/uploads\/obrazki-stron\/nagroda-pietera\/Halina-Pospieszalowska.jpg\" alt=\"Halina Pospiesza\u0142owska\" width=\"100%\" height=\"auto\" srcset=\"https:\/\/us.edu.pl\/wp-content\/uploads\/obrazki-stron\/nagroda-pietera\/Halina-Pospieszalowska.jpg 768w, https:\/\/us.edu.pl\/wp-content\/uploads\/obrazki-stron\/nagroda-pietera\/Halina-Pospieszalowska-150x150.jpg 150w, https:\/\/us.edu.pl\/wp-content\/uploads\/obrazki-stron\/nagroda-pietera\/Halina-Pospieszalowska-575x575.jpg 575w\" sizes=\"(max-width: 768px) 100vw, 768px\" \/><\/p>\n<p>\n<\/div>\r\n                    <\/div>\r\n                <\/div>[vc_tta_accordion shape=&#8221;square&#8221; color=&#8221;white&#8221; c_icon=&#8221;triangle&#8221; active_section=&#8221;0&#8243; no_fill=&#8221;true&#8221; collapsible_all=&#8221;true&#8221;][vc_tta_section title=&#8221;Halina Pospiesza\u0142owska&#8221; tab_id=&#8221;halina-pospieszalowska&#8221;]\r\n                <div class=\"text-modules\">\r\n                    <div class=\"container\">\r\n                        \r\n                        <div class=\"text-modules__content\"><\/p>\n<p><span style=\"font-size: 12px;\"><span style=\"font-weight: 400;\">Teacher at the Fryderyk Chopin Music School in Bytom and at the Karol Szymanowski State Secondary School of Music in Katowice<\/span><\/span><\/p>\n<p><a href=\"https:\/\/us.edu.pl\/wp-content\/uploads\/obrazki-stron\/nagroda-pietera\/Halina-Pospieszalowska.docx\" class=\"mtli_attachment mtli_docx\" data-mtli=\"mtli_filesize1420kB\" class=\"mtli_attachment mtli_docx\" data-mtli=\"mtli_filesize1420kB\"><span style=\"font-size: 12px;\">Halina Pospiesza\u0142owska&#8217;s biographical note<\/span><\/a><\/p>\n<p>\n<style type=\"text\/css\">a[data-mtli~=\"mtli_filesize1420kB\"]:after {content:\" (14.20 kB)\"}<\/style><\/div>\r\n                    <\/div>\r\n                <\/div>[\/vc_tta_section][\/vc_tta_accordion][\/vc_column][vc_column width=&#8221;1\/3&#8243; el_class=&#8221;foto&#8221; css=&#8221;.vc_custom_1686557045584{padding-top: 20px !important;}&#8221;][\/vc_column][\/vc_row][vc_row][vc_column][vc_empty_space][\/vc_column][\/vc_row]<\/p>\n<p><\/p>\n<style type=\"text\/css\">a[data-mtli~=\"mtli_filesize1569kB\"]:after {content:\" (15.69 kB)\"}a[data-mtli~=\"mtli_filesize1390kB\"]:after {content:\" (13.90 kB)\"}a[data-mtli~=\"mtli_filesize1409kB\"]:after {content:\" (14.09 kB)\"}a[data-mtli~=\"mtli_filesize1388kB\"]:after {content:\" (13.88 kB)\"}a[data-mtli~=\"mtli_filesize1420kB\"]:after {content:\" (14.20 kB)\"}<\/style>","protected":false},"excerpt":{"rendered":"<p>[vc_row][vc_column][vc_column_text][\/vc_column_text][\/vc_column][\/vc_row][vc_row content_placement=&#8221;bottom&#8221; el_class=&#8221;container&#8221;][vc_column css=&#8221;.vc_custom_1678681991625{margin-bottom: 5px !important;}&#8221;][vc_column_text css=&#8221;.vc_custom_1687166534066{margin-top: 0px !important;margin-right: 0px !important;margin-bottom: 0px !important;margin-left: 0px !important;padding-top: 0px !important;padding-right: 0px !important;padding-bottom: 0px !important;padding-left: 0px !important;background-position: center !important;background-repeat: no-repeat !important;background-size: contain !important;}&#8221;] [\/vc_column_text][\/vc_column][\/vc_row][vc_row content_placement=&#8221;bottom&#8221; el_class=&#8221;container&#8221;][vc_column css=&#8221;.vc_custom_1678681991625{margin-bottom: 5px !important;}&#8221;][vc_wp_custommenu nav_menu=&#8221;386&#8243; el_id=&#8221;navi&#8221; el_class=&#8221;container bg-gray&#8221;][vc_raw_html]JTNDaDIlMjBjbGFzcyUzRCUyMnBhZ2UtdGl0bGUlMjBjb250YWluZXIlMjIlM0VOb21pbmVlcyUzQyUyRmgyJTNF[\/vc_raw_html][\/vc_column][\/vc_row][vc_row el_class=&#8221;container&#8221;][vc_column][vc_row_inner][vc_column_inner css=&#8221;.vc_custom_1687168545389{border-left-width: 5px !important;border-left-color: #9c242d !important;border-left-style: solid !important;border-radius: 5px !important;}&#8221;][\/vc_column_inner][\/vc_row_inner][\/vc_column][\/vc_row][vc_row el_class=&#8221;container&#8221;][vc_column width=&#8221;1\/3&#8243; el_class=&#8221;foto&#8221; css=&#8221;.vc_custom_1686557045584{padding-top: 20px !important;}&#8221;][vc_tta_accordion [&#8230;]<\/p>\n<p><a class=\"btn btn-secondary understrap-read-more-link\" href=\"https:\/\/us.edu.pl\/en\/nagrodapietera\/nominowani\/\">Read More&#8230;<\/a><\/p>\n","protected":false},"author":33,"featured_media":0,"parent":172264,"menu_order":0,"comment_status":"closed","ping_status":"closed","template":"","meta":{"_expiration-date-status":"","_expiration-date":0,"_expiration-date-type":"","_expiration-date-categories":[],"_expiration-date-options":[]},"acf":[],"_links":{"self":[{"href":"https:\/\/us.edu.pl\/en\/wp-json\/wp\/v2\/pages\/172321"}],"collection":[{"href":"https:\/\/us.edu.pl\/en\/wp-json\/wp\/v2\/pages"}],"about":[{"href":"https:\/\/us.edu.pl\/en\/wp-json\/wp\/v2\/types\/page"}],"author":[{"embeddable":true,"href":"https:\/\/us.edu.pl\/en\/wp-json\/wp\/v2\/users\/33"}],"replies":[{"embeddable":true,"href":"https:\/\/us.edu.pl\/en\/wp-json\/wp\/v2\/comments?post=172321"}],"version-history":[{"count":4,"href":"https:\/\/us.edu.pl\/en\/wp-json\/wp\/v2\/pages\/172321\/revisions"}],"predecessor-version":[{"id":236077,"href":"https:\/\/us.edu.pl\/en\/wp-json\/wp\/v2\/pages\/172321\/revisions\/236077"}],"up":[{"embeddable":true,"href":"https:\/\/us.edu.pl\/en\/wp-json\/wp\/v2\/pages\/172264"}],"wp:attachment":[{"href":"https:\/\/us.edu.pl\/en\/wp-json\/wp\/v2\/media?parent=172321"}],"curies":[{"name":"wp","href":"https:\/\/api.w.org\/{rel}","templated":true}]}}