{"id":172366,"date":"2023-06-19T13:52:57","date_gmt":"2023-06-19T11:52:57","guid":{"rendered":"https:\/\/us.edu.pl\/?page_id=172366"},"modified":"2024-02-07T15:54:24","modified_gmt":"2024-02-07T14:54:24","slug":"kapitula-konkursu","status":"publish","type":"page","link":"https:\/\/us.edu.pl\/en\/nagrodapietera\/kapitula-konkursu\/","title":{"rendered":"Competition Jury"},"content":{"rendered":"<p><\/p>\n<p>[vc_row][vc_column][vc_column_text][\/vc_column_text][\/vc_column][\/vc_row][vc_row content_placement=&#8221;bottom&#8221; el_class=&#8221;container&#8221;][vc_column css=&#8221;.vc_custom_1678681991625{margin-bottom: 5px !important;}&#8221;][vc_column_text css=&#8221;.vc_custom_1687166534066{margin-top: 0px !important;margin-right: 0px !important;margin-bottom: 0px !important;margin-left: 0px !important;padding-top: 0px !important;padding-right: 0px !important;padding-bottom: 0px !important;padding-left: 0px !important;background-position: center !important;background-repeat: no-repeat !important;background-size: contain !important;}&#8221;]<\/p>\n<p><img class=\"alignnone wp-image-163107 verticalLine\" style=\"margin-right: 10px;\" src=\"https:\/\/us.edu.pl\/wp-content\/uploads\/obrazki-stron\/nagroda-pietera\/Pieter_glowna.png\" alt=\"Nagroda im. Profesora J\u00f3zefa Pietera dla nauczyciela 2022\u20132023\" width=\"200\" height=\"auto\" \/><\/p>\n<p>[\/vc_column_text][\/vc_column][\/vc_row][vc_row content_placement=&#8221;bottom&#8221; el_class=&#8221;container&#8221;][vc_column css=&#8221;.vc_custom_1678681991625{margin-bottom: 5px !important;}&#8221;][vc_wp_custommenu nav_menu=&#8221;386&#8243; el_id=&#8221;navi&#8221; el_class=&#8221;container bg-gray&#8221;][vc_raw_html]JTNDaDIlMjBjbGFzcyUzRCUyMnBhZ2UtdGl0bGUlMjBjb250YWluZXIlMjIlM0VDb21wZXRpdGlvbiUyMEp1cnklM0MlMkZoMiUzRQ==[\/vc_raw_html][\/vc_column][\/vc_row][vc_row el_class=&#8221;container&#8221;][vc_column]\r\n                <div class=\"text-modules\">\r\n                    <div class=\"container\">\r\n                        \r\n                        <div class=\"text-modules__content\"><\/p>\n<p><span style=\"font-weight: 400;\">The competition jury selects the nominees and then the winner of the Professor J\u00f3zef Pieter Award. Members of the jury, who are appointed for a four-year term, elect a chair from among themselves, who manages the work of the jury and presides over its sessions.<\/span><\/p>\n<p>\n<\/div>\r\n                    <\/div>\r\n                <\/div>[vc_row_inner][vc_column_inner css=&#8221;.vc_custom_1687168545389{border-left-width: 5px !important;border-left-color: #9c242d !important;border-left-style: solid !important;border-radius: 5px !important;}&#8221;]\r\n                <div class=\"text-modules\">\r\n                    <div class=\"container\">\r\n                        \r\n                        <div class=\"text-modules__content\"><\/p>\n<h3><b>Chair of the Jury<\/b><\/h3>\n<p>\n<\/div>\r\n                    <\/div>\r\n                <\/div>[\/vc_column_inner][\/vc_row_inner][\/vc_column][\/vc_row][vc_row el_class=&#8221;container&#8221;][vc_column width=&#8221;1\/4&#8243; el_class=&#8221;foto&#8221; css=&#8221;.vc_custom_1686557045584{padding-top: 20px !important;}&#8221;]\r\n                <div class=\"text-modules\">\r\n                    <div class=\"container\">\r\n                        \r\n                        <div class=\"text-modules__content\"><\/p>\n<p><img class=\"alignnone size-full wp-image-172416\" src=\"https:\/\/us.edu.pl\/wp-content\/uploads\/obrazki-stron\/nagroda-pietera\/prof-Tadeusz-Slawek.jpg\" alt=\"prof. Tadeusz S\u0142awek\" width=\"100%\" height=\"auto\" srcset=\"https:\/\/us.edu.pl\/wp-content\/uploads\/obrazki-stron\/nagroda-pietera\/prof-Tadeusz-Slawek.jpg 800w, https:\/\/us.edu.pl\/wp-content\/uploads\/obrazki-stron\/nagroda-pietera\/prof-Tadeusz-Slawek-150x150.jpg 150w, https:\/\/us.edu.pl\/wp-content\/uploads\/obrazki-stron\/nagroda-pietera\/prof-Tadeusz-Slawek-768x768.jpg 768w, https:\/\/us.edu.pl\/wp-content\/uploads\/obrazki-stron\/nagroda-pietera\/prof-Tadeusz-Slawek-575x575.jpg 575w\" sizes=\"(max-width: 800px) 100vw, 800px\" \/><\/p>\n<p>\n<\/div>\r\n                    <\/div>\r\n                <\/div>[vc_tta_accordion shape=&#8221;square&#8221; color=&#8221;white&#8221; c_icon=&#8221;triangle&#8221; active_section=&#8221;0&#8243; no_fill=&#8221;true&#8221; collapsible_all=&#8221;true&#8221;][vc_tta_section title=&#8221;Prof. Tadeusz S\u0142awek&#8221; tab_id=&#8221;1687175395470-0510ea86-8dc4&#8243;]\r\n                <div class=\"text-modules\">\r\n                    <div class=\"container\">\r\n                        \r\n                        <div class=\"text-modules__content\"><\/p>\n<p><span style=\"font-size: 12px;\"><span style=\"font-weight: 400;\">Philologist, Rector of the University of Silesia in 1996\u20132002<\/span><\/span><\/p>\n<p><a href=\"https:\/\/us.edu.pl\/wp-content\/uploads\/obrazki-stron\/nagroda-pietera\/prof.-Tadeusz-Slawek.docx\" class=\"mtli_attachment mtli_docx\" data-mtli=\"mtli_filesize1337kB\" class=\"mtli_attachment mtli_docx\" data-mtli=\"mtli_filesize1337kB\"><span style=\"font-size: 12px;\">Prof. Tadeusz S\u0142awek&#8217;s biographical note<\/span><\/a><\/p>\n<p>\n<style type=\"text\/css\">a[data-mtli~=\"mtli_filesize1337kB\"]:after {content:\" (13.37 kB)\"}<\/style><\/div>\r\n                    <\/div>\r\n                <\/div>[\/vc_tta_section][\/vc_tta_accordion][\/vc_column][vc_column width=&#8221;1\/4&#8243; el_class=&#8221;foto&#8221; css=&#8221;.vc_custom_1686557877736{padding-top: 20px !important;}&#8221;][\/vc_column][vc_column width=&#8221;1\/4&#8243; el_class=&#8221;foto&#8221; css=&#8221;.vc_custom_1686557316591{padding-top: 20px !important;}&#8221;][\/vc_column][vc_column width=&#8221;1\/4&#8243;][\/vc_column][\/vc_row][vc_row][vc_column][vc_empty_space][\/vc_column][\/vc_row][vc_row el_class=&#8221;container&#8221;][vc_column][vc_row_inner][vc_column_inner css=&#8221;.vc_custom_1687168545389{border-left-width: 5px !important;border-left-color: #9c242d !important;border-left-style: solid !important;border-radius: 5px !important;}&#8221;]\r\n                <div class=\"text-modules\">\r\n                    <div class=\"container\">\r\n                        \r\n                        <div class=\"text-modules__content\"><\/p>\n<h3>Members of the Jury<\/h3>\n<p>\n<\/div>\r\n                    <\/div>\r\n                <\/div>[\/vc_column_inner][\/vc_row_inner][\/vc_column][\/vc_row][vc_row el_class=&#8221;container&#8221;][vc_column width=&#8221;1\/4&#8243; el_class=&#8221;foto&#8221; css=&#8221;.vc_custom_1686557045584{padding-top: 20px !important;}&#8221;]\r\n                <div class=\"text-modules\">\r\n                    <div class=\"container\">\r\n                        \r\n                        <div class=\"text-modules__content\"><\/p>\n<p><img class=\"alignnone size-full wp-image-172410\" src=\"https:\/\/us.edu.pl\/wp-content\/uploads\/obrazki-stron\/nagroda-pietera\/Danuta-Pieter.jpg\" alt=\"Danuta Pieter\" width=\"100%\" height=\"auto\" srcset=\"https:\/\/us.edu.pl\/wp-content\/uploads\/obrazki-stron\/nagroda-pietera\/Danuta-Pieter.jpg 800w, https:\/\/us.edu.pl\/wp-content\/uploads\/obrazki-stron\/nagroda-pietera\/Danuta-Pieter-150x150.jpg 150w, https:\/\/us.edu.pl\/wp-content\/uploads\/obrazki-stron\/nagroda-pietera\/Danuta-Pieter-768x768.jpg 768w, https:\/\/us.edu.pl\/wp-content\/uploads\/obrazki-stron\/nagroda-pietera\/Danuta-Pieter-575x575.jpg 575w\" sizes=\"(max-width: 800px) 100vw, 800px\" \/><\/p>\n<p>\n<\/div>\r\n                    <\/div>\r\n                <\/div>[vc_tta_accordion shape=&#8221;square&#8221; color=&#8221;white&#8221; c_icon=&#8221;triangle&#8221; active_section=&#8221;0&#8243; no_fill=&#8221;true&#8221; collapsible_all=&#8221;true&#8221;][vc_tta_section title=&#8221;Danuta Pieter&#8221; tab_id=&#8221;1687175638381-04bed460-857b&#8221;]\r\n                <div class=\"text-modules\">\r\n                    <div class=\"container\">\r\n                        \r\n                        <div class=\"text-modules__content\"><\/p>\n<p><span style=\"font-size: 12px;\"><span style=\"font-weight: 400;\">One of the initiators of the competition, member of the board of the Professor J\u00f3zef Pieter Foundation<\/span><\/span><\/p>\n<p><a href=\"https:\/\/us.edu.pl\/wp-content\/uploads\/obrazki-stron\/nagroda-pietera\/Danuta-Pieter.docx\" class=\"mtli_attachment mtli_docx\" data-mtli=\"mtli_filesize1317kB\" class=\"mtli_attachment mtli_docx\" data-mtli=\"mtli_filesize1317kB\"><span style=\"font-size: 12px;\">Danuta Pieter&#8217;s biographical note<\/span><\/a><\/p>\n<p>\n<style type=\"text\/css\">a[data-mtli~=\"mtli_filesize1317kB\"]:after {content:\" (13.17 kB)\"}<\/style><\/div>\r\n                    <\/div>\r\n                <\/div>[\/vc_tta_section][\/vc_tta_accordion][\/vc_column][vc_column width=&#8221;1\/4&#8243; el_class=&#8221;foto&#8221; css=&#8221;.vc_custom_1686557877736{padding-top: 20px !important;}&#8221;]\r\n                <div class=\"text-modules\">\r\n                    <div class=\"container\">\r\n                        \r\n                        <div class=\"text-modules__content\"><\/p>\n<p><img class=\"alignnone size-full wp-image-172411\" src=\"https:\/\/us.edu.pl\/wp-content\/uploads\/obrazki-stron\/nagroda-pietera\/prof.-Ryszard-Koziolek.jpg\" alt=\"prof. Ryszard Kozio\u0142ek\" width=\"100%\" height=\"auto\" srcset=\"https:\/\/us.edu.pl\/wp-content\/uploads\/obrazki-stron\/nagroda-pietera\/prof.-Ryszard-Koziolek.jpg 640w, https:\/\/us.edu.pl\/wp-content\/uploads\/obrazki-stron\/nagroda-pietera\/prof.-Ryszard-Koziolek-150x150.jpg 150w, https:\/\/us.edu.pl\/wp-content\/uploads\/obrazki-stron\/nagroda-pietera\/prof.-Ryszard-Koziolek-575x575.jpg 575w\" sizes=\"(max-width: 640px) 100vw, 640px\" \/><\/p>\n<p>\n<\/div>\r\n                    <\/div>\r\n                <\/div>[vc_tta_accordion shape=&#8221;square&#8221; color=&#8221;white&#8221; c_icon=&#8221;triangle&#8221; active_section=&#8221;0&#8243; no_fill=&#8221;true&#8221; collapsible_all=&#8221;true&#8221;][vc_tta_section title=&#8221;Prof. Ryszard Kozio\u0142ek&#8221; tab_id=&#8221;1687175769492-e1c3d4ce-15ae&#8221;]\r\n                <div class=\"text-modules\">\r\n                    <div class=\"container\">\r\n                        \r\n                        <div class=\"text-modules__content\"><\/p>\n<p><span style=\"font-size: 12px;\"><span style=\"font-weight: 400;\">One of the initiators of the competition, Rector of the University of Silesia in Katowice<\/span><\/span><\/p>\n<p><a href=\"https:\/\/us.edu.pl\/wp-content\/uploads\/obrazki-stron\/nagroda-pietera\/Prof-Ryszard-Koziolek.docx\" class=\"mtli_attachment mtli_docx\" data-mtli=\"mtli_filesize1341kB\" class=\"mtli_attachment mtli_docx\" data-mtli=\"mtli_filesize1341kB\"><span style=\"font-size: 12px;\">Prof. Ryszard Kozio\u0142ek&#8217;s biographical note<\/span><\/a><\/p>\n<p>\n<style type=\"text\/css\">a[data-mtli~=\"mtli_filesize1341kB\"]:after {content:\" (13.41 kB)\"}<\/style><\/div>\r\n                    <\/div>\r\n                <\/div>[\/vc_tta_section][\/vc_tta_accordion][\/vc_column][vc_column width=&#8221;1\/4&#8243; el_class=&#8221;foto&#8221; css=&#8221;.vc_custom_1686557316591{padding-top: 20px !important;}&#8221;]\r\n                <div class=\"text-modules\">\r\n                    <div class=\"container\">\r\n                        \r\n                        <div class=\"text-modules__content\"><\/p>\n<p><img class=\"alignnone size-full wp-image-172412\" src=\"https:\/\/us.edu.pl\/wp-content\/uploads\/obrazki-stron\/nagroda-pietera\/Kazimierz-Karolczak.jpg\" alt=\"Kazimierz Karolczak\" width=\"100%\" height=\"auto\" srcset=\"https:\/\/us.edu.pl\/wp-content\/uploads\/obrazki-stron\/nagroda-pietera\/Kazimierz-Karolczak.jpg 800w, https:\/\/us.edu.pl\/wp-content\/uploads\/obrazki-stron\/nagroda-pietera\/Kazimierz-Karolczak-150x150.jpg 150w, https:\/\/us.edu.pl\/wp-content\/uploads\/obrazki-stron\/nagroda-pietera\/Kazimierz-Karolczak-768x768.jpg 768w, https:\/\/us.edu.pl\/wp-content\/uploads\/obrazki-stron\/nagroda-pietera\/Kazimierz-Karolczak-575x575.jpg 575w\" sizes=\"(max-width: 800px) 100vw, 800px\" \/><\/p>\n<p>\n<\/div>\r\n                    <\/div>\r\n                <\/div>[vc_tta_accordion shape=&#8221;square&#8221; color=&#8221;white&#8221; c_icon=&#8221;triangle&#8221; active_section=&#8221;0&#8243; no_fill=&#8221;true&#8221; collapsible_all=&#8221;true&#8221;][vc_tta_section title=&#8221;Kazimierz Karolczak&#8221; tab_id=&#8221;1687175829119-d7b32aae-b641&#8243;]\r\n                <div class=\"text-modules\">\r\n                    <div class=\"container\">\r\n                        \r\n                        <div class=\"text-modules__content\"><\/p>\n<p><span style=\"font-size: 12px;\"><span style=\"font-weight: 400;\">Chair of the board of Metropolis GZM<\/span><\/span><\/p>\n<p><a href=\"https:\/\/us.edu.pl\/wp-content\/uploads\/obrazki-stron\/nagroda-pietera\/Kazimierz-Karolczak.docx\" class=\"mtli_attachment mtli_docx\" data-mtli=\"mtli_filesize1504kB\" class=\"mtli_attachment mtli_docx\" data-mtli=\"mtli_filesize1504kB\"><span style=\"font-size: 12px;\">Kazimierz Karolczak&#8217;s biographical note<\/span><\/a><\/p>\n<p>\n<style type=\"text\/css\">a[data-mtli~=\"mtli_filesize1504kB\"]:after {content:\" (15.04 kB)\"}<\/style><\/div>\r\n                    <\/div>\r\n                <\/div>[\/vc_tta_section][\/vc_tta_accordion][\/vc_column][vc_column width=&#8221;1\/4&#8243; el_class=&#8221;foto&#8221;]\r\n                <div class=\"text-modules\">\r\n                    <div class=\"container\">\r\n                        \r\n                        <div class=\"text-modules__content\"><\/p>\n<p><img class=\"alignnone size-full wp-image-172413\" src=\"https:\/\/us.edu.pl\/wp-content\/uploads\/obrazki-stron\/nagroda-pietera\/prof.-Irena-Lipowicz.jpg\" alt=\"prof. Irena Lipowicz\" width=\"100%\" height=\"auto\" srcset=\"https:\/\/us.edu.pl\/wp-content\/uploads\/obrazki-stron\/nagroda-pietera\/prof.-Irena-Lipowicz.jpg 800w, https:\/\/us.edu.pl\/wp-content\/uploads\/obrazki-stron\/nagroda-pietera\/prof.-Irena-Lipowicz-150x150.jpg 150w, https:\/\/us.edu.pl\/wp-content\/uploads\/obrazki-stron\/nagroda-pietera\/prof.-Irena-Lipowicz-768x768.jpg 768w, https:\/\/us.edu.pl\/wp-content\/uploads\/obrazki-stron\/nagroda-pietera\/prof.-Irena-Lipowicz-575x575.jpg 575w\" sizes=\"(max-width: 800px) 100vw, 800px\" \/><\/p>\n<p>\n<\/div>\r\n                    <\/div>\r\n                <\/div>[vc_tta_accordion shape=&#8221;square&#8221; color=&#8221;white&#8221; c_icon=&#8221;triangle&#8221; active_section=&#8221;0&#8243; no_fill=&#8221;true&#8221; collapsible_all=&#8221;true&#8221;][vc_tta_section title=&#8221;Prof. Irena Lipowicz&#8221; tab_id=&#8221;prof-irena-lipowicz&#8221;]\r\n                <div class=\"text-modules\">\r\n                    <div class=\"container\">\r\n                        \r\n                        <div class=\"text-modules__content\"><\/p>\n<p><span style=\"font-size: 12px;\"><span style=\"font-weight: 400;\">Lawyer and diplomat<\/span><\/span><\/p>\n<p><a href=\"https:\/\/us.edu.pl\/wp-content\/uploads\/obrazki-stron\/nagroda-pietera\/Prof-Irena-Lipowicz.docx\" class=\"mtli_attachment mtli_docx\" data-mtli=\"mtli_filesize1482kB\" class=\"mtli_attachment mtli_docx\" data-mtli=\"mtli_filesize1482kB\"><span style=\"font-size: 12px;\">Prof. Irena Lipowicz&#8217;s biographical note<\/span><\/a><\/p>\n<p>\n<style type=\"text\/css\">a[data-mtli~=\"mtli_filesize1482kB\"]:after {content:\" (14.82 kB)\"}<\/style><\/div>\r\n                    <\/div>\r\n                <\/div>[\/vc_tta_section][\/vc_tta_accordion][\/vc_column][\/vc_row][vc_row el_class=&#8221;container&#8221;][vc_column width=&#8221;1\/4&#8243; el_class=&#8221;foto&#8221; css=&#8221;.vc_custom_1686557045584{padding-top: 20px !important;}&#8221;]\r\n                <div class=\"text-modules\">\r\n                    <div class=\"container\">\r\n                        \r\n                        <div class=\"text-modules__content\"><\/p>\n<p><img class=\"alignnone size-medium wp-image-128291\" src=\"https:\/\/us.edu.pl\/wp-content\/uploads\/image\/idub\/male2.jpg\" alt=\"posta\u0107 m\u0119\u017cczyzny\" width=\"100%\" height=\"auto\" srcset=\"https:\/\/us.edu.pl\/wp-content\/uploads\/image\/idub\/male2.jpg 607w, https:\/\/us.edu.pl\/wp-content\/uploads\/image\/idub\/male2-150x150.jpg 150w, https:\/\/us.edu.pl\/wp-content\/uploads\/image\/idub\/male2-600x600.jpg 600w, https:\/\/us.edu.pl\/wp-content\/uploads\/image\/idub\/male2-575x575.jpg 575w\" sizes=\"(max-width: 607px) 100vw, 607px\" \/><\/p>\n<p>\n<\/div>\r\n                    <\/div>\r\n                <\/div>[vc_tta_accordion shape=&#8221;square&#8221; color=&#8221;white&#8221; c_icon=&#8221;triangle&#8221; active_section=&#8221;0&#8243; no_fill=&#8221;true&#8221; collapsible_all=&#8221;true&#8221;][vc_tta_section title=&#8221;Prof. Zbigniew Marciniak&#8221; tab_id=&#8221;prof-zbigniew-marciniak&#8221;]\r\n                <div class=\"text-modules\">\r\n                    <div class=\"container\">\r\n                        \r\n                        <div class=\"text-modules__content\"><\/p>\n<p><span style=\"font-size: 12px;\"><span style=\"font-weight: 400;\">Mathematician, academic, employee of the Institute of Mathematics of the University of Warsaw<\/span><\/span><\/p>\n<p><a href=\"https:\/\/us.edu.pl\/wp-content\/uploads\/obrazki-stron\/nagroda-pietera\/Prof-Zbigniew-Marciniak.docx\" class=\"mtli_attachment mtli_docx\" data-mtli=\"mtli_filesize1319kB\" class=\"mtli_attachment mtli_docx\" data-mtli=\"mtli_filesize1319kB\"><span style=\"font-size: 12px;\">Prof. Zbigniew Marciniak&#8217;s biographical note<\/span><\/a><\/p>\n<p>\n<style type=\"text\/css\">a[data-mtli~=\"mtli_filesize1319kB\"]:after {content:\" (13.19 kB)\"}<\/style><\/div>\r\n                    <\/div>\r\n                <\/div>[\/vc_tta_section][\/vc_tta_accordion][\/vc_column][vc_column width=&#8221;1\/4&#8243; el_class=&#8221;foto&#8221; css=&#8221;.vc_custom_1686557877736{padding-top: 20px !important;}&#8221;]\r\n                <div class=\"text-modules\">\r\n                    <div class=\"container\">\r\n                        \r\n                        <div class=\"text-modules__content\"><\/p>\n<p><img class=\"alignnone size-full wp-image-172414\" src=\"https:\/\/us.edu.pl\/wp-content\/uploads\/obrazki-stron\/nagroda-pietera\/dr-Mikolaj-Marcela.jpg\" alt=\"dr Miko\u0142aj Marcela\" width=\"100%\" height=\"auto\" srcset=\"https:\/\/us.edu.pl\/wp-content\/uploads\/obrazki-stron\/nagroda-pietera\/dr-Mikolaj-Marcela.jpg 800w, https:\/\/us.edu.pl\/wp-content\/uploads\/obrazki-stron\/nagroda-pietera\/dr-Mikolaj-Marcela-150x150.jpg 150w, https:\/\/us.edu.pl\/wp-content\/uploads\/obrazki-stron\/nagroda-pietera\/dr-Mikolaj-Marcela-768x768.jpg 768w, https:\/\/us.edu.pl\/wp-content\/uploads\/obrazki-stron\/nagroda-pietera\/dr-Mikolaj-Marcela-575x575.jpg 575w\" sizes=\"(max-width: 800px) 100vw, 800px\" \/><\/p>\n<p>\n<\/div>\r\n                    <\/div>\r\n                <\/div>[vc_tta_accordion shape=&#8221;square&#8221; color=&#8221;white&#8221; c_icon=&#8221;triangle&#8221; active_section=&#8221;0&#8243; no_fill=&#8221;true&#8221; collapsible_all=&#8221;true&#8221;][vc_tta_section title=&#8221;Miko\u0142aj Marcela, PhD&#8221; tab_id=&#8221;dr-mikolaj-marcela&#8221;]\r\n                <div class=\"text-modules\">\r\n                    <div class=\"container\">\r\n                        \r\n                        <div class=\"text-modules__content\"><\/p>\n<p><span style=\"font-size: 12px;\"><span style=\"font-weight: 400;\">Writer, academic<\/span><\/span><\/p>\n<p><a href=\"https:\/\/us.edu.pl\/wp-content\/uploads\/obrazki-stron\/nagroda-pietera\/Dr-Mikolaj-Marcela.docx\" class=\"mtli_attachment mtli_docx\" data-mtli=\"mtli_filesize1337kB\" class=\"mtli_attachment mtli_docx\" data-mtli=\"mtli_filesize1337kB\"><span style=\"font-size: 12px;\">Miko\u0142aj Marcela, PhD&#8217;s biographical note<\/span><\/a><\/p>\n<p>\n<style type=\"text\/css\">a[data-mtli~=\"mtli_filesize1337kB\"]:after {content:\" (13.37 kB)\"}<\/style><\/div>\r\n                    <\/div>\r\n                <\/div>[\/vc_tta_section][\/vc_tta_accordion][\/vc_column][vc_column width=&#8221;1\/4&#8243; el_class=&#8221;foto&#8221; css=&#8221;.vc_custom_1686557316591{padding-top: 20px !important;}&#8221;]\r\n                <div class=\"text-modules\">\r\n                    <div class=\"container\">\r\n                        \r\n                        <div class=\"text-modules__content\"><\/p>\n<p><img class=\"alignnone size-full wp-image-172415\" src=\"https:\/\/us.edu.pl\/wp-content\/uploads\/obrazki-stron\/nagroda-pietera\/Iwona-Durek.jpg\" alt=\"Iwona Durek\" width=\"100%\" height=\"auto\" srcset=\"https:\/\/us.edu.pl\/wp-content\/uploads\/obrazki-stron\/nagroda-pietera\/Iwona-Durek.jpg 800w, https:\/\/us.edu.pl\/wp-content\/uploads\/obrazki-stron\/nagroda-pietera\/Iwona-Durek-150x150.jpg 150w, https:\/\/us.edu.pl\/wp-content\/uploads\/obrazki-stron\/nagroda-pietera\/Iwona-Durek-768x768.jpg 768w, https:\/\/us.edu.pl\/wp-content\/uploads\/obrazki-stron\/nagroda-pietera\/Iwona-Durek-575x575.jpg 575w\" sizes=\"(max-width: 800px) 100vw, 800px\" \/><\/p>\n<p>\n<\/div>\r\n                    <\/div>\r\n                <\/div>[vc_tta_accordion shape=&#8221;square&#8221; color=&#8221;white&#8221; c_icon=&#8221;triangle&#8221; active_section=&#8221;0&#8243; no_fill=&#8221;true&#8221; collapsible_all=&#8221;true&#8221;][vc_tta_section title=&#8221;Iwona Durek&#8221; tab_id=&#8221;iwona-durek&#8221;]\r\n                <div class=\"text-modules\">\r\n                    <div class=\"container\">\r\n                        \r\n                        <div class=\"text-modules__content\"><\/p>\n<p><span style=\"font-size: 12px;\"><span style=\"font-weight: 400;\">Head teacher of the Special School Complex No. 4 in Sosnowiec, oligophrenic pedagogue, didactic employee of the Faculty of Social Sciences of the University of Silesia<\/span><\/span><\/p>\n<p><a href=\"https:\/\/us.edu.pl\/wp-content\/uploads\/obrazki-stron\/nagroda-pietera\/Iwona-Durek.docx\" class=\"mtli_attachment mtli_docx\" data-mtli=\"mtli_filesize1341kB\" class=\"mtli_attachment mtli_docx\" data-mtli=\"mtli_filesize1341kB\"><span style=\"font-size: 12px;\">Iwona Durek&#8217;s biographical note<\/span><\/a><\/p>\n<p>\n<style type=\"text\/css\">a[data-mtli~=\"mtli_filesize1341kB\"]:after {content:\" (13.41 kB)\"}<\/style><\/div>\r\n                    <\/div>\r\n                <\/div>[\/vc_tta_section][\/vc_tta_accordion][\/vc_column][vc_column width=&#8221;1\/4&#8243; el_class=&#8221;foto&#8221;][\/vc_column][\/vc_row][vc_row][vc_column][vc_empty_space][\/vc_column][\/vc_row]<\/p>\n<p><\/p>\n<style type=\"text\/css\">a[data-mtli~=\"mtli_filesize1337kB\"]:after {content:\" (13.37 kB)\"}a[data-mtli~=\"mtli_filesize1317kB\"]:after {content:\" (13.17 kB)\"}a[data-mtli~=\"mtli_filesize1341kB\"]:after {content:\" (13.41 kB)\"}a[data-mtli~=\"mtli_filesize1504kB\"]:after {content:\" (15.04 kB)\"}a[data-mtli~=\"mtli_filesize1482kB\"]:after {content:\" (14.82 kB)\"}a[data-mtli~=\"mtli_filesize1319kB\"]:after {content:\" (13.19 kB)\"}<\/style>","protected":false},"excerpt":{"rendered":"<p>[vc_row][vc_column][vc_column_text][\/vc_column_text][\/vc_column][\/vc_row][vc_row content_placement=&#8221;bottom&#8221; el_class=&#8221;container&#8221;][vc_column css=&#8221;.vc_custom_1678681991625{margin-bottom: 5px !important;}&#8221;][vc_column_text css=&#8221;.vc_custom_1687166534066{margin-top: 0px !important;margin-right: 0px !important;margin-bottom: 0px !important;margin-left: 0px !important;padding-top: 0px !important;padding-right: 0px !important;padding-bottom: 0px !important;padding-left: 0px !important;background-position: center !important;background-repeat: no-repeat !important;background-size: contain !important;}&#8221;] [\/vc_column_text][\/vc_column][\/vc_row][vc_row content_placement=&#8221;bottom&#8221; el_class=&#8221;container&#8221;][vc_column css=&#8221;.vc_custom_1678681991625{margin-bottom: 5px !important;}&#8221;][vc_wp_custommenu nav_menu=&#8221;386&#8243; el_id=&#8221;navi&#8221; el_class=&#8221;container bg-gray&#8221;][vc_raw_html]JTNDaDIlMjBjbGFzcyUzRCUyMnBhZ2UtdGl0bGUlMjBjb250YWluZXIlMjIlM0VDb21wZXRpdGlvbiUyMEp1cnklM0MlMkZoMiUzRQ==[\/vc_raw_html][\/vc_column][\/vc_row][vc_row el_class=&#8221;container&#8221;][vc_column][vc_row_inner][vc_column_inner css=&#8221;.vc_custom_1687168545389{border-left-width: 5px !important;border-left-color: #9c242d !important;border-left-style: solid !important;border-radius: 5px !important;}&#8221;][\/vc_column_inner][\/vc_row_inner][\/vc_column][\/vc_row][vc_row el_class=&#8221;container&#8221;][vc_column width=&#8221;1\/4&#8243; el_class=&#8221;foto&#8221; css=&#8221;.vc_custom_1686557045584{padding-top: 20px !important;}&#8221;][vc_tta_accordion [&#8230;]<\/p>\n<p><a class=\"btn btn-secondary understrap-read-more-link\" href=\"https:\/\/us.edu.pl\/en\/nagrodapietera\/kapitula-konkursu\/\">Read More&#8230;<\/a><\/p>\n","protected":false},"author":33,"featured_media":0,"parent":172264,"menu_order":0,"comment_status":"closed","ping_status":"closed","template":"","meta":{"_expiration-date-status":"","_expiration-date":0,"_expiration-date-type":"","_expiration-date-categories":[],"_expiration-date-options":[]},"acf":[],"_links":{"self":[{"href":"https:\/\/us.edu.pl\/en\/wp-json\/wp\/v2\/pages\/172366"}],"collection":[{"href":"https:\/\/us.edu.pl\/en\/wp-json\/wp\/v2\/pages"}],"about":[{"href":"https:\/\/us.edu.pl\/en\/wp-json\/wp\/v2\/types\/page"}],"author":[{"embeddable":true,"href":"https:\/\/us.edu.pl\/en\/wp-json\/wp\/v2\/users\/33"}],"replies":[{"embeddable":true,"href":"https:\/\/us.edu.pl\/en\/wp-json\/wp\/v2\/comments?post=172366"}],"version-history":[{"count":4,"href":"https:\/\/us.edu.pl\/en\/wp-json\/wp\/v2\/pages\/172366\/revisions"}],"predecessor-version":[{"id":180553,"href":"https:\/\/us.edu.pl\/en\/wp-json\/wp\/v2\/pages\/172366\/revisions\/180553"}],"up":[{"embeddable":true,"href":"https:\/\/us.edu.pl\/en\/wp-json\/wp\/v2\/pages\/172264"}],"wp:attachment":[{"href":"https:\/\/us.edu.pl\/en\/wp-json\/wp\/v2\/media?parent=172366"}],"curies":[{"name":"wp","href":"https:\/\/api.w.org\/{rel}","templated":true}]}}