{"id":178234,"date":"2023-12-06T11:01:00","date_gmt":"2023-12-06T10:01:00","guid":{"rendered":"https:\/\/us.edu.pl\/?page_id=178234"},"modified":"2024-05-08T09:27:43","modified_gmt":"2024-05-08T07:27:43","slug":"system-identyfikacji-wizualnej-emnk-2024","status":"publish","type":"page","link":"https:\/\/us.edu.pl\/en\/europejskie-miasto-nauki\/materialy-emnk\/system-identyfikacji-wizualnej-emnk-2024\/","title":{"rendered":"Visual Identity System for the ECSK 2024"},"content":{"rendered":"<p><\/p>\n<p>[vc_row][vc_column]\r\n                <div class=\"text-modules \">\r\n                    <div class=\"container\">\r\n                        <h3 class=\"section-title section-title_border-bottom\">Visual Identity System for the ECSK 2024<\/h3> \r\n                        <div class=\"row m-0\">\r\n                            <div class=\"text-modules__content\">\r\n                                <\/p>\n<p>The Visual Identity System for the European City of Science Katowice 2024 has been designed by the Academy of Fine Arts and Design in Katowice. It is to implement individual elements constituting the visual identity for the ECSK 2024. The visual identity has been designed and implemented by the team of graduates and employees of the Academy of Fine Arts and Design in Katowice consisting of:\u00a0Aleksandra Braska, Jan Dyba\u0142a, Anna Kopaczewska, Miko\u0142aj Ha\u0142abuda, Dawid Koruszowic, Hanna Sitarz-Pietrzak, and Marian Misiak \u2013\u00a0a typographer and publicist, visual culture researcher who has designed an original font called Di Grotesk KatoScience \u2013 the now official font of the Consortium.<\/p>\n<p>The team has created the ECSK 2024 logo with a characteristic for scientific articles asterisk signalling a footnote; its form refers to 7 universities organised around a common mission, cooperating with each other, and sharing a common goal of improving research infrastructure and scientific potential.<\/p>\n<p>Additionally, a dedicated brand book and a manual for the Visual Identity System for the ECSK 2024 have been created, along with the Visual Identity System Book and new guidelines regarding promotion in the <a href=\"https:\/\/issuu.com\/uniwersytetslaski\/docs\/stylebook_emnk_2024_-_wersja_dla_medi_w\">Style Book<\/a>.<br \/>\nPeople involved in the team\u2019s work have also developed the design for informational and promotional materials, a set of promotional mediums, spatial objects and promotional gadgets. The team has been carrying out workshops on communication and the ECSK 2024 promotion strategy, along with evaluation activities for the ECSK 2024 Visual Identity System.<\/p>\n<p>The ECSK 2024 logo and the DiGrotesk KatoScience font shall be used by employees of the units organising the ECSK 2024 in connection with the activity of the European City of Science Katowice 2024.\u00a0<\/p>\n<p>The usage of the ECSK 2024 logo shall be consulted with the indicated units at individual institutions<\/p>\n<table class=\"aligncenter\" style=\"height: 510px; width: 100%; border-color: #000000;\" border=\"TAK\">\n<tbody>\n<tr style=\"border-color: #000000;\">\n<td style=\"width: 29.8586%; border-color: #000000; height: 18px;\"><b>Institution<\/b><\/td>\n<td style=\"width: 20.318%; border-color: #000000; height: 18px;\"><b>Unit<\/b><\/td>\n<td style=\"width: 48.0565%; border-color: #000000; height: 18px;\"><b>e-mail<\/b><\/td>\n<\/tr>\n<tr style=\"border-color: #000000;\">\n<td style=\"width: 29.8586%; border-color: #000000; height: 36px;\"><span style=\"font-weight: 400;\">City of Katowice<\/span><\/td>\n<td style=\"width: 20.318%; border-color: #000000; height: 36px;\"><span style=\"font-weight: 400;\">Promotion Department<\/span><\/td>\n<td style=\"width: 48.0565%; border-color: #000000; height: 36px;\"><a href=\"mailto:p@katowice.eu\"><span style=\"font-weight: 400;\">p@katowice.eu<\/span><\/a><\/td>\n<\/tr>\n<tr style=\"border-color: #000000;\">\n<td style=\"width: 29.8586%; border-color: #000000; height: 36px;\"><span style=\"font-weight: 400;\">University of Silesia in Katowice<\/span><\/td>\n<td style=\"width: 20.318%; border-color: #000000; height: 36px;\"><span style=\"font-weight: 400;\">Promotion Centre<\/span><\/td>\n<td style=\"width: 48.0565%; border-color: #000000; height: 36px;\"><a href=\"mailto:promocja@us.edu.pl\"><span style=\"font-weight: 400;\">promocja@us.edu.pl<\/span><\/a><\/td>\n<\/tr>\n<tr style=\"border-color: #000000;\">\n<td style=\"width: 29.8586%; border-color: #000000; height: 72px;\"><span style=\"font-weight: 400;\">Academy of Fine Arts and Design in Katowice<\/span><\/td>\n<td style=\"width: 20.318%; border-color: #000000; height: 72px;\"><span style=\"font-weight: 400;\">Office for Cultural Activity and Promotion<\/span><\/td>\n<td style=\"width: 48.0565%; border-color: #000000; height: 72px;\"><a href=\"mailto:magdalena.palupska@asp.katowice.pl\"><span style=\"font-weight: 400;\">magdalena.palupska@asp.katowice.pl<\/span><\/a><\/td>\n<\/tr>\n<tr style=\"border-color: #000000;\">\n<td style=\"width: 29.8586%; border-color: #000000; height: 54px;\"><span style=\"font-weight: 400;\">Academy of Physical Education<\/span><\/td>\n<td style=\"width: 20.318%; border-color: #000000; height: 54px;\"><span style=\"font-weight: 400;\">Promotion Department<\/span><\/td>\n<td style=\"width: 48.0565%; border-color: #000000; height: 54px;\"><a href=\"mailto:k.fraczek@awf.katowice.pl\"><span style=\"font-weight: 400;\">k.fraczek@awf.katowice.pl<\/span><\/a><\/td>\n<\/tr>\n<tr style=\"border-color: #000000;\">\n<td style=\"width: 29.8586%; border-color: #000000; height: 72px;\"><span style=\"font-weight: 400;\">Karol Szymanowski Academy of Music in Katowice<\/span><\/td>\n<td style=\"width: 20.318%; border-color: #000000; height: 72px;\">\u00a0<\/td>\n<td style=\"width: 48.0565%; border-color: #000000; height: 72px;\"><a href=\"mailto:emn@am.katowice.pl\"><span style=\"font-weight: 400;\">emn@am.katowice.pl<\/span><\/a><\/td>\n<\/tr>\n<tr style=\"border-color: #000000;\">\n<td style=\"width: 29.8586%; border-color: #000000; height: 54px;\"><span style=\"font-weight: 400;\">Silesian University of Technology<\/span><\/td>\n<td style=\"width: 20.318%; border-color: #000000; height: 54px;\"><span style=\"font-weight: 400;\">Promotion and Communication Centre<\/span><\/td>\n<td style=\"width: 48.0565%; border-color: #000000; height: 54px;\"><a href=\"mailto:krzysztof.gronowicz@polsl.pl\"><span style=\"font-weight: 400;\">krzysztof.gronowicz@polsl.pl<\/span><\/a><\/td>\n<\/tr>\n<tr style=\"border-color: #000000;\">\n<td style=\"width: 29.8586%; border-color: #000000; height: 114px;\"><span style=\"font-weight: 400;\">Medical University of Silesia in Katowice <\/span><\/td>\n<td style=\"width: 20.318%; border-color: #000000; height: 114px;\">\n<p><span style=\"font-weight: 400;\">Promotion Department<\/span><\/p>\n<p><span style=\"font-weight: 400;\">Office of the Spokesperson<\/span><\/p>\n<\/td>\n<td style=\"width: 48.0565%; border-color: #000000; height: 114px;\">\n<p><a href=\"mailto:rzecznik@sum.edu.pl\"><span style=\"font-weight: 400;\">rzecznik@sum.edu.pl<\/span><\/a><\/p>\n<p><a href=\"mailto:promocja@sum.edu.pl\"><span style=\"font-weight: 400;\">promocja@sum.edu<\/span><span style=\"font-weight: 400;\">.pl\u00a0<\/span><\/a><\/p>\n<\/td>\n<\/tr>\n<tr style=\"border-color: #000000;\">\n<td style=\"width: 29.8586%; border-color: #000000; height: 54px;\"><span style=\"font-weight: 400;\">University of Economics in Katowice<\/span><\/td>\n<td style=\"width: 20.318%; border-color: #000000; height: 54px;\"><span style=\"font-weight: 400;\">Marketing Centre<\/span><\/td>\n<td style=\"width: 48.0565%; border-color: #000000; height: 54px;\"><a href=\"mailto:angelika.gagracz@ue.katowice.pl\"><span style=\"font-weight: 400;\">angelika.gagracz@ue.katowice.pl<\/span><\/a><\/td>\n<\/tr>\n<\/tbody>\n<\/table>\n<p><span style=\"font-weight: 400;\">External entities may use the logo as agreed with the organisers and determined by the <a href=\"https:\/\/us.edu.pl\/en\/europejskie-miasto-nauki\/zasady-wspolpracy\/\">Rules of Cooperation<\/a>.<\/span><\/p>\n<p><span style=\"font-weight: 400;\">DiGrotesk KatoScience font is made available to the indicated units at particular institutions.<\/span><\/p>\n<p><b>Downloadable files<\/b><\/p>\n<p><a href=\"https:\/\/us.edu.pl\/wp-content\/uploads\/Editor\/EMN_Katowice\/LOGO_EMNK2024.zip\"><span style=\"font-weight: 400;\">Logo of the European City of Science 2024<\/span><\/a><br \/>\n<a href=\"https:\/\/us.edu.pl\/europejskie-miasto-nauki\/materialy-emnk\/system-identyfikacji-wizualnej-emnk-2024\/elementy-do-oznakowania-wydarzen-programowych\/\"><span style=\"font-weight: 400;\">Elements for marking programme events<\/span><\/a><br \/>\n<a href=\"https:\/\/issuu.com\/Uniwersytetslaski\/docs\/emnk2024-ksiegaznaku\"><span style=\"font-weight: 400;\">ECSK 2024 Brand Book<\/span><\/a><\/p>\n<div style=\"position: relative; padding-top: max(60%,326px); height: 0; width: 100%;\"><iframe style=\"position: absolute; border: none; width: 100%; height: 100%; left: 0; right: 0; top: 0; bottom: 0;\" src=\"https:\/\/e.issuu.com\/embed.html?d=emnk2024-ksiegaznaku&amp;u=uniwersytetslaski\" sandbox=\"allow-top-navigation allow-top-navigation-by-user-activation allow-downloads allow-scripts allow-same-origin allow-popups allow-modals allow-popups-to-escape-sandbox allow-forms\" allowfullscreen=\"allowfullscreen\"><\/iframe><\/div>\n<p>&nbsp;<\/p>\n<p><a href=\"https:\/\/issuu.com\/uniwersytetslaski\/docs\/emnk2024-manual\"><span style=\"font-weight: 400;\">Visual Identity System for the ECSK 2024<\/span><\/a><\/p>\n<p>&nbsp;<\/p>\n<div style=\"position: relative; padding-top: max(60%,326px); height: 0; width: 100%;\"><iframe style=\"position: absolute; border: none; width: 100%; height: 100%; left: 0; right: 0; top: 0; bottom: 0;\" src=\"https:\/\/e.issuu.com\/embed.html?d=emnk2024-manual&amp;u=uniwersytetslaski\" sandbox=\"allow-top-navigation allow-top-navigation-by-user-activation allow-downloads allow-scripts allow-same-origin allow-popups allow-modals allow-popups-to-escape-sandbox allow-forms\" allowfullscreen=\"allowfullscreen\"><\/iframe><\/div>\n<div class=\"mt-3\"><\/div>\r\n                            <\/div>\r\n                            \r\n                            \r\n                        <\/div>\r\n                    <\/div>\r\n                <\/div>[\/vc_column][\/vc_row]<\/p>\n<p><\/p>","protected":false},"excerpt":{"rendered":"<p>[vc_row][vc_column][\/vc_column][\/vc_row] [&#8230;]<\/p>\n<p><a class=\"btn btn-secondary understrap-read-more-link\" href=\"https:\/\/us.edu.pl\/en\/europejskie-miasto-nauki\/materialy-emnk\/system-identyfikacji-wizualnej-emnk-2024\/\">Read More&#8230;<\/a><\/p>\n","protected":false},"author":28,"featured_media":0,"parent":171633,"menu_order":0,"comment_status":"closed","ping_status":"closed","template":"","meta":{"_expiration-date-status":"","_expiration-date":0,"_expiration-date-type":"","_expiration-date-categories":[],"_expiration-date-options":[]},"acf":[],"_links":{"self":[{"href":"https:\/\/us.edu.pl\/en\/wp-json\/wp\/v2\/pages\/178234"}],"collection":[{"href":"https:\/\/us.edu.pl\/en\/wp-json\/wp\/v2\/pages"}],"about":[{"href":"https:\/\/us.edu.pl\/en\/wp-json\/wp\/v2\/types\/page"}],"author":[{"embeddable":true,"href":"https:\/\/us.edu.pl\/en\/wp-json\/wp\/v2\/users\/28"}],"replies":[{"embeddable":true,"href":"https:\/\/us.edu.pl\/en\/wp-json\/wp\/v2\/comments?post=178234"}],"version-history":[{"count":1,"href":"https:\/\/us.edu.pl\/en\/wp-json\/wp\/v2\/pages\/178234\/revisions"}],"predecessor-version":[{"id":185269,"href":"https:\/\/us.edu.pl\/en\/wp-json\/wp\/v2\/pages\/178234\/revisions\/185269"}],"up":[{"embeddable":true,"href":"https:\/\/us.edu.pl\/en\/wp-json\/wp\/v2\/pages\/171633"}],"wp:attachment":[{"href":"https:\/\/us.edu.pl\/en\/wp-json\/wp\/v2\/media?parent=178234"}],"curies":[{"name":"wp","href":"https:\/\/api.w.org\/{rel}","templated":true}]}}