{"id":178969,"date":"2024-01-05T13:29:38","date_gmt":"2024-01-05T12:29:38","guid":{"rendered":"https:\/\/us.edu.pl\/?page_id=178969"},"modified":"2024-02-02T10:58:57","modified_gmt":"2024-02-02T09:58:57","slug":"kalendarz-wydarzen","status":"publish","type":"page","link":"https:\/\/us.edu.pl\/en\/europejskie-miasto-nauki\/kalendarz-wydarzen\/","title":{"rendered":"Events Calendar"},"content":{"rendered":"<p><\/p>\n<p>[vc_row][vc_column][vc_row_inner][vc_column_inner width=&#8221;1\/4&#8243;][vc_column_text]<\/p>\n<p><img class=\"alignnone wp-image-178971 size-medium\" src=\"https:\/\/us.edu.pl\/wp-content\/uploads\/Editor\/EMN_Katowice\/kalendarz_ikona-900x900.png\" alt=\"na zdj\u0119ciu kartka z kalendarza - ikonka w kolorze r\u00f3\u017cowym\" width=\"800\" height=\"600\" \/><\/p>\n<p>[\/vc_column_text][\/vc_column_inner][vc_column_inner width=&#8221;1\/2&#8243;][vc_column_text]<\/p>\n<p>&nbsp;<\/p>\n<p>&nbsp;<\/p>\n<p>&nbsp;<\/p>\n<table class=\"rogi aligncenter\" style=\"height: 100px; border-collapse: collapse; background-color: #fde5f1; width: 100%;\">\n<tbody>\n<tr style=\"height: 18px;\">\n<td style=\"width: 100%; text-align: center; height: 100px;\">\n<p>&nbsp;<\/p>\n<p><a href=\"https:\/\/calendar.google.com\/calendar\/u\/1?cid=ZW1uay4yMDI0QGdtYWlsLmNvbQ\"><span style=\"color: #011535; font-family: PT Sans;\"><b>If you don\u2019t have a Google account, use this calendar.<\/b><\/span><\/a><\/p>\n<p><img class=\"alignright wp-image-12074 \" src=\"https:\/\/us.edu.pl\/wydzial\/wnst\/wp-content\/uploads\/sites\/18\/zdjecia-ogolne\/arrow-white.png\" alt=\"Arrow\" width=\"54\" height=\"54\" \/><\/p>\n<\/td>\n<\/tr>\n<\/tbody>\n<\/table>\n<p>&nbsp;<\/p>\n<p>&nbsp;<\/p>\n<p>[\/vc_column_text][\/vc_column_inner][vc_column_inner width=&#8221;1\/4&#8243;][\/vc_column_inner][\/vc_row_inner][vc_row_inner][vc_column_inner width=&#8221;1\/4&#8243;][vc_column_text]<\/p>\n<p><img class=\"alignnone wp-image-178970\" src=\"https:\/\/us.edu.pl\/wp-content\/uploads\/Editor\/EMN_Katowice\/kalendarz-google-900x900.jpg\" alt=\"na zdj\u0119ciu tablet na kt\u00f3rym jest otwarta przegl\u0105darka google\" width=\"800\" height=\"599\" \/><\/p>\n<p>[\/vc_column_text][\/vc_column_inner][vc_column_inner width=&#8221;1\/2&#8243;][vc_column_text]<\/p>\n<p>&nbsp;<\/p>\n<p>&nbsp;<\/p>\n<p>&nbsp;<\/p>\n<table class=\"rogi aligncenter\" style=\"height: 116px; border-collapse: collapse; background-color: #f3f8fe; width: 100%;\">\n<tbody>\n<tr style=\"height: 18px;\">\n<td style=\"width: 100%; text-align: center; height: 116px;\">\n<p>&nbsp;<\/p>\n<p><a href=\"https:\/\/calendar.google.com\/calendar\/embed?src=emnk.2024%40gmail.com&amp;ctz=Europe%2FWarsaw.\"><span style=\"color: #011535; font-family: PT Sans;\"><b>If you have a Google account, download the calendar to your account.<\/b><\/span><\/a><\/p>\n<p><img class=\"size-full wp-image-12074 alignright\" src=\"https:\/\/us.edu.pl\/wydzial\/wnst\/wp-content\/uploads\/sites\/18\/zdjecia-ogolne\/arrow-white.png\" alt=\"Arrow\" width=\"6%\" height=\"auto\" \/><\/p>\n<\/td>\n<\/tr>\n<\/tbody>\n<\/table>\n<p>&nbsp;<\/p>\n<p>&nbsp;<\/p>\n<p>[\/vc_column_text][\/vc_column_inner][vc_column_inner width=&#8221;1\/4&#8243;][\/vc_column_inner][\/vc_row_inner][vc_row_inner][vc_column_inner width=&#8221;1\/4&#8243;][vc_column_text]<\/p>\n<p><img class=\"alignnone wp-image-176446 size-full\" src=\"https:\/\/us.edu.pl\/wp-content\/uploads\/Editor\/EMN_Katowice\/800x600-04-2.png\" alt=\"Obrazek wyr\u00f3\u017cniaj\u0105cy, po g\u00f3rny lewy r\u00f3g logotyp EMNK, prawy dolny r\u00f3g logo EMNK, na \u015brodku napis: 50 Tygodni w Mie\u015bcie Nauki. Grafika w kolorze r\u00f3\u017cowo - bia\u0142ym\" width=\"800\" height=\"600\" srcset=\"https:\/\/us.edu.pl\/wp-content\/uploads\/Editor\/EMN_Katowice\/800x600-04-2.png 800w, https:\/\/us.edu.pl\/wp-content\/uploads\/Editor\/EMN_Katowice\/800x600-04-2-768x576.png 768w, https:\/\/us.edu.pl\/wp-content\/uploads\/Editor\/EMN_Katowice\/800x600-04-2-575x431.png 575w\" sizes=\"(max-width: 800px) 100vw, 800px\" \/><\/p>\n<p>[\/vc_column_text][\/vc_column_inner][vc_column_inner width=&#8221;1\/2&#8243;][vc_column_text]<\/p>\n<table class=\"rogi aligncenter\" style=\"height: 116px; border-collapse: collapse; background-color: #fde5f1; width: 100%;\">\n<tbody>\n<tr style=\"height: 18px;\">\n<td style=\"width: 100%; text-align: center; height: 116px;\">\n<p>&nbsp;<\/p>\n<p><span style=\"color: #011535; font-family: PT Sans;\"><b>\u00a0<a href=\"https:\/\/us.edu.pl\/europejskie-miasto-nauki\/50-tygodni-w-miescie-nauki\/\">Check out the 50 Weeks programme! Some of them still require some work \u2013 we will keep adding new information regularly. Find out what each week is all about, who are their curators and producers, as well as what activities and events you can expect.<\/a><\/b><\/span><\/p>\n<p><img class=\"size-full wp-image-12074 alignright\" src=\"https:\/\/us.edu.pl\/wydzial\/wnst\/wp-content\/uploads\/sites\/18\/zdjecia-ogolne\/arrow-white.png\" alt=\"Arrow\" width=\"6%\" height=\"auto\" \/><\/p>\n<\/td>\n<\/tr>\n<\/tbody>\n<\/table>\n<p>&nbsp;<\/p>\n<p>[\/vc_column_text][\/vc_column_inner][vc_column_inner width=&#8221;1\/4&#8243;][\/vc_column_inner][\/vc_row_inner][\/vc_column][\/vc_row]<\/p>\n<p><\/p>","protected":false},"excerpt":{"rendered":"<p>[vc_row][vc_column][vc_row_inner][vc_column_inner width=&#8221;1\/4&#8243;][vc_column_text] [\/vc_column_text][\/vc_column_inner][vc_column_inner width=&#8221;1\/2&#8243;][vc_column_text] &nbsp; &nbsp; &nbsp; &nbsp; If you don\u2019t have a Google account, use this calendar. &nbsp; &nbsp; [\/vc_column_text][\/vc_column_inner][vc_column_inner width=&#8221;1\/4&#8243;][\/vc_column_inner][\/vc_row_inner][vc_row_inner][vc_column_inner width=&#8221;1\/4&#8243;][vc_column_text] [\/vc_column_text][\/vc_column_inner][vc_column_inner width=&#8221;1\/2&#8243;][vc_column_text] &nbsp; &nbsp; &nbsp; &nbsp; If you have a Google account, download the calendar to your account. &nbsp; &nbsp; [\/vc_column_text][\/vc_column_inner][vc_column_inner width=&#8221;1\/4&#8243;][\/vc_column_inner][\/vc_row_inner][vc_row_inner][vc_column_inner width=&#8221;1\/4&#8243;][vc_column_text] [\/vc_column_text][\/vc_column_inner][vc_column_inner width=&#8221;1\/2&#8243;][vc_column_text] &nbsp; \u00a0Check out the 50 Weeks programme! [&#8230;]<\/p>\n<p><a class=\"btn btn-secondary understrap-read-more-link\" href=\"https:\/\/us.edu.pl\/en\/europejskie-miasto-nauki\/kalendarz-wydarzen\/\">Read More&#8230;<\/a><\/p>\n","protected":false},"author":28,"featured_media":0,"parent":168609,"menu_order":0,"comment_status":"closed","ping_status":"closed","template":"page-templates\/page-with-sidebar.php","meta":{"_expiration-date-status":"","_expiration-date":0,"_expiration-date-type":"","_expiration-date-categories":[],"_expiration-date-options":[]},"acf":[],"_links":{"self":[{"href":"https:\/\/us.edu.pl\/en\/wp-json\/wp\/v2\/pages\/178969"}],"collection":[{"href":"https:\/\/us.edu.pl\/en\/wp-json\/wp\/v2\/pages"}],"about":[{"href":"https:\/\/us.edu.pl\/en\/wp-json\/wp\/v2\/types\/page"}],"author":[{"embeddable":true,"href":"https:\/\/us.edu.pl\/en\/wp-json\/wp\/v2\/users\/28"}],"replies":[{"embeddable":true,"href":"https:\/\/us.edu.pl\/en\/wp-json\/wp\/v2\/comments?post=178969"}],"version-history":[{"count":1,"href":"https:\/\/us.edu.pl\/en\/wp-json\/wp\/v2\/pages\/178969\/revisions"}],"predecessor-version":[{"id":180127,"href":"https:\/\/us.edu.pl\/en\/wp-json\/wp\/v2\/pages\/178969\/revisions\/180127"}],"up":[{"embeddable":true,"href":"https:\/\/us.edu.pl\/en\/wp-json\/wp\/v2\/pages\/168609"}],"wp:attachment":[{"href":"https:\/\/us.edu.pl\/en\/wp-json\/wp\/v2\/media?parent=178969"}],"curies":[{"name":"wp","href":"https:\/\/api.w.org\/{rel}","templated":true}]}}