{"id":180355,"date":"2024-02-06T12:16:37","date_gmt":"2024-02-06T11:16:37","guid":{"rendered":"https:\/\/us.edu.pl\/?page_id=180355"},"modified":"2024-09-03T11:14:52","modified_gmt":"2024-09-03T09:14:52","slug":"dom-asystenta-nr-3-w-katowicach","status":"publish","type":"page","link":"https:\/\/us.edu.pl\/en\/pokoje-goscinne-i-osrodki-wypoczynkowe-uniwersytetu-slaskiego\/dom-asystenta-nr-3-w-katowicach\/","title":{"rendered":"Teacher Residence Hall No. 3 in Katowice"},"content":{"rendered":"<p><\/p>\n<p>[vc_row][vc_column]\r\n                <div class=\"text-modules\">\r\n                    <div class=\"container\">\r\n                        <h3 class=\"page-title text__title\">Teacher Residence Hall No. 3 in Katowice<\/h3>\r\n                        <div class=\"text-modules__content\"><\/div>\r\n                    <\/div>\r\n                <\/div>[\/vc_column][\/vc_row][vc_row content_placement=&#8221;middle&#8221;][vc_column width=&#8221;1\/3&#8243;]\r\n                <div class=\"text-modules\">\r\n                    <div class=\"container\">\r\n                        \r\n                        <div class=\"text-modules__content\"><\/p>\n<h4>Address<\/h4>\n<p>Paderewskiego 32,<br \/>\n40-282 Katowice<\/p>\n<p>\n<\/div>\r\n                    <\/div>\r\n                <\/div>\r\n                <div class=\"text-modules\">\r\n                    <div class=\"container\">\r\n                        \r\n                        <div class=\"text-modules__content\"><\/p>\n<h4>Room reservations<\/h4>\n<ul>\n<li>+48 32 2009 111<\/li>\n<li>e-mail:\u00a0<a href=\"mailto:hotel2@us.edu.pl\">hotel2@us.edu.pl<\/a><\/li>\n<li>online reservations<\/li>\n<\/ul>\n<p>Reception desk is open round-the-clock.<\/p>\n<p>\n<\/div>\r\n                    <\/div>\r\n                <\/div>[\/vc_column][vc_column width=&#8221;2\/3&#8243;]\r\n                <div class=\"text-modules\">\r\n                    <div class=\"container\">\r\n                        \r\n                        <div class=\"text-modules__content\"><\/p>\n<p><img class=\" wp-image-180544\" src=\"https:\/\/us.edu.pl\/wp-content\/uploads\/obrazki-stron\/Dom-Asystent-3-Katowice-HOL_20240207_115839_fot-Malgorzata-Szymanska-900x600.webp\" alt=\"Wej\u015bcie. Dom Asystenta nr 3 w Katowicach\" width=\"100%\" srcset=\"https:\/\/us.edu.pl\/wp-content\/uploads\/obrazki-stron\/Dom-Asystent-3-Katowice-HOL_20240207_115839_fot-Malgorzata-Szymanska-900x600.webp 900w, https:\/\/us.edu.pl\/wp-content\/uploads\/obrazki-stron\/Dom-Asystent-3-Katowice-HOL_20240207_115839_fot-Malgorzata-Szymanska-768x512.webp 768w, https:\/\/us.edu.pl\/wp-content\/uploads\/obrazki-stron\/Dom-Asystent-3-Katowice-HOL_20240207_115839_fot-Malgorzata-Szymanska-575x384.webp 575w, https:\/\/us.edu.pl\/wp-content\/uploads\/obrazki-stron\/Dom-Asystent-3-Katowice-HOL_20240207_115839_fot-Malgorzata-Szymanska.webp 1024w\" sizes=\"(max-width: 900px) 100vw, 900px\" \/> <span style=\"font-size: 12px;\"> Lobby and entrance. Teacher Residence Hall No. 3 in Katowice<\/span><\/p>\n<p>\n<\/div>\r\n                    <\/div>\r\n                <\/div>[\/vc_column][\/vc_row][vc_row][vc_column]\r\n                <div class=\"text-modules\">\r\n                    <div class=\"container\">\r\n                        \r\n                        <div class=\"text-modules__content\"><\/p>\n<p>Teacher Residence Hall No. 3 of the University of Silesia in Katowice, thanks to its excellent location in the prestigious Paderewskiego Estate, is an excellent accommodation base not only for employees, students and guests of the University of Silesia, but also for all visitors to the city for whom easy access to key points of Katowice is important, including cultural monuments, shopping, entertainment and science centres, as well as green areas.<\/p>\n<p>Near the Teacher Residence Hall there is a park and a recreational and sports complex with an area of \u200b\u200b86 ha, including 9 ha of water area \u2013 Dolina Trzech Staw\u00f3w (the Valley of the Three Ponds). The park has a car park, numerous bicycle paths, beach volleyball courts and a city bike station.<\/p>\n<p>\n<\/div>\r\n                    <\/div>\r\n                <\/div>\r\n                <div class=\"text-modules\">\r\n                    <div class=\"container\">\r\n                        \r\n                        <div class=\"text-modules__content\"><\/p>\n<h4>GUEST ROOMS<\/h4>\n<p>\n<\/div>\r\n                    <\/div>\r\n                <\/div>\r\n                <div class=\"text-modules\">\r\n                    <div class=\"container\">\r\n                        \r\n                        <div class=\"text-modules__content\"><\/p>\n<p>All rooms have been designed with due care for your comfort and convenience. Additionally, free WiFi is available to our guests in all rooms.<\/p>\n<p>We offer several dozen accommodation places tailored to the individual needs of our guests.<\/p>\n<p>\n<\/div>\r\n                    <\/div>\r\n                <\/div>[\/vc_column][\/vc_row][vc_row][vc_column]\r\n                <div class=\"text-modules\">\r\n                    <div class=\"container\">\r\n                        \r\n                        <div class=\"text-modules__content\"><\/p>\n<p><strong>3 VIP rooms &#8211; two with an area of \u200b\u200b31.6 m<sup>2<\/sup> and one with an area of \u200b\u200b46.96 m<sup>2<\/sup>.<\/strong><\/p>\n<p>Each suite has a separate bedroom, living room, kitchenette, wardrobe and bathroom.<\/p>\n<p>\n<\/div>\r\n                    <\/div>\r\n                <\/div>            \r\n                    <div class=\"container\">\r\n                        <div class=\"gallery gallery_2\" data-images-in-row=\"2\">\r\n                            \r\n                            <div class=\"row m-0\">\r\n                                <a data-fancybox-group=\"button\" title=\"Pok\u00f3j typu VIP. Na zdj\u0119ciu podw\u00f3jne \u0142\u00f3\u017cko \" data-fancybox=\"2833\" href=\"https:\/\/us.edu.pl\/wp-content\/uploads\/obrazki-stron\/pader_2.jpg\" class=\"gallery__item thumbnail\"\r\n                                    style=\"background-image: url(https:\/\/us.edu.pl\/wp-content\/uploads\/obrazki-stron\/pader_2.jpg)\"> <span class=\"d-none\">https:\/\/us.edu.pl\/wp-content\/uploads\/obrazki-stron\/pader_2.jpg<\/span> <\/a><a data-fancybox-group=\"button\" title=\"Pok\u00f3j typu VIP. Na zdj\u0119ciu: na \u015brodku dwa fotele, \u0142awa i sofa\" data-fancybox=\"2833\" href=\"https:\/\/us.edu.pl\/wp-content\/uploads\/obrazki-stron\/pader_3.jpg\" class=\"gallery__item thumbnail\"\r\n                                    style=\"background-image: url(https:\/\/us.edu.pl\/wp-content\/uploads\/obrazki-stron\/pader_3.jpg)\"> <span class=\"d-none\">https:\/\/us.edu.pl\/wp-content\/uploads\/obrazki-stron\/pader_3.jpg<\/span> <\/a>\r\n                            <\/div>\r\n                    <\/div>\r\n                <\/div>\r\n                <div class=\"text-modules\">\r\n                    <div class=\"container\">\r\n                        \r\n                        <div class=\"text-modules__content\"><\/p>\n<p><strong>18 \u2018studio\u2019 rooms with an area of 31.6 m<\/strong><strong><sup>2<\/sup><\/strong><\/p>\n<p>Each \u2018studio\u2019 room is equipped with a bedroom, bathroom, wardrobe or kitchenette.<\/p>\n<p>\n<\/div>\r\n                    <\/div>\r\n                <\/div>            \r\n                    <div class=\"container\">\r\n                        <div class=\"gallery gallery_2\" data-images-in-row=\"2\">\r\n                            \r\n                            <div class=\"row m-0\">\r\n                                <a data-fancybox-group=\"button\" title=\"Pok\u00f3j typu \u201estudio\u201d. Na zdj\u0119ciu: podw\u00f3jne \u0142o\u017ce sypialniane, toaletka\" data-fancybox=\"4542\" href=\"https:\/\/us.edu.pl\/wp-content\/uploads\/obrazki-stron\/pader_4.jpg\" class=\"gallery__item thumbnail\"\r\n                                    style=\"background-image: url(https:\/\/us.edu.pl\/wp-content\/uploads\/obrazki-stron\/pader_4.jpg)\"> <span class=\"d-none\">https:\/\/us.edu.pl\/wp-content\/uploads\/obrazki-stron\/pader_4.jpg<\/span> <\/a><a data-fancybox-group=\"button\" title=\"Pok\u00f3j typu \u201estudio\u201d. Na zdj\u0119ciu: \u0142awa oraz podw\u00f3jna sofa i podwieszany telewizor \" data-fancybox=\"4542\" href=\"https:\/\/us.edu.pl\/wp-content\/uploads\/obrazki-stron\/pader_5.jpg\" class=\"gallery__item thumbnail\"\r\n                                    style=\"background-image: url(https:\/\/us.edu.pl\/wp-content\/uploads\/obrazki-stron\/pader_5.jpg)\"> <span class=\"d-none\">https:\/\/us.edu.pl\/wp-content\/uploads\/obrazki-stron\/pader_5.jpg<\/span> <\/a>\r\n                            <\/div>\r\n                    <\/div>\r\n                <\/div>\r\n                <div class=\"text-modules\">\r\n                    <div class=\"container\">\r\n                        \r\n                        <div class=\"text-modules__content\"><\/p>\n<p><strong>11 single and double rooms with an area of 9.6 m<sup>2<\/sup> and 16.2 m<sup>2<\/sup><\/strong><\/p>\n<p>\n<\/div>\r\n                    <\/div>\r\n                <\/div>            \r\n                    <div class=\"container\">\r\n                        <div class=\"gallery gallery_2\" data-images-in-row=\"2\">\r\n                            \r\n                            <div class=\"row m-0\">\r\n                                <a data-fancybox-group=\"button\" title=\"Pok\u00f3j dwuosobowy. Na zdj\u0119ciu: dwa pojedyncze \u0142\u00f3\u017cka, fotele i \u0142awa oraz toaletka, lustro i telewizor\" data-fancybox=\"5895\" href=\"https:\/\/us.edu.pl\/wp-content\/uploads\/obrazki-stron\/pader_6.jpg\" class=\"gallery__item thumbnail\"\r\n                                    style=\"background-image: url(https:\/\/us.edu.pl\/wp-content\/uploads\/obrazki-stron\/pader_6.jpg)\"> <span class=\"d-none\">https:\/\/us.edu.pl\/wp-content\/uploads\/obrazki-stron\/pader_6.jpg<\/span> <\/a>\r\n                            <\/div>\r\n                    <\/div>\r\n                <\/div>[\/vc_column][\/vc_row][vc_row][vc_column]\r\n                <div class=\"text-modules\">\r\n                    <div class=\"container\">\r\n                        \r\n                        <div class=\"text-modules__content\"><\/p>\n<h4>ACCOMMODATION PRICE LIST<\/h4>\n<p>Payment by card only.<\/p>\n<p>\n<\/div>\r\n                    <\/div>\r\n                <\/div><div class=\"container\"><div class=\"separator\" style=\"background-color: #EBEBEB\"><\/div><\/div>[\/vc_column][\/vc_row][vc_row][vc_column][vc_empty_space]\r\n                <div class=\"text-modules\">\r\n                    <div class=\"container\">\r\n                        \r\n                        <div class=\"text-modules__content\"><\/p>\n<p>Single room: <strong>PLN 120<\/strong><\/p>\n<p>Double room:\u00a0<strong>PLN 150<\/strong><\/p>\n<p>Double \u2018studio\u2019 room with bathroom:\u00a0<strong>PLN 230\/PLN 250*<\/strong><\/p>\n<p>VIP room (31.6 m2) with bathroom and kitchenette: <strong>PLN 300\/PLN 320*<\/strong><\/p>\n<p>VIP room (46.96 m2) with bathroom and kitchenette: <strong>PLN 350\/PLN 370*<\/strong><\/p>\n<hr \/>\n<p>*\u00a0For an overnight stay of 3 people<br \/>\nSpecial prices for employees, PhD students, students and guests of the University of Silesia \u2013 ask the staff by calling 32 200 91 11<\/p>\n<p>\n<\/div>\r\n                    <\/div>\r\n                <\/div>\r\n                <div class=\"text-modules\">\r\n                    <div class=\"container\">\r\n                        \r\n                        <div class=\"text-modules__content\"><\/p>\n<h4>LOCATION<\/h4>\n<p>\n<\/div>\r\n                    <\/div>\r\n                <\/div>\r\n                    <div class=\"locations\">\r\n                        <div class=\"container\">\r\n                            <div class=\"row\">\r\n                            \r\n                        <div class=\"col-lg-3 col-md-3 col-sm-6 col-6\">\r\n                            <a href=\"https:\/\/www.google.pl\/maps\/place\/Dom+Asystenta,+Uniwersytet+%C5%9Al%C4%85ski+w+Katowicach\/@50.2529776,19.038346,17z\/data=!3m1!4b1!4m6!3m5!1s0x4716cfb5cabf2e59:0xc24ed050535e6e1a!8m2!3d50.2529776!4d19.038346!16s%2Fg%2F1tk6p1zd?entry=ttu\" class=\"location__item\">\r\n                                <em class=\"fa fa-map-marker\"><\/em>\r\n                                <div class=\"location__name\">Google maps<\/div>\r\n                            <\/a>\r\n                        <\/div> \r\n                            <\/div>\r\n                        <\/div>\r\n                    <\/div> \r\n                <div class=\"text-modules\">\r\n                    <div class=\"container\">\r\n                        \r\n                        <div class=\"text-modules__content\"><\/p>\n<p>ul. Paderewskiego 32<\/p>\n<p>40-282 Katowice<\/p>\n<p>\n<\/div>\r\n                    <\/div>\r\n                <\/div>[\/vc_column][\/vc_row][vc_row][vc_column][vc_empty_space]\r\n                <div class=\"text-modules\">\r\n                    <div class=\"container\">\r\n                        \r\n                        <div class=\"text-modules__content\"><\/p>\n<h4>DIRECTIONS<\/h4>\n<p>\n<\/div>\r\n                    <\/div>\r\n                <\/div>\r\n                <div class=\"text-modules\">\r\n                    <div class=\"container\">\r\n                        \r\n                        <div class=\"text-modules__content\"><\/p>\n<p><strong>ACCESS BY CAR<\/strong><\/p>\n<p>The excellent location near the A4 motorway allows you to easily reach not only the centre of Katowice, but also attractions in nearby cities.<\/p>\n<p>&nbsp;<\/p>\n<p><strong>TRAIN STATION (DWORZEC PKP KATOWICE)<\/strong><\/p>\n<p>You can get to the Teacher Residence Hall No. 3 from the train station in Katowice in several ways:<\/p>\n<ul>\n<li><strong>on foot<\/strong>\u00a0in 25 min. (2.0 km) by heading to the ul. 3 Maja exist;<\/li>\n<li><strong>by taxi<\/strong> from Plac Odzia\u0142\u00f3w M\u0142odzie\u017cy Powsta\u0144czej or the underground bus station along the entrance to Galeria Katowicka;<\/li>\n<li><strong>by tram<\/strong> from the Katowice Dworzec PKP stop using one of the following lines: 14, 15, 20, 36, 40 in the direction of Szopienice, Sosnowiec and Mys\u0142owice \u2013 to the\u00a0<strong>Katowice Graniczna<\/strong> stop\u00a0(5 minutes + 9 minutes on foot);<\/li>\n<li><strong>by bus<\/strong> from the Katowice Dworzec stop using one of the following lines: 10, 110, 674, 910 \u2013 to the\u00a0<strong>Osiedle Paderewskiego Pomnik<\/strong> stop\u00a0(7 minutes + 10 minutes on foot).<\/li>\n<\/ul>\n<p>\n<\/div>\r\n                    <\/div>\r\n                <\/div>[\/vc_column][\/vc_row]<\/p>\n<p><\/p>","protected":false},"excerpt":{"rendered":"<p>[vc_row][vc_column][\/vc_column][\/vc_row][vc_row content_placement=&#8221;middle&#8221;][vc_column width=&#8221;1\/3&#8243;][\/vc_column][vc_column width=&#8221;2\/3&#8243;][\/vc_column][\/vc_row][vc_row][vc_column][\/vc_column][\/vc_row][vc_row][vc_column][\/vc_column][\/vc_row][vc_row][vc_column][\/vc_column][\/vc_row][vc_row][vc_column][vc_empty_space][\/vc_column][\/vc_row][vc_row][vc_column][vc_empty_space][\/vc_column][\/vc_row] [&#8230;]<\/p>\n<p><a class=\"btn btn-secondary understrap-read-more-link\" href=\"https:\/\/us.edu.pl\/en\/pokoje-goscinne-i-osrodki-wypoczynkowe-uniwersytetu-slaskiego\/dom-asystenta-nr-3-w-katowicach\/\">Read More&#8230;<\/a><\/p>\n","protected":false},"author":26,"featured_media":0,"parent":119746,"menu_order":0,"comment_status":"closed","ping_status":"closed","template":"page-templates\/page-with-sidebar.php","meta":{"_expiration-date-status":"","_expiration-date":0,"_expiration-date-type":"","_expiration-date-categories":[],"_expiration-date-options":[]},"acf":[],"_links":{"self":[{"href":"https:\/\/us.edu.pl\/en\/wp-json\/wp\/v2\/pages\/180355"}],"collection":[{"href":"https:\/\/us.edu.pl\/en\/wp-json\/wp\/v2\/pages"}],"about":[{"href":"https:\/\/us.edu.pl\/en\/wp-json\/wp\/v2\/types\/page"}],"author":[{"embeddable":true,"href":"https:\/\/us.edu.pl\/en\/wp-json\/wp\/v2\/users\/26"}],"replies":[{"embeddable":true,"href":"https:\/\/us.edu.pl\/en\/wp-json\/wp\/v2\/comments?post=180355"}],"version-history":[{"count":3,"href":"https:\/\/us.edu.pl\/en\/wp-json\/wp\/v2\/pages\/180355\/revisions"}],"predecessor-version":[{"id":181269,"href":"https:\/\/us.edu.pl\/en\/wp-json\/wp\/v2\/pages\/180355\/revisions\/181269"}],"up":[{"embeddable":true,"href":"https:\/\/us.edu.pl\/en\/wp-json\/wp\/v2\/pages\/119746"}],"wp:attachment":[{"href":"https:\/\/us.edu.pl\/en\/wp-json\/wp\/v2\/media?parent=180355"}],"curies":[{"name":"wp","href":"https:\/\/api.w.org\/{rel}","templated":true}]}}