{"id":181643,"date":"2024-02-23T11:54:12","date_gmt":"2024-02-23T10:54:12","guid":{"rendered":"https:\/\/us.edu.pl\/?page_id=181643"},"modified":"2026-02-06T09:12:15","modified_gmt":"2026-02-06T08:12:15","slug":"raporty-z-badan","status":"publish","type":"page","link":"https:\/\/us.edu.pl\/en\/wspolpraca\/wspolpraca-z-pracodawcami\/raporty-z-badan\/","title":{"rendered":"Professional Careers of USil Graduates"},"content":{"rendered":"<p><\/p>\n<p>[vc_row content_placement=&#8221;middle&#8221; el_class=&#8221;container&#8221;][vc_column width=&#8221;1\/2&#8243;]\r\n                <div class=\"text-modules\">\r\n                    <div class=\"container\">\r\n                        <h3 class=\"page-title text__title\">Professional Careers of USil Graduates<\/h3>\r\n                        <div class=\"text-modules__content\"><\/p>\n<h4><strong>The survey of professional careers of USil graduates may give information about<\/strong>:<\/h4>\n<ul>\n<li>their current professional situation,<\/li>\n<li>their status in the labour market,<\/li>\n<li>the compatibility between the work they perform and the degree programme they studied,<\/li>\n<li>the assessment of demand for graduates in the labour market,<\/li>\n<li>the level of satisfaction with their studies and jobs.<\/li>\n<\/ul>\n<p>Reports translated into English (including transcripts) will be available on our website soon.<\/p>\n<p>\n<\/div>\r\n                    <\/div>\r\n                <\/div>[\/vc_column][vc_column width=&#8221;1\/2&#8243;]\r\n                <div class=\"text-modules\">\r\n                    <div class=\"container\">\r\n                        \r\n                        <div class=\"text-modules__content\"><\/p>\n<p><img class=\"size-full wp-image-183090\" src=\"https:\/\/us.edu.pl\/wp-content\/uploads\/2024\/03\/rut-miit-RpxgkJRqg5I-unsplash-1.jpg\" alt=\"R\u0119ka podrzucaj\u0105ca czapk\u0119 absolwenta, w tle najprawdopodobniej budynek uczelni.\" width=\"100%\" srcset=\"https:\/\/us.edu.pl\/wp-content\/uploads\/2024\/03\/rut-miit-RpxgkJRqg5I-unsplash-1.jpg 800w, https:\/\/us.edu.pl\/wp-content\/uploads\/2024\/03\/rut-miit-RpxgkJRqg5I-unsplash-1-768x512.jpg 768w, https:\/\/us.edu.pl\/wp-content\/uploads\/2024\/03\/rut-miit-RpxgkJRqg5I-unsplash-1-575x383.jpg 575w\" sizes=\"(max-width: 800px) 100vw, 800px\" \/> <span style=\"font-size: 12px;\">Photo by Rut Miit via unsplash.com <\/span><\/p>\n<p>\n<\/div>\r\n                    <\/div>\r\n                <\/div>[\/vc_column][\/vc_row][vc_row el_class=&#8221;container&#8221;][vc_column][vc_empty_space el_class=&#8221;container&#8221;][\/vc_column][\/vc_row][vc_row content_placement=&#8221;middle&#8221; el_class=&#8221;container&#8221;][vc_column width=&#8221;1\/2&#8243;]\r\n                <div class=\"text-modules\">\r\n                    <div class=\"container\">\r\n                        \r\n                        <div class=\"text-modules__content\"><\/p>\n<p><img class=\"size-full wp-image-183091\" src=\"https:\/\/us.edu.pl\/wp-content\/uploads\/2024\/03\/mediensturmer-aWf7mjwwJJo-unsplash-2.jpg\" alt=\"Dw\u00f3jka m\u0119\u017cczyzn siedz\u0105cych na \u0142awce, twarze niewidoczne, zbli\u017cenie na d\u0142onie. M\u0119\u017cczyzna w bia\u0142ej koszuli z eleganckim metalowym zegarkiem na nadgarstku pokazuje co\u015b na tablecie m\u0119\u017cczy\u017anie w granatowym garniturze.\" width=\"100%\" srcset=\"https:\/\/us.edu.pl\/wp-content\/uploads\/2024\/03\/mediensturmer-aWf7mjwwJJo-unsplash-2.jpg 800w, https:\/\/us.edu.pl\/wp-content\/uploads\/2024\/03\/mediensturmer-aWf7mjwwJJo-unsplash-2-768x511.jpg 768w, https:\/\/us.edu.pl\/wp-content\/uploads\/2024\/03\/mediensturmer-aWf7mjwwJJo-unsplash-2-575x382.jpg 575w\" sizes=\"(max-width: 800px) 100vw, 800px\" \/> <span style=\"font-size: 12px;\">Photo by Medienst\u00fcrmer via unsplash.com <\/span><\/p>\n<p>\n<\/div>\r\n                    <\/div>\r\n                <\/div>[\/vc_column][vc_column width=&#8221;1\/2&#8243;]\r\n                <div class=\"text-modules\">\r\n                    <div class=\"container\">\r\n                        <h3 class=\"page-title text__title\">Employers\u2019 Expectations of USil Graduates<\/h3>\r\n                        <div class=\"text-modules__content\"><\/p>\n<h4><strong>The survey of employers\u2019 expectations may give information about:<\/strong><\/h4>\n<ul>\n<li>the desired competencies of future employees,<\/li>\n<li>the significance of various qualities of the candidates during the recruitment process,<\/li>\n<li>recruitment methods for graduates of various degree programmes.<\/li>\n<\/ul>\n<p>Reports translated into English (including transcripts) will be available on our website soon.<\/p>\n<p>\n<\/div>\r\n                    <\/div>\r\n                <\/div>[\/vc_column][\/vc_row]<\/p>\n<p><\/p>\n<style type=\"text\/css\">a[data-mtli~=\"mtli_filesize178MB\"]:after {content:\" (1.78 MB)\"}a[data-mtli~=\"mtli_filesize8171kB\"]:after {content:\" (81.71 kB)\"}a[data-mtli~=\"mtli_filesize182MB\"]:after {content:\" (1.82 MB)\"}a[data-mtli~=\"mtli_filesize7611kB\"]:after {content:\" (76.11 kB)\"}a[data-mtli~=\"mtli_filesize186MB\"]:after {content:\" (1.86 MB)\"}a[data-mtli~=\"mtli_filesize6192kB\"]:after {content:\" (61.92 kB)\"}a[data-mtli~=\"mtli_filesize185MB\"]:after {content:\" (1.85 MB)\"}a[data-mtli~=\"mtli_filesize5537kB\"]:after {content:\" (55.37 kB)\"}a[data-mtli~=\"mtli_filesize105MB\"]:after {content:\" (1.05 MB)\"}a[data-mtli~=\"mtli_filesize7878kB\"]:after {content:\" (78.78 kB)\"}a[data-mtli~=\"mtli_filesize99937kB\"]:after {content:\" (999.37 kB)\"}a[data-mtli~=\"mtli_filesize4965kB\"]:after {content:\" (49.65 kB)\"}<\/style>","protected":false},"excerpt":{"rendered":"<p>[vc_row content_placement=&#8221;middle&#8221; el_class=&#8221;container&#8221;][vc_column width=&#8221;1\/2&#8243;][\/vc_column][vc_column width=&#8221;1\/2&#8243;][\/vc_column][\/vc_row][vc_row el_class=&#8221;container&#8221;][vc_column][vc_empty_space el_class=&#8221;container&#8221;][\/vc_column][\/vc_row][vc_row content_placement=&#8221;middle&#8221; el_class=&#8221;container&#8221;][vc_column width=&#8221;1\/2&#8243;][\/vc_column][vc_column width=&#8221;1\/2&#8243;][\/vc_column][\/vc_row] [&#8230;]<\/p>\n<p><a class=\"btn btn-secondary understrap-read-more-link\" href=\"https:\/\/us.edu.pl\/en\/wspolpraca\/wspolpraca-z-pracodawcami\/raporty-z-badan\/\">Read More&#8230;<\/a><\/p>\n","protected":false},"author":33,"featured_media":0,"parent":85977,"menu_order":0,"comment_status":"closed","ping_status":"closed","template":"","meta":{"_expiration-date-status":"","_expiration-date":0,"_expiration-date-type":"","_expiration-date-categories":[],"_expiration-date-options":[]},"acf":[],"_links":{"self":[{"href":"https:\/\/us.edu.pl\/en\/wp-json\/wp\/v2\/pages\/181643"}],"collection":[{"href":"https:\/\/us.edu.pl\/en\/wp-json\/wp\/v2\/pages"}],"about":[{"href":"https:\/\/us.edu.pl\/en\/wp-json\/wp\/v2\/types\/page"}],"author":[{"embeddable":true,"href":"https:\/\/us.edu.pl\/en\/wp-json\/wp\/v2\/users\/33"}],"replies":[{"embeddable":true,"href":"https:\/\/us.edu.pl\/en\/wp-json\/wp\/v2\/comments?post=181643"}],"version-history":[{"count":5,"href":"https:\/\/us.edu.pl\/en\/wp-json\/wp\/v2\/pages\/181643\/revisions"}],"predecessor-version":[{"id":245905,"href":"https:\/\/us.edu.pl\/en\/wp-json\/wp\/v2\/pages\/181643\/revisions\/245905"}],"up":[{"embeddable":true,"href":"https:\/\/us.edu.pl\/en\/wp-json\/wp\/v2\/pages\/85977"}],"wp:attachment":[{"href":"https:\/\/us.edu.pl\/en\/wp-json\/wp\/v2\/media?parent=181643"}],"curies":[{"name":"wp","href":"https:\/\/api.w.org\/{rel}","templated":true}]}}