{"id":181650,"date":"2024-02-23T12:07:50","date_gmt":"2024-02-23T11:07:50","guid":{"rendered":"https:\/\/us.edu.pl\/?page_id=181650"},"modified":"2024-02-23T12:07:50","modified_gmt":"2024-02-23T11:07:50","slug":"wspolpracuja-z-nami","status":"publish","type":"page","link":"https:\/\/us.edu.pl\/en\/wspolpraca\/wspolpraca-z-pracodawcami\/wspolpracuja-z-nami\/","title":{"rendered":"Wsp\u00f3\u0142pracuj\u0105 z nami"},"content":{"rendered":"","protected":false},"excerpt":{"rendered":"","protected":false},"author":33,"featured_media":0,"parent":85977,"menu_order":0,"comment_status":"closed","ping_status":"closed","template":"","meta":{"_expiration-date-status":"","_expiration-date":0,"_expiration-date-type":"","_expiration-date-categories":[],"_expiration-date-options":[]},"acf":[],"_links":{"self":[{"href":"https:\/\/us.edu.pl\/en\/wp-json\/wp\/v2\/pages\/181650"}],"collection":[{"href":"https:\/\/us.edu.pl\/en\/wp-json\/wp\/v2\/pages"}],"about":[{"href":"https:\/\/us.edu.pl\/en\/wp-json\/wp\/v2\/types\/page"}],"author":[{"embeddable":true,"href":"https:\/\/us.edu.pl\/en\/wp-json\/wp\/v2\/users\/33"}],"replies":[{"embeddable":true,"href":"https:\/\/us.edu.pl\/en\/wp-json\/wp\/v2\/comments?post=181650"}],"version-history":[{"count":0,"href":"https:\/\/us.edu.pl\/en\/wp-json\/wp\/v2\/pages\/181650\/revisions"}],"up":[{"embeddable":true,"href":"https:\/\/us.edu.pl\/en\/wp-json\/wp\/v2\/pages\/85977"}],"wp:attachment":[{"href":"https:\/\/us.edu.pl\/en\/wp-json\/wp\/v2\/media?parent=181650"}],"curies":[{"name":"wp","href":"https:\/\/api.w.org\/{rel}","templated":true}]}}