{"id":185680,"date":"2024-05-15T14:11:40","date_gmt":"2024-05-15T12:11:40","guid":{"rendered":"https:\/\/us.edu.pl\/?page_id=185680"},"modified":"2026-03-02T11:09:29","modified_gmt":"2026-03-02T10:09:29","slug":"slaskie-centrum-badan-nad-pamiecia-regionalna-i-transgraniczna","status":"publish","type":"page","link":"https:\/\/us.edu.pl\/en\/nauka-i-badania\/centra-badawcze\/slaskie-centrum-badan-nad-pamiecia-regionalna-i-transgraniczna\/","title":{"rendered":"The Silesian Centre for the Study of Regional and Transborder Memory"},"content":{"rendered":"<p><\/p>\n<p>[vc_row el_class=&#8221;container&#8221;][vc_column][vc_raw_html]JTNDaDIlMjBjbGFzcyUzRCUyMnBhZ2UtdGl0bGUlMjIlM0VUaGUlMjBTaWxlc2lhbiUyMENlbnRyZSUyMGZvciUyMHRoZSUyMFN0dWR5JTIwb2YlMjBSZWdpb25hbCUyMGFuZCUyMFRyYW5zYm9yZGVyJTIwTWVtb3J5JTNDJTJGaDIlM0U=[\/vc_raw_html]\r\n                <div class=\"text-modules\">\r\n                    <div class=\"container\">\r\n                        \r\n                        <div class=\"text-modules__content\"><\/p>\n<p>KEY RESEARCH AREAS<\/p>\n<p>Research areas and concepts: memory studies, (trans)border studies, transculturality, cultural hybridity, intercultural communication, migration studies, regional studies, heritology, postnationality, comparative studies.<\/p>\n<p>The research conducted collectively by the researchers who represent the Centre is located at the intersection of three overarching categories such as: 1) <strong>regional studies<\/strong>; 2) <strong>border studies<\/strong> and 3) <strong>collective memory<\/strong>. The Centre\u2019s research profile is not limited to issues related to Upper Silesia and the D\u0105browa Basin but it does rely heavily on local knowledge and the regional context as a starting point for comparative research, which is our contribution to international (transborder) cooperation.<\/p>\n<p>&nbsp;<\/p>\n<p>PRINCIPAL AIMS OF THE CENTRE<\/p>\n<ul>\n<li>Conducting interdisciplinary basic research in how manifestations of collective memory define communities in borderland areas, migration zones and ethnically complex environments. The research puts a premium on team projects which bring together specialists from a variety of fields of knowledge to produce complementary conclusions about social, political and cultural transformations in contemporary societies.<\/li>\n<li>Developing an international network of collaborative efforts meant to offer comparative perspectives on borderland regions and their economic, cultural and political transformations. The network will reflect the University of Silesia\u2019s involvement in the T4E framework (T4ERI), especially the partnership with the Saarland University as the T4E leader.<\/li>\n<li>Researching the consequences of adopting a regional (local) perspective on the evolution of national categories and social and cultural classifications and frameworks in various disciplines (prospects of decentralization and denationalization of knowledge politics and policies). The research will also seek to define the prerogatives and responsibilities of a \u201cregional university\u201d as an academic institution.<\/li>\n<li>Developing collaboration with non-academic (cultural and political) institutions in the region; hosting open seminars and lectures concerned with borderlands, migrations and transculturality.<\/li>\n<li>Promoting concept-oriented methodologies and approaches to social and cultural phenomena to be studied outside national contexts. The Centre aims at developing new tools and optics for transdisciplinary research in borders and boundaries by redefining those categories and \u2013 with the help of digital instruments based on AI technologies \u2013 offering practical insights into societies of the future.<\/li>\n<\/ul>\n<p>&nbsp;<\/p>\n<p>TRANSDISCIPLINARITY<\/p>\n<p>The focus of our research is on interdisciplinarity, as well as transdisciplinarity, which implies that there are no clearly drawn distinctions or boundaries between disciplines. Researchers who represent the Center specialize in the following disciplines: history, art history, literary studies, political and administrative sciences, sociology, civil law studies.<\/p>\n<p>OUTREACH<\/p>\n<p>The Centre\u2019s activities put considerable emphasis on outreach, close cooperation with the public, popularization of research results, organization of seminars and lectures open to the public (including guest lectures by numerous researchers from such countries as Germany, Spain, Great Britain, Ireland, or the USA who have declared their cooperation with the Centre). The far-reaching plans of the Centre include forms of social activation, active participation in debates, discussions, artistic events, science festivals or expert consultations, which allows us to hope for a real impact on the region, its communities, and the whole country.<\/p>\n<p>WHO WE ARE<br \/>\n<a href=\"https:\/\/us.edu.pl\/instytut\/il\/osoby\/leszek-drong\/#1614172727446-87243793-e472\">Prof. dr hab. Leszek Drong<\/a> \u2013 Dyrektor \u015aCBPRT<\/p>\n<p><a href=\"https:\/\/opus.us.edu.pl\/info\/author\/USL065de62c20f44d9ebb664a14b090d954?tab=main&amp;conversationPropagation=begin&amp;sort=&amp;title=Profil%2Bosoby%2B%25E2%2580%2593%2BZbigniew%2BBia%25C5%2582as%2B%25E2%2580%2593%2BUniwersytet%2B%25C5%259Al%25C4%2585ski&amp;lang=pl&amp;pn=1\">Prof. dr hab. Zbigniew Bia\u0142as<\/a><\/p>\n<p><a href=\"https:\/\/us.edu.pl\/instytut\/il\/osoby\/renata-dampc-jarosz\/\">Prof. dr hab. Renata Dampc-Jarosz<\/a><\/p>\n<p><a href=\"https:\/\/us.edu.pl\/instytut\/ih\/osoby\/maciej-fic\/\">Prof. U\u015a dr hab. Maciej Fic<\/a><\/p>\n<p><a href=\"https:\/\/us.edu.pl\/instytut\/il\/osoby\/monika-glosowitz\/\">Dr Monika Glosowitz<\/a><\/p>\n<p><a href=\"https:\/\/us.edu.pl\/instytut\/inos\/osoby\/jerzy-gorzelik\/\">Prof. U\u015a dr hab. Jerzy Gorzelik<\/a><\/p>\n<p><a href=\"https:\/\/opus.us.edu.pl\/info\/author\/USL57bff10f3c1142ef9264b67b07248b9b\/Person%2Bprofile%2B%25E2%2580%2593%2BJustyna%2BKijonka%2B%25E2%2580%2593%2BUniversity%2Bof%2BSilesia?affil=&amp;tab=main&amp;conversationPropagation=begin&amp;sort=&amp;lang=en&amp;pn=1\">Dr Justyna Kijonka<\/a><\/p>\n<p><a href=\"https:\/\/us.edu.pl\/instytut\/il\/osoby\/ewa-macura-nnamdi\/\">Prof. U\u015a dr Ewa Macura-Nnamdi<\/a><\/p>\n<p><a href=\"https:\/\/us.edu.pl\/instytut\/inos\/osoby\/bogumila-mika\/\">Prof. U\u015a dr hab. Bogumi\u0142a Mika<\/a><\/p>\n<p><a href=\"https:\/\/us.edu.pl\/instytut\/inp\/mus-anna\/\">Prof. U\u015a dr Anna Mu\u015b<\/a><\/p>\n<p><a href=\"https:\/\/us.edu.pl\/instytut\/inp\/mysliwiec-malgorzata\/\">Prof. U\u015a dr hab. Ma\u0142gorzata My\u015bliwiec<\/a><\/p>\n<p><a href=\"https:\/\/us.edu.pl\/instytut\/il\/osoby\/nina-nowara-matusik\/\">Prof. U\u015a dr hab. Nina Nowara-Matusik<\/a><\/p>\n<p><a href=\"https:\/\/ab.us.edu.pl\/emp?id=21332\">Prof. dr hab. Piotr Pinior<\/a><\/p>\n<p><a href=\"https:\/\/us.edu.pl\/instytut\/il\/osoby\/karolina-pospiszyl-hofmanska\/#1614250179385-98414837-884a\">Dr Karolina Pospiszil-Hofma\u0144ska<\/a><\/p>\n<p><a href=\"https:\/\/us.edu.pl\/instytut\/il\/osoby\/lucyna-sadzikowska\/\">Prof. U\u015a dr hab. Lucyna Sadzikowska<\/a><\/p>\n<p><a href=\"https:\/\/us.edu.pl\/instytut\/il\/osoby\/michal-skop\/\">Prof. U\u015a dr hab. Micha\u0142 Skop<\/a><\/p>\n<p><a href=\"https:\/\/opus.us.edu.pl\/info\/author\/USL93ab9fdcabce4a0387481e693dfdd59e?affil=&amp;r=supervisedwork&amp;ps=20&amp;title=Profil%2Bosoby%2B%25E2%2580%2593%2BTomasz%2BS%25C5%2582upik%2B%25E2%2580%2593%2BUniwersytet%2B%25C5%259Al%25C4%2585ski&amp;lang=pl&amp;pn=1\">Dr Tomasz S\u0142upik<\/a><\/p>\n<p><a href=\"https:\/\/us.edu.pl\/instytut\/ih\/osoby\/miroslaw-wecki\/\">Dr Miros\u0142aw W\u0119cki<\/a><\/p>\n<p><a href=\"https:\/\/us.edu.pl\/instytut\/il\/osoby\/monika-blidy\/\">Monika Blidy, PhD<\/a><\/p>\n<p>\n<\/div>\r\n                    <\/div>\r\n                <\/div>[\/vc_column][\/vc_row]<\/p>\n<p><\/p>","protected":false},"excerpt":{"rendered":"<p>[vc_row el_class=&#8221;container&#8221;][vc_column][vc_raw_html]JTNDaDIlMjBjbGFzcyUzRCUyMnBhZ2UtdGl0bGUlMjIlM0VUaGUlMjBTaWxlc2lhbiUyMENlbnRyZSUyMGZvciUyMHRoZSUyMFN0dWR5JTIwb2YlMjBSZWdpb25hbCUyMGFuZCUyMFRyYW5zYm9yZGVyJTIwTWVtb3J5JTNDJTJGaDIlM0U=[\/vc_raw_html][\/vc_column][\/vc_row] [&#8230;]<\/p>\n<p><a class=\"btn btn-secondary understrap-read-more-link\" href=\"https:\/\/us.edu.pl\/en\/nauka-i-badania\/centra-badawcze\/slaskie-centrum-badan-nad-pamiecia-regionalna-i-transgraniczna\/\">Read More&#8230;<\/a><\/p>\n","protected":false},"author":33,"featured_media":0,"parent":80620,"menu_order":0,"comment_status":"closed","ping_status":"closed","template":"","meta":{"_expiration-date-status":"","_expiration-date":0,"_expiration-date-type":"","_expiration-date-categories":[],"_expiration-date-options":[]},"acf":[],"_links":{"self":[{"href":"https:\/\/us.edu.pl\/en\/wp-json\/wp\/v2\/pages\/185680"}],"collection":[{"href":"https:\/\/us.edu.pl\/en\/wp-json\/wp\/v2\/pages"}],"about":[{"href":"https:\/\/us.edu.pl\/en\/wp-json\/wp\/v2\/types\/page"}],"author":[{"embeddable":true,"href":"https:\/\/us.edu.pl\/en\/wp-json\/wp\/v2\/users\/33"}],"replies":[{"embeddable":true,"href":"https:\/\/us.edu.pl\/en\/wp-json\/wp\/v2\/comments?post=185680"}],"version-history":[{"count":6,"href":"https:\/\/us.edu.pl\/en\/wp-json\/wp\/v2\/pages\/185680\/revisions"}],"predecessor-version":[{"id":246490,"href":"https:\/\/us.edu.pl\/en\/wp-json\/wp\/v2\/pages\/185680\/revisions\/246490"}],"up":[{"embeddable":true,"href":"https:\/\/us.edu.pl\/en\/wp-json\/wp\/v2\/pages\/80620"}],"wp:attachment":[{"href":"https:\/\/us.edu.pl\/en\/wp-json\/wp\/v2\/media?parent=185680"}],"curies":[{"name":"wp","href":"https:\/\/api.w.org\/{rel}","templated":true}]}}