{"id":186032,"date":"2024-05-23T16:25:31","date_gmt":"2024-05-23T14:25:31","guid":{"rendered":"https:\/\/us.edu.pl\/?page_id=186032"},"modified":"2026-01-15T15:39:09","modified_gmt":"2026-01-15T14:39:09","slug":"komisja-ds-rownosci-i-roznorodnosci","status":"publish","type":"page","link":"https:\/\/us.edu.pl\/en\/uczelnia\/rowne-traktowanie\/komisja-ds-rownosci-i-roznorodnosci\/","title":{"rendered":"Committee for Equality and Diversity Affairs"},"content":{"rendered":"<p><\/p>\n<p>[vc_row el_class=&#8221;container&#8221;][vc_column css=&#8221;.vc_custom_1637852821661{margin-top: -30px !important;}&#8221;][vc_custom_heading source=&#8221;post_title&#8221; font_container=&#8221;tag:h2|font_size:3.2em|text_align:left&#8221; use_theme_fonts=&#8221;yes&#8221; el_class=&#8221;page-title text__title; container&#8221;][\/vc_column][\/vc_row][vc_row el_class=&#8221;container&#8221;][vc_column css=&#8221;.vc_custom_1637852821661{margin-top: -30px !important;}&#8221;][vc_btn title=&#8221;back to the site: equal treatment&#8221; style=&#8221;outline-custom&#8221; outline_custom_color=&#8221;#666666&#8243; outline_custom_hover_background=&#8221;#666666&#8243; outline_custom_hover_text=&#8221;#ffffff&#8221; shape=&#8221;round&#8221; size=&#8221;lg&#8221; align=&#8221;right&#8221; i_align=&#8221;right&#8221; i_icon_fontawesome=&#8221;&#8221; add_icon=&#8221;true&#8221; link=&#8221;url:%2Fuczelnia%2Frowne-traktowanie%2F|title:Przejd%C5%BA%20do%20strony%20R%C3%93WNE%20TRAKTOWANIE||&#8221; css=&#8221;.vc_custom_1757681351932{margin-bottom: 5px !important;margin-left: 10px !important;}&#8221;][\/vc_column][\/vc_row][vc_row css=&#8221;.vc_custom_1637920273861{margin-top: -60px !important;}&#8221;][vc_column parallax=&#8221;content-moving&#8221; parallax_image=&#8221;186059&#8243; parallax_speed_bg=&#8221;1.1&#8243; css=&#8221;.vc_custom_1716533626466{margin-top: 200px !important;margin-bottom: 200px !important;}&#8221;][vc_custom_heading text=&#8221;&#8221; font_container=&#8221;tag:p|font_size:4em|text_align:left|color:%23ffffff&#8221; use_theme_fonts=&#8221;yes&#8221; el_class=&#8221;page-title text__title; container&#8221;][\/vc_column][\/vc_row][vc_row el_class=&#8221;container&#8221;][vc_column][vc_empty_space]\r\n                <div class=\"text-modules\">\r\n                    <div class=\"container\">\r\n                        \r\n                        <div class=\"text-modules__content\"><\/p>\n<p>Prof. Ryszard Kozio\u0142ek, the Rector of the University of Silesia, appointed the Committee for Equality and Diversity Affairs on 29 December 2022.<\/p>\n<p>Under its Statute, the Committee is a body that oversees compliance with the principles of equal treatment and respect for diversity at the University of Silesia in Katowice; it particularly monitors the implementation of policies in this regard, including the Gender Equality Plan.<\/p>\n<p>\n<\/div>\r\n                    <\/div>\r\n                <\/div>[\/vc_column][\/vc_row][vc_row disable_element=&#8221;yes&#8221; el_class=&#8221;container&#8221;][vc_column width=&#8221;1\/6&#8243;][\/vc_column][vc_column width=&#8221;2\/3&#8243; css=&#8221;.vc_custom_1642064046006{border-top-width: 3px !important;border-bottom-width: 3px !important;border-top-color: #002e5a !important;border-top-style: solid !important;border-bottom-color: #002e5a !important;border-bottom-style: solid !important;border-radius: 3px !important;}&#8221;]\r\n                <div class=\"text-modules\">\r\n                    <div class=\"container\">\r\n                        \r\n                        <div class=\"text-modules__content\"><\/p>\n<p>Wsp\u00f3lnota Uniwersytetu \u015al\u0105skiego w Katowicach rozpocz\u0119\u0142a wdra\u017canie program\u00f3w polityki r\u00f3wno\u015bci przyjmuj\u0105c jako pierwszy Plan R\u00f3wno\u015bci P\u0142ci. Dokument wszed\u0142 w \u017cycie <a href=\"https:\/\/aktyprawne.us.edu.pl\/446-lista-dokumentow\/d\/5421\/5\/?reporef=%2F446-lista-dokumentow%2F\">zarz\u0105dzeniem nr 212\/2021<\/a> Rektora Uniwersytetu \u015al\u0105skiego z dnia 7 grudnia 2021 roku, po uzyskaniu pozytywnej opinii Senatu Uniwersytetu \u015al\u0105skiego w Katowicach, wyra\u017conej w uchwale nr 222 z dnia 30 listopada 2021 roku.<\/p>\n<p>\n<\/div>\r\n                    <\/div>\r\n                <\/div>[\/vc_column][vc_column width=&#8221;1\/6&#8243;][\/vc_column][\/vc_row][vc_row equal_height=&#8221;yes&#8221; el_class=&#8221;container&#8221;][vc_column width=&#8221;1\/3&#8243; css=&#8221;.vc_custom_1716546205526{margin: 5px !important;border: 3px solid #cdcdcd !important;border-radius: 3px !important;}&#8221;][vc_row_inner css=&#8221;.vc_custom_1716546065395{padding-top: 20px !important;padding-right: 20px !important;padding-bottom: 20px !important;padding-left: 20px !important;}&#8221; el_class=&#8221;tiles-section przewodnik&#8221;][vc_column_inner][vc_empty_space][vc_column_text el_class=&#8221;tile_info__title&#8221;]<\/p>\n<p style=\"text-align: center\"><a class=\"duzy-link\" href=\"https:\/\/us.edu.pl\/en\/uczelnia\/rowne-traktowanie\/komisja-ds-rownosci-i-roznorodnosci\/o-komisji\/\">About the Committee<\/a><\/p>\n<p>[\/vc_column_text]\r\n                <div class=\"text-modules\">\r\n                    <div class=\"container\">\r\n                        \r\n                        <div class=\"text-modules__content\"><\/p>\n<p class=\"tile_info__title\" style=\"text-align: center\">members and their duties<\/p>\n<p>\n<\/div>\r\n                    <\/div>\r\n                <\/div>\r\n                <div class=\"text-modules\">\r\n                    <div class=\"container\">\r\n                        \r\n                        <div class=\"text-modules__content\"><\/p>\n<p><img class=\"aligncenter wp-image-186073\" src=\"https:\/\/us.edu.pl\/wp-content\/uploads\/obrazki-stron\/obrazy-do-stron-statycznych\/www_ikona_fbbd7fd0-a9b7-41b7-80ba-359eb42a85a4.webp\" alt=\"Grafika: grupa ludzi dyskutuj\u0105cych ze sob\u0105, cz\u0119\u015b\u0107 z nich siedzi przy du\u017cym stole\" width=\"100%\" srcset=\"https:\/\/us.edu.pl\/wp-content\/uploads\/obrazki-stron\/obrazy-do-stron-statycznych\/www_ikona_fbbd7fd0-a9b7-41b7-80ba-359eb42a85a4.webp 500w, https:\/\/us.edu.pl\/wp-content\/uploads\/obrazki-stron\/obrazy-do-stron-statycznych\/www_ikona_fbbd7fd0-a9b7-41b7-80ba-359eb42a85a4-150x150.webp 150w\" sizes=\"(max-width: 500px) 100vw, 500px\" \/><\/p>\n<p>\n<\/div>\r\n                    <\/div>\r\n                <\/div>[\/vc_column_inner][\/vc_row_inner][\/vc_column][vc_column width=&#8221;1\/3&#8243; css=&#8221;.vc_custom_1716546238960{margin: 5px !important;border: 3px solid #cdcdcd !important;border-radius: 3px !important;}&#8221;][vc_row_inner disable_element=&#8221;yes&#8221; css=&#8221;.vc_custom_1757681603114{padding-top: 20px !important;padding-right: 20px !important;padding-bottom: 20px !important;padding-left: 20px !important;}&#8221; el_class=&#8221;tiles-section przewodnik&#8221;][vc_column_inner][vc_empty_space][vc_column_text el_class=&#8221;tile_info__title&#8221;]<\/p>\n<p style=\"text-align: center\"><a class=\"duzy-link\" href=\"https:\/\/us.edu.pl\/uczelnia\/rowne-traktowanie\/komisja-ds-rownosci-i-roznorodnosci\/dzialalnosc-komisji\/\">Dzia\u0142alno\u015b\u0107 komisji<\/a><\/p>\n<p>[\/vc_column_text]\r\n                <div class=\"text-modules\">\r\n                    <div class=\"container\">\r\n                        \r\n                        <div class=\"text-modules__content\"><\/p>\n<p class=\"tile_info__title\" style=\"text-align: center\">sprawozdania i uchwa\u0142y<\/p>\n<p>\n<\/div>\r\n                    <\/div>\r\n                <\/div>\r\n                <div class=\"text-modules\">\r\n                    <div class=\"container\">\r\n                        \r\n                        <div class=\"text-modules__content\"><\/p>\n<p><img class=\"size-full wp-image-186074\" src=\"https:\/\/us.edu.pl\/wp-content\/uploads\/obrazki-stron\/obrazy-do-stron-statycznych\/www_ikona_ff350810-b549-4159-8af2-886bf2f4fc2a.webp\" alt=\"Grafika prezentuj\u0105ca pracuj\u0105cych ludzi \" width=\"100%\" srcset=\"https:\/\/us.edu.pl\/wp-content\/uploads\/obrazki-stron\/obrazy-do-stron-statycznych\/www_ikona_ff350810-b549-4159-8af2-886bf2f4fc2a.webp 500w, https:\/\/us.edu.pl\/wp-content\/uploads\/obrazki-stron\/obrazy-do-stron-statycznych\/www_ikona_ff350810-b549-4159-8af2-886bf2f4fc2a-150x150.webp 150w\" sizes=\"(max-width: 500px) 100vw, 500px\" \/><\/p>\n<p>\n<\/div>\r\n                    <\/div>\r\n                <\/div>[vc_empty_space][\/vc_column_inner][\/vc_row_inner][\/vc_column][vc_column width=&#8221;1\/3&#8243;]\r\n                <div class=\"text-modules\">\r\n                    <div class=\"container\">\r\n                        \r\n                        <div class=\"text-modules__content\"><\/p>\n<p><a href=\"https:\/\/us.edu.pl\/wp-content\/uploads\/pracownik\/WUS_2023_Bilas-Pleszak_Maciolek_i-in._Inkluzywny-narzedziownik_EBOOK_metadane_opis.pdf\" class=\"mtli_attachment mtli_pdf\" data-mtli=\"mtli_filesize144MB\" class=\"mtli_attachment mtli_pdf\" data-mtli=\"mtli_filesize144MB\" target=\"_blank\" rel=\"noopener\"><img class=\"alignnone wp-image-218109\" src=\"https:\/\/us.edu.pl\/wp-content\/uploads\/pracownik\/6c65ca56.png\" alt=\"\" width=\"389\" height=\"553\" srcset=\"https:\/\/us.edu.pl\/wp-content\/uploads\/pracownik\/6c65ca56.png 553w, https:\/\/us.edu.pl\/wp-content\/uploads\/pracownik\/6c65ca56-405x575.png 405w\" sizes=\"(max-width: 389px) 100vw, 389px\" \/><\/a><\/p>\n<p>A publication to help you use Polish feminine and gender-neutral forms.<\/p>\n<p><a href=\"https:\/\/monograph.us.edu.pl\/index.php\/wydawnictwo\/catalog\/book\/PN.4199\" target=\"_blank\" rel=\"noopener\">University of Silesia Press<\/a><\/p>\n<p>\n<style type=\"text\/css\">a[data-mtli~=\"mtli_filesize144MB\"]:after {content:\" (1.44 MB)\"}<\/style><\/div>\r\n                    <\/div>\r\n                <\/div>[\/vc_column][\/vc_row][vc_row el_class=&#8221;container&#8221;][vc_column][vc_empty_space][\/vc_column][\/vc_row][vc_row gap=&#8221;10&#8243; el_class=&#8221;container&#8221;][vc_column][vc_row_inner disable_element=&#8221;yes&#8221;][vc_column_inner el_class=&#8221;bg-gray container&#8221; css=&#8221;.vc_custom_1716558034570{background-color: #f4f4f4 !important;}&#8221;][vc_empty_space]\r\n                <div class=\"text-modules\">\r\n                    <div class=\"container\">\r\n                        \r\n                        <div class=\"text-modules__content\"><\/p>\n<h3>Kontakt<\/h3>\n<p>\n<\/div>\r\n                    <\/div>\r\n                <\/div>\r\n                <div class=\"text-modules\">\r\n                    <div class=\"container\">\r\n                        \r\n                        <div class=\"text-modules__content\"><\/p>\n<p><b><span data-contrast=\"auto\">Osoby wsp\u00f3\u0142przewodnicz\u0105ce pracom Komisji:<\/span><\/b><span data-ccp-props=\"{&quot;201341983&quot;:0,&quot;335559739&quot;:160,&quot;335559740&quot;:259}\">\u00a0<\/span><\/p>\n<p><span data-contrast=\"auto\">dr Magdalena P\u00f3\u0142torak: <\/span><a href=\"mailto:magdalena.poltorak@us.edu.pl\"><span data-contrast=\"none\">magdalena.poltorak@us.edu.pl<\/span><\/a><span data-ccp-props=\"{&quot;201341983&quot;:0,&quot;335559739&quot;:160,&quot;335559740&quot;:259}\">\u00a0<\/span><\/p>\n<p><span data-contrast=\"auto\">dr Adrian Robak, prof. U\u015a: <\/span><a href=\"mailto:adrian.robak@us.edu.pl\"><span data-contrast=\"none\">adrian.robak@us.edu.pl<\/span><\/a><span data-contrast=\"auto\">\u00a0<\/span><span data-ccp-props=\"{&quot;201341983&quot;:0,&quot;335559739&quot;:160,&quot;335559740&quot;:259}\">\u00a0<\/span><\/p>\n<p><b><span data-contrast=\"auto\">Osoba sekretarska Komisji:<\/span><\/b><span data-ccp-props=\"{&quot;201341983&quot;:0,&quot;335559739&quot;:160,&quot;335559740&quot;:259}\">\u00a0<\/span><\/p>\n<p><span data-contrast=\"auto\">Pawe\u0142 Ziegler: <\/span><a href=\"mailto:pawel.ziegler@us.edu.pl\"><span data-contrast=\"none\">pawel.ziegler@us.edu.pl<\/span><\/a><span data-contrast=\"auto\">\u00a0<\/span><span data-ccp-props=\"{&quot;201341983&quot;:0,&quot;335559739&quot;:160,&quot;335559740&quot;:259}\">\u00a0<\/span><\/p>\n<p><strong>Biuro ds. Warto\u015bci Akademickich<\/strong><\/p>\n<p>40-007 Katowice,\u00a0ul. Bankowa 14,\u00a0pawilon B, II pi\u0119tro, pok\u00f3j 348<br \/>\nTelefon:\u00a032 359 2499<br \/>\nE-mail:\u00a0<a href=\"mailto:biuro.ds.wartosciakademickich@us.edu.pl\">biuro.ds.wartosciakademickich@us.edu.pl<\/a><\/p>\n<p>\n<\/div>\r\n                    <\/div>\r\n                <\/div>[\/vc_column_inner][\/vc_row_inner][vc_row_inner][vc_column_inner el_class=&#8221;bg-gray container&#8221; css=&#8221;.vc_custom_1716558034570{background-color: #f4f4f4 !important;}&#8221;][vc_empty_space]\r\n                <div class=\"text-modules\">\r\n                    <div class=\"container\">\r\n                        \r\n                        <div class=\"text-modules__content\"><\/p>\n<h3>Contact<\/h3>\n<p>\n<\/div>\r\n                    <\/div>\r\n                <\/div>\r\n                <div class=\"text-modules\">\r\n                    <div class=\"container\">\r\n                        \r\n                        <div class=\"text-modules__content\"><\/p>\n<p><strong>Office for Academic Values<\/strong><\/p>\n<p>40-007 Katowice,\u00a0ul. Bankowa 14,\u00a0pavilion B, 2nd floor, room No. 348<br \/>\nPhone:\u00a032 359 2499<br \/>\nE-mail:\u00a0<a href=\"mailto:biuro.ds.wartosciakademickich@us.edu.pl\">biuro.ds.wartosciakademickich@us.edu.pl<\/a><\/p>\n<p>\n<\/div>\r\n                    <\/div>\r\n                <\/div>[\/vc_column_inner][\/vc_row_inner][vc_empty_space][\/vc_column][\/vc_row][vc_row gap=&#8221;10&#8243; disable_element=&#8221;yes&#8221; el_class=&#8221;container&#8221;][vc_column width=&#8221;1\/2&#8243; el_class=&#8221;bg-gray&#8221; css=&#8221;.vc_custom_1716473876390{background-color: #f2f2f2 !important;}&#8221;][vc_empty_space]\r\n                <div class=\"text-modules\">\r\n                    <div class=\"container\">\r\n                        \r\n                        <div class=\"text-modules__content\"><\/p>\n<h3>Kontakt<\/h3>\n<p>\n<\/div>\r\n                    <\/div>\r\n                <\/div>[vc_row_inner][vc_column_inner]\r\n                <div class=\"text-modules\">\r\n                    <div class=\"container\">\r\n                        \r\n                        <div class=\"text-modules__content\"><\/p>\n<p><b><span data-contrast=\"auto\">Osoby wsp\u00f3\u0142przewodnicz\u0105ce pracom Komisji:<\/span><\/b><span data-ccp-props=\"{&quot;201341983&quot;:0,&quot;335559739&quot;:160,&quot;335559740&quot;:259}\">\u00a0<\/span><\/p>\n<p><span data-contrast=\"auto\">dr Magdalena P\u00f3\u0142torak: <\/span><a href=\"mailto:magdalena.poltorak@us.edu.pl\"><span data-contrast=\"none\">magdalena.poltorak@us.edu.pl<\/span><\/a><span data-ccp-props=\"{&quot;201341983&quot;:0,&quot;335559739&quot;:160,&quot;335559740&quot;:259}\">\u00a0<\/span><\/p>\n<p><span data-contrast=\"auto\">dr Adrian Robak, prof. U\u015a: <\/span><a href=\"mailto:adrian.robak@us.edu.pl\"><span data-contrast=\"none\">adrian.robak@us.edu.pl<\/span><\/a><span data-contrast=\"auto\">\u00a0<\/span><span data-ccp-props=\"{&quot;201341983&quot;:0,&quot;335559739&quot;:160,&quot;335559740&quot;:259}\">\u00a0<\/span><\/p>\n<p><b><span data-contrast=\"auto\">Osoba sekretarska Komisji:<\/span><\/b><span data-ccp-props=\"{&quot;201341983&quot;:0,&quot;335559739&quot;:160,&quot;335559740&quot;:259}\">\u00a0<\/span><\/p>\n<p><span data-contrast=\"auto\">Pawe\u0142 Ziegler: <\/span><a href=\"mailto:pawel.ziegler@us.edu.pl\"><span data-contrast=\"none\">pawel.ziegler@us.edu.pl<\/span><\/a><span data-contrast=\"auto\">\u00a0<\/span><span data-ccp-props=\"{&quot;201341983&quot;:0,&quot;335559739&quot;:160,&quot;335559740&quot;:259}\">\u00a0<\/span><\/p>\n<p>\n<\/div>\r\n                    <\/div>\r\n                <\/div>[\/vc_column_inner][\/vc_row_inner][\/vc_column][vc_column width=&#8221;1\/2&#8243; el_class=&#8221;bg-gray&#8221;][vc_empty_space]\r\n                <div class=\"text-modules\">\r\n                    <div class=\"container\">\r\n                        \r\n                        <div class=\"text-modules__content\"><\/p>\n<h3 style=\"text-align: left\">Statut Komisji ds. r\u00f3wno\u015bci i r\u00f3\u017cnorodno\u015bci<\/h3>\n<p>\n<\/div>\r\n                    <\/div>\r\n                <\/div>[vc_row_inner el_class=&#8221;bg-gray&#8221;][vc_column_inner]\r\n                <div class=\"text-modules\">\r\n                    <div class=\"container\">\r\n                        \r\n                        <div class=\"text-modules__content\"><\/p>\n<p>Pobierz dokument PDF:<\/p>\n<p><a title=\"Statut Komisji ds. r\u00f3wno\u015bci i r\u00f3\u017cnorodno\u015bci\" href=\"https:\/\/us.edu.pl\/wp-content\/uploads\/pliki\/level-up\/Zal.-do-zarz.-173_2022-Statut-Komisji-ds.-rownosci-i-roznorodnosci-1.pdf\" class=\"mtli_attachment mtli_pdf\" data-mtli=\"mtli_filesize8699kB\" class=\"mtli_attachment mtli_pdf\" data-mtli=\"mtli_filesize8699kB\">za\u0142\u0105cznik do zarz\u0105dzenia nr 173 Rektora Uniwersytetu \u015al\u0105skiego w Katowicach z dnia 7 grudnia 2022 r.<\/a><\/p>\n<p>\n<style type=\"text\/css\">a[data-mtli~=\"mtli_filesize8699kB\"]:after {content:\" (86.99 kB)\"}<\/style><\/div>\r\n                    <\/div>\r\n                <\/div>[\/vc_column_inner][\/vc_row_inner][vc_empty_space][\/vc_column][\/vc_row][vc_row el_class=&#8221;container&#8221;][vc_column][\/vc_column][\/vc_row][vc_row el_class=&#8221;container&#8221;][vc_column][\/vc_column][\/vc_row][vc_row disable_element=&#8221;yes&#8221;][vc_column]\r\n\r\n            <div class=\"blocks\" style=\"text-align: \">\r\n               <div class=\"container\">\r\n                  \r\n                  <div class=\"row m-0 blocks_3\">\r\n                  \r\n                     <a href=\"https:\/\/us.edu.pl\" class=\"thumbnail blocks__item\" style=\"background-image: url()\">\r\n                        <span>more<\/span>\r\n                        <div class=\"blocks__bottom\">\r\n                        <div class=\"blocks__title\">O Komisji<\/div>\r\n                        \r\n                        <\/div>\r\n                     <\/a>\r\n                  \r\n                     <a href=\"https:\/\/us.edu.pl\" class=\"thumbnail blocks__item\" style=\"background-image: url()\">\r\n                        <span>more<\/span>\r\n                        <div class=\"blocks__bottom\">\r\n                        <div class=\"blocks__title\">Dzia\u0142alno\u015b\u0107 Komisji <\/div>\r\n                        \r\n                        <\/div>\r\n                     <\/a><\/div>     \r\n               <\/div>\r\n            <\/div>[vc_btn title=&#8221;statut Komisji&#8221; style=&#8221;custom&#8221; custom_background=&#8221;#002e5a&#8221; custom_text=&#8221;#ffffff&#8221; shape=&#8221;round&#8221; size=&#8221;lg&#8221; align=&#8221;center&#8221; i_icon_fontawesome=&#8221;&#8221; add_icon=&#8221;true&#8221; link=&#8221;url:https%3A%2F%2Fus.edu.pl%2Fwp-content%2Fuploads%2Fpliki%2Flevel-up%2FZal.-do-zarz.-173_2022-Statut-Komisji-ds.-rownosci-i-roznorodnosci-1.pdf|title:Statut%20Komisji%20ds.%20r%C3%B3wno%C5%9Bci%20i%20r%C3%B3%C5%BCnorodno%C5%9Bci%20Uniwersytetu%20%C5%9Al%C4%85skiego%20w%20Katowicach%20%5Bpdf%5D&#8221;][vc_btn title=&#8221;STATUT KOMISJI&#8221; style=&#8221;outline-custom&#8221; outline_custom_color=&#8221;#666666&#8243; outline_custom_hover_background=&#8221;#666666&#8243; outline_custom_hover_text=&#8221;#ffffff&#8221; shape=&#8221;round&#8221; size=&#8221;lg&#8221; align=&#8221;right&#8221; i_align=&#8221;right&#8221; i_icon_fontawesome=&#8221;&#8221; add_icon=&#8221;true&#8221; link=&#8221;url:https%3A%2F%2Fus.edu.pl%2Fwp-content%2Fuploads%2Fpliki%2Flevel-up%2FZal.-do-zarz.-173_2022-Statut-Komisji-ds.-rownosci-i-roznorodnosci-1.pdf|title:Statut%20Komisji%20ds.%20r%C3%B3wno%C5%9Bci%20i%20r%C3%B3%C5%BCnorodno%C5%9Bci&#8221; css=&#8221;.vc_custom_1716472552701{margin-bottom: 5px !important;margin-left: 10px !important;}&#8221;]\r\n                <div class=\"text-modules\">\r\n                    <div class=\"container\">\r\n                        \r\n                        <div class=\"text-modules__content\"><\/p>\n<p class=\"text__title\" style=\"font-size: 1.3em\"><strong>Prezentacja nt. Planu R\u00f3wno\u015bci P\u0142ci<\/strong><\/p>\n<p>\n<\/div>\r\n                    <\/div>\r\n                <\/div>\r\n                <div class=\"text-modules\">\r\n                    <div class=\"container\">\r\n                        \r\n                        <div class=\"text-modules__content\"><\/p>\n<div>\n<p style=\"padding-left: 40px;font-family: 'PT Sans Narrow';text-align: center\">Pobierz pliki:\u00a0 \u00a0<a href=\"https:\/\/us.edu.pl\/wp-content\/uploads\/pliki\/level-up\/16-12-2021-Plan-R\u00f3wno\u015bci-P\u0142ci-w-Uniwersytecie-\u015al\u0105skim-w-Katowicach.pdf\" class=\"mtli_attachment mtli_pdf\" data-mtli=\"mtli_filesize179MB\" class=\"mtli_attachment mtli_pdf\" data-mtli=\"mtli_filesize179MB\">prezentacja w wersji pdf<\/a>,\u00a0\u00a0 <a href=\"https:\/\/us.edu.pl\/wp-content\/uploads\/pliki\/level-up\/16-12-2021-Plan-R\u00f3wno\u015bci-P\u0142ci-w-Uniwersytecie-\u015al\u0105skim-w-Katowicach.docx\" class=\"mtli_attachment mtli_docx\" data-mtli=\"mtli_filesize2151kB\" class=\"mtli_attachment mtli_docx\" data-mtli=\"mtli_filesize2151kB\">prezentacja \u2013 dokument tekstowy\u00a0<\/a><\/p>\n<\/div>\n<p>\n<style type=\"text\/css\">a[data-mtli~=\"mtli_filesize179MB\"]:after {content:\" (1.79 MB)\"}a[data-mtli~=\"mtli_filesize2151kB\"]:after {content:\" (21.51 kB)\"}<\/style><\/div>\r\n                    <\/div>\r\n                <\/div><div class=\"container\"><div class=\"separator\" style=\"background-color: #EBEBEB\"><\/div><\/div>[\/vc_column][\/vc_row][vc_row el_class=&#8221;container&#8221;][vc_column][vc_wp_text]<\/p>\n<p style=\"text-align: right\">Ikony wygenerowane przez AI<\/p>\n<p>[\/vc_wp_text][vc_empty_space][\/vc_column][\/vc_row][vc_row disable_element=&#8221;yes&#8221; el_class=&#8221;container&#8221;][vc_column][vc_empty_space][\/vc_column][\/vc_row][vc_row el_class=&#8221;container&#8221;][vc_column css=&#8221;.vc_custom_1637852821661{margin-top: -30px !important;}&#8221;][vc_empty_space][vc_btn title=&#8221;back to the site: equal treatment&#8221; style=&#8221;outline-custom&#8221; outline_custom_color=&#8221;#666666&#8243; outline_custom_hover_background=&#8221;#666666&#8243; outline_custom_hover_text=&#8221;#ffffff&#8221; shape=&#8221;round&#8221; size=&#8221;lg&#8221; align=&#8221;right&#8221; i_align=&#8221;right&#8221; i_icon_fontawesome=&#8221;&#8221; add_icon=&#8221;true&#8221; link=&#8221;url:%2Fuczelnia%2Frowne-traktowanie%2F|title:Przejd%C5%BA%20do%20strony%20R%C3%93WNE%20TRAKTOWANIE||&#8221; css=&#8221;.vc_custom_1757682120553{margin-bottom: 5px !important;margin-left: 10px !important;}&#8221;][\/vc_column][\/vc_row]<\/p>\n<p><\/p>\n<style type=\"text\/css\">a[data-mtli~=\"mtli_filesize144MB\"]:after {content:\" (1.44 MB)\"}a[data-mtli~=\"mtli_filesize8699kB\"]:after {content:\" (86.99 kB)\"}a[data-mtli~=\"mtli_filesize179MB\"]:after {content:\" (1.79 MB)\"}a[data-mtli~=\"mtli_filesize2151kB\"]:after {content:\" (21.51 kB)\"}<\/style>","protected":false},"excerpt":{"rendered":"<p>[vc_row el_class=&#8221;container&#8221;][vc_column css=&#8221;.vc_custom_1637852821661{margin-top: -30px !important;}&#8221;][vc_custom_heading source=&#8221;post_title&#8221; font_container=&#8221;tag:h2|font_size:3.2em|text_align:left&#8221; use_theme_fonts=&#8221;yes&#8221; el_class=&#8221;page-title text__title; container&#8221;][\/vc_column][\/vc_row][vc_row el_class=&#8221;container&#8221;][vc_column css=&#8221;.vc_custom_1637852821661{margin-top: -30px !important;}&#8221;][vc_btn title=&#8221;back to the site: equal treatment&#8221; style=&#8221;outline-custom&#8221; outline_custom_color=&#8221;#666666&#8243; outline_custom_hover_background=&#8221;#666666&#8243; outline_custom_hover_text=&#8221;#ffffff&#8221; shape=&#8221;round&#8221; size=&#8221;lg&#8221; align=&#8221;right&#8221; i_align=&#8221;right&#8221; i_icon_fontawesome=&#8221;&#8221; add_icon=&#8221;true&#8221; link=&#8221;url:%2Fuczelnia%2Frowne-traktowanie%2F|title:Przejd%C5%BA%20do%20strony%20R%C3%93WNE%20TRAKTOWANIE||&#8221; css=&#8221;.vc_custom_1757681351932{margin-bottom: 5px !important;margin-left: 10px !important;}&#8221;][\/vc_column][\/vc_row][vc_row css=&#8221;.vc_custom_1637920273861{margin-top: -60px !important;}&#8221;][vc_column parallax=&#8221;content-moving&#8221; parallax_image=&#8221;186059&#8243; parallax_speed_bg=&#8221;1.1&#8243; css=&#8221;.vc_custom_1716533626466{margin-top: 200px !important;margin-bottom: 200px !important;}&#8221;][vc_custom_heading text=&#8221;&#8221; font_container=&#8221;tag:p|font_size:4em|text_align:left|color:%23ffffff&#8221; use_theme_fonts=&#8221;yes&#8221; el_class=&#8221;page-title text__title; container&#8221;][\/vc_column][\/vc_row][vc_row el_class=&#8221;container&#8221;][vc_column][vc_empty_space][\/vc_column][\/vc_row][vc_row [&#8230;]<\/p>\n<p><a class=\"btn btn-secondary understrap-read-more-link\" href=\"https:\/\/us.edu.pl\/en\/uczelnia\/rowne-traktowanie\/komisja-ds-rownosci-i-roznorodnosci\/\">Read More&#8230;<\/a><\/p>\n","protected":false},"author":26,"featured_media":0,"parent":147305,"menu_order":0,"comment_status":"closed","ping_status":"closed","template":"","meta":{"_expiration-date-status":"","_expiration-date":0,"_expiration-date-type":"","_expiration-date-categories":[],"_expiration-date-options":[]},"acf":[],"_links":{"self":[{"href":"https:\/\/us.edu.pl\/en\/wp-json\/wp\/v2\/pages\/186032"}],"collection":[{"href":"https:\/\/us.edu.pl\/en\/wp-json\/wp\/v2\/pages"}],"about":[{"href":"https:\/\/us.edu.pl\/en\/wp-json\/wp\/v2\/types\/page"}],"author":[{"embeddable":true,"href":"https:\/\/us.edu.pl\/en\/wp-json\/wp\/v2\/users\/26"}],"replies":[{"embeddable":true,"href":"https:\/\/us.edu.pl\/en\/wp-json\/wp\/v2\/comments?post=186032"}],"version-history":[{"count":10,"href":"https:\/\/us.edu.pl\/en\/wp-json\/wp\/v2\/pages\/186032\/revisions"}],"predecessor-version":[{"id":245225,"href":"https:\/\/us.edu.pl\/en\/wp-json\/wp\/v2\/pages\/186032\/revisions\/245225"}],"up":[{"embeddable":true,"href":"https:\/\/us.edu.pl\/en\/wp-json\/wp\/v2\/pages\/147305"}],"wp:attachment":[{"href":"https:\/\/us.edu.pl\/en\/wp-json\/wp\/v2\/media?parent=186032"}],"curies":[{"name":"wp","href":"https:\/\/api.w.org\/{rel}","templated":true}]}}