{"id":186092,"date":"2024-05-24T14:09:45","date_gmt":"2024-05-24T12:09:45","guid":{"rendered":"https:\/\/us.edu.pl\/?page_id=186092"},"modified":"2026-01-14T15:12:41","modified_gmt":"2026-01-14T14:12:41","slug":"dzialalnosc-komisji","status":"publish","type":"page","link":"https:\/\/us.edu.pl\/en\/uczelnia\/rowne-traktowanie\/komisja-ds-rownosci-i-roznorodnosci\/dzialalnosc-komisji\/","title":{"rendered":"Dzia\u0142alno\u015b\u0107 komisji"},"content":{"rendered":"<p><\/p>\n<p>[vc_row el_class=&#8221;container&#8221;][vc_column css=&#8221;.vc_custom_1637852821661{margin-top: -30px !important;}&#8221;][\/vc_column][\/vc_row][vc_row el_class=&#8221;container&#8221;][vc_column css=&#8221;.vc_custom_1637852821661{margin-top: -30px !important;}&#8221;][\/vc_column][\/vc_row][vc_row css=&#8221;.vc_custom_1637920273861{margin-top: -60px !important;}&#8221;][vc_column parallax=&#8221;content-moving&#8221; parallax_image=&#8221;147626&#8243; parallax_speed_bg=&#8221;1.1&#8243; css=&#8221;.vc_custom_1637932171694{margin-top: 200px !important;margin-bottom: 200px !important;}&#8221;][\/vc_column][\/vc_row][vc_row el_class=&#8221;container&#8221;][vc_column][\/vc_column][\/vc_row][vc_row el_class=&#8221;container&#8221;][vc_column width=&#8221;1\/6&#8243;][\/vc_column][vc_column width=&#8221;2\/3&#8243; css=&#8221;.vc_custom_1642064046006{border-top-width: 3px !important;border-bottom-width: 3px !important;border-top-color: #002e5a !important;border-top-style: solid !important;border-bottom-color: #002e5a !important;border-bottom-style: solid !important;border-radius: 3px !important;}&#8221;][\/vc_column][vc_column width=&#8221;1\/6&#8243;][\/vc_column][\/vc_row][vc_row el_class=&#8221;container&#8221;][vc_column][vc_empty_space][\/vc_column][\/vc_row][vc_row el_class=&#8221;container&#8221;][vc_column css=&#8221;.vc_custom_1637852821661{margin-top: -30px !important;}&#8221;][vc_empty_space][vc_btn title=&#8221;back to the site: equal treatment&#8221; style=&#8221;outline-custom&#8221; outline_custom_color=&#8221;#666666&#8243; outline_custom_hover_background=&#8221;#666666&#8243; outline_custom_hover_text=&#8221;#ffffff&#8221; shape=&#8221;round&#8221; size=&#8221;lg&#8221; align=&#8221;right&#8221; i_align=&#8221;right&#8221; i_icon_fontawesome=&#8221;fa fa-level-up&#8221; add_icon=&#8221;true&#8221; link=&#8221;url:%2Fuczelnia%2Frowne-traktowanie%2F|title:EQUAL%20TREATMENT||&#8221; css=&#8221;.vc_custom_1644326651316{margin-bottom: 5px !important;margin-left: 10px !important;}&#8221;][\/vc_column][\/vc_row]<\/p>\n<p><\/p>\n<style type=\"text\/css\">a[data-mtli~=\"mtli_filesize13406kB\"]:after {content:\" (134.06 kB)\"}a[data-mtli~=\"mtli_filesize2965kB\"]:after {content:\" (29.65 kB)\"}a[data-mtli~=\"mtli_filesize26370kB\"]:after {content:\" (263.70 kB)\"}a[data-mtli~=\"mtli_filesize16329kB\"]:after {content:\" (163.29 kB)\"}a[data-mtli~=\"mtli_filesize16200kB\"]:after {content:\" (162.00 kB)\"}a[data-mtli~=\"mtli_filesize17068kB\"]:after {content:\" (170.68 kB)\"}a[data-mtli~=\"mtli_filesize17118kB\"]:after {content:\" (171.18 kB)\"}a[data-mtli~=\"mtli_filesize20425kB\"]:after {content:\" (204.25 kB)\"}a[data-mtli~=\"mtli_filesize18837kB\"]:after {content:\" (188.37 kB)\"}a[data-mtli~=\"mtli_filesize18287kB\"]:after {content:\" (182.87 kB)\"}a[data-mtli~=\"mtli_filesize16438kB\"]:after {content:\" (164.38 kB)\"}a[data-mtli~=\"mtli_filesize16867kB\"]:after {content:\" (168.67 kB)\"}a[data-mtli~=\"mtli_filesize16468kB\"]:after {content:\" (164.68 kB)\"}a[data-mtli~=\"mtli_filesize14935kB\"]:after {content:\" (149.35 kB)\"}a[data-mtli~=\"mtli_filesize15044kB\"]:after {content:\" (150.44 kB)\"}a[data-mtli~=\"mtli_filesize18076kB\"]:after {content:\" (180.76 kB)\"}a[data-mtli~=\"mtli_filesize17599kB\"]:after {content:\" (175.99 kB)\"}a[data-mtli~=\"mtli_filesize40071kB\"]:after {content:\" (400.71 kB)\"}a[data-mtli~=\"mtli_filesize16983kB\"]:after {content:\" (169.83 kB)\"}a[data-mtli~=\"mtli_filesize13171kB\"]:after {content:\" (131.71 kB)\"}a[data-mtli~=\"mtli_filesize14738kB\"]:after {content:\" (147.38 kB)\"}a[data-mtli~=\"mtli_filesize14686kB\"]:after {content:\" (146.86 kB)\"}a[data-mtli~=\"mtli_filesize15708kB\"]:after {content:\" (157.08 kB)\"}a[data-mtli~=\"mtli_filesize28057kB\"]:after {content:\" (280.57 kB)\"}a[data-mtli~=\"mtli_filesize13189kB\"]:after {content:\" (131.89 kB)\"}a[data-mtli~=\"mtli_filesize15961kB\"]:after {content:\" (159.61 kB)\"}a[data-mtli~=\"mtli_filesize14983kB\"]:after {content:\" (149.83 kB)\"}a[data-mtli~=\"mtli_filesize55462kB\"]:after {content:\" (554.62 kB)\"}a[data-mtli~=\"mtli_filesize14775kB\"]:after {content:\" (147.75 kB)\"}a[data-mtli~=\"mtli_filesize29821kB\"]:after {content:\" (298.21 kB)\"}a[data-mtli~=\"mtli_filesize739MB\"]:after {content:\" (7.39 MB)\"}a[data-mtli~=\"mtli_filesize179MB\"]:after {content:\" (1.79 MB)\"}a[data-mtli~=\"mtli_filesize2151kB\"]:after {content:\" (21.51 kB)\"}<\/style>","protected":false},"excerpt":{"rendered":"<p>[vc_row el_class=&#8221;container&#8221;][vc_column css=&#8221;.vc_custom_1637852821661{margin-top: -30px !important;}&#8221;][\/vc_column][\/vc_row][vc_row el_class=&#8221;container&#8221;][vc_column css=&#8221;.vc_custom_1637852821661{margin-top: -30px !important;}&#8221;][\/vc_column][\/vc_row][vc_row css=&#8221;.vc_custom_1637920273861{margin-top: -60px !important;}&#8221;][vc_column parallax=&#8221;content-moving&#8221; parallax_image=&#8221;147626&#8243; parallax_speed_bg=&#8221;1.1&#8243; css=&#8221;.vc_custom_1637932171694{margin-top: 200px !important;margin-bottom: 200px !important;}&#8221;][\/vc_column][\/vc_row][vc_row el_class=&#8221;container&#8221;][vc_column][\/vc_column][\/vc_row][vc_row el_class=&#8221;container&#8221;][vc_column width=&#8221;1\/6&#8243;][\/vc_column][vc_column width=&#8221;2\/3&#8243; css=&#8221;.vc_custom_1642064046006{border-top-width: 3px !important;border-bottom-width: 3px !important;border-top-color: #002e5a !important;border-top-style: solid !important;border-bottom-color: #002e5a !important;border-bottom-style: solid !important;border-radius: 3px !important;}&#8221;][\/vc_column][vc_column width=&#8221;1\/6&#8243;][\/vc_column][\/vc_row][vc_row el_class=&#8221;container&#8221;][vc_column][vc_empty_space][\/vc_column][\/vc_row][vc_row el_class=&#8221;container&#8221;][vc_column css=&#8221;.vc_custom_1637852821661{margin-top: -30px !important;}&#8221;][vc_empty_space][vc_btn title=&#8221;back to the site: equal treatment&#8221; style=&#8221;outline-custom&#8221; outline_custom_color=&#8221;#666666&#8243; outline_custom_hover_background=&#8221;#666666&#8243; outline_custom_hover_text=&#8221;#ffffff&#8221; [&#8230;]<\/p>\n<p><a class=\"btn btn-secondary understrap-read-more-link\" href=\"https:\/\/us.edu.pl\/en\/uczelnia\/rowne-traktowanie\/komisja-ds-rownosci-i-roznorodnosci\/dzialalnosc-komisji\/\">Read More&#8230;<\/a><\/p>\n","protected":false},"author":26,"featured_media":0,"parent":186032,"menu_order":0,"comment_status":"closed","ping_status":"closed","template":"","meta":{"_expiration-date-status":"","_expiration-date":0,"_expiration-date-type":"","_expiration-date-categories":[],"_expiration-date-options":[]},"acf":[],"_links":{"self":[{"href":"https:\/\/us.edu.pl\/en\/wp-json\/wp\/v2\/pages\/186092"}],"collection":[{"href":"https:\/\/us.edu.pl\/en\/wp-json\/wp\/v2\/pages"}],"about":[{"href":"https:\/\/us.edu.pl\/en\/wp-json\/wp\/v2\/types\/page"}],"author":[{"embeddable":true,"href":"https:\/\/us.edu.pl\/en\/wp-json\/wp\/v2\/users\/26"}],"replies":[{"embeddable":true,"href":"https:\/\/us.edu.pl\/en\/wp-json\/wp\/v2\/comments?post=186092"}],"version-history":[{"count":0,"href":"https:\/\/us.edu.pl\/en\/wp-json\/wp\/v2\/pages\/186092\/revisions"}],"up":[{"embeddable":true,"href":"https:\/\/us.edu.pl\/en\/wp-json\/wp\/v2\/pages\/186032"}],"wp:attachment":[{"href":"https:\/\/us.edu.pl\/en\/wp-json\/wp\/v2\/media?parent=186092"}],"curies":[{"name":"wp","href":"https:\/\/api.w.org\/{rel}","templated":true}]}}