{"id":186101,"date":"2024-05-24T14:31:13","date_gmt":"2024-05-24T12:31:13","guid":{"rendered":"https:\/\/us.edu.pl\/?page_id=186101"},"modified":"2026-01-14T15:12:13","modified_gmt":"2026-01-14T14:12:13","slug":"o-komisji","status":"publish","type":"page","link":"https:\/\/us.edu.pl\/en\/uczelnia\/rowne-traktowanie\/komisja-ds-rownosci-i-roznorodnosci\/o-komisji\/","title":{"rendered":"About the Committee"},"content":{"rendered":"<p><\/p>\n<p>[vc_row el_class=&#8221;container&#8221;][vc_column css=&#8221;.vc_custom_1637852821661{margin-top: -30px !important;}&#8221;][vc_custom_heading source=&#8221;post_title&#8221; font_container=&#8221;tag:h2|font_size:3.2em|text_align:left&#8221; use_theme_fonts=&#8221;yes&#8221; el_class=&#8221;page-title text__title; container&#8221;][\/vc_column][\/vc_row][vc_row el_class=&#8221;container&#8221;][vc_column css=&#8221;.vc_custom_1637852821661{margin-top: -30px !important;}&#8221;][vc_btn title=&#8221;back to the site: equal treatment&#8221; style=&#8221;outline-custom&#8221; outline_custom_color=&#8221;#666666&#8243; outline_custom_hover_background=&#8221;#666666&#8243; outline_custom_hover_text=&#8221;#ffffff&#8221; shape=&#8221;round&#8221; size=&#8221;lg&#8221; align=&#8221;right&#8221; i_align=&#8221;right&#8221; i_icon_fontawesome=&#8221;&#8221; add_icon=&#8221;true&#8221; link=&#8221;url:%2Fuczelnia%2Frowne-traktowanie%2F|title:Przejd%C5%BA%20do%20strony%20R%C3%93WNE%20TRAKTOWANIE||&#8221; css=&#8221;.vc_custom_1757682159045{margin-bottom: 5px !important;margin-left: 10px !important;}&#8221;][\/vc_column][\/vc_row][vc_row css=&#8221;.vc_custom_1637920273861{margin-top: -60px !important;}&#8221;][vc_column parallax=&#8221;content-moving&#8221; parallax_image=&#8221;186059&#8243; parallax_speed_bg=&#8221;1.1&#8243; css=&#8221;.vc_custom_1716533626466{margin-top: 200px !important;margin-bottom: 200px !important;}&#8221;][vc_custom_heading text=&#8221;&#8221; font_container=&#8221;tag:p|font_size:4em|text_align:left|color:%23ffffff&#8221; use_theme_fonts=&#8221;yes&#8221; el_class=&#8221;page-title text__title; container&#8221;][\/vc_column][\/vc_row][vc_row gap=&#8221;10&#8243; el_class=&#8221;container&#8221;][vc_column][vc_empty_space]\r\n                <div class=\"text-modules\">\r\n                    <div class=\"container\">\r\n                        \r\n                        <div class=\"text-modules__content\"><\/p>\n<h3>Duties<\/h3>\n<p>\n<\/div>\r\n                    <\/div>\r\n                <\/div>[vc_row_inner el_class=&#8221;bg-gray&#8221;][vc_column_inner width=&#8221;1\/6&#8243;][\/vc_column_inner][vc_column_inner width=&#8221;5\/6&#8243;]\r\n                <div class=\"text-modules\">\r\n                    <div class=\"container\">\r\n                        \r\n                        <div class=\"text-modules__content\"><\/p>\n<p>The Committee\u2019s main duties include\u00a0<\/p>\n<ul>\n<li>monitoring the implementation of equality and equity policies;<\/li>\n<li>raising awareness of the principles of equality and equity, and mainstreaming diversity and inclusion into research and education;\u00a0<\/li>\n<li>drafting recommendations and actions, including legislative initiatives related to making equality and diversity;\u00a0<\/li>\n<li>assessing projects related to implementing the principles of equality and diversity;\u00a0<\/li>\n<li>collaborating with entities responding to breaches of the principles of equality and diversity and preparing (in cooperation with others) reports on monitoring the implementation of the principles of equality and diversity;<\/li>\n<li>supporting equality initiatives at the University.<\/li>\n<\/ul>\n<p>&nbsp;<\/p>\n<p>\n<\/div>\r\n                    <\/div>\r\n                <\/div>[\/vc_column_inner][\/vc_row_inner][vc_empty_space][\/vc_column][\/vc_row][vc_row gap=&#8221;10&#8243; el_class=&#8221;container&#8221;][vc_column][vc_row_inner disable_element=&#8221;yes&#8221;][vc_column_inner width=&#8221;1\/6&#8243;][\/vc_column_inner][vc_column_inner width=&#8221;5\/6&#8243;]\r\n                <div class=\"text-modules\">\r\n                    <div class=\"container\">\r\n                        \r\n                        <div class=\"text-modules__content\"><\/p>\n<p>prof. dr hab. Jacek G\u00f3recki<\/p>\n<p><span class=\"fPTSN\">Rzecznik Praw i Warto\u015bci Akademickich\u00a0<\/span><\/p>\n<hr \/>\n<p>\n<\/div>\r\n                    <\/div>\r\n                <\/div>\r\n                <div class=\"text-modules\">\r\n                    <div class=\"container\">\r\n                        \r\n                        <div class=\"text-modules__content\"><\/p>\n<p>dr hab. Agnieszka Bielska-Brodziak, prof. U\u015a<\/p>\n<p><span class=\"fPTSN\">Rzecznik Praw Studenta i Doktoranta \u00a0<\/span><\/p>\n<hr \/>\n<p>\n<\/div>\r\n                    <\/div>\r\n                <\/div>\r\n                <div class=\"text-modules\">\r\n                    <div class=\"container\">\r\n                        \r\n                        <div class=\"text-modules__content\"><\/p>\n<p>prof. dr hab. Barbara Miko\u0142ajczyk<\/p>\n<p><span class=\"fPTSN\">Przewodnicz\u0105ca Komisji Antymobbingowej <\/span><\/p>\n<hr \/>\n<p>\n<\/div>\r\n                    <\/div>\r\n                <\/div>\r\n                <div class=\"text-modules\">\r\n                    <div class=\"container\">\r\n                        \r\n                        <div class=\"text-modules__content\"><\/p>\n<p>prof. dr hab. Ewa Jarosz<\/p>\n<p><span class=\"fPTSN\">Osoba powo\u0142ana do wykonywania zada\u0144 zwi\u0105zanych z wdro\u017ceniem Planu <\/span><\/p>\n<hr \/>\n<p>\n<\/div>\r\n                    <\/div>\r\n                <\/div>\r\n                <div class=\"text-modules\">\r\n                    <div class=\"container\">\r\n                        \r\n                        <div class=\"text-modules__content\"><\/p>\n<p>dr Dominika Bek<\/p>\n<p><span class=\"fPTSN\">Osoba powo\u0142ana do wykonywania zada\u0144 zwi\u0105zanych z wdro\u017ceniem Planu <\/span><\/p>\n<hr \/>\n<p>\n<\/div>\r\n                    <\/div>\r\n                <\/div>\r\n                <div class=\"text-modules\">\r\n                    <div class=\"container\">\r\n                        \r\n                        <div class=\"text-modules__content\"><\/p>\n<p>dr Magdalena P\u00f3\u0142torak<\/p>\n<p><span class=\"fPTSN\">Osoba powo\u0142ana do wykonywania zada\u0144 zwi\u0105zanych z wdro\u017ceniem Planu <\/span><\/p>\n<hr \/>\n<p>\n<\/div>\r\n                    <\/div>\r\n                <\/div>\r\n                <div class=\"text-modules\">\r\n                    <div class=\"container\">\r\n                        \r\n                        <div class=\"text-modules__content\"><\/p>\n<p>dr Urszula Torbus<\/p>\n<p><span class=\"fPTSN\">Osoba powo\u0142ana do wykonywania zada\u0144 zwi\u0105zanych z wdro\u017ceniem Planu <\/span><\/p>\n<hr \/>\n<p>\n<\/div>\r\n                    <\/div>\r\n                <\/div>\r\n                <div class=\"text-modules\">\r\n                    <div class=\"container\">\r\n                        \r\n                        <div class=\"text-modules__content\"><\/p>\n<p>dr hab. Tomasz Kali\u015bciak, prof. U\u015a<\/p>\n<p><span class=\"fPTSN\">Osoba powo\u0142ana do wykonywania zada\u0144 zwi\u0105zanych z wdro\u017ceniem Planu <\/span><\/p>\n<hr \/>\n<p>\n<\/div>\r\n                    <\/div>\r\n                <\/div>\r\n                <div class=\"text-modules\">\r\n                    <div class=\"container\">\r\n                        \r\n                        <div class=\"text-modules__content\"><\/p>\n<p>dr Jolanta Klimczak<\/p>\n<p><span class=\"fPTSN\">Osoba powo\u0142ana do wykonywania zada\u0144 zwi\u0105zanych z wdro\u017ceniem Planu <\/span><\/p>\n<hr \/>\n<p>\n<\/div>\r\n                    <\/div>\r\n                <\/div>\r\n                <div class=\"text-modules\">\r\n                    <div class=\"container\">\r\n                        \r\n                        <div class=\"text-modules__content\"><\/p>\n<p>mgr Katarzyna Wi\u0119cek-Jakubek<\/p>\n<p><span class=\"fPTSN\">Osoba powo\u0142ana do wykonywania zada\u0144 zwi\u0105zanych z wdro\u017ceniem Planu <\/span><\/p>\n<hr \/>\n<p>\n<\/div>\r\n                    <\/div>\r\n                <\/div>\r\n                <div class=\"text-modules\">\r\n                    <div class=\"container\">\r\n                        \r\n                        <div class=\"text-modules__content\"><\/p>\n<p>dr Ma\u0142gorzata Chrupa\u0142a-Pniak<\/p>\n<p><span class=\"fPTSN\">Osoba powo\u0142ana do wykonywania zada\u0144 zwi\u0105zanych z wdro\u017ceniem Planu <\/span><\/p>\n<hr \/>\n<p>\n<\/div>\r\n                    <\/div>\r\n                <\/div>\r\n                <div class=\"text-modules\">\r\n                    <div class=\"container\">\r\n                        \r\n                        <div class=\"text-modules__content\"><\/p>\n<p>dr hab. Olga Sitarz, prof. U\u015a<\/p>\n<p><span class=\"fPTSN\">Przedstawicielka rzeczniczek lub rzecznik\u00f3w dyscyplinarnych <\/span><\/p>\n<hr \/>\n<p>\n<\/div>\r\n                    <\/div>\r\n                <\/div>\r\n                <div class=\"text-modules\">\r\n                    <div class=\"container\">\r\n                        \r\n                        <div class=\"text-modules__content\"><\/p>\n<p>Wiktoria Grelewicz<\/p>\n<p><span class=\"fPTSN\">Przedstawicielka studentek lub student\u00f3w <\/span><\/p>\n<hr \/>\n<p>\n<\/div>\r\n                    <\/div>\r\n                <\/div>\r\n                <div class=\"text-modules\">\r\n                    <div class=\"container\">\r\n                        \r\n                        <div class=\"text-modules__content\"><\/p>\n<p>Krzysztof Krukowka<\/p>\n<p><span class=\"fPTSN\">Przedstawiciel studentek lub student\u00f3w <\/span><\/p>\n<hr \/>\n<p>\n<\/div>\r\n                    <\/div>\r\n                <\/div>\r\n                <div class=\"text-modules\">\r\n                    <div class=\"container\">\r\n                        \r\n                        <div class=\"text-modules__content\"><\/p>\n<p>mgr Micha\u0142 G\u0119bicki<\/p>\n<p><span class=\"fPTSN\">Przedstawiciel doktorantek lub doktorant\u00f3w <\/span><\/p>\n<hr \/>\n<p>\n<\/div>\r\n                    <\/div>\r\n                <\/div>\r\n                <div class=\"text-modules\">\r\n                    <div class=\"container\">\r\n                        \r\n                        <div class=\"text-modules__content\"><\/p>\n<p>mgr Aneta Trojanowska<\/p>\n<p><span class=\"fPTSN\">Przedstawicielka zwi\u0105zk\u00f3w zawodowych <\/span><\/p>\n<hr \/>\n<p>\n<\/div>\r\n                    <\/div>\r\n                <\/div>\r\n                <div class=\"text-modules\">\r\n                    <div class=\"container\">\r\n                        \r\n                        <div class=\"text-modules__content\"><\/p>\n<p>mgr Krzysztof Pszcz\u00f3\u0142ka<\/p>\n<p><span class=\"fPTSN\">Przedstawiciel zwi\u0105zk\u00f3w zawodowych <\/span><\/p>\n<hr \/>\n<p>\n<\/div>\r\n                    <\/div>\r\n                <\/div>\r\n                <div class=\"text-modules\">\r\n                    <div class=\"container\">\r\n                        \r\n                        <div class=\"text-modules__content\"><\/p>\n<p>dr Barbara Smorczewska<\/p>\n<p><span class=\"fPTSN\">Przedstawicielka pracowniczek lub pracownik\u00f3w nieb\u0119d\u0105cych nauczycielami akademickimi <\/span><\/p>\n<hr \/>\n<p>\n<\/div>\r\n                    <\/div>\r\n                <\/div>\r\n                <div class=\"text-modules\">\r\n                    <div class=\"container\">\r\n                        \r\n                        <div class=\"text-modules__content\"><\/p>\n<p>Krzysztof Paj\u0105k<\/p>\n<p><span class=\"fPTSN\">Przedstawiciel pracowniczek lub pracownik\u00f3w nieb\u0119d\u0105cych nauczycielami akademickimi <\/span><\/p>\n<hr \/>\n<p>\n<\/div>\r\n                    <\/div>\r\n                <\/div>\r\n                <div class=\"text-modules\">\r\n                    <div class=\"container\">\r\n                        \r\n                        <div class=\"text-modules__content\"><\/p>\n<p>mgr Pawe\u0142 Ziegler<\/p>\n<p><span class=\"fPTSN\">Przedstawiciel pracowniczek lub pracownik\u00f3w nieb\u0119d\u0105cych nauczycielami akademickimi <\/span><\/p>\n<hr \/>\n<p>\n<\/div>\r\n                    <\/div>\r\n                <\/div>\r\n                <div class=\"text-modules\">\r\n                    <div class=\"container\">\r\n                        \r\n                        <div class=\"text-modules__content\"><\/p>\n<p>dr hab. Krzysztof Szopa, prof. U\u015a<\/p>\n<p><span class=\"fPTSN\">Przedstawiciel wydzia\u0142\u00f3w oraz koordynatorek i koordynator\u00f3w ds. dost\u0119pno\u015bci <\/span><\/p>\n<hr \/>\n<p>\n<\/div>\r\n                    <\/div>\r\n                <\/div>\r\n                <div class=\"text-modules\">\r\n                    <div class=\"container\">\r\n                        \r\n                        <div class=\"text-modules__content\"><\/p>\n<p>dr hab. Krystyna Doktorowicz, prof. U\u015a<\/p>\n<p><span class=\"fPTSN\">Przedstawiciel wydzia\u0142\u00f3w oraz koordynatorek i koordynator\u00f3w ds. dost\u0119pno\u015bci <\/span><\/p>\n<hr \/>\n<p>\n<\/div>\r\n                    <\/div>\r\n                <\/div>\r\n                <div class=\"text-modules\">\r\n                    <div class=\"container\">\r\n                        \r\n                        <div class=\"text-modules__content\"><\/p>\n<p>dr hab. Ma\u0142gorzata Gajos-Grzeti\u0107, prof. U\u015a<\/p>\n<p><span class=\"fPTSN\">Przedstawicielka wydzia\u0142\u00f3w oraz koordynatorek i koordynator\u00f3w ds. dost\u0119pno\u015bci <\/span><\/p>\n<hr \/>\n<p>\n<\/div>\r\n                    <\/div>\r\n                <\/div>\r\n                <div class=\"text-modules\">\r\n                    <div class=\"container\">\r\n                        \r\n                        <div class=\"text-modules__content\"><\/p>\n<p>dr hab. Witold Kurowski, prof. U\u015a<\/p>\n<p><span class=\"fPTSN\">Przedstawiciel wydzia\u0142\u00f3w oraz koordynatorek i koordynator\u00f3w ds. dost\u0119pno\u015bci <\/span><\/p>\n<hr \/>\n<p>\n<\/div>\r\n                    <\/div>\r\n                <\/div>\r\n                <div class=\"text-modules\">\r\n                    <div class=\"container\">\r\n                        \r\n                        <div class=\"text-modules__content\"><\/p>\n<p>dr Adrian Robak, prof. U\u015a<\/p>\n<p><span class=\"fPTSN\">Przedstawiciel wydzia\u0142\u00f3w oraz koordynatorek i koordynator\u00f3w ds. dost\u0119pno\u015bci <\/span><\/p>\n<hr \/>\n<p>\n<\/div>\r\n                    <\/div>\r\n                <\/div>\r\n                <div class=\"text-modules\">\r\n                    <div class=\"container\">\r\n                        \r\n                        <div class=\"text-modules__content\"><\/p>\n<p>dr Monika Kornaszewska-Polak<\/p>\n<p><span class=\"fPTSN\">Przedstawicielka wydzia\u0142\u00f3w oraz koordynatorek i koordynator\u00f3w ds. dost\u0119pno\u015bci <\/span><\/p>\n<hr \/>\n<p>\n<\/div>\r\n                    <\/div>\r\n                <\/div>[\/vc_column_inner][\/vc_row_inner][vc_empty_space][\/vc_column][\/vc_row][vc_row el_class=&#8221;container&#8221;][vc_column][vc_empty_space][\/vc_column][\/vc_row][vc_row][vc_column width=&#8221;1\/2&#8243;]\r\n                <div class='sidebar_moduls sidebar_button' style=\"background-color: #EBEBEB; color: #002E5A\">\r\n                    <h3><\/h3>\r\n                    <div class='link-button-wrap'><a style=\"background-color: #002E5A!important; color: #FFFFFF!important\" href='https:\/\/us.edu.pl\/en\/sklad-komisji-ds-rownosci-i-roznorodnosci-2025-2028\/' class='link-button'>Members of the Committee for Equality and Diversity Affairs (2025-2028)<\/a><\/div>\r\n                <\/div>[\/vc_column][vc_column width=&#8221;1\/2&#8243;]\r\n                <div class='sidebar_moduls sidebar_button' style=\"background-color: #EBEBEB; color: #002E5A\">\r\n                    <h3><\/h3>\r\n                    <div class='link-button-wrap'><a style=\"background-color: #002E5A!important; color: #FFFFFF!important\" href='https:\/\/us.edu.pl\/en\/archiwum-skladu-komisji-ds-rownosci-i-roznorodnosci\/' class='link-button'>Members of the Committee between 2022-2024<\/a><\/div>\r\n                <\/div>[\/vc_column][\/vc_row][vc_row el_class=&#8221;container&#8221;][vc_column css=&#8221;.vc_custom_1637852821661{margin-top: -30px !important;}&#8221;][vc_empty_space][vc_btn title=&#8221;back to the site: equal treatment&#8221; style=&#8221;outline-custom&#8221; outline_custom_color=&#8221;#666666&#8243; outline_custom_hover_background=&#8221;#666666&#8243; outline_custom_hover_text=&#8221;#ffffff&#8221; shape=&#8221;round&#8221; size=&#8221;lg&#8221; align=&#8221;right&#8221; i_align=&#8221;right&#8221; i_icon_fontawesome=&#8221;&#8221; add_icon=&#8221;true&#8221; link=&#8221;url:%2Fuczelnia%2Frowne-traktowanie%2F|title:Przejd%C5%BA%20do%20strony%20R%C3%93WNE%20TRAKTOWANIE||&#8221; css=&#8221;.vc_custom_1757682171638{margin-bottom: 5px !important;margin-left: 10px !important;}&#8221;][\/vc_column][\/vc_row]<\/p>\n<p><\/p>","protected":false},"excerpt":{"rendered":"<p>[vc_row el_class=&#8221;container&#8221;][vc_column css=&#8221;.vc_custom_1637852821661{margin-top: -30px !important;}&#8221;][vc_custom_heading source=&#8221;post_title&#8221; font_container=&#8221;tag:h2|font_size:3.2em|text_align:left&#8221; use_theme_fonts=&#8221;yes&#8221; el_class=&#8221;page-title text__title; container&#8221;][\/vc_column][\/vc_row][vc_row el_class=&#8221;container&#8221;][vc_column css=&#8221;.vc_custom_1637852821661{margin-top: -30px !important;}&#8221;][vc_btn title=&#8221;back to the site: equal treatment&#8221; style=&#8221;outline-custom&#8221; outline_custom_color=&#8221;#666666&#8243; outline_custom_hover_background=&#8221;#666666&#8243; outline_custom_hover_text=&#8221;#ffffff&#8221; shape=&#8221;round&#8221; size=&#8221;lg&#8221; align=&#8221;right&#8221; i_align=&#8221;right&#8221; i_icon_fontawesome=&#8221;&#8221; add_icon=&#8221;true&#8221; link=&#8221;url:%2Fuczelnia%2Frowne-traktowanie%2F|title:Przejd%C5%BA%20do%20strony%20R%C3%93WNE%20TRAKTOWANIE||&#8221; css=&#8221;.vc_custom_1757682159045{margin-bottom: 5px !important;margin-left: 10px !important;}&#8221;][\/vc_column][\/vc_row][vc_row css=&#8221;.vc_custom_1637920273861{margin-top: -60px !important;}&#8221;][vc_column parallax=&#8221;content-moving&#8221; parallax_image=&#8221;186059&#8243; parallax_speed_bg=&#8221;1.1&#8243; css=&#8221;.vc_custom_1716533626466{margin-top: 200px !important;margin-bottom: 200px !important;}&#8221;][vc_custom_heading text=&#8221;&#8221; font_container=&#8221;tag:p|font_size:4em|text_align:left|color:%23ffffff&#8221; use_theme_fonts=&#8221;yes&#8221; el_class=&#8221;page-title text__title; container&#8221;][\/vc_column][\/vc_row][vc_row gap=&#8221;10&#8243; [&#8230;]<\/p>\n<p><a class=\"btn btn-secondary understrap-read-more-link\" href=\"https:\/\/us.edu.pl\/en\/uczelnia\/rowne-traktowanie\/komisja-ds-rownosci-i-roznorodnosci\/o-komisji\/\">Read More&#8230;<\/a><\/p>\n","protected":false},"author":26,"featured_media":0,"parent":186032,"menu_order":0,"comment_status":"closed","ping_status":"closed","template":"","meta":{"_expiration-date-status":"","_expiration-date":0,"_expiration-date-type":"","_expiration-date-categories":[],"_expiration-date-options":[]},"acf":[],"_links":{"self":[{"href":"https:\/\/us.edu.pl\/en\/wp-json\/wp\/v2\/pages\/186101"}],"collection":[{"href":"https:\/\/us.edu.pl\/en\/wp-json\/wp\/v2\/pages"}],"about":[{"href":"https:\/\/us.edu.pl\/en\/wp-json\/wp\/v2\/types\/page"}],"author":[{"embeddable":true,"href":"https:\/\/us.edu.pl\/en\/wp-json\/wp\/v2\/users\/26"}],"replies":[{"embeddable":true,"href":"https:\/\/us.edu.pl\/en\/wp-json\/wp\/v2\/comments?post=186101"}],"version-history":[{"count":5,"href":"https:\/\/us.edu.pl\/en\/wp-json\/wp\/v2\/pages\/186101\/revisions"}],"predecessor-version":[{"id":245199,"href":"https:\/\/us.edu.pl\/en\/wp-json\/wp\/v2\/pages\/186101\/revisions\/245199"}],"up":[{"embeddable":true,"href":"https:\/\/us.edu.pl\/en\/wp-json\/wp\/v2\/pages\/186032"}],"wp:attachment":[{"href":"https:\/\/us.edu.pl\/en\/wp-json\/wp\/v2\/media?parent=186101"}],"curies":[{"name":"wp","href":"https:\/\/api.w.org\/{rel}","templated":true}]}}